{"id":57765,"date":"2020-04-09T14:50:17","date_gmt":"2020-04-09T17:50:17","guid":{"rendered":"https:\/\/elearning.barcainnovationhub.com\/webinar\/"},"modified":"2020-04-30T13:03:08","modified_gmt":"2020-04-30T16:03:08","slug":"decoding-the-game-match-analysis-sortida-amb-pilota","status":"publish","type":"page","link":"https:\/\/elearning.barcainnovationhub.com\/ca\/decoding-the-game-match-analysis-sortida-amb-pilota\/","title":{"rendered":"DECODING THE GAME | Match Analysis &#8211; Episodi 4: La sortida amb la pilota"},"content":{"rendered":"","protected":false},"excerpt":{"rendered":"","protected":false},"author":1,"featured_media":0,"parent":0,"menu_order":422,"comment_status":"closed","ping_status":"closed","template":"page-templates\/landing-webinar.php","meta":{"_acf_changed":false,"footnotes":""},"categories":[],"tags":[],"class_list":["post-57765","page","type-page","status-publish","hentry"],"acf":{"imagen_header":"https:\/\/elearning.barcainnovationhub.com\/wp-content\/uploads\/2020\/04\/6d80e557-dtg_matchanalysis_1280x429_headerwebinarpage.png","titulo_webinar":"Decoding THE GAME","hashtag_webinar":"Match Analysis Talks","descripcion_webinar":"<span style=\"color: #fdc52c;\">A trav\u00e9s de diferents Live Chats organitzat pels nostres experts del club,<\/span> descobrirem qu\u00e8 est\u00e0 passant darrere del joc del futbol.<br><br>Com els doctors, nutricionistes, analistes i preparadors f\u00edsics ajuden a estimular els jugadors i el joc col\u00b7lectiu? Descobreix tots els insights d'aquells implicat en el futbol d'elit.","verso_bajo_descripcion_webinar":" ","texto_cta_card":"M\u00c9S INFORMACI\u00d3","embeded_video":"<iframe title=\"Episode 4: Playing the ball out of defence | BIHub\" width=\"640\" height=\"360\" src=\"https:\/\/www.youtube.com\/embed\/NOQjL1jnRJs?feature=oembed\" frameborder=\"0\" allow=\"accelerometer; autoplay; clipboard-write; encrypted-media; gyroscope; picture-in-picture; web-share\" referrerpolicy=\"strict-origin-when-cross-origin\" allowfullscreen><\/iframe>","texto_embeded_video":"<div style=\"font-family: FCBARCELONA-regular; margin-top: 0.85em; font-size: 0.85em; line-height: 1.5em;\"> \t<p style=\"padding-bottom: 15px;\">Aquest quart episodi parlarem de com sortir amb la pilota, la import\u00e0ncia del porter per a aquesta acci\u00f3 i com aquesta funci\u00f3 ha evolucionat.<\/p> \t<p style=\"padding-bottom: 15px;\">Per a aquesta sessi\u00f3, revisarem v\u00eddeos que ens ajudaran a explicar diferents conceptes.<\/p> \t<p style=\"font-family: FCBARCELONA-Bold; text-align: center;\">Dijous, 23 d'Abril, 2020<br>16:00 h GMT+2<\/p> <\/div>","titulo_section_cards":"PROGRAMES","programas":[{"imagen_card":"https:\/\/static.capabiliaserver.com\/frontend\/clients\/barca\/wp_prod\/wp-content\/uploads\/2020\/04\/50dc5742-coach.jpg","titulo_producto":"Bar\u00e7a Coach Academy\r\nNivell Introductori\r\n","descripcion_programa":"","duracion":"3 mesos","fecha_de_inicio":"","idioma":"Castell\u00e0","precio_tachado":"","precio_final":"625","link_a_magento":"https:\/\/elearning.barcainnovationhub.com\/ca\/coach-academy-program\/"},{"imagen_card":"https:\/\/static.capabiliaserver.com\/frontend\/clients\/barca\/wp_prod\/wp-content\/uploads\/2020\/04\/14d1c1be-06d1f93b-certificate-in-football-tactical-analyst-portada-1024x347.jpg","titulo_producto":"Certificat en Analista T\u00e0ctic de Futbol","descripcion_programa":"","duracion":"4 mesos","fecha_de_inicio":"","idioma":"Castell\u00e0","precio_tachado":"","precio_final":"625","link_a_magento":"https:\/\/elearning.barcainnovationhub.com\/ca\/product\/certificat-en-analista-tactic-de-futbol\/"},{"imagen_card":"https:\/\/static.capabiliaserver.com\/frontend\/clients\/barca\/wp_prod\/wp-content\/uploads\/2020\/04\/af877ee7-certificate-in-technology-and-science-applied-to-sport-portada-1-1024x347.jpg","titulo_producto":"Certificat en Tecnologia i Ci\u00e8ncia Aplicades a l\u2019Esport","descripcion_programa":"","duracion":"4 mesos","fecha_de_inicio":"","idioma":"Castell\u00e0","precio_tachado":"","precio_final":"625","link_a_magento":"https:\/\/elearning.barcainnovationhub.com\/ca\/product\/certificat-en-tecnologia-i-ciencia-aplicades-a-esport\/"}],"pie_de_pagina":"","nombre_webinar":"<span style=\"font-family: FCBARCELONA-regular;color: #212121;\">Episode 4<\/span><br>La sortida amb la pilota","hora_webinar":"","experts_title":"Amb nosaltres tindrem","expertos_webinar":[{"item_expertos_webinar":"Eder Sarabia (FC Barcelona)"},{"item_expertos_webinar":"Juan Carlos Unzu\u00e9 (Entrenador)"},{"item_expertos_webinar":"Rub\u00e9n Mart\u00ednez (Analista - Celta de Vigo)"},{"item_expertos_webinar":"Isidre Ramon Madir (Analista)"}],"bullets_title":"Bullets Title","webinar_bullets":false,"idioma_webinar":""},"yoast_head":"<!-- This site is optimized with the Yoast SEO plugin v23.0 - https:\/\/yoast.com\/wordpress\/plugins\/seo\/ -->\n<title>Match Analysis - Episodi 4: La sortida amb la pilota<\/title>\n<meta name=\"description\" content=\"Aquest quart episodi parlarem de com sortir amb la pilota, la import\u00e0ncia del porter per a aquesta acci\u00f3 i com aquesta funci\u00f3 ha evolucionat.\" \/>\n<meta name=\"robots\" content=\"index, follow, max-snippet:-1, max-image-preview:large, max-video-preview:-1\" \/>\n<link rel=\"canonical\" href=\"https:\/\/elearning.barcainnovationhub.com\/ca\/decoding-the-game-match-analysis-sortida-amb-pilota\/\" \/>\n<meta property=\"og:locale\" content=\"ca_ES\" \/>\n<meta property=\"og:type\" content=\"article\" \/>\n<meta property=\"og:title\" content=\"Match Analysis - Episodi 4: La sortida amb la pilota\" \/>\n<meta property=\"og:description\" content=\"Aquest quart episodi parlarem de com sortir amb la pilota, la import\u00e0ncia del porter per a aquesta acci\u00f3 i com aquesta funci\u00f3 ha evolucionat.\" \/>\n<meta property=\"og:url\" content=\"https:\/\/elearning.barcainnovationhub.com\/ca\/decoding-the-game-match-analysis-sortida-amb-pilota\/\" \/>\n<meta property=\"og:site_name\" content=\"Bar\u00e7a Innovation Hub\" \/>\n<meta property=\"article:publisher\" content=\"https:\/\/www.facebook.com\/fcbuniversitas\" \/>\n<meta property=\"article:modified_time\" content=\"2020-04-30T16:03:08+00:00\" \/>\n<meta name=\"twitter:card\" content=\"summary_large_image\" \/>\n<meta name=\"twitter:site\" content=\"@BarcaInnoHub\" \/>\n<script type=\"application\/ld+json\" class=\"yoast-schema-graph\">{\"@context\":\"https:\/\/schema.org\",\"@graph\":[{\"@type\":\"WebPage\",\"@id\":\"https:\/\/elearning.barcainnovationhub.com\/ca\/decoding-the-game-match-analysis-sortida-amb-pilota\/\",\"url\":\"https:\/\/elearning.barcainnovationhub.com\/ca\/decoding-the-game-match-analysis-sortida-amb-pilota\/\",\"name\":\"Match Analysis - Episodi 4: La sortida amb la pilota\",\"isPartOf\":{\"@id\":\"https:\/\/elearning.barcainnovationhub.com\/ca\/#website\"},\"datePublished\":\"2020-04-09T17:50:17+00:00\",\"dateModified\":\"2020-04-30T16:03:08+00:00\",\"description\":\"Aquest quart episodi parlarem de com sortir amb la pilota, la import\u00e0ncia del porter per a aquesta acci\u00f3 i com aquesta funci\u00f3 ha evolucionat.\",\"inLanguage\":\"ca\",\"potentialAction\":[{\"@type\":\"ReadAction\",\"target\":[\"https:\/\/elearning.barcainnovationhub.com\/ca\/decoding-the-game-match-analysis-sortida-amb-pilota\/\"]}]},{\"@type\":\"WebSite\",\"@id\":\"https:\/\/elearning.barcainnovationhub.com\/ca\/#website\",\"url\":\"https:\/\/elearning.barcainnovationhub.com\/ca\/\",\"name\":\"Bar\u00e7a Innovation Hub\",\"description\":\"The worldwide centre for sports knowledge and innovation\",\"potentialAction\":[{\"@type\":\"SearchAction\",\"target\":{\"@type\":\"EntryPoint\",\"urlTemplate\":\"https:\/\/elearning.barcainnovationhub.com\/ca\/?s={search_term_string}\"},\"query-input\":\"required name=search_term_string\"}],\"inLanguage\":\"ca\"}]}<\/script>\n<!-- \/ Yoast SEO plugin. -->","yoast_head_json":{"title":"Match Analysis - Episodi 4: La sortida amb la pilota","description":"Aquest quart episodi parlarem de com sortir amb la pilota, la import\u00e0ncia del porter per a aquesta acci\u00f3 i com aquesta funci\u00f3 ha evolucionat.","robots":{"index":"index","follow":"follow","max-snippet":"max-snippet:-1","max-image-preview":"max-image-preview:large","max-video-preview":"max-video-preview:-1"},"canonical":"https:\/\/elearning.barcainnovationhub.com\/ca\/decoding-the-game-match-analysis-sortida-amb-pilota\/","og_locale":"ca_ES","og_type":"article","og_title":"Match Analysis - Episodi 4: La sortida amb la pilota","og_description":"Aquest quart episodi parlarem de com sortir amb la pilota, la import\u00e0ncia del porter per a aquesta acci\u00f3 i com aquesta funci\u00f3 ha evolucionat.","og_url":"https:\/\/elearning.barcainnovationhub.com\/ca\/decoding-the-game-match-analysis-sortida-amb-pilota\/","og_site_name":"Bar\u00e7a Innovation Hub","article_publisher":"https:\/\/www.facebook.com\/fcbuniversitas","article_modified_time":"2020-04-30T16:03:08+00:00","twitter_card":"summary_large_image","twitter_site":"@BarcaInnoHub","schema":{"@context":"https:\/\/schema.org","@graph":[{"@type":"WebPage","@id":"https:\/\/elearning.barcainnovationhub.com\/ca\/decoding-the-game-match-analysis-sortida-amb-pilota\/","url":"https:\/\/elearning.barcainnovationhub.com\/ca\/decoding-the-game-match-analysis-sortida-amb-pilota\/","name":"Match Analysis - Episodi 4: La sortida amb la pilota","isPartOf":{"@id":"https:\/\/elearning.barcainnovationhub.com\/ca\/#website"},"datePublished":"2020-04-09T17:50:17+00:00","dateModified":"2020-04-30T16:03:08+00:00","description":"Aquest quart episodi parlarem de com sortir amb la pilota, la import\u00e0ncia del porter per a aquesta acci\u00f3 i com aquesta funci\u00f3 ha evolucionat.","inLanguage":"ca","potentialAction":[{"@type":"ReadAction","target":["https:\/\/elearning.barcainnovationhub.com\/ca\/decoding-the-game-match-analysis-sortida-amb-pilota\/"]}]},{"@type":"WebSite","@id":"https:\/\/elearning.barcainnovationhub.com\/ca\/#website","url":"https:\/\/elearning.barcainnovationhub.com\/ca\/","name":"Bar\u00e7a Innovation Hub","description":"The worldwide centre for sports knowledge and innovation","potentialAction":[{"@type":"SearchAction","target":{"@type":"EntryPoint","urlTemplate":"https:\/\/elearning.barcainnovationhub.com\/ca\/?s={search_term_string}"},"query-input":"required name=search_term_string"}],"inLanguage":"ca"}]}},"_links":{"self":[{"href":"https:\/\/elearning.barcainnovationhub.com\/ca\/wp-json\/wp\/v2\/pages\/57765"}],"collection":[{"href":"https:\/\/elearning.barcainnovationhub.com\/ca\/wp-json\/wp\/v2\/pages"}],"about":[{"href":"https:\/\/elearning.barcainnovationhub.com\/ca\/wp-json\/wp\/v2\/types\/page"}],"author":[{"embeddable":true,"href":"https:\/\/elearning.barcainnovationhub.com\/ca\/wp-json\/wp\/v2\/users\/1"}],"replies":[{"embeddable":true,"href":"https:\/\/elearning.barcainnovationhub.com\/ca\/wp-json\/wp\/v2\/comments?post=57765"}],"version-history":[{"count":0,"href":"https:\/\/elearning.barcainnovationhub.com\/ca\/wp-json\/wp\/v2\/pages\/57765\/revisions"}],"wp:attachment":[{"href":"https:\/\/elearning.barcainnovationhub.com\/ca\/wp-json\/wp\/v2\/media?parent=57765"}],"wp:term":[{"taxonomy":"category","embeddable":true,"href":"https:\/\/elearning.barcainnovationhub.com\/ca\/wp-json\/wp\/v2\/categories?post=57765"},{"taxonomy":"post_tag","embeddable":true,"href":"https:\/\/elearning.barcainnovationhub.com\/ca\/wp-json\/wp\/v2\/tags?post=57765"}],"curies":[{"name":"wp","href":"https:\/\/api.w.org\/{rel}","templated":true}]}}