{"id":5931,"date":"2018-08-24T17:10:58","date_gmt":"2018-08-24T20:10:58","guid":{"rendered":"http:\/\/elearning.barcainnovationhub.com\/?page_id=5931"},"modified":"2019-02-13T16:35:07","modified_gmt":"2019-02-13T19:35:07","slug":"master-fisioterapia-esports-dequip","status":"publish","type":"page","link":"https:\/\/elearning.barcainnovationhub.com\/ca\/master-fisioterapia-esports-dequip\/","title":{"rendered":"M\u00e0ster Universitari en Fisioter\u00e0pia dels Esports d\u2019Equip"},"content":{"rendered":"","protected":false},"excerpt":{"rendered":"","protected":false},"author":1,"featured_media":0,"parent":0,"menu_order":897,"comment_status":"closed","ping_status":"closed","template":"page-templates\/special-event.php","meta":{"_acf_changed":false,"footnotes":""},"categories":[],"tags":[],"class_list":["post-5931","page","type-page","status-publish","hentry"],"acf":{"subtitulo":"","imagen_de_portada":false,"organizado_por":[{"logo":false},{"logo":false}],"con_el_soporte_de":false,"contenidos":[{"acf_fc_layout":"bloque_te_texto","bloque_de_texto":"<p>El M\u00e0ster Universitari en Fisioter\u00e0pia dels Esports d\u2019Equip ha estat realitzat pr\u00e8viament en exclusiva per als fisioterapeutes del Futbol Club Barcelona (FCB) i est\u00e0 vinculat al Bar\u00e7a Innovation Hub Universitas. Aquest programa, impartit per professionals en actiu en l\u2019\u00e0mbit esportiu i altament qualificats en doc\u00e8ncia i recerca, forma fisioterapeutes experts en la gesti\u00f3, prevenci\u00f3, emerg\u00e8ncia, recuperaci\u00f3 i return to play en l\u2019\u00e0mbit dels esports d\u2019equip. Tamb\u00e9 prepara uns professionals amb altes capacitats per desenvolupar i aplicar el coneixement cient\u00edfic, tant en l\u2019\u00e0mbit cl\u00ednic com en el del terreny dels esports d\u2019equip, amb pr\u00e0ctiques obligat\u00f2ries en el FCB.<\/p>\n<p>Aquest M\u00e0ster \u00e9s l\u2019\u00fanica formaci\u00f3 a Europa que permet l\u2019acc\u00e9s a la formaci\u00f3 i acreditaci\u00f3 com a Athletic Trainer** (EUA).<\/p>\n<p>&nbsp;<\/p>\n<p><em>** Pendent de verificaci\u00f3 per CAATE USA<\/em><\/p>\n"},{"acf_fc_layout":"bloque_items","items":[{"ancho_de_la_columna":"6","item_contenido":"<h3>DATA D\u2019INICI<\/h3>\n<p>Octubre 2019<\/p>\n"},{"ancho_de_la_columna":"6","item_contenido":"<h3>DATA DE FINALITZACI\u00d3<\/h3>\n<p>Juliol 2020<\/p>\n"},{"ancho_de_la_columna":"6","item_contenido":"<h3>DURADA<\/h3>\n<p>9 mesos<\/p>\n"},{"ancho_de_la_columna":"6","item_contenido":"<h3>IDIOMA<\/h3>\n<p>Catal\u00e0, castell\u00e0<\/p>\n"},{"ancho_de_la_columna":"6","item_contenido":"<h3>FORMAT<\/h3>\n<p>Presencial. 13 seminaris de dilluns a divendres de 8 a 14 hores (45 hores)<\/p>\n"},{"ancho_de_la_columna":"6","item_contenido":"<h3>LLOC<\/h3>\n<p>Campus de Blanquerna-URL | Ciutat Esportiva Joan Gamper del Futbol Club Barcelona<\/p>\n"},{"ancho_de_la_columna":"6","item_contenido":"<h3>CR\u00c8DITS<\/h3>\n<p>60 ECTS<\/p>\n"},{"ancho_de_la_columna":"6","item_contenido":"<h3>PREU<\/h3>\n<p>12.000 \u20ac<\/p>\n"},{"ancho_de_la_columna":"6","item_contenido":"<h3>T\u00cdTOL<\/h3>\n<p>M\u00e0ster Universitari en Fisioter\u00e0pia dels Esports d\u2019Equip<\/p>\n"}],"boton_formulario":false,"como_inscribirse":"","link_externo":"https:\/\/www.blanquerna.edu\/ca\/master-universitari-en-fisioterapia-dels-esports-d-equip","titulo_link_externo":"M\u00c9S INFORMACI\u00d3"},{"acf_fc_layout":"bloque_te_texto","bloque_de_texto":"<h2 style=\"text-align: center;\">DIRIGIT A<\/h2>\n<p style=\"text-align: center;\">Fisioterapeutes<\/p>\n<p style=\"text-align: center;\">Professionals m\u00e8dics del m\u00f3n de l&#8217;esport<\/p>\n"},{"acf_fc_layout":"bloque_contenido_con_fondo","contenido":"<h2>APR\u00c8N A<\/h2>\n<ul>\n<li>Formar fisioterapeutes especialistes en la prevenci\u00f3, la recuperaci\u00f3 i el proc\u00e9s de retorn a la competici\u00f3 de les lesions t\u00edpiques dels esports d\u2019equip.<\/li>\n<\/ul>\n"},{"acf_fc_layout":"bloque_te_texto","bloque_de_texto":"<h2>PLA D\u2019ESTUDIS<\/h2>\n"},{"acf_fc_layout":"collapsible","collapsible":[{"titulo":"M\u00f2dul 1. Gesti\u00f3, comunicaci\u00f3 i bio\u00e8tica en l\u2019esport. Metodologia d\u2019investigaci\u00f3 (10 ECTS)","contenido":""},{"titulo":"M\u00f2dul 2. Exercici f\u00edsic per a la millora i el manteniment de la salut (10 ECTS)","contenido":"Caracter\u00edstiques i exig\u00e8ncies fisiol\u00f2giques dels esports d\u2019equip. Metodologia d\u2019entrenament i valoraci\u00f3 de les principals capacitats condicionals i coordinatives. Perioditzaci\u00f3 i planificaci\u00f3 de l\u2019exercici. Monitoratge de les c\u00e0rregues d\u2019entrenament i competici\u00f3: Optimitzaci\u00f3 de la recuperaci\u00f3 de l\u2019esportista. Activitat f\u00edsica i salut en poblacions espec\u00edfiques."},{"titulo":"M\u00f2dul 3. Lesions esportives I: Cap, tronc i extremitat superior (10 ECTS)","contenido":"Pla estrat\u00e8gic en la prevenci\u00f3 de lesions esportives. Incid\u00e8ncia lesiva, fisiopatologia, mecanisme lesiu i factors de risc, rehabilitaci\u00f3 i retorn a la competici\u00f3 en les principals lesions de cap, tronc i extremitat superior. Noves tecnologies i metodologies en la fisioter\u00e0pia dels esports d\u2019equip: vibracions mec\u00e0niques, entrenament inercial, core stability, biomec\u00e0nica de l\u2019overhead athlete, readaptaci\u00f3 en el medi aqu\u00e0tic, agents f\u00edsics i entrenament amb sorra."},{"titulo":"M\u00f2dul 4. Lesions esportives II: Extremitat inferior (10 ECTS)","contenido":"Incid\u00e8ncia lesiva, fisiopatologia, mecanisme lesiu i factors de risc, rehabilitaci\u00f3 i retorn a la competici\u00f3 en les principals lesions d\u2019extremitat inferior. Noves tecnologies i metodologies en la fisioter\u00e0pia dels esports d\u2019equip: biomec\u00e0nica dels principals patrons lesius de l\u2019extremitat inferior, recuperaci\u00f3 mitjan\u00e7ant foam roller, estiraments funcionals, embenatges esportius, prospecci\u00f3 anat\u00f2mica, sistema de valoraci\u00f3 Chronojump i entrenament neuromuscular integrat."},{"titulo":"M\u00f2dul 5. Farmacologia, primers auxilis i nutrici\u00f3 en l\u2019esport (5 ECTS)","contenido":"Principals agents farmacol\u00f2gics relacionats amb l\u2019esport. Tractament del peu i les mucoses en l\u2019esport. Actuaci\u00f3 d\u2019emerg\u00e8ncia en el camp. Capacitat i capacitaci\u00f3 per utilitzar el desfibril\u00b7lador i altres t\u00e8cniques de suport vital b\u00e0sic. Atencions i cures sanit\u00e0ries b\u00e0siques. Detecci\u00f3 i actuacions per afrontar estats de salut especials. Nutrici\u00f3 aplicada a l\u2019esport. Ajudes ergonutricionals. Control del pes i avaluaci\u00f3 de la composici\u00f3 corporal. Desordres alimentaris."},{"titulo":"M\u00f2dul 6. Pr\u00e0ctiques externes I (3 ECTS)","contenido":"Pr\u00e0ctiques obligat\u00f2ries al FC Barcelona."},{"titulo":"M\u00f2dul 7. Pr\u00e0ctiques externes II (4 ECTS)","contenido":"Pr\u00e0ctiques en centres especialitzats, nacionals i internacionals, en la recuperaci\u00f3 i el retorn a la competici\u00f3 de lesions esportives."},{"titulo":"M\u00f2dul 8. Treball Final de M\u00e0ster (8 ECTS)","contenido":"Desenvolupament d\u2019un projecte d\u2019investigaci\u00f3 relacionat amb la fisioter\u00e0pia dels esports d\u2019equip."}]}],"cronograma":false},"yoast_head":"<!-- This site is optimized with the Yoast SEO plugin v23.0 - https:\/\/yoast.com\/wordpress\/plugins\/seo\/ -->\n<title>M\u00e0ster Universitari en Fisioter\u00e0pia dels Esports d\u2019Equip<\/title>\n<meta name=\"robots\" content=\"index, follow, max-snippet:-1, max-image-preview:large, max-video-preview:-1\" \/>\n<link rel=\"canonical\" href=\"https:\/\/elearning.barcainnovationhub.com\/ca\/master-fisioterapia-esports-dequip\/\" \/>\n<meta property=\"og:locale\" content=\"ca_ES\" \/>\n<meta property=\"og:type\" content=\"article\" \/>\n<meta property=\"og:title\" content=\"M\u00e0ster Universitari en Fisioter\u00e0pia dels Esports d\u2019Equip\" \/>\n<meta property=\"og:url\" content=\"https:\/\/elearning.barcainnovationhub.com\/ca\/master-fisioterapia-esports-dequip\/\" \/>\n<meta property=\"og:site_name\" content=\"Bar\u00e7a Innovation Hub\" \/>\n<meta property=\"article:publisher\" content=\"https:\/\/www.facebook.com\/fcbuniversitas\" \/>\n<meta property=\"article:modified_time\" content=\"2019-02-13T19:35:07+00:00\" \/>\n<meta name=\"twitter:card\" content=\"summary_large_image\" \/>\n<meta name=\"twitter:site\" content=\"@BarcaInnoHub\" \/>\n<script type=\"application\/ld+json\" class=\"yoast-schema-graph\">{\"@context\":\"https:\/\/schema.org\",\"@graph\":[{\"@type\":\"WebPage\",\"@id\":\"https:\/\/elearning.barcainnovationhub.com\/ca\/master-fisioterapia-esports-dequip\/\",\"url\":\"https:\/\/elearning.barcainnovationhub.com\/ca\/master-fisioterapia-esports-dequip\/\",\"name\":\"M\u00e0ster Universitari en Fisioter\u00e0pia dels Esports d\u2019Equip\",\"isPartOf\":{\"@id\":\"https:\/\/elearning.barcainnovationhub.com\/ca\/#website\"},\"datePublished\":\"2018-08-24T20:10:58+00:00\",\"dateModified\":\"2019-02-13T19:35:07+00:00\",\"inLanguage\":\"ca\",\"potentialAction\":[{\"@type\":\"ReadAction\",\"target\":[\"https:\/\/elearning.barcainnovationhub.com\/ca\/master-fisioterapia-esports-dequip\/\"]}]},{\"@type\":\"WebSite\",\"@id\":\"https:\/\/elearning.barcainnovationhub.com\/ca\/#website\",\"url\":\"https:\/\/elearning.barcainnovationhub.com\/ca\/\",\"name\":\"Bar\u00e7a Innovation Hub\",\"description\":\"The worldwide centre for sports knowledge and innovation\",\"potentialAction\":[{\"@type\":\"SearchAction\",\"target\":{\"@type\":\"EntryPoint\",\"urlTemplate\":\"https:\/\/elearning.barcainnovationhub.com\/ca\/?s={search_term_string}\"},\"query-input\":\"required name=search_term_string\"}],\"inLanguage\":\"ca\"}]}<\/script>\n<!-- \/ Yoast SEO plugin. -->","yoast_head_json":{"title":"M\u00e0ster Universitari en Fisioter\u00e0pia dels Esports d\u2019Equip","robots":{"index":"index","follow":"follow","max-snippet":"max-snippet:-1","max-image-preview":"max-image-preview:large","max-video-preview":"max-video-preview:-1"},"canonical":"https:\/\/elearning.barcainnovationhub.com\/ca\/master-fisioterapia-esports-dequip\/","og_locale":"ca_ES","og_type":"article","og_title":"M\u00e0ster Universitari en Fisioter\u00e0pia dels Esports d\u2019Equip","og_url":"https:\/\/elearning.barcainnovationhub.com\/ca\/master-fisioterapia-esports-dequip\/","og_site_name":"Bar\u00e7a Innovation Hub","article_publisher":"https:\/\/www.facebook.com\/fcbuniversitas","article_modified_time":"2019-02-13T19:35:07+00:00","twitter_card":"summary_large_image","twitter_site":"@BarcaInnoHub","schema":{"@context":"https:\/\/schema.org","@graph":[{"@type":"WebPage","@id":"https:\/\/elearning.barcainnovationhub.com\/ca\/master-fisioterapia-esports-dequip\/","url":"https:\/\/elearning.barcainnovationhub.com\/ca\/master-fisioterapia-esports-dequip\/","name":"M\u00e0ster Universitari en Fisioter\u00e0pia dels Esports d\u2019Equip","isPartOf":{"@id":"https:\/\/elearning.barcainnovationhub.com\/ca\/#website"},"datePublished":"2018-08-24T20:10:58+00:00","dateModified":"2019-02-13T19:35:07+00:00","inLanguage":"ca","potentialAction":[{"@type":"ReadAction","target":["https:\/\/elearning.barcainnovationhub.com\/ca\/master-fisioterapia-esports-dequip\/"]}]},{"@type":"WebSite","@id":"https:\/\/elearning.barcainnovationhub.com\/ca\/#website","url":"https:\/\/elearning.barcainnovationhub.com\/ca\/","name":"Bar\u00e7a Innovation Hub","description":"The worldwide centre for sports knowledge and innovation","potentialAction":[{"@type":"SearchAction","target":{"@type":"EntryPoint","urlTemplate":"https:\/\/elearning.barcainnovationhub.com\/ca\/?s={search_term_string}"},"query-input":"required name=search_term_string"}],"inLanguage":"ca"}]}},"_links":{"self":[{"href":"https:\/\/elearning.barcainnovationhub.com\/ca\/wp-json\/wp\/v2\/pages\/5931"}],"collection":[{"href":"https:\/\/elearning.barcainnovationhub.com\/ca\/wp-json\/wp\/v2\/pages"}],"about":[{"href":"https:\/\/elearning.barcainnovationhub.com\/ca\/wp-json\/wp\/v2\/types\/page"}],"author":[{"embeddable":true,"href":"https:\/\/elearning.barcainnovationhub.com\/ca\/wp-json\/wp\/v2\/users\/1"}],"replies":[{"embeddable":true,"href":"https:\/\/elearning.barcainnovationhub.com\/ca\/wp-json\/wp\/v2\/comments?post=5931"}],"version-history":[{"count":0,"href":"https:\/\/elearning.barcainnovationhub.com\/ca\/wp-json\/wp\/v2\/pages\/5931\/revisions"}],"wp:attachment":[{"href":"https:\/\/elearning.barcainnovationhub.com\/ca\/wp-json\/wp\/v2\/media?parent=5931"}],"wp:term":[{"taxonomy":"category","embeddable":true,"href":"https:\/\/elearning.barcainnovationhub.com\/ca\/wp-json\/wp\/v2\/categories?post=5931"},{"taxonomy":"post_tag","embeddable":true,"href":"https:\/\/elearning.barcainnovationhub.com\/ca\/wp-json\/wp\/v2\/tags?post=5931"}],"curies":[{"name":"wp","href":"https:\/\/api.w.org\/{rel}","templated":true}]}}