{"id":115178,"date":"2021-12-23T10:22:49","date_gmt":"2021-12-23T13:22:49","guid":{"rendered":"https:\/\/elearning.barcainnovationhub.com\/?post_type=product&#038;p=115178"},"modified":"2023-07-04T16:54:07","modified_gmt":"2023-07-04T19:54:07","slug":"professional-diploma-team-sports-injuries-2","status":"publish","type":"product","link":"https:\/\/elearning.barcainnovationhub.com\/ca\/product\/professional-diploma-team-sports-injuries-2\/","title":{"rendered":"Diplomat en Lesions en Esports D&#8217;Equip"},"content":{"rendered":"","protected":false},"excerpt":{"rendered":"","protected":false},"author":1,"featured_media":0,"comment_status":"closed","ping_status":"closed","template":"","meta":{"_acf_changed":false,"footnotes":""},"categories":[286,201,319,320,109,112],"class_list":["post-115178","product","type-product","status-publish","hentry","category-barca-innovation-hub-3-ca","category-injury-management","category-injury-management-ca","category-medical-services-and-wellness-ca","category-online-based-programs","category-online-based-programs-ca"],"acf":{"activar_banner_1":false,"banner_1":false,"activar_banner_2":false,"banner_2":false,"activar_banner_3":false,"banner_3":false,"activar_nuevos_banners":false,"mostrar_banner_1":false,"crear_banner_1":{"utilizar_imagen_unica_para_banner":false,"asignar_imagen_unica_para_banner":false,"mostrar_titulo_banner":false,"titulo_para_banner":"","mostrar_subtitulo_banner":false,"subtitulo_del_banner":"","mostrar_cta_banner":false,"texto_cta_banner":"","url_cta_banner":"","fondo_de_color_banner":"","fondo_de_imagen_banner":false,"mostrar_imagen_izquierda_banner":false,"asignar_imagen_izquierda_banner":false},"mostrar_banner_2":false,"crear_banner_2":{"utilizar_imagen_unica_para_banner":false,"asignar_imagen_unica_para_banner":false,"mostrar_titulo_banner":false,"titulo_para_banner":"","mostrar_subtitulo_banner":false,"subtitulo_del_banner":"","mostrar_cta_banner":false,"texto_cta_banner":"","url_cta_banner":"","fondo_de_color_banner":"","fondo_de_imagen_banner":false,"mostrar_imagen_izquierda_banner":false,"asignar_imagen_izquierda_banner":false},"mostrar_banner_3":false,"crear_banner_3":{"utilizar_imagen_unica_para_banner":false,"asignar_imagen_unica_para_banner":false,"mostrar_titulo_banner":false,"titulo_para_banner":"","mostrar_subtitulo_banner":false,"subtitulo_del_banner":"","mostrar_cta_banner":false,"texto_cta_banner":"","url_cta_banner":"","fondo_de_color_banner":"","fondo_de_imagen_banner":false,"mostrar_imagen_izquierda_banner":false,"asignar_imagen_izquierda_banner":false},"producto_path":false,"external_id":"1833","id_magento":"387","header_image":129913,"column_title":"","titulo_incentivo":"","fecha_de_inicio":"10112021","segunda_fecha_de_inicio":"","zona_horaria":"Europe\/Madrid","precio":"990","precio_en_cuotas":"10 pagaments mensuals de 99 \u20ac","precio_de_lista":"","mostrar_form":true,"promocion_vigente":"","duracion_del_curso":"9 mesos","nivel_del_curso":"Avan\u00e7at","modalidad_cursado":"Online","impartido_en":"Spanish","contenido":"","ocultar_video":true,"url_video":"","avalado_por":false,"pdf_brochure":"https:\/\/elearning.barcainnovationhub.com\/wp-content\/uploads\/2022\/01\/0e9702ce-diplomado-en-lesiones-en-deportes-de-equipo.pdf","cursos_que_lo_componen":[{"nombre_del_curso":"Lesions i esports d'equip","descripcion_del_curso":"<p>M\u00d2DUL 1: Prevenci\u00f3 i readaptaci\u00f3 de lesions<br \/>\nM\u00d2DUL 2: Gesti\u00f3 de la lesi\u00f3 muscular i tendinopatia<br \/>\nM\u00d2DUL 3: Gesti\u00f3 de la lesi\u00f3 articular i \u00f2ssia<br \/>\nM\u00d2DUL 4: Presa de decisions i tornada a la competici\u00f3<\/p>\n"},{"nombre_del_curso":"Prevenci\u00f3 de lesions","descripcion_del_curso":"<p>M\u00d2DUL 1: CONCEPTES B\u00c0SICS EN EPIDEMIOLOGIA I PREVENCI\u00d3 DE LESIONS<br \/>\nUnitat 1: Conceptes b\u00e0sics en prevenci\u00f3 de lesions<br \/>\nUnitat 2: Epidemiologia en esports de conjunt<\/p>\n<p>M\u00d2DUL 2: PREVENCI\u00d3 DE LESIONS MUSCULARS<br \/>\nUnitat 1: Prevenci\u00f3 de lesions musculars m\u00e9s freq\u00fcents (isquiotibials)<br \/>\nUnitat 2: Abordatge preventiu en la prevenci\u00f3 de lesions musculars<\/p>\n<p>M\u00d2DUL 3: PREVENCI\u00d3 DE LESIONS ARTICULARS<br \/>\nUnitat 1: Prevenci\u00f3 de lesions articulars m\u00e9s freq\u00fcents de MMII (lesi\u00f3 de LCA)<br \/>\nUnitat 2: Prevenci\u00f3 de lesions articulars m\u00e9s freq\u00fcents de MMSS (lesions d'espatlla)<\/p>\n<p>M\u00d2DUL 4: M\u00d2DUL INTEGRADOR<\/p>\n"},{"nombre_del_curso":"Patologia en esports d'equip","descripcion_del_curso":"<p>M\u00d2DUL 1: Gesti\u00f3 de la patologia m\u00e8dica 1<br \/>\nM\u00d2DUL 2: Gesti\u00f3 de la patologia m\u00e8dica 2<br \/>\nM\u00d2DUL 3: Patologies espec\u00edfiques per esport<br \/>\nM\u00d2DUL 4: Esports i competicions especials<\/p>\n"},{"nombre_del_curso":"Bases neuromusculars en l'entrenament de la for\u00e7a","descripcion_del_curso":"<p>M\u00d2DUL 1: Caracter\u00edstiques del sistema m\u00fasculoesquel\u00e8tic.<br \/>\nUnitat 1: El moviment des del sistema nervi\u00f3s central.<br \/>\nUnitat 2: Funcionalitat del m\u00fascul esquel\u00e8tic.<\/p>\n<p>M\u00d2DUL 2: Les accions musculars i la seva relaci\u00f3 amb l'esport.<br \/>\nUnitat 1: Tipus d'acci\u00f3 muscular.<br \/>\nUnitat 2: Interrelaci\u00f3 de les accions musculars en el moviment i el manteniment de la posici\u00f3.<\/p>\n<p>M\u00d2DUL 3: Canvis sist\u00e8mics en el desentrenament i la immobilitzaci\u00f3.<br \/>\nUnitat 1: Desentrenament en relaci\u00f3 amb el m\u00fasculoesquel\u00e8tic.<br \/>\nUnitat 2: La hipertr\u00f2fia muscular.<\/p>\n<p>M\u00d2DUL 4: La valoraci\u00f3 de les propietats musculars en relaci\u00f3 amb l'esport.<br \/>\nUnitat 1: L'electromiografia de superf\u00edcie.<br \/>\nUnitat 2: La tensiomiografia.<\/p>\n"},{"nombre_del_curso":"Processament central del moviment voluntari","descripcion_del_curso":"<p>M\u00d2DUL 1: L\u00d2GICA MOTRIU I PRESA DE DECISI\u00d3<br \/>\nUnitat 1: Pensant en moviment<br \/>\nUnitat 2: Neurobiologia de les decisions.<\/p>\n<p>M\u00d2DUL 2: ENTRENAMENT DECISIONAL<br \/>\nUnitat 1: Educaci\u00f3 pel moviment<br \/>\nUnitat 2: Variables i decisi\u00f3<\/p>\n<p>M\u00d2DUL 3: PROGRAMACI\u00d3 NEUROMOTORA<br \/>\nUnitat 1: Programa<br \/>\nUnitat 2: Engrama<\/p>\n<p>M\u00d2DUL 4: M\u00d2DUL INTEGRADOR<\/p>\n"},{"nombre_del_curso":"La for\u00e7a i pot\u00e8ncia muscular com a qualitat clau en la readaptaci\u00f3 de les lesions Esportives","descripcion_del_curso":"<p>M\u00d2DUL 1: Estudi de la lesi\u00f3 en l'esport: els mecanismes lesius i els factors de risc de lesi\u00f3 associats.<br \/>\nM\u00d2DUL 2: Les lesions esportives i la seva relaci\u00f3 amb la qualitat de for\u00e7a.<br \/>\nM\u00d2DUL 3: Manifestacions de la for\u00e7a i la pot\u00e8ncia muscular en el proc\u00e9s de readaptaci\u00f3 post lesi\u00f3.<br \/>\nM\u00d2DUL 4: Nous paradigmes en l'entrenament de la for\u00e7a: musculaci\u00f3 mitjan\u00e7ant oclusi\u00f3 vascular.<\/p>\n"},{"nombre_del_curso":"Elecci\u00f3 de variables: Estem repetint informaci\u00f3 o aportant informaci\u00f3 addcional?","descripcion_del_curso":"<p>M\u00d2DUL 1: Relacio\u0301 entre variables de c\u00e0rrega entre si, i amb variables de c\u00e0rrega externa<br \/>\nM\u00d2DUL 2: Relacio\u0301 entre variables de c\u00e0rrega externa<br \/>\nM\u00d2DUL 3: Integraci\u00f3 de mesures. \u00cdndex d\u2019efici\u00e8ncia<br \/>\nM\u00d2DUL 4: Elecci\u00f3 de variables<\/p>\n"},{"nombre_del_curso":"Organitzaci\u00f3 eferent del moviment hum\u00e0","descripcion_del_curso":"<p>M\u00d2DUL 1: ESCOR\u00c7A MOTORA I VIA CORTICAL ESPINAL<br \/>\nUnitat 1: \u00c0rees motores<br \/>\nUnitat 2: C\u00e8l\u00b7lules piramidals gegants de Betz i via corticoespinal<\/p>\n<p>M\u00d2DUL 2: ROL DEL CEREBEL I ELS GANGLIS DE LA BASE<br \/>\nUnitat 1: Cerebel<br \/>\nUnitat 2: Ganglis de la base<\/p>\n<p>M\u00d2DUL 3: RETROALIMENTACI\u00d3 I AJUST MOTOR<br \/>\nUnitat 1: Neurocibern\u00e8tica<br \/>\nUnitat 2: Feedback<\/p>\n<p>M\u00d2DUL 4: M\u00d2DUL INTEGRADOR<\/p>\n"},{"nombre_del_curso":"La vida de l'esportista d'elit","descripcion_del_curso":"<p>M\u00d2DUL 1: Model sist\u00e8mic<br \/>\nM\u00d2DUL 2: Model de carrera esportiva I i II<br \/>\nM\u00d2DUL 3: Carrera dual<br \/>\nM\u00d2DUL 4: Exemples d'intervenci\u00f3 en etapes de transici\u00f3 en la vida de l'esportista<\/p>\n"}],"aprende_a":[{"item_aprende_a":"Con\u00e8ixer les caracter\u00edstiques fonamentals tant d'estrat\u00e8gies de prevenci\u00f3 i rehabilitaci\u00f3 de lesions, com dels diferents mecanismes de lesi\u00f3 en esports d'equip."},{"item_aprende_a":"Plantejar estrat\u00e8gies preventives eficients basades en un proc\u00e9s sustentat en l'evid\u00e8ncia cient\u00edfica."},{"item_aprende_a":"Manejar les patologies i lesions diferenciades per esport."},{"item_aprende_a":"Millorar l'an\u00e0lisi cr\u00edtica en realitzar un programa d'entrenament en els diferents rols professionals relacionats amb les ci\u00e8ncies de l'esport i la salut.\r\n"},{"item_aprende_a":"Determinar de quina manera influeix el sistema nervi\u00f3s central en el moviment hum\u00e0 i com es pot modelar la capacitat de presa de decisi\u00f3 per al moviment.\r\n"},{"item_aprende_a":"Aplicar la metodologia adequada en el disseny del proc\u00e9s de readaptaci\u00f3 post lesi\u00f3 en aquelles afeccions on el desenvolupament de la for\u00e7a tingui un marcat protagonisme.\r\n"},{"item_aprende_a":"Analitzar les dades del monitoratge de la c\u00e0rrega de treball per poder orientar el proc\u00e9s d'entrenament cap a la prevenci\u00f3 de lesions i el conseg\u00fcent augment del rendiment esportiu."},{"item_aprende_a":"Detectar quines \u00e0rees participen en l'ajust i el control del moviment i de quina manera."},{"item_aprende_a":"Utilitzar estrat\u00e8gies espec\u00edfiques per a treballar la carrera dual i con\u00e8ixer les diferents transicions de la vida d'un esportista.\r\n"}],"preguntas_frecuentes":false,"contenidistas":false,"docentes_expertos":[{"foto":"https:\/\/static.capabiliaserver.com\/frontend\/clients\/barca\/wp_prod\/wp-content\/uploads\/2021\/12\/e9f03aec-2c8a59db-gil_rodas_font_bis.jpg","nombre_del_docente":"Gil Rodas Font","descripcion_del_docente":"Doctor en Medicina i Cirurgia. Especialista en Medicina de l'Educaci\u00f3 F\u00edsica i l'Esport. Responsable de l'\u00e0rea de Serveis M\u00e8dics del Bar\u00e7a Innovation Hub.","enlace":""},{"foto":"https:\/\/static.capabiliaserver.com\/frontend\/clients\/barca\/wp_prod\/wp-content\/uploads\/2021\/12\/4a40afd4-paco-seirul-lo.jpg","nombre_del_docente":"Paco Seirul\u00b7lo Vargas","descripcion_del_docente":"Ex - Director de l'\u00e0rea de metodologia del FC Barcelona.","enlace":""},{"foto":false,"nombre_del_docente":"David Casamichana G\u00f3mez","descripcion_del_docente":"Doctor en Ci\u00e8ncies de l\u2019Activitat F\u00edsica i de l\u2019Esport. Preparador f\u00edsic en futbol. Professor universitari i investigador.","enlace":""},{"foto":"https:\/\/static.capabiliaserver.com\/frontend\/clients\/barca\/wp_prod\/wp-content\/uploads\/2021\/12\/2b8c0e0e-ana_merayo.png","nombre_del_docente":"Ana Merayo Garc\u00eda","descripcion_del_docente":"Psic\u00f3loga esportiva. Docent. Coordinadora del SAIE (Servei d'Atenci\u00f3 Integral a l'Esportista) de La Masia 360, FC Barcelona.","enlace":""},{"foto":false,"nombre_del_docente":"","descripcion_del_docente":"","enlace":""},{"foto":false,"nombre_del_docente":"","descripcion_del_docente":"","enlace":""}],"imagen_destacada":"https:\/\/elearning.barcainnovationhub.com\/wp-content\/uploads\/2022\/01\/72435e4d-professional-diploma-in-team-sports-injuries-1.png","titulo_seccion_testimonios":"","slider_testimonios":false,"imagen_de_fondo_testimonios":false,"color_de_fondo_testimonios":"","activar_hero_video":false,"video_texto":"","video_header":false,"hubspot_product_id":"703356720","pdf_brochure_link_drive":"https:\/\/drive.google.com\/uc?id=1rpkTjx18AFZ95NUyK_Tn30OeqsYOVT2e&export=download"},"yoast_head":"<!-- This site is optimized with the Yoast SEO plugin v23.0 - https:\/\/yoast.com\/wordpress\/plugins\/seo\/ -->\n<title>Diplomat en Lesions en Esports D&#039;Equip - Bar\u00e7a Innovation Hub<\/title>\n<meta name=\"robots\" content=\"index, follow, max-snippet:-1, max-image-preview:large, max-video-preview:-1\" \/>\n<link rel=\"canonical\" href=\"https:\/\/elearning.barcainnovationhub.com\/ca\/product\/professional-diploma-team-sports-injuries-2\/\" \/>\n<meta property=\"og:locale\" content=\"ca_ES\" \/>\n<meta property=\"og:type\" content=\"article\" \/>\n<meta property=\"og:title\" content=\"Diplomat en Lesions en Esports D&#039;Equip - Bar\u00e7a Innovation Hub\" \/>\n<meta property=\"og:url\" content=\"https:\/\/elearning.barcainnovationhub.com\/ca\/product\/professional-diploma-team-sports-injuries-2\/\" \/>\n<meta property=\"og:site_name\" content=\"Bar\u00e7a Innovation Hub\" \/>\n<meta property=\"article:publisher\" content=\"https:\/\/www.facebook.com\/fcbuniversitas\" \/>\n<meta property=\"article:modified_time\" content=\"2023-07-04T19:54:07+00:00\" \/>\n<meta name=\"twitter:card\" content=\"summary_large_image\" \/>\n<meta name=\"twitter:site\" content=\"@BarcaInnoHub\" \/>\n<script type=\"application\/ld+json\" class=\"yoast-schema-graph\">{\"@context\":\"https:\/\/schema.org\",\"@graph\":[{\"@type\":\"WebPage\",\"@id\":\"https:\/\/elearning.barcainnovationhub.com\/ca\/product\/professional-diploma-team-sports-injuries-2\/\",\"url\":\"https:\/\/elearning.barcainnovationhub.com\/ca\/product\/professional-diploma-team-sports-injuries-2\/\",\"name\":\"Diplomat en Lesions en Esports D'Equip - Bar\u00e7a Innovation Hub\",\"isPartOf\":{\"@id\":\"https:\/\/elearning.barcainnovationhub.com\/ca\/#website\"},\"datePublished\":\"2021-12-23T13:22:49+00:00\",\"dateModified\":\"2023-07-04T19:54:07+00:00\",\"breadcrumb\":{\"@id\":\"https:\/\/elearning.barcainnovationhub.com\/ca\/product\/professional-diploma-team-sports-injuries-2\/#breadcrumb\"},\"inLanguage\":\"ca\",\"potentialAction\":[{\"@type\":\"ReadAction\",\"target\":[\"https:\/\/elearning.barcainnovationhub.com\/ca\/product\/professional-diploma-team-sports-injuries-2\/\"]}]},{\"@type\":\"BreadcrumbList\",\"@id\":\"https:\/\/elearning.barcainnovationhub.com\/ca\/product\/professional-diploma-team-sports-injuries-2\/#breadcrumb\",\"itemListElement\":[{\"@type\":\"ListItem\",\"position\":1,\"name\":\"Productos\",\"item\":\"https:\/\/elearning.barcainnovationhub.com\/ca\/product\/\"},{\"@type\":\"ListItem\",\"position\":2,\"name\":\"Diplomat en Lesions en Esports D&#8217;Equip\"}]},{\"@type\":\"WebSite\",\"@id\":\"https:\/\/elearning.barcainnovationhub.com\/ca\/#website\",\"url\":\"https:\/\/elearning.barcainnovationhub.com\/ca\/\",\"name\":\"Bar\u00e7a Innovation Hub\",\"description\":\"The worldwide centre for sports knowledge and innovation\",\"potentialAction\":[{\"@type\":\"SearchAction\",\"target\":{\"@type\":\"EntryPoint\",\"urlTemplate\":\"https:\/\/elearning.barcainnovationhub.com\/ca\/?s={search_term_string}\"},\"query-input\":\"required name=search_term_string\"}],\"inLanguage\":\"ca\"}]}<\/script>\n<!-- \/ Yoast SEO plugin. -->","yoast_head_json":{"title":"Diplomat en Lesions en Esports D'Equip - Bar\u00e7a Innovation Hub","robots":{"index":"index","follow":"follow","max-snippet":"max-snippet:-1","max-image-preview":"max-image-preview:large","max-video-preview":"max-video-preview:-1"},"canonical":"https:\/\/elearning.barcainnovationhub.com\/ca\/product\/professional-diploma-team-sports-injuries-2\/","og_locale":"ca_ES","og_type":"article","og_title":"Diplomat en Lesions en Esports D'Equip - Bar\u00e7a Innovation Hub","og_url":"https:\/\/elearning.barcainnovationhub.com\/ca\/product\/professional-diploma-team-sports-injuries-2\/","og_site_name":"Bar\u00e7a Innovation Hub","article_publisher":"https:\/\/www.facebook.com\/fcbuniversitas","article_modified_time":"2023-07-04T19:54:07+00:00","twitter_card":"summary_large_image","twitter_site":"@BarcaInnoHub","schema":{"@context":"https:\/\/schema.org","@graph":[{"@type":"WebPage","@id":"https:\/\/elearning.barcainnovationhub.com\/ca\/product\/professional-diploma-team-sports-injuries-2\/","url":"https:\/\/elearning.barcainnovationhub.com\/ca\/product\/professional-diploma-team-sports-injuries-2\/","name":"Diplomat en Lesions en Esports D'Equip - Bar\u00e7a Innovation Hub","isPartOf":{"@id":"https:\/\/elearning.barcainnovationhub.com\/ca\/#website"},"datePublished":"2021-12-23T13:22:49+00:00","dateModified":"2023-07-04T19:54:07+00:00","breadcrumb":{"@id":"https:\/\/elearning.barcainnovationhub.com\/ca\/product\/professional-diploma-team-sports-injuries-2\/#breadcrumb"},"inLanguage":"ca","potentialAction":[{"@type":"ReadAction","target":["https:\/\/elearning.barcainnovationhub.com\/ca\/product\/professional-diploma-team-sports-injuries-2\/"]}]},{"@type":"BreadcrumbList","@id":"https:\/\/elearning.barcainnovationhub.com\/ca\/product\/professional-diploma-team-sports-injuries-2\/#breadcrumb","itemListElement":[{"@type":"ListItem","position":1,"name":"Productos","item":"https:\/\/elearning.barcainnovationhub.com\/ca\/product\/"},{"@type":"ListItem","position":2,"name":"Diplomat en Lesions en Esports D&#8217;Equip"}]},{"@type":"WebSite","@id":"https:\/\/elearning.barcainnovationhub.com\/ca\/#website","url":"https:\/\/elearning.barcainnovationhub.com\/ca\/","name":"Bar\u00e7a Innovation Hub","description":"The worldwide centre for sports knowledge and innovation","potentialAction":[{"@type":"SearchAction","target":{"@type":"EntryPoint","urlTemplate":"https:\/\/elearning.barcainnovationhub.com\/ca\/?s={search_term_string}"},"query-input":"required name=search_term_string"}],"inLanguage":"ca"}]}},"idiomas":{"en":115118,"es":115568,"ar":115178,"ca":115178,"ru":115178,"pt":115237},"_links":{"self":[{"href":"https:\/\/elearning.barcainnovationhub.com\/ca\/wp-json\/wp\/v2\/products\/115178"}],"collection":[{"href":"https:\/\/elearning.barcainnovationhub.com\/ca\/wp-json\/wp\/v2\/products"}],"about":[{"href":"https:\/\/elearning.barcainnovationhub.com\/ca\/wp-json\/wp\/v2\/types\/product"}],"author":[{"embeddable":true,"href":"https:\/\/elearning.barcainnovationhub.com\/ca\/wp-json\/wp\/v2\/users\/1"}],"replies":[{"embeddable":true,"href":"https:\/\/elearning.barcainnovationhub.com\/ca\/wp-json\/wp\/v2\/comments?post=115178"}],"version-history":[{"count":0,"href":"https:\/\/elearning.barcainnovationhub.com\/ca\/wp-json\/wp\/v2\/products\/115178\/revisions"}],"wp:attachment":[{"href":"https:\/\/elearning.barcainnovationhub.com\/ca\/wp-json\/wp\/v2\/media?parent=115178"}],"wp:term":[{"taxonomy":"category","embeddable":true,"href":"https:\/\/elearning.barcainnovationhub.com\/ca\/wp-json\/wp\/v2\/categories?post=115178"}],"curies":[{"name":"wp","href":"https:\/\/api.w.org\/{rel}","templated":true}]}}