{"id":57334,"date":"2020-04-06T11:10:03","date_gmt":"2020-04-06T14:10:03","guid":{"rendered":"https:\/\/elearning.barcainnovationhub.com\/?post_type=product&#038;p=57334"},"modified":"2023-07-19T13:40:56","modified_gmt":"2023-07-19T16:40:56","slug":"sports-ticketing","status":"publish","type":"product","link":"https:\/\/elearning.barcainnovationhub.com\/ca\/product\/sports-ticketing\/","title":{"rendered":"Sports Ticketing"},"content":{"rendered":"<p>contenido<\/p>\n","protected":false},"excerpt":{"rendered":"<p>excerpt<\/p>\n","protected":false},"author":16,"featured_media":0,"comment_status":"open","ping_status":"closed","template":"","meta":{"_acf_changed":false,"footnotes":""},"categories":[286,40,109,112],"class_list":["post-57334","product","type-product","status-publish","hentry","category-barca-innovation-hub-3-ca","category-instalaciones-inteligentes-ca","category-online-based-programs","category-online-based-programs-ca"],"acf":{"external_id":"1400","titulo_curso":"Sports Ticketing","precio":"450","impartido_en":"Spanish","producto_path":false,"hubspot_product_id":"95420209","id_magento":"347","header_image":141730,"column_title":"","titulo_incentivo":"Sports Ticketing","fecha_de_inicio":"10062021","precio_en_cuotas":"4 pagaments mensuals de 112.5 \u20ac","precio_de_lista":"","mostrar_form":false,"promocion_vigente":"","duracion_del_curso":"2 mesos","nivel_del_curso":"Introductori","modalidad_cursado":"Online","contenido":"<p>Sports Ticketing \u00e9s un programa dissenyat per gestionar la direcci\u00f3 en l&#8217;\u00e0mbit d&#8217;ingressos i operacions de l&#8217;\u00e0rea d&#8217;espais (venues) d&#8217;un club esportiu, especialment a la ind\u00fastria del futbol.<\/p>\n<p>El programa est\u00e0 dirigit a aquells professionals de la ind\u00fastria del futbol que busquen comen\u00e7ar o millorar en la seva carrera comercial dins de la ind\u00fastria del futbol. En finalitzar els dos cursos, els participants estaran qualificats per influir i liderar el canvi en termes d&#8217;ingressos i transformaci\u00f3 digital en el context de l&#8217;explotaci\u00f3 d&#8217;espais en la ind\u00fastria del futbol.<\/p>\n<p>El pla d&#8217;estudis t\u00e9 com a objectiu assolir les seg\u00fcents fites:<br \/>\n\u2022 Introducci\u00f3 al negoci d&#8217;instal\u2022lacions en l&#8217;\u00e0mbit del futbol<br \/>\n\u2022 Gesti\u00f3 d&#8217;estadis i operacions de clubs en el futbol<br \/>\n\u2022 An\u00e0lisi de dades en el futbol<br \/>\n\u2022 Fan Engagement (Business To Fan &#8211; B2F)<br \/>\n\u2022 Estrat\u00e8gies de m\u00e0rqueting digital i monetitzaci\u00f3 en el futbol<br \/>\n\u2022 Projecte final<\/p>\n","ocultar_video":true,"url_video":"","avalado_por":false,"pdf_brochure":"https:\/\/static.capabiliaserver.com\/frontend\/clients\/barca\/wp_prod\/wp-content\/uploads\/2020\/04\/9bf6dd84-sports-ticketing-1.pdf","cursos_que_lo_componen":[{"nombre_del_curso":"Explotaci\u00f3 d'Instal\u2022lacions Esportives ","descripcion_del_curso":"<p>M\u00d2DUL 1. Espais esportius a l'era digital<br \/>\nM\u00d2DUL 2. Estrat\u00e8gia de vendes amb la transformaci\u00f3 digital<br \/>\nM\u00d2DUL 3. Gesti\u00f3 d'espais, en el focus de la digitalitzaci\u00f3<br \/>\nM\u00d2DUL 4. Customer Services<\/p>\n"},{"nombre_del_curso":"Canals de Venda a l'Era Digital ","descripcion_del_curso":"<p>M\u00d2DUL 1. La digitalitzaci\u00f3 de la venda directa i indirecta<br \/>\nM\u00d2DUL 2. Estrat\u00e8gia de m\u00e0rqueting<br \/>\nM\u00d2DUL 3. Negoci digital en esports<br \/>\nM\u00d2DUL 4. Noves tend\u00e8ncies digitals<\/p>\n"}],"aprende_a":[{"item_aprende_a":"Conduir la gesti\u00f3 d'instal\u2022lacions i l'estrat\u00e8gia comercial per explotar-les, aix\u00ed com la coordinaci\u00f3 log\u00edstica i operacions (postvenda i customer service) en instal\u2022lacions esportives."},{"item_aprende_a":"Conduir tota la gesti\u00f3 comercial i de m\u00e0rqueting dels canals de venda B2C i B2B, dins de tota la transformaci\u00f3 digital on es veu inmersa la ind\u00fastria esportiva."}],"preguntas_frecuentes":false,"contenidistas":false,"docentes_expertos":[{"foto":"https:\/\/elearning.barcainnovationhub.com\/wp-content\/uploads\/2020\/04\/da9df043-octavi-tarr\u00e9s.jpg","nombre_del_docente":"Octavi Tarr\u00e9s","descripcion_del_docente":"Business Development & Partnership Manager a FC Barcelona","enlace":""},{"foto":"https:\/\/elearning.barcainnovationhub.com\/wp-content\/uploads\/2020\/04\/e9dc016a-jos\u00e9-luis-beltr\u00e1n-andreu.jpg","nombre_del_docente":"Jos\u00e9 Luis Beltr\u00e1n Andreu ","descripcion_del_docente":"Digital Project Manager a FC Barcelona","enlace":""}],"imagen_destacada":"https:\/\/elearning.barcainnovationhub.com\/wp-content\/uploads\/2020\/04\/8a8b2613-sports-ticketing.jpg","slidebox":false,"titulo_seccion_testimonios":"","slider_testimonios":false,"imagen_de_fondo_testimonios":false,"color_de_fondo_testimonios":"","activar_banner_1":false,"banner_1":false,"activar_banner_2":false,"banner_2":false,"activar_banner_3":false,"banner_3":false,"segunda_fecha_de_inicio":"","zona_horaria":"Europe\/Madrid","activar_nuevos_banners":false,"mostrar_banner_1":false,"crear_banner_1":{"utilizar_imagen_unica_para_banner":false,"asignar_imagen_unica_para_banner":false,"mostrar_titulo_banner":false,"titulo_para_banner":"","mostrar_subtitulo_banner":false,"subtitulo_del_banner":"","mostrar_cta_banner":false,"texto_cta_banner":"","url_cta_banner":"","fondo_de_color_banner":"","fondo_de_imagen_banner":false,"mostrar_imagen_izquierda_banner":false,"asignar_imagen_izquierda_banner":false},"mostrar_banner_2":false,"crear_banner_2":{"utilizar_imagen_unica_para_banner":false,"asignar_imagen_unica_para_banner":false,"mostrar_titulo_banner":false,"titulo_para_banner":"","mostrar_subtitulo_banner":false,"subtitulo_del_banner":"","mostrar_cta_banner":false,"texto_cta_banner":"","url_cta_banner":"","fondo_de_color_banner":"","fondo_de_imagen_banner":false,"mostrar_imagen_izquierda_banner":false,"asignar_imagen_izquierda_banner":false},"mostrar_banner_3":false,"crear_banner_3":{"utilizar_imagen_unica_para_banner":false,"asignar_imagen_unica_para_banner":false,"mostrar_titulo_banner":false,"titulo_para_banner":"","mostrar_subtitulo_banner":false,"subtitulo_del_banner":"","mostrar_cta_banner":false,"texto_cta_banner":"","url_cta_banner":"","fondo_de_color_banner":"","fondo_de_imagen_banner":false,"mostrar_imagen_izquierda_banner":false,"asignar_imagen_izquierda_banner":false},"pdf_brochure_link_drive":"https:\/\/drive.google.com\/uc?id=1KylRzplePU5BJa3MKL-5jJt2UbS6pdYH&export=download","activar_hero_video":false,"video_texto":"","video_header":false},"yoast_head":"<!-- This site is optimized with the Yoast SEO plugin v23.0 - https:\/\/yoast.com\/wordpress\/plugins\/seo\/ -->\n<title>Sports Ticketing - Bar\u00e7a Innovation Hub<\/title>\n<meta name=\"description\" content=\"Apr\u00e8n a liderar el canvi en termes d&#039;ingressos i transformaci\u00f3 digital en el context de l&#039;explotaci\u00f3 d&#039;espais en la ind\u00fastria del futbol.\" \/>\n<meta name=\"robots\" content=\"index, follow, max-snippet:-1, max-image-preview:large, max-video-preview:-1\" \/>\n<link rel=\"canonical\" href=\"https:\/\/elearning.barcainnovationhub.com\/ca\/product\/sports-ticketing\/\" \/>\n<meta property=\"og:locale\" content=\"ca_ES\" \/>\n<meta property=\"og:type\" content=\"article\" \/>\n<meta property=\"og:title\" content=\"Sports Ticketing\" \/>\n<meta property=\"og:description\" content=\"Apr\u00e8n a liderar el canvi en termes d&#039;ingressos i transformaci\u00f3 digital en el context de l&#039;explotaci\u00f3 d&#039;espais en la ind\u00fastria del futbol.\" \/>\n<meta property=\"og:url\" content=\"https:\/\/elearning.barcainnovationhub.com\/ca\/product\/sports-ticketing\/\" \/>\n<meta property=\"og:site_name\" content=\"Bar\u00e7a Innovation Hub\" \/>\n<meta property=\"article:publisher\" content=\"https:\/\/www.facebook.com\/fcbuniversitas\" \/>\n<meta property=\"article:modified_time\" content=\"2023-07-19T16:40:56+00:00\" \/>\n<meta property=\"og:image\" content=\"https:\/\/elearning.barcainnovationhub.com\/wp-content\/uploads\/2020\/04\/a54df8de-sports-ticketing.jpg\" \/>\n\t<meta property=\"og:image:width\" content=\"1200\" \/>\n\t<meta property=\"og:image:height\" content=\"1200\" \/>\n\t<meta property=\"og:image:type\" content=\"image\/jpeg\" \/>\n<meta name=\"twitter:card\" content=\"summary_large_image\" \/>\n<meta name=\"twitter:title\" content=\"Sports Ticketing\" \/>\n<meta name=\"twitter:description\" content=\"Apr\u00e8n a liderar el canvi en termes d&#039;ingressos i transformaci\u00f3 digital en el context de l&#039;explotaci\u00f3 d&#039;espais en la ind\u00fastria del futbol.\" \/>\n<meta name=\"twitter:image\" content=\"https:\/\/elearning.barcainnovationhub.com\/wp-content\/uploads\/2020\/04\/a54df8de-sports-ticketing.jpg\" \/>\n<meta name=\"twitter:site\" content=\"@BarcaInnoHub\" \/>\n<meta name=\"twitter:label1\" content=\"Temps estimat de lectura\" \/>\n\t<meta name=\"twitter:data1\" content=\"1 minut\" \/>\n<script type=\"application\/ld+json\" class=\"yoast-schema-graph\">{\"@context\":\"https:\/\/schema.org\",\"@graph\":[{\"@type\":\"WebPage\",\"@id\":\"https:\/\/elearning.barcainnovationhub.com\/ca\/product\/sports-ticketing\/\",\"url\":\"https:\/\/elearning.barcainnovationhub.com\/ca\/product\/sports-ticketing\/\",\"name\":\"Sports Ticketing - Bar\u00e7a Innovation Hub\",\"isPartOf\":{\"@id\":\"https:\/\/elearning.barcainnovationhub.com\/ca\/#website\"},\"datePublished\":\"2020-04-06T14:10:03+00:00\",\"dateModified\":\"2023-07-19T16:40:56+00:00\",\"description\":\"Apr\u00e8n a liderar el canvi en termes d'ingressos i transformaci\u00f3 digital en el context de l'explotaci\u00f3 d'espais en la ind\u00fastria del futbol.\",\"breadcrumb\":{\"@id\":\"https:\/\/elearning.barcainnovationhub.com\/ca\/product\/sports-ticketing\/#breadcrumb\"},\"inLanguage\":\"ca\",\"potentialAction\":[{\"@type\":\"ReadAction\",\"target\":[\"https:\/\/elearning.barcainnovationhub.com\/ca\/product\/sports-ticketing\/\"]}]},{\"@type\":\"BreadcrumbList\",\"@id\":\"https:\/\/elearning.barcainnovationhub.com\/ca\/product\/sports-ticketing\/#breadcrumb\",\"itemListElement\":[{\"@type\":\"ListItem\",\"position\":1,\"name\":\"Productos\",\"item\":\"https:\/\/elearning.barcainnovationhub.com\/ca\/product\/\"},{\"@type\":\"ListItem\",\"position\":2,\"name\":\"Sports Ticketing\"}]},{\"@type\":\"WebSite\",\"@id\":\"https:\/\/elearning.barcainnovationhub.com\/ca\/#website\",\"url\":\"https:\/\/elearning.barcainnovationhub.com\/ca\/\",\"name\":\"Bar\u00e7a Innovation Hub\",\"description\":\"The worldwide centre for sports knowledge and innovation\",\"potentialAction\":[{\"@type\":\"SearchAction\",\"target\":{\"@type\":\"EntryPoint\",\"urlTemplate\":\"https:\/\/elearning.barcainnovationhub.com\/ca\/?s={search_term_string}\"},\"query-input\":\"required name=search_term_string\"}],\"inLanguage\":\"ca\"}]}<\/script>\n<!-- \/ Yoast SEO plugin. -->","yoast_head_json":{"title":"Sports Ticketing - Bar\u00e7a Innovation Hub","description":"Apr\u00e8n a liderar el canvi en termes d'ingressos i transformaci\u00f3 digital en el context de l'explotaci\u00f3 d'espais en la ind\u00fastria del futbol.","robots":{"index":"index","follow":"follow","max-snippet":"max-snippet:-1","max-image-preview":"max-image-preview:large","max-video-preview":"max-video-preview:-1"},"canonical":"https:\/\/elearning.barcainnovationhub.com\/ca\/product\/sports-ticketing\/","og_locale":"ca_ES","og_type":"article","og_title":"Sports Ticketing","og_description":"Apr\u00e8n a liderar el canvi en termes d'ingressos i transformaci\u00f3 digital en el context de l'explotaci\u00f3 d'espais en la ind\u00fastria del futbol.","og_url":"https:\/\/elearning.barcainnovationhub.com\/ca\/product\/sports-ticketing\/","og_site_name":"Bar\u00e7a Innovation Hub","article_publisher":"https:\/\/www.facebook.com\/fcbuniversitas","article_modified_time":"2023-07-19T16:40:56+00:00","og_image":[{"width":1200,"height":1200,"url":"https:\/\/elearning.barcainnovationhub.com\/wp-content\/uploads\/2020\/04\/a54df8de-sports-ticketing.jpg","type":"image\/jpeg"}],"twitter_card":"summary_large_image","twitter_title":"Sports Ticketing","twitter_description":"Apr\u00e8n a liderar el canvi en termes d'ingressos i transformaci\u00f3 digital en el context de l'explotaci\u00f3 d'espais en la ind\u00fastria del futbol.","twitter_image":"https:\/\/elearning.barcainnovationhub.com\/wp-content\/uploads\/2020\/04\/a54df8de-sports-ticketing.jpg","twitter_site":"@BarcaInnoHub","twitter_misc":{"Temps estimat de lectura":"1 minut"},"schema":{"@context":"https:\/\/schema.org","@graph":[{"@type":"WebPage","@id":"https:\/\/elearning.barcainnovationhub.com\/ca\/product\/sports-ticketing\/","url":"https:\/\/elearning.barcainnovationhub.com\/ca\/product\/sports-ticketing\/","name":"Sports Ticketing - Bar\u00e7a Innovation Hub","isPartOf":{"@id":"https:\/\/elearning.barcainnovationhub.com\/ca\/#website"},"datePublished":"2020-04-06T14:10:03+00:00","dateModified":"2023-07-19T16:40:56+00:00","description":"Apr\u00e8n a liderar el canvi en termes d'ingressos i transformaci\u00f3 digital en el context de l'explotaci\u00f3 d'espais en la ind\u00fastria del futbol.","breadcrumb":{"@id":"https:\/\/elearning.barcainnovationhub.com\/ca\/product\/sports-ticketing\/#breadcrumb"},"inLanguage":"ca","potentialAction":[{"@type":"ReadAction","target":["https:\/\/elearning.barcainnovationhub.com\/ca\/product\/sports-ticketing\/"]}]},{"@type":"BreadcrumbList","@id":"https:\/\/elearning.barcainnovationhub.com\/ca\/product\/sports-ticketing\/#breadcrumb","itemListElement":[{"@type":"ListItem","position":1,"name":"Productos","item":"https:\/\/elearning.barcainnovationhub.com\/ca\/product\/"},{"@type":"ListItem","position":2,"name":"Sports Ticketing"}]},{"@type":"WebSite","@id":"https:\/\/elearning.barcainnovationhub.com\/ca\/#website","url":"https:\/\/elearning.barcainnovationhub.com\/ca\/","name":"Bar\u00e7a Innovation Hub","description":"The worldwide centre for sports knowledge and innovation","potentialAction":[{"@type":"SearchAction","target":{"@type":"EntryPoint","urlTemplate":"https:\/\/elearning.barcainnovationhub.com\/ca\/?s={search_term_string}"},"query-input":"required name=search_term_string"}],"inLanguage":"ca"}]}},"idiomas":{"en":57333,"es":57336,"ar":57334,"ca":57334,"ru":57334,"pt":57335},"_links":{"self":[{"href":"https:\/\/elearning.barcainnovationhub.com\/ca\/wp-json\/wp\/v2\/products\/57334"}],"collection":[{"href":"https:\/\/elearning.barcainnovationhub.com\/ca\/wp-json\/wp\/v2\/products"}],"about":[{"href":"https:\/\/elearning.barcainnovationhub.com\/ca\/wp-json\/wp\/v2\/types\/product"}],"author":[{"embeddable":true,"href":"https:\/\/elearning.barcainnovationhub.com\/ca\/wp-json\/wp\/v2\/users\/16"}],"replies":[{"embeddable":true,"href":"https:\/\/elearning.barcainnovationhub.com\/ca\/wp-json\/wp\/v2\/comments?post=57334"}],"version-history":[{"count":0,"href":"https:\/\/elearning.barcainnovationhub.com\/ca\/wp-json\/wp\/v2\/products\/57334\/revisions"}],"wp:attachment":[{"href":"https:\/\/elearning.barcainnovationhub.com\/ca\/wp-json\/wp\/v2\/media?parent=57334"}],"wp:term":[{"taxonomy":"category","embeddable":true,"href":"https:\/\/elearning.barcainnovationhub.com\/ca\/wp-json\/wp\/v2\/categories?post=57334"}],"curies":[{"name":"wp","href":"https:\/\/api.w.org\/{rel}","templated":true}]}}