{"id":87806,"date":"2021-04-11T02:24:11","date_gmt":"2021-04-11T05:24:11","guid":{"rendered":"https:\/\/elearning.barcainnovationhub.com\/?post_type=product&#038;p=87806"},"modified":"2025-02-04T23:30:00","modified_gmt":"2025-02-05T02:30:00","slug":"professional-diploma-sports-nutrition","status":"publish","type":"product","link":"https:\/\/elearning.barcainnovationhub.com\/ca\/product\/professional-diploma-sports-nutrition\/","title":{"rendered":"Programa Especialitzat en Nutrici\u00f3 Esportiva"},"content":{"rendered":"<p>contenido<\/p>\n","protected":false},"excerpt":{"rendered":"<p>excerpt<\/p>\n","protected":false},"author":16,"featured_media":0,"comment_status":"open","ping_status":"closed","template":"","meta":{"_acf_changed":true,"footnotes":""},"categories":[51,286,112,43],"class_list":["post-87806","product","type-product","status-publish","hentry","category-barca-innovation-hub-3","category-barca-innovation-hub-3-ca","category-online-based-programs-ca","category-salud-y-bienestar-ca"],"acf":{"external_id":"1422","titulo_curso":"Diplomado en Diplomado en Nutrici\u00f3n Deportiva - Carrusel","precio":"960","impartido_en":"Spanish","producto_path":false,"hubspot_product_id":"37630178491","id_magento":"389","header_image":143177,"column_title":"","titulo_incentivo":"Programa Especialitzat en Nutrici\u00f3 Esportiva","fecha_de_inicio":"10092021","precio_en_cuotas":"10 pagaments mensuals de 96 \u20ac","precio_de_lista":"","mostrar_form":false,"duracion_del_curso":"8 mesos","nivel_del_curso":"Introductory","contenido":"<p><strong>IMPORTANT:<\/strong><\/p>\n<p>Si sou o heu participat en un programa en l\u00ednia del Bar\u00e7a Innovation Hub Universitas i esteu interessat en inscriure-us a aquest Programa Especialitzat, poseu-vos en contacte amb nosaltres a trav\u00e9s de CHAT per orientar-vos en el proc\u00e9s de compra.<\/p>\n<div id=\"gtx-trans\" style=\"position: absolute; left: 126px; top: 101px;\">\n<div class=\"gtx-trans-icon\"><\/div>\n<\/div>\n","ocultar_video":true,"url_video":"","pdf_brochure":"https:\/\/static.capabiliaserver.com\/frontend\/clients\/barca\/wp_prod\/wp-content\/uploads\/2021\/04\/db842d56-diplomat-en-nutricio-esportiva.pdf","cursos_que_lo_componen":[{"nombre_del_curso":"Alimentaci\u00f3 i rendiment esportiu","descripcion_del_curso":"<p>M\u00d2DUL 1: Bioenerg\u00e8tica<br \/>\nUnitat 1: Energia<br \/>\nUnitat 2: Sistemes energ\u00e8tics<\/p>\n<p>M\u00d2DUL 2: Alimentaci\u00f3 i nutrici\u00f3<br \/>\nUnitat 1: Nutrients<br \/>\nUnitat 2: Nutrici\u00f3 esportiva<\/p>\n<p>M\u00d2DUL 3: Nutrici\u00f3 esportiva pr\u00e0ctica<br \/>\nUnitat 1: Nutrici\u00f3 en compet\u00e8ncia<br \/>\nUnitat 2: Nutrici\u00f3 portada a la pr\u00e0ctica esportiva<\/p>\n<p>M\u00d2DUL 4: M\u00f2dul integrador\t<\/p>\n"},{"nombre_del_curso":"Suplementaci\u00f3 i ajudes ergog\u00e8niques en l'esport","descripcion_del_curso":"<p>M\u00d2DUL 1: Conceptes introductoris<br \/>\nUnitat 1: Classificaci\u00f3 dels suplements nutricionals.<br \/>\nUnitat 2: Nutrients<\/p>\n<p>M\u00d2DUL 2: Aliments esportius<br \/>\nUnitat 1: Aliments esportius d'utilitzaci\u00f3 aguda<br \/>\nUnitat 2: Aliments esportius d'utilitzaci\u00f3 cr\u00f2nica<\/p>\n<p>M\u00d2DUL 3: Ajudes ergog\u00e8niques<br \/>\nUnitat 1: Ajudes ergog\u00e8niques d'efecte agut o instantani<br \/>\nUnitat 2: Ajudes ergog\u00e8niques d'efecte cr\u00f2nic<\/p>\n<p>M\u00d2DUL 4: M\u00f2dul integrador<\/p>\n"},{"nombre_del_curso":"Hidrataci\u00f3 esportiva","descripcion_del_curso":"<p>M\u00d2DUL 1: Conceptes introductoris<br \/>\nUnitat 1: L'aigua en l'organisme hum\u00e0<br \/>\nUnitat 2: La termoregulaci\u00f3 durant l'exercici<\/p>\n<p>M\u00d2DUL 2: Deshidrataci\u00f3, hipert\u00e8rmia i p\u00e8rdua de rendiment: enfocament tradicional<br \/>\nUnitat 1: Hidrataci\u00f3 predeterminada<br \/>\nUnitat 2: T\u00f2pics d'inter\u00e8s<\/p>\n<p>M\u00d2DUL 3: Hidrataci\u00f3 basada en l'evid\u00e8ncia: enfocament contemporani<br \/>\nUnitat 1: La hidrataci\u00f3 a voluntat o ad-libitum<br \/>\nUnitat 2: Lineaments i aplicacions pr\u00e0ctiques<\/p>\n<p>M\u00d2DUL 4: M\u00f2dul integrador<\/p>\n"},{"nombre_del_curso":"Composici\u00f3 corporal, somatotip i rendiment esportiu","descripcion_del_curso":"<p>M\u00d2DUL 1: Composici\u00f3 corporal<br \/>\nUnitat 1: Antropometria<br \/>\nUnitat 2: Altres m\u00e8todes per a la determinaci\u00f3 de la composici\u00f3 corporal<\/p>\n<p>M\u00d2DUL 2: Composici\u00f3 corporal, rendiment esportiu i nutrici\u00f3<br \/>\nUnitat 1: Components modificables per l'entrenament o la dieta<br \/>\nUnitat 2: Composici\u00f3 corporal i rendiment esportiu segons ra\u00e7a, g\u00e8nere i franja d'edat<\/p>\n<p>M\u00d2DUL 3: Somatotip<br \/>\nUnitat 1: Classificaci\u00f3<br \/>\nUnitat 2: Aplicacions pr\u00e0ctiques del somatotip<\/p>\n<p>M\u00d2DUL 4: M\u00f2dul integrador<\/p>\n"},{"nombre_del_curso":"Nutrici\u00f3 esportiva avan\u00e7ada","descripcion_del_curso":"<p>M\u00d2DUL 1: La hist\u00f2ria i el futur de la nutrici\u00f3 esportiva<br \/>\nUnitat 1: Hist\u00f2ria<br \/>\nUnitat 2: Futur<\/p>\n<p>M\u00d2DUL 2: Qu\u00e8 fa falta per a ser eficient en la nutrici\u00f3 esportiva?<br \/>\nUnitat 1: Habilitats<br \/>\nUnitat 2: Funcionament<\/p>\n<p>M\u00d2DUL 3: Suplements versus aliments<br \/>\nUnitat 1: Suplements versus aliments<br \/>\nUnitat 2: Presa de decisions<\/p>\n<p>M\u00d2DUL 4: Sistema immune<br \/>\nUnitat 1: L'exercici i el sistema immune<br \/>\nUnitat 2: Millorar la funci\u00f3 immune<\/p>\n"},{"nombre_del_curso":"Nutrici\u00f3, recuperaci\u00f3 i adaptacions a l'entrenament ","descripcion_del_curso":"<p>M\u00d2DUL 1: Exercici i fatiga<br \/>\nUnitat 1: Qu\u00e8 \u00e9s la fatiga?<br \/>\nUnitat 2: Retardar la fatiga<\/p>\n<p>M\u00d2DUL 2: Recuperaci\u00f3 i adaptaci\u00f3<br \/>\nUnitat 1: Recuperaci\u00f3<br \/>\nUnitat 2: Adaptaci\u00f3<\/p>\n<p>M\u00d2DUL 3: Optimitzar la recuperaci\u00f3 i l'adaptaci\u00f3<br \/>\nUnitat 1: Optimitzar la recuperaci\u00f3 amb la nutrici\u00f3<br \/>\nUnitat 2: Optimitzar l'adaptaci\u00f3 amb la nutrici\u00f3<\/p>\n<p>M\u00d2DUL 4: Recuperaci\u00f3 de lesions<br \/>\nUnitat 1: Diferents fases de la lesi\u00f3<br \/>\nUnitat 2: Estrat\u00e8gies<\/p>\n"},{"nombre_del_curso":"Preparaci\u00f3 per al dia del partit i nutrici\u00f3 personalitzada\t\"","descripcion_del_curso":"<p>M\u00d2DUL 1: Nutrici\u00f3 personalitzada?<br \/>\nUnitat 1: Medicina personalitzada<br \/>\nUnitat 2: Nutrici\u00f3 esportiva personalitzada<\/p>\n<p>M\u00d2DUL 2: Preparaci\u00f3 per al dia del partit<br \/>\nUnitat 1: Els dies i les setmanes previs<br \/>\nUnitat 2: Dia del partit<\/p>\n<p>M\u00d2DUL 3: Condicions extremes<br \/>\nUnitat 1: Efecte de la calor en el rendiment<br \/>\nUnitat 2: Combatre la calor<\/p>\n<p>M\u00d2DUL 4: Suplements<br \/>\nUnitat 1: Ajudes ergog\u00e8niques<br \/>\nUnitat 2: Altres suplements<\/p>\n"},{"nombre_del_curso":"Nutrici\u00f3 perioditzada","descripcion_del_curso":"<p>M\u00d2DUL 1: La teoria<br \/>\nUnitat 1: Qu\u00e8 \u00e9s la nutrici\u00f3 perioditzada?<br \/>\nUnitat 2: Les eines d'un nutricionista esportiu<\/p>\n<p>M\u00d2DUL 2: Entrenar els intestins<br \/>\nUnitat 1: Els intestins es poden entrenar<br \/>\nUnitat 2: La teoria en la pr\u00e0ctica<\/p>\n<p>M\u00d2DUL 3: Entrenament baix<br \/>\nUnitat 1: La teoria<br \/>\nUnitat 2: Dieta baixa en carbohidrats versus entrenament amb baixa disponibilitat de carbohidrats<\/p>\n<p>M\u00d2DUL 4: De la teoria a la pr\u00e0ctica<br \/>\nUnitat 1: Com implementar la nutrici\u00f3 perioditzada<br \/>\nUnitat 2: Desafiaments i solucions<\/p>\n"}],"aprende_a":[{"item_aprende_a":"Distingir les subst\u00e0ncies efectives i les no efectives i\/o perilloses en les formulacions de suplements nutricionals, de manera d'utilitzar-los de forma \u00f2ptima.\r\n"},{"item_aprende_a":"Utilitzar els coneixements sobre nutrici\u00f3 esportiva en funci\u00f3 de les demandes i necessitats de diferents formes d'activitat f\u00edsica.\r\n"},{"item_aprende_a":"Dissenyar estrat\u00e8gies d'hidrataci\u00f3 segura abans, durant i despr\u00e9s de l'entrenament i la competici\u00f3.\r\n"},{"item_aprende_a":"Utilitzar de manera pr\u00e0ctica els coneixements sobre la composici\u00f3 corporal i el somatotip dins de la nutrici\u00f3 i per al rendiment esportiu.\r\n"},{"item_aprende_a":"Millorar el comportament dels esportistes a trav\u00e9s de la nutrici\u00f3 esportiva.\r\n"},{"item_aprende_a":"Implementar suplements en la pr\u00e0ctica di\u00e0ria.\r\n"},{"item_aprende_a":"Minimitzar el risc de l'\u00fas de suplements.\r\n"},{"item_aprende_a":"Optimitzar la recuperaci\u00f3 intensa i l'adaptaci\u00f3 a l'entrenament amb la nutrici\u00f3.\r\n"},{"item_aprende_a":"Planificar la nutrici\u00f3 per a una temporada i per a una setmana.\r\n"},{"item_aprende_a":"Comprendre la base te\u00f2rica per a la perioditzaci\u00f3 de la nutrici\u00f3.\r\n"},{"item_aprende_a":"Aplicar la personalitzaci\u00f3 a la nutrici\u00f3 esportiva dels equips.\r\n"},{"item_aprende_a":"Aplicar els \u00faltims avan\u00e7os de la ci\u00e8ncia a la preparaci\u00f3 del dia del partit.        \r\n"}],"docentes_expertos":[{"foto":"https:\/\/elearning.barcainnovationhub.com\/wp-content\/uploads\/2021\/04\/43630949-asker_jeukendrup.jpg","nombre_del_docente":"Asker Jeukendrup","descripcion_del_docente":"Cient\u00edfic en nutrici\u00f3 esportiva. Professor de metabolisme de l'exercici. Consultor de rendiment en esport d'elit. Emprenedor. Triatleta Ironman.","enlace":""},{"foto":false,"nombre_del_docente":"","descripcion_del_docente":"","enlace":""}],"imagen_destacada":"https:\/\/elearning.barcainnovationhub.com\/wp-content\/uploads\/2021\/04\/ee68b7e5-professional-diploma-in-sports-nutrition.png","slidebox":false,"titulo_seccion_testimonios":"","activar_banner_1":false,"banner_1":false,"activar_banner_2":false,"banner_2":false,"activar_banner_3":false,"banner_3":false,"segunda_fecha_de_inicio":"25092021","zona_horaria":"Europe\/Madrid","activar_nuevos_banners":false,"mostrar_banner_1":false,"crear_banner_1":{"utilizar_imagen_unica_para_banner":false,"asignar_imagen_unica_para_banner":false,"mostrar_titulo_banner":false,"titulo_para_banner":"","mostrar_subtitulo_banner":false,"subtitulo_del_banner":"","mostrar_cta_banner":false,"texto_cta_banner":"","url_cta_banner":"","fondo_de_color_banner":"","fondo_de_imagen_banner":false,"mostrar_imagen_izquierda_banner":false,"asignar_imagen_izquierda_banner":false},"mostrar_banner_2":false,"crear_banner_2":{"utilizar_imagen_unica_para_banner":false,"asignar_imagen_unica_para_banner":false,"mostrar_titulo_banner":false,"titulo_para_banner":"","mostrar_subtitulo_banner":false,"subtitulo_del_banner":"","mostrar_cta_banner":false,"texto_cta_banner":"","url_cta_banner":"","fondo_de_color_banner":"","fondo_de_imagen_banner":false,"mostrar_imagen_izquierda_banner":false,"asignar_imagen_izquierda_banner":false},"mostrar_banner_3":false,"crear_banner_3":{"utilizar_imagen_unica_para_banner":false,"asignar_imagen_unica_para_banner":false,"mostrar_titulo_banner":false,"titulo_para_banner":"","mostrar_subtitulo_banner":false,"subtitulo_del_banner":"","mostrar_cta_banner":false,"texto_cta_banner":"","url_cta_banner":"","fondo_de_color_banner":"","fondo_de_imagen_banner":false,"mostrar_imagen_izquierda_banner":false,"asignar_imagen_izquierda_banner":false},"activar_hero_video":false,"video_texto":"","pdf_brochure_link_drive":"https:\/\/drive.google.com\/uc?id=1oayRPND_XTjoo2Fd4zHPqGqGHBv5NlVU&export=download","enable_linkedin_carousel":false,"fecha_inicio_estatica":"","preguntas_frecuentes":false,"contenidistas":false,"promocion_vigente":"04\/02\/2025","avalado_por":false,"modalidad_cursado":"","url_cursado_webinar":""},"yoast_head":"<!-- This site is optimized with the Yoast SEO plugin v23.0 - https:\/\/yoast.com\/wordpress\/plugins\/seo\/ -->\n<title>Programa Especialitzat en Nutrici\u00f3 Esportiva - Bar\u00e7a Innovation Hub<\/title>\n<meta name=\"description\" content=\"In this 8-month program, you will gain comprehensive knowledge and skills to improve athletes\u2019 behaviour through sports nutrition.\" \/>\n<meta name=\"robots\" content=\"index, follow, max-snippet:-1, max-image-preview:large, max-video-preview:-1\" \/>\n<link rel=\"canonical\" href=\"https:\/\/elearning.barcainnovationhub.com\/ca\/product\/professional-diploma-sports-nutrition\/\" \/>\n<meta property=\"og:locale\" content=\"ca_ES\" \/>\n<meta property=\"og:type\" content=\"article\" \/>\n<meta property=\"og:title\" content=\"Professional Diploma in Sports Nutrition\" \/>\n<meta property=\"og:description\" content=\"In this 8-month program, you will gain comprehensive knowledge and skills to improve athletes\u2019 behaviour through sports nutrition.\" \/>\n<meta property=\"og:url\" content=\"https:\/\/elearning.barcainnovationhub.com\/ca\/product\/professional-diploma-sports-nutrition\/\" \/>\n<meta property=\"og:site_name\" content=\"Bar\u00e7a Innovation Hub\" \/>\n<meta property=\"article:publisher\" content=\"https:\/\/www.facebook.com\/fcbuniversitas\" \/>\n<meta property=\"article:modified_time\" content=\"2025-02-05T02:30:00+00:00\" \/>\n<meta property=\"og:image\" content=\"https:\/\/elearning.barcainnovationhub.com\/wp-content\/uploads\/2021\/04\/3e7d48d3-professional-diploma-in-sports-nutrition-2.jpg\" \/>\n\t<meta property=\"og:image:width\" content=\"1200\" \/>\n\t<meta property=\"og:image:height\" content=\"1200\" \/>\n\t<meta property=\"og:image:type\" content=\"image\/jpeg\" \/>\n<meta name=\"twitter:card\" content=\"summary_large_image\" \/>\n<meta name=\"twitter:title\" content=\"Professional Diploma in Sports Nutrition\" \/>\n<meta name=\"twitter:description\" content=\"In this 8-month program, you will gain comprehensive knowledge and skills to improve athletes\u2019 behaviour through sports nutrition.\" \/>\n<meta name=\"twitter:image\" content=\"https:\/\/elearning.barcainnovationhub.com\/wp-content\/uploads\/2021\/04\/3e7d48d3-professional-diploma-in-sports-nutrition-2.jpg\" \/>\n<meta name=\"twitter:site\" content=\"@BarcaInnoHub\" \/>\n<meta name=\"twitter:label1\" content=\"Temps estimat de lectura\" \/>\n\t<meta name=\"twitter:data1\" content=\"1 minut\" \/>\n<script type=\"application\/ld+json\" class=\"yoast-schema-graph\">{\"@context\":\"https:\/\/schema.org\",\"@graph\":[{\"@type\":\"WebPage\",\"@id\":\"https:\/\/elearning.barcainnovationhub.com\/ca\/product\/professional-diploma-sports-nutrition\/\",\"url\":\"https:\/\/elearning.barcainnovationhub.com\/ca\/product\/professional-diploma-sports-nutrition\/\",\"name\":\"Programa Especialitzat en Nutrici\u00f3 Esportiva - Bar\u00e7a Innovation Hub\",\"isPartOf\":{\"@id\":\"https:\/\/elearning.barcainnovationhub.com\/ca\/#website\"},\"datePublished\":\"2021-04-11T05:24:11+00:00\",\"dateModified\":\"2025-02-05T02:30:00+00:00\",\"description\":\"In this 8-month program, you will gain comprehensive knowledge and skills to improve athletes\u2019 behaviour through sports nutrition.\",\"breadcrumb\":{\"@id\":\"https:\/\/elearning.barcainnovationhub.com\/ca\/product\/professional-diploma-sports-nutrition\/#breadcrumb\"},\"inLanguage\":\"ca\",\"potentialAction\":[{\"@type\":\"ReadAction\",\"target\":[\"https:\/\/elearning.barcainnovationhub.com\/ca\/product\/professional-diploma-sports-nutrition\/\"]}]},{\"@type\":\"BreadcrumbList\",\"@id\":\"https:\/\/elearning.barcainnovationhub.com\/ca\/product\/professional-diploma-sports-nutrition\/#breadcrumb\",\"itemListElement\":[{\"@type\":\"ListItem\",\"position\":1,\"name\":\"Productos\",\"item\":\"https:\/\/elearning.barcainnovationhub.com\/ca\/product\/\"},{\"@type\":\"ListItem\",\"position\":2,\"name\":\"Programa Especialitzat en Nutrici\u00f3 Esportiva\"}]},{\"@type\":\"WebSite\",\"@id\":\"https:\/\/elearning.barcainnovationhub.com\/ca\/#website\",\"url\":\"https:\/\/elearning.barcainnovationhub.com\/ca\/\",\"name\":\"Bar\u00e7a Innovation Hub\",\"description\":\"The worldwide centre for sports knowledge and innovation\",\"potentialAction\":[{\"@type\":\"SearchAction\",\"target\":{\"@type\":\"EntryPoint\",\"urlTemplate\":\"https:\/\/elearning.barcainnovationhub.com\/ca\/?s={search_term_string}\"},\"query-input\":\"required name=search_term_string\"}],\"inLanguage\":\"ca\"}]}<\/script>\n<!-- \/ Yoast SEO plugin. -->","yoast_head_json":{"title":"Programa Especialitzat en Nutrici\u00f3 Esportiva - Bar\u00e7a Innovation Hub","description":"In this 8-month program, you will gain comprehensive knowledge and skills to improve athletes\u2019 behaviour through sports nutrition.","robots":{"index":"index","follow":"follow","max-snippet":"max-snippet:-1","max-image-preview":"max-image-preview:large","max-video-preview":"max-video-preview:-1"},"canonical":"https:\/\/elearning.barcainnovationhub.com\/ca\/product\/professional-diploma-sports-nutrition\/","og_locale":"ca_ES","og_type":"article","og_title":"Professional Diploma in Sports Nutrition","og_description":"In this 8-month program, you will gain comprehensive knowledge and skills to improve athletes\u2019 behaviour through sports nutrition.","og_url":"https:\/\/elearning.barcainnovationhub.com\/ca\/product\/professional-diploma-sports-nutrition\/","og_site_name":"Bar\u00e7a Innovation Hub","article_publisher":"https:\/\/www.facebook.com\/fcbuniversitas","article_modified_time":"2025-02-05T02:30:00+00:00","og_image":[{"width":1200,"height":1200,"url":"https:\/\/elearning.barcainnovationhub.com\/wp-content\/uploads\/2021\/04\/3e7d48d3-professional-diploma-in-sports-nutrition-2.jpg","type":"image\/jpeg"}],"twitter_card":"summary_large_image","twitter_title":"Professional Diploma in Sports Nutrition","twitter_description":"In this 8-month program, you will gain comprehensive knowledge and skills to improve athletes\u2019 behaviour through sports nutrition.","twitter_image":"https:\/\/elearning.barcainnovationhub.com\/wp-content\/uploads\/2021\/04\/3e7d48d3-professional-diploma-in-sports-nutrition-2.jpg","twitter_site":"@BarcaInnoHub","twitter_misc":{"Temps estimat de lectura":"1 minut"},"schema":{"@context":"https:\/\/schema.org","@graph":[{"@type":"WebPage","@id":"https:\/\/elearning.barcainnovationhub.com\/ca\/product\/professional-diploma-sports-nutrition\/","url":"https:\/\/elearning.barcainnovationhub.com\/ca\/product\/professional-diploma-sports-nutrition\/","name":"Programa Especialitzat en Nutrici\u00f3 Esportiva - Bar\u00e7a Innovation Hub","isPartOf":{"@id":"https:\/\/elearning.barcainnovationhub.com\/ca\/#website"},"datePublished":"2021-04-11T05:24:11+00:00","dateModified":"2025-02-05T02:30:00+00:00","description":"In this 8-month program, you will gain comprehensive knowledge and skills to improve athletes\u2019 behaviour through sports nutrition.","breadcrumb":{"@id":"https:\/\/elearning.barcainnovationhub.com\/ca\/product\/professional-diploma-sports-nutrition\/#breadcrumb"},"inLanguage":"ca","potentialAction":[{"@type":"ReadAction","target":["https:\/\/elearning.barcainnovationhub.com\/ca\/product\/professional-diploma-sports-nutrition\/"]}]},{"@type":"BreadcrumbList","@id":"https:\/\/elearning.barcainnovationhub.com\/ca\/product\/professional-diploma-sports-nutrition\/#breadcrumb","itemListElement":[{"@type":"ListItem","position":1,"name":"Productos","item":"https:\/\/elearning.barcainnovationhub.com\/ca\/product\/"},{"@type":"ListItem","position":2,"name":"Programa Especialitzat en Nutrici\u00f3 Esportiva"}]},{"@type":"WebSite","@id":"https:\/\/elearning.barcainnovationhub.com\/ca\/#website","url":"https:\/\/elearning.barcainnovationhub.com\/ca\/","name":"Bar\u00e7a Innovation Hub","description":"The worldwide centre for sports knowledge and innovation","potentialAction":[{"@type":"SearchAction","target":{"@type":"EntryPoint","urlTemplate":"https:\/\/elearning.barcainnovationhub.com\/ca\/?s={search_term_string}"},"query-input":"required name=search_term_string"}],"inLanguage":"ca"}]}},"idiomas":{"en":87804,"es":87809,"ar":87805,"ca":87806,"ru":87808,"pt":87807},"_links":{"self":[{"href":"https:\/\/elearning.barcainnovationhub.com\/ca\/wp-json\/wp\/v2\/products\/87806"}],"collection":[{"href":"https:\/\/elearning.barcainnovationhub.com\/ca\/wp-json\/wp\/v2\/products"}],"about":[{"href":"https:\/\/elearning.barcainnovationhub.com\/ca\/wp-json\/wp\/v2\/types\/product"}],"author":[{"embeddable":true,"href":"https:\/\/elearning.barcainnovationhub.com\/ca\/wp-json\/wp\/v2\/users\/16"}],"replies":[{"embeddable":true,"href":"https:\/\/elearning.barcainnovationhub.com\/ca\/wp-json\/wp\/v2\/comments?post=87806"}],"version-history":[{"count":0,"href":"https:\/\/elearning.barcainnovationhub.com\/ca\/wp-json\/wp\/v2\/products\/87806\/revisions"}],"wp:attachment":[{"href":"https:\/\/elearning.barcainnovationhub.com\/ca\/wp-json\/wp\/v2\/media?parent=87806"}],"wp:term":[{"taxonomy":"category","embeddable":true,"href":"https:\/\/elearning.barcainnovationhub.com\/ca\/wp-json\/wp\/v2\/categories?post=87806"}],"curies":[{"name":"wp","href":"https:\/\/api.w.org\/{rel}","templated":true}]}}