{"id":117697,"date":"2022-01-28T15:35:53","date_gmt":"2022-01-28T18:35:53","guid":{"rendered":"https:\/\/elearning.barcainnovationhub.com\/?page_id=117697"},"modified":"2025-04-07T14:35:37","modified_gmt":"2025-04-07T17:35:37","slug":"diplomado-en-preparacion-fisica-compra-291-es","status":"publish","type":"page","link":"https:\/\/elearning.barcainnovationhub.com\/es\/diplomado-en-preparacion-fisica-compra-291-es\/","title":{"rendered":"Diplomado en Preparaci\u00f3n F\u00edsica-compra-384-es"},"content":{"rendered":"","protected":false},"excerpt":{"rendered":"","protected":false},"author":1,"featured_media":0,"parent":0,"menu_order":87,"comment_status":"closed","ping_status":"closed","template":"page-templates\/barca-landings.php","meta":{"_acf_changed":true,"footnotes":""},"categories":[],"tags":[],"class_list":["post-117697","page","type-page","status-publish","hentry"],"acf":{"hubspot_product_id":"37722030278","external_id":"1834","id_magento":"384","imagen_de_fondo":"https:\/\/elearning.barcainnovationhub.com\/wp-content\/uploads\/2021\/03\/94934357-diplomapreparaci\u00f3nf\u00edsica-03-21.jpg","titulo_del_producto":"Diplomado en Preparaci\u00f3n F\u00edsica","precio":"<h4>\u20ac 495<\/h4><br>","mostrar_precio":true,"precio_tachado":"\u20ac 990","porcentaje_descuento":"50% OFF!","precio_en_cuotas":"<h4 style=\"color:#fdc52b\";style=\"background-color:#fbc42c;\"> <strong> 8 PAGOS MENSUALES DE <FONT SIZE=6>\u20ac 61,87<\/font><\/strong><\/h4>","activar_btn_compra":false,"texto_boton_de_compra":"","id_producto":"1834","activar_btn_compra_link_carrito_descuento":true,"texto_btn_compra_link_carrito_descuento":"COMPRA AHORA!","link_btn_compra_link_carrito_descuento":"http:\/\/elearning.barcainnovationhub.com\/es\/dpa\/add\/tocart\/id\/384\/couponcode\/0%3A2%3A2YC2ncH1eADmMujE110v2XSKD1QIIIPs%3AztmL2jy3gPEeDQmbH6jQUUp7xKnO6WIA3lJg0mUsoFw%3D","activar_detalles_producto":true,"fecha_de_inicio":"","duracion_del_curso":"9 meses","nivel_del_curso":"Avanzado","modalidad_cursado":"100% online","impartido_en":"Castellano","activar_texto_detalle":true,"titulo_texto_detalle":"","texto_detalle":"<h4><a href=\"https:\/\/drive.google.com\/uc?id=1Js8L605WGHh_K1S-4NrgpFuCRBnna7OG&amp;export=download\"><img loading=\"lazy\" decoding=\"async\" class=\"alignnone wp-image-42539 size-medium\" src=\"https:\/\/static.capabiliaserver.com\/frontend\/clients\/barca\/wp_prod\/wp-content\/uploads\/2019\/10\/b5c3c17c-boton_descarga_es-300x48.png\" alt=\"\" width=\"300\" height=\"48\" srcset=\"https:\/\/static.capabiliaserver.com\/frontend\/clients\/barca\/wp_prod\/wp-content\/uploads\/2019\/10\/b5c3c17c-boton_descarga_es-300x48.png 300w, https:\/\/static.capabiliaserver.com\/frontend\/clients\/barca\/wp_prod\/wp-content\/uploads\/2019\/10\/b5c3c17c-boton_descarga_es.png 340w\" sizes=\"(max-width: 300px) 100vw, 300px\" \/><\/a><\/h4>\n<p>&nbsp;<\/p>\n<h3>APRENDE A<\/h3>\n<p>\u2022 Mejorar el an\u00e1lisis cr\u00edtico al realizar un programa de entrenamiento en los diferentes roles profesionales relacionados con las ciencias del deporte y la salud.<\/p>\n<p>\u2022 Mejorar el rendimiento deportivo y la prevenci\u00f3n de lesiones a partir de un conocimiento profundo sobre la metodolog\u00eda a aplicar en los programas de entrenamiento de la fuerza y la potencia muscular.<\/p>\n<p>\u2022 Aplicar la metodolog\u00eda adecuada en el dise\u00f1o del proceso de readaptaci\u00f3n post lesi\u00f3n en aquellas afecciones donde el desarrollo de la fuerza tenga un marcado protagonismo.<\/p>\n<p>\u2022 Conocer, de manera transversal, las metodolog\u00edas emergentes en el entrenamiento de la fuerza para poder profundizar desde una base contrastada desde la ciencia.<\/p>\n<p>\u2022 Conocer las caracter\u00edsticas fundamentales tanto de estrategias de prevenci\u00f3n y rehabilitaci\u00f3n de lesiones, como de los distintos mecanismos lesivos en deportes de equipo.<\/p>\n<p>\u2022 Manejar las patolog\u00edas y lesiones diferenciadas por deporte.<\/p>\n<p>\u2022 Utilizar las herramientas adecuadas para el desarrollo de un liderazgo eficaz en la gesti\u00f3n de grupos y personas.<\/p>\n<p>\u2022 Optimizar la recuperaci\u00f3n intensa y la adaptaci\u00f3n al entrenamiento con la nutrici\u00f3n.<\/p>\n<p>\u2022 Analizar los datos de la monitorizaci\u00f3n de la carga de trabajo para orientar el proceso de entrenamiento hacia la prevenci\u00f3n de lesiones y el consiguiente aumento del rendimiento deportivo.<\/p>\n","activar_video":true,"url_video":"https:\/\/www.youtube.com\/embed\/U6vYeRJqrpU","activar_form":true,"activar_fechas_automaticas":true,"fecha_de_inicio_automatica":"10012022","segunda_fecha_de_inicio_automatica":"25012022","zona_horaria":"Europe\/Madrid","enable_linkedin_carousel":false},"yoast_head":"<!-- This site is optimized with the Yoast SEO plugin v23.0 - https:\/\/yoast.com\/wordpress\/plugins\/seo\/ -->\n<title>Diplomado en Preparaci\u00f3n F\u00edsica-compra-384-es - Bar\u00e7a Innovation Hub<\/title>\n<meta name=\"robots\" content=\"index, follow, max-snippet:-1, max-image-preview:large, max-video-preview:-1\" \/>\n<link rel=\"canonical\" href=\"https:\/\/elearning.barcainnovationhub.com\/es\/diplomado-en-preparacion-fisica-compra-291-es\/\" \/>\n<meta property=\"og:locale\" content=\"es_ES\" \/>\n<meta property=\"og:type\" content=\"article\" \/>\n<meta property=\"og:title\" content=\"Diplomado en Preparaci\u00f3n F\u00edsica-compra-384-es - Bar\u00e7a Innovation Hub\" \/>\n<meta property=\"og:url\" content=\"https:\/\/elearning.barcainnovationhub.com\/es\/diplomado-en-preparacion-fisica-compra-291-es\/\" \/>\n<meta property=\"og:site_name\" content=\"Bar\u00e7a Innovation Hub\" \/>\n<meta property=\"article:publisher\" content=\"https:\/\/www.facebook.com\/fcbuniversitas\" \/>\n<meta property=\"article:modified_time\" content=\"2025-04-07T17:35:37+00:00\" \/>\n<meta name=\"twitter:card\" content=\"summary_large_image\" \/>\n<meta name=\"twitter:site\" content=\"@BarcaInnoHub\" \/>\n<script type=\"application\/ld+json\" class=\"yoast-schema-graph\">{\"@context\":\"https:\/\/schema.org\",\"@graph\":[{\"@type\":\"WebPage\",\"@id\":\"https:\/\/elearning.barcainnovationhub.com\/es\/diplomado-en-preparacion-fisica-compra-291-es\/\",\"url\":\"https:\/\/elearning.barcainnovationhub.com\/es\/diplomado-en-preparacion-fisica-compra-291-es\/\",\"name\":\"Diplomado en Preparaci\u00f3n F\u00edsica-compra-384-es - Bar\u00e7a Innovation Hub\",\"isPartOf\":{\"@id\":\"https:\/\/elearning.barcainnovationhub.com\/es\/#website\"},\"datePublished\":\"2022-01-28T18:35:53+00:00\",\"dateModified\":\"2025-04-07T17:35:37+00:00\",\"inLanguage\":\"es\",\"potentialAction\":[{\"@type\":\"ReadAction\",\"target\":[\"https:\/\/elearning.barcainnovationhub.com\/es\/diplomado-en-preparacion-fisica-compra-291-es\/\"]}]},{\"@type\":\"WebSite\",\"@id\":\"https:\/\/elearning.barcainnovationhub.com\/es\/#website\",\"url\":\"https:\/\/elearning.barcainnovationhub.com\/es\/\",\"name\":\"Bar\u00e7a Innovation Hub\",\"description\":\"The worldwide centre for sports knowledge and innovation\",\"potentialAction\":[{\"@type\":\"SearchAction\",\"target\":{\"@type\":\"EntryPoint\",\"urlTemplate\":\"https:\/\/elearning.barcainnovationhub.com\/es\/?s={search_term_string}\"},\"query-input\":\"required name=search_term_string\"}],\"inLanguage\":\"es\"}]}<\/script>\n<!-- \/ Yoast SEO plugin. -->","yoast_head_json":{"title":"Diplomado en Preparaci\u00f3n F\u00edsica-compra-384-es - Bar\u00e7a Innovation Hub","robots":{"index":"index","follow":"follow","max-snippet":"max-snippet:-1","max-image-preview":"max-image-preview:large","max-video-preview":"max-video-preview:-1"},"canonical":"https:\/\/elearning.barcainnovationhub.com\/es\/diplomado-en-preparacion-fisica-compra-291-es\/","og_locale":"es_ES","og_type":"article","og_title":"Diplomado en Preparaci\u00f3n F\u00edsica-compra-384-es - Bar\u00e7a Innovation Hub","og_url":"https:\/\/elearning.barcainnovationhub.com\/es\/diplomado-en-preparacion-fisica-compra-291-es\/","og_site_name":"Bar\u00e7a Innovation Hub","article_publisher":"https:\/\/www.facebook.com\/fcbuniversitas","article_modified_time":"2025-04-07T17:35:37+00:00","twitter_card":"summary_large_image","twitter_site":"@BarcaInnoHub","schema":{"@context":"https:\/\/schema.org","@graph":[{"@type":"WebPage","@id":"https:\/\/elearning.barcainnovationhub.com\/es\/diplomado-en-preparacion-fisica-compra-291-es\/","url":"https:\/\/elearning.barcainnovationhub.com\/es\/diplomado-en-preparacion-fisica-compra-291-es\/","name":"Diplomado en Preparaci\u00f3n F\u00edsica-compra-384-es - Bar\u00e7a Innovation Hub","isPartOf":{"@id":"https:\/\/elearning.barcainnovationhub.com\/es\/#website"},"datePublished":"2022-01-28T18:35:53+00:00","dateModified":"2025-04-07T17:35:37+00:00","inLanguage":"es","potentialAction":[{"@type":"ReadAction","target":["https:\/\/elearning.barcainnovationhub.com\/es\/diplomado-en-preparacion-fisica-compra-291-es\/"]}]},{"@type":"WebSite","@id":"https:\/\/elearning.barcainnovationhub.com\/es\/#website","url":"https:\/\/elearning.barcainnovationhub.com\/es\/","name":"Bar\u00e7a Innovation Hub","description":"The worldwide centre for sports knowledge and innovation","potentialAction":[{"@type":"SearchAction","target":{"@type":"EntryPoint","urlTemplate":"https:\/\/elearning.barcainnovationhub.com\/es\/?s={search_term_string}"},"query-input":"required name=search_term_string"}],"inLanguage":"es"}]}},"_links":{"self":[{"href":"https:\/\/elearning.barcainnovationhub.com\/es\/wp-json\/wp\/v2\/pages\/117697"}],"collection":[{"href":"https:\/\/elearning.barcainnovationhub.com\/es\/wp-json\/wp\/v2\/pages"}],"about":[{"href":"https:\/\/elearning.barcainnovationhub.com\/es\/wp-json\/wp\/v2\/types\/page"}],"author":[{"embeddable":true,"href":"https:\/\/elearning.barcainnovationhub.com\/es\/wp-json\/wp\/v2\/users\/1"}],"replies":[{"embeddable":true,"href":"https:\/\/elearning.barcainnovationhub.com\/es\/wp-json\/wp\/v2\/comments?post=117697"}],"version-history":[{"count":0,"href":"https:\/\/elearning.barcainnovationhub.com\/es\/wp-json\/wp\/v2\/pages\/117697\/revisions"}],"wp:attachment":[{"href":"https:\/\/elearning.barcainnovationhub.com\/es\/wp-json\/wp\/v2\/media?parent=117697"}],"wp:term":[{"taxonomy":"category","embeddable":true,"href":"https:\/\/elearning.barcainnovationhub.com\/es\/wp-json\/wp\/v2\/categories?post=117697"},{"taxonomy":"post_tag","embeddable":true,"href":"https:\/\/elearning.barcainnovationhub.com\/es\/wp-json\/wp\/v2\/tags?post=117697"}],"curies":[{"name":"wp","href":"https:\/\/api.w.org\/{rel}","templated":true}]}}