{"id":117709,"date":"2022-01-28T15:45:06","date_gmt":"2022-01-28T18:45:06","guid":{"rendered":"https:\/\/elearning.barcainnovationhub.com\/?page_id=117709"},"modified":"2025-10-30T12:00:49","modified_gmt":"2025-10-30T15:00:49","slug":"certificado-en-nutricion-deportiva-landing-compra-221-es","status":"publish","type":"page","link":"https:\/\/elearning.barcainnovationhub.com\/es\/certificado-en-nutricion-deportiva-landing-compra-221-es\/","title":{"rendered":"Certificado en Nutrici\u00f3n Deportiva-landing-compra-221-es"},"content":{"rendered":"","protected":false},"excerpt":{"rendered":"","protected":false},"author":1,"featured_media":0,"parent":0,"menu_order":85,"comment_status":"closed","ping_status":"closed","template":"page-templates\/barca-landings.php","meta":{"_acf_changed":true,"footnotes":""},"categories":[],"tags":[],"class_list":["post-117709","page","type-page","status-publish","hentry"],"acf":{"hubspot_product_id":"11980875","external_id":"2478","id_magento":"221","imagen_de_fondo":"https:\/\/static.capabiliaserver.com\/frontend\/clients\/barcanew\/wp_prod\/wp-content\/uploads\/93cdec7b-certificate-in-sports-nutrition.png","titulo_del_producto":"Certificado en Nutrici\u00f3n Deportiva","precio":"<h4>\u20ac 312<\/h4><br>","mostrar_precio":true,"precio_tachado":"\u20ac 625","porcentaje_descuento":"50% OFF!","precio_en_cuotas":"","activar_btn_compra":false,"texto_boton_de_compra":"","id_producto":"2478","activar_btn_compra_link_carrito_descuento":true,"texto_btn_compra_link_carrito_descuento":"COMPRA AHORA!","link_btn_compra_link_carrito_descuento":"http:\/\/elearning.barcainnovationhub.com\/es\/dpa\/add\/tocart\/id\/221\/couponcode\/0%3A2%3A2YC2ncH1eADmMujE110v2XSKD1QIIIPs%3AztmL2jy3gPEeDQmbH6jQUUp7xKnO6WIA3lJg0mUsoFw%3D","activar_detalles_producto":true,"fecha_de_inicio":"","duracion_del_curso":"4 meses","nivel_del_curso":"Introductorio","modalidad_cursado":"100% online","impartido_en":"Castellano","activar_texto_detalle":true,"titulo_texto_detalle":"","texto_detalle":"<h4><a href=\"https:\/\/bit.ly\/3nSOYic\" target=\"_blank\" rel=\"noopener\"><img loading=\"lazy\" decoding=\"async\" class=\"alignnone wp-image-42539 size-medium\" src=\"https:\/\/static.capabiliaserver.com\/frontend\/clients\/barca\/wp_prod\/wp-content\/uploads\/2019\/10\/b5c3c17c-boton_descarga_es-300x48.png\" alt=\"\" width=\"300\" height=\"48\" srcset=\"https:\/\/static.capabiliaserver.com\/frontend\/clients\/barca\/wp_prod\/wp-content\/uploads\/2019\/10\/b5c3c17c-boton_descarga_es-300x48.png 300w, https:\/\/static.capabiliaserver.com\/frontend\/clients\/barca\/wp_prod\/wp-content\/uploads\/2019\/10\/b5c3c17c-boton_descarga_es.png 340w\" sizes=\"(max-width: 300px) 100vw, 300px\" \/><\/a><\/h4>\n<p>&nbsp;<\/p>\n<p>Estudia nutrici\u00f3n deportiva y logra optimizar la selecci\u00f3n de los componentes de una dieta a la hora de buscar el m\u00e1ximo rendimiento f\u00edsico.<\/p>\n<p>&nbsp;<\/p>\n<h3>APRENDE A<\/h3>\n<p>\u2022 Profesionales de las ciencias de la salud relacionados al deporte.<br \/>\n\u2022 Estudiantes y graduados de programas y carreras vinculadas al deporte, la salud y la preparaci\u00f3n f\u00edsica.<br \/>\n\u2022 Deportistas, familiares de deportistas, o cualquier persona vinculada al deporte.<\/p>\n<p>&nbsp;<\/p>\n<h3>DIRIGIDO A<\/h3>\n<p>\u2022 Profesionales de las ciencias de la salud relacionados al deporte.<br \/>\n\u2022 Estudiantes y graduados de programas y carreras vinculadas al deporte, la salud y la preparaci\u00f3n f\u00edsica.<br \/>\n\u2022 Deportistas, familiares de deportistas, o cualquier persona vinculada al deporte.<\/p>\n","activar_video":true,"url_video":"https:\/\/www.youtube.com\/embed\/_QKoOeSXm1g?controls=0","activar_form":true,"activar_fechas_automaticas":true,"fecha_de_inicio_automatica":"10012022","segunda_fecha_de_inicio_automatica":"","zona_horaria":"Europe\/Madrid","enable_linkedin_carousel":false},"yoast_head":"<!-- This site is optimized with the Yoast SEO plugin v23.0 - https:\/\/yoast.com\/wordpress\/plugins\/seo\/ -->\n<title>Certificado en Nutrici\u00f3n Deportiva-landing-compra-221-es - Bar\u00e7a Innovation Hub<\/title>\n<meta name=\"robots\" content=\"index, follow, max-snippet:-1, max-image-preview:large, max-video-preview:-1\" \/>\n<link rel=\"canonical\" href=\"https:\/\/elearning.barcainnovationhub.com\/es\/certificado-en-nutricion-deportiva-landing-compra-221-es\/\" \/>\n<meta property=\"og:locale\" content=\"es_ES\" \/>\n<meta property=\"og:type\" content=\"article\" \/>\n<meta property=\"og:title\" content=\"Certificado en Nutrici\u00f3n Deportiva-landing-compra-221-es - Bar\u00e7a Innovation Hub\" \/>\n<meta property=\"og:url\" content=\"https:\/\/elearning.barcainnovationhub.com\/es\/certificado-en-nutricion-deportiva-landing-compra-221-es\/\" \/>\n<meta property=\"og:site_name\" content=\"Bar\u00e7a Innovation Hub\" \/>\n<meta property=\"article:publisher\" content=\"https:\/\/www.facebook.com\/fcbuniversitas\" \/>\n<meta property=\"article:modified_time\" content=\"2025-10-30T15:00:49+00:00\" \/>\n<meta name=\"twitter:card\" content=\"summary_large_image\" \/>\n<meta name=\"twitter:site\" content=\"@BarcaInnoHub\" \/>\n<script type=\"application\/ld+json\" class=\"yoast-schema-graph\">{\"@context\":\"https:\/\/schema.org\",\"@graph\":[{\"@type\":\"WebPage\",\"@id\":\"https:\/\/elearning.barcainnovationhub.com\/es\/certificado-en-nutricion-deportiva-landing-compra-221-es\/\",\"url\":\"https:\/\/elearning.barcainnovationhub.com\/es\/certificado-en-nutricion-deportiva-landing-compra-221-es\/\",\"name\":\"Certificado en Nutrici\u00f3n Deportiva-landing-compra-221-es - Bar\u00e7a Innovation Hub\",\"isPartOf\":{\"@id\":\"https:\/\/elearning.barcainnovationhub.com\/es\/#website\"},\"datePublished\":\"2022-01-28T18:45:06+00:00\",\"dateModified\":\"2025-10-30T15:00:49+00:00\",\"inLanguage\":\"es\",\"potentialAction\":[{\"@type\":\"ReadAction\",\"target\":[\"https:\/\/elearning.barcainnovationhub.com\/es\/certificado-en-nutricion-deportiva-landing-compra-221-es\/\"]}]},{\"@type\":\"WebSite\",\"@id\":\"https:\/\/elearning.barcainnovationhub.com\/es\/#website\",\"url\":\"https:\/\/elearning.barcainnovationhub.com\/es\/\",\"name\":\"Bar\u00e7a Innovation Hub\",\"description\":\"The worldwide centre for sports knowledge and innovation\",\"potentialAction\":[{\"@type\":\"SearchAction\",\"target\":{\"@type\":\"EntryPoint\",\"urlTemplate\":\"https:\/\/elearning.barcainnovationhub.com\/es\/?s={search_term_string}\"},\"query-input\":\"required name=search_term_string\"}],\"inLanguage\":\"es\"}]}<\/script>\n<!-- \/ Yoast SEO plugin. -->","yoast_head_json":{"title":"Certificado en Nutrici\u00f3n Deportiva-landing-compra-221-es - Bar\u00e7a Innovation Hub","robots":{"index":"index","follow":"follow","max-snippet":"max-snippet:-1","max-image-preview":"max-image-preview:large","max-video-preview":"max-video-preview:-1"},"canonical":"https:\/\/elearning.barcainnovationhub.com\/es\/certificado-en-nutricion-deportiva-landing-compra-221-es\/","og_locale":"es_ES","og_type":"article","og_title":"Certificado en Nutrici\u00f3n Deportiva-landing-compra-221-es - Bar\u00e7a Innovation Hub","og_url":"https:\/\/elearning.barcainnovationhub.com\/es\/certificado-en-nutricion-deportiva-landing-compra-221-es\/","og_site_name":"Bar\u00e7a Innovation Hub","article_publisher":"https:\/\/www.facebook.com\/fcbuniversitas","article_modified_time":"2025-10-30T15:00:49+00:00","twitter_card":"summary_large_image","twitter_site":"@BarcaInnoHub","schema":{"@context":"https:\/\/schema.org","@graph":[{"@type":"WebPage","@id":"https:\/\/elearning.barcainnovationhub.com\/es\/certificado-en-nutricion-deportiva-landing-compra-221-es\/","url":"https:\/\/elearning.barcainnovationhub.com\/es\/certificado-en-nutricion-deportiva-landing-compra-221-es\/","name":"Certificado en Nutrici\u00f3n Deportiva-landing-compra-221-es - Bar\u00e7a Innovation Hub","isPartOf":{"@id":"https:\/\/elearning.barcainnovationhub.com\/es\/#website"},"datePublished":"2022-01-28T18:45:06+00:00","dateModified":"2025-10-30T15:00:49+00:00","inLanguage":"es","potentialAction":[{"@type":"ReadAction","target":["https:\/\/elearning.barcainnovationhub.com\/es\/certificado-en-nutricion-deportiva-landing-compra-221-es\/"]}]},{"@type":"WebSite","@id":"https:\/\/elearning.barcainnovationhub.com\/es\/#website","url":"https:\/\/elearning.barcainnovationhub.com\/es\/","name":"Bar\u00e7a Innovation Hub","description":"The worldwide centre for sports knowledge and innovation","potentialAction":[{"@type":"SearchAction","target":{"@type":"EntryPoint","urlTemplate":"https:\/\/elearning.barcainnovationhub.com\/es\/?s={search_term_string}"},"query-input":"required name=search_term_string"}],"inLanguage":"es"}]}},"_links":{"self":[{"href":"https:\/\/elearning.barcainnovationhub.com\/es\/wp-json\/wp\/v2\/pages\/117709"}],"collection":[{"href":"https:\/\/elearning.barcainnovationhub.com\/es\/wp-json\/wp\/v2\/pages"}],"about":[{"href":"https:\/\/elearning.barcainnovationhub.com\/es\/wp-json\/wp\/v2\/types\/page"}],"author":[{"embeddable":true,"href":"https:\/\/elearning.barcainnovationhub.com\/es\/wp-json\/wp\/v2\/users\/1"}],"replies":[{"embeddable":true,"href":"https:\/\/elearning.barcainnovationhub.com\/es\/wp-json\/wp\/v2\/comments?post=117709"}],"version-history":[{"count":0,"href":"https:\/\/elearning.barcainnovationhub.com\/es\/wp-json\/wp\/v2\/pages\/117709\/revisions"}],"wp:attachment":[{"href":"https:\/\/elearning.barcainnovationhub.com\/es\/wp-json\/wp\/v2\/media?parent=117709"}],"wp:term":[{"taxonomy":"category","embeddable":true,"href":"https:\/\/elearning.barcainnovationhub.com\/es\/wp-json\/wp\/v2\/categories?post=117709"},{"taxonomy":"post_tag","embeddable":true,"href":"https:\/\/elearning.barcainnovationhub.com\/es\/wp-json\/wp\/v2\/tags?post=117709"}],"curies":[{"name":"wp","href":"https:\/\/api.w.org\/{rel}","templated":true}]}}