{"id":149357,"date":"2024-09-30T13:15:04","date_gmt":"2024-09-30T16:15:04","guid":{"rendered":"https:\/\/elearning.barcainnovationhub.com\/?page_id=149357"},"modified":"2024-10-15T10:20:22","modified_gmt":"2024-10-15T13:20:22","slug":"becas-de-formacion","status":"publish","type":"page","link":"https:\/\/elearning.barcainnovationhub.com\/es\/becas-de-formacion\/","title":{"rendered":"Beca Espa\u00f1ol"},"content":{"rendered":"","protected":false},"excerpt":{"rendered":"","protected":false},"author":38,"featured_media":0,"parent":0,"menu_order":8,"comment_status":"closed","ping_status":"closed","template":"page-templates\/landing-beca.php","meta":{"_acf_changed":true,"footnotes":""},"categories":[],"tags":[],"class_list":["post-149357","page","type-page","status-publish","hentry"],"acf":{"titulo_header":"Accede a nuestras Becas","subtitulo_header":"<span style=\"font-size: 30px;\">\u00a1Cubrimos un porcentaje de tu inversi\u00f3n educativa!<\/span>","img_sobre_nosotros":"https:\/\/static.capabiliaserver.com\/frontend\/clients\/barcanew\/wp_prod\/wp-content\/uploads\/2ef8dc0d-magento-1-2.png","titulo_sobre_nosotros":"\u00bfEn qu\u00e9 consiste el sistema de becas?","texto_sobre_nosotros":"Una vez que env\u00edes tu solicitud, nuestro equipo de especialistas la evaluar\u00e1. Analizaremos tus m\u00e9ritos, necesidades y compatibilidad con nuestros programas para determinar qu\u00e9 tipo de beca puedes recibir.<br>Este proceso puede tardar algunos d\u00edas, durante los cuales revisaremos cuidadosamente cada solicitud para garantizar que nuestros recursos se asignen de la mejor manera posible. <br>Una vez que recibas el correo de confirmaci\u00f3n, estar\u00e1s listo para continuar con la inscripci\u00f3n en el curso de tu elecci\u00f3n, <b>cubriendo un porcentaje de tu inversi\u00f3n acad\u00e9mica. <\/b><br> <br><b>\u00a1Participa y asegura tu futuro en el mundo del deporte! <\/b>","habilitar_seccion_resumen":true,"titulo_seccion_resumen":"\u00bfListo para una beca Bar\u00e7a Innovation Hub?","texto_seccion_resumen":" \u00a1Esta es tu oportunidad de unirte a nuestra comunidad!","partner_titulo":"","partner_texto":"Nuestro sistema de becas tiene como objetivo reconocer el talento y la dedicaci\u00f3n de los futuros profesionales del deporte.<br>Queremos potenciar a aquellos apasionados por su educaci\u00f3n, cubriendo un porcentaje de la inversi\u00f3n educativa. <br><br>Potencia tu crecimiento personal a trav\u00e9s del trabajo en equipo y el desarrollo profesional.<br>","partner_img":false,"form_titulo":"Completa el formulario y cu\u00e9ntanos sobre ti","form_bajada":"","formulario_hubspot":"<script charset=\"utf-8\" type=\"text\/javascript\" src=\"\/\/js.hsforms.net\/forms\/embed\/v2.js\"><\/script>\r\n<script>\r\n  hbspt.forms.create({\r\n    region: \"na1\",\r\n    portalId: \"3877362\",\r\n    formId: \"a2551145-dbe3-480e-b932-257d948f381e\"\r\n  });\r\n<\/script>","img_curso_gratuito":"https:\/\/static.capabiliaserver.com\/frontend\/clients\/barcanew\/wp_prod\/wp-content\/uploads\/728df438-magento-1-1.png","cta_link_button":"https:\/\/elearning.barcainnovationhub.com\/es\/catalogo.html","items_seccion_resumen":[{"texto":"Dirigido por profesionales con experiencia comprobada.","titulo":"Mentores experimentados"},{"texto":"Se ajusta a la rutina de los profesionales del deporte.","titulo":"Aprendizaje flexible"},{"texto":"Desarrollado espec\u00edficamente para cada programa de capacitaci\u00f3n.","titulo":"Contenido actualizado"},{"texto":"Una plataforma global, disponible siempre y donde lo necesites.","titulo":"100% online"}],"cta_text_button":"Descubre nuestros programas","cta_title":"\u00a1Comienza AHORA!"},"yoast_head":"<!-- This site is optimized with the Yoast SEO plugin v23.0 - https:\/\/yoast.com\/wordpress\/plugins\/seo\/ -->\n<title>Beca Espa\u00f1ol - Bar\u00e7a Innovation Hub<\/title>\n<meta name=\"robots\" content=\"index, follow, max-snippet:-1, max-image-preview:large, max-video-preview:-1\" \/>\n<link rel=\"canonical\" href=\"https:\/\/elearning.barcainnovationhub.com\/es\/becas-de-formacion\/\" \/>\n<meta property=\"og:locale\" content=\"es_ES\" \/>\n<meta property=\"og:type\" content=\"article\" \/>\n<meta property=\"og:title\" content=\"Beca Espa\u00f1ol - Bar\u00e7a Innovation Hub\" \/>\n<meta property=\"og:url\" content=\"https:\/\/elearning.barcainnovationhub.com\/es\/becas-de-formacion\/\" \/>\n<meta property=\"og:site_name\" content=\"Bar\u00e7a Innovation Hub\" \/>\n<meta property=\"article:publisher\" content=\"https:\/\/www.facebook.com\/fcbuniversitas\" \/>\n<meta property=\"article:modified_time\" content=\"2024-10-15T13:20:22+00:00\" \/>\n<meta name=\"twitter:card\" content=\"summary_large_image\" \/>\n<meta name=\"twitter:site\" content=\"@BarcaInnoHub\" \/>\n<script type=\"application\/ld+json\" class=\"yoast-schema-graph\">{\"@context\":\"https:\/\/schema.org\",\"@graph\":[{\"@type\":\"WebPage\",\"@id\":\"https:\/\/elearning.barcainnovationhub.com\/es\/becas-de-formacion\/\",\"url\":\"https:\/\/elearning.barcainnovationhub.com\/es\/becas-de-formacion\/\",\"name\":\"Beca Espa\u00f1ol - Bar\u00e7a Innovation Hub\",\"isPartOf\":{\"@id\":\"https:\/\/elearning.barcainnovationhub.com\/es\/#website\"},\"datePublished\":\"2024-09-30T16:15:04+00:00\",\"dateModified\":\"2024-10-15T13:20:22+00:00\",\"inLanguage\":\"es\",\"potentialAction\":[{\"@type\":\"ReadAction\",\"target\":[\"https:\/\/elearning.barcainnovationhub.com\/es\/becas-de-formacion\/\"]}]},{\"@type\":\"WebSite\",\"@id\":\"https:\/\/elearning.barcainnovationhub.com\/es\/#website\",\"url\":\"https:\/\/elearning.barcainnovationhub.com\/es\/\",\"name\":\"Bar\u00e7a Innovation Hub\",\"description\":\"The worldwide centre for sports knowledge and innovation\",\"potentialAction\":[{\"@type\":\"SearchAction\",\"target\":{\"@type\":\"EntryPoint\",\"urlTemplate\":\"https:\/\/elearning.barcainnovationhub.com\/es\/?s={search_term_string}\"},\"query-input\":\"required name=search_term_string\"}],\"inLanguage\":\"es\"}]}<\/script>\n<!-- \/ Yoast SEO plugin. -->","yoast_head_json":{"title":"Beca Espa\u00f1ol - Bar\u00e7a Innovation Hub","robots":{"index":"index","follow":"follow","max-snippet":"max-snippet:-1","max-image-preview":"max-image-preview:large","max-video-preview":"max-video-preview:-1"},"canonical":"https:\/\/elearning.barcainnovationhub.com\/es\/becas-de-formacion\/","og_locale":"es_ES","og_type":"article","og_title":"Beca Espa\u00f1ol - Bar\u00e7a Innovation Hub","og_url":"https:\/\/elearning.barcainnovationhub.com\/es\/becas-de-formacion\/","og_site_name":"Bar\u00e7a Innovation Hub","article_publisher":"https:\/\/www.facebook.com\/fcbuniversitas","article_modified_time":"2024-10-15T13:20:22+00:00","twitter_card":"summary_large_image","twitter_site":"@BarcaInnoHub","schema":{"@context":"https:\/\/schema.org","@graph":[{"@type":"WebPage","@id":"https:\/\/elearning.barcainnovationhub.com\/es\/becas-de-formacion\/","url":"https:\/\/elearning.barcainnovationhub.com\/es\/becas-de-formacion\/","name":"Beca Espa\u00f1ol - Bar\u00e7a Innovation Hub","isPartOf":{"@id":"https:\/\/elearning.barcainnovationhub.com\/es\/#website"},"datePublished":"2024-09-30T16:15:04+00:00","dateModified":"2024-10-15T13:20:22+00:00","inLanguage":"es","potentialAction":[{"@type":"ReadAction","target":["https:\/\/elearning.barcainnovationhub.com\/es\/becas-de-formacion\/"]}]},{"@type":"WebSite","@id":"https:\/\/elearning.barcainnovationhub.com\/es\/#website","url":"https:\/\/elearning.barcainnovationhub.com\/es\/","name":"Bar\u00e7a Innovation Hub","description":"The worldwide centre for sports knowledge and innovation","potentialAction":[{"@type":"SearchAction","target":{"@type":"EntryPoint","urlTemplate":"https:\/\/elearning.barcainnovationhub.com\/es\/?s={search_term_string}"},"query-input":"required name=search_term_string"}],"inLanguage":"es"}]}},"_links":{"self":[{"href":"https:\/\/elearning.barcainnovationhub.com\/es\/wp-json\/wp\/v2\/pages\/149357"}],"collection":[{"href":"https:\/\/elearning.barcainnovationhub.com\/es\/wp-json\/wp\/v2\/pages"}],"about":[{"href":"https:\/\/elearning.barcainnovationhub.com\/es\/wp-json\/wp\/v2\/types\/page"}],"author":[{"embeddable":true,"href":"https:\/\/elearning.barcainnovationhub.com\/es\/wp-json\/wp\/v2\/users\/38"}],"replies":[{"embeddable":true,"href":"https:\/\/elearning.barcainnovationhub.com\/es\/wp-json\/wp\/v2\/comments?post=149357"}],"version-history":[{"count":0,"href":"https:\/\/elearning.barcainnovationhub.com\/es\/wp-json\/wp\/v2\/pages\/149357\/revisions"}],"wp:attachment":[{"href":"https:\/\/elearning.barcainnovationhub.com\/es\/wp-json\/wp\/v2\/media?parent=149357"}],"wp:term":[{"taxonomy":"category","embeddable":true,"href":"https:\/\/elearning.barcainnovationhub.com\/es\/wp-json\/wp\/v2\/categories?post=149357"},{"taxonomy":"post_tag","embeddable":true,"href":"https:\/\/elearning.barcainnovationhub.com\/es\/wp-json\/wp\/v2\/tags?post=149357"}],"curies":[{"name":"wp","href":"https:\/\/api.w.org\/{rel}","templated":true}]}}