{"id":25373,"date":"2019-08-07T09:44:42","date_gmt":"2019-08-07T12:44:42","guid":{"rendered":"https:\/\/elearning.barcainnovationhub.com\/?page_id=25373"},"modified":"2025-10-30T12:01:11","modified_gmt":"2025-10-30T15:01:11","slug":"certificado-en-nutricion-deportiva-landing-221-es","status":"publish","type":"page","link":"https:\/\/elearning.barcainnovationhub.com\/es\/certificado-en-nutricion-deportiva-landing-221-es\/","title":{"rendered":"Certificado en Nutrici\u00f3n Deportiva-landing-221-es"},"content":{"rendered":"","protected":false},"excerpt":{"rendered":"","protected":false},"author":21,"featured_media":0,"parent":0,"menu_order":680,"comment_status":"closed","ping_status":"closed","template":"page-templates\/barca-landings.php","meta":{"_acf_changed":true,"footnotes":""},"categories":[],"tags":[],"class_list":["post-25373","page","type-page","status-publish","hentry"],"acf":{"hubspot_product_id":"37415962852","external_id":"2478","imagen_de_fondo":"https:\/\/static.capabiliaserver.com\/frontend\/clients\/barcanew\/wp_prod\/wp-content\/uploads\/93cdec7b-certificate-in-sports-nutrition.png","titulo_del_producto":"Certificado en Nutrici\u00f3n Deportiva","precio":"625","precio_tachado":"","porcentaje_descuento":"\u00a1COMIENZA AHORA!","activar_btn_compra":false,"texto_boton_de_compra":"","id_producto":"2478","activar_detalles_producto":true,"fecha_de_inicio":"","duracion_del_curso":"4 meses","nivel_del_curso":"Introductorio","modalidad_cursado":"100% online","impartido_en":"Castellano","activar_texto_detalle":true,"titulo_texto_detalle":"\u00a1Aprende de los mejores!","texto_detalle":"<p>Estudia nutrici\u00f3n deportiva y logra optimizar la selecci\u00f3n de los componentes de una dieta a la hora de buscar el m\u00e1ximo rendimiento f\u00edsico.<\/p>\n<p>&nbsp;<\/p>\n<h3>APRENDE A<\/h3>\n<p>\u2022 Profesionales de las ciencias de la salud relacionados al deporte.<br \/>\n\u2022 Estudiantes y graduados de programas y carreras vinculadas al deporte, la salud y la preparaci\u00f3n f\u00edsica.<br \/>\n\u2022 Deportistas, familiares de deportistas, o cualquier persona vinculada al deporte.<\/p>\n<p>&nbsp;<\/p>\n<h3>DIRIGIDO A<\/h3>\n<p>\u2022 Profesionales de las ciencias de la salud relacionados al deporte.<br \/>\n\u2022 Estudiantes y graduados de programas y carreras vinculadas al deporte, la salud y la preparaci\u00f3n f\u00edsica.<br \/>\n\u2022 Deportistas, familiares de deportistas, o cualquier persona vinculada al deporte.<\/p>\n","activar_video":true,"url_video":"https:\/\/www.youtube.com\/embed\/_QKoOeSXm1g?controls=0","activar_form":true,"precio_en_cuotas":"","activar_btn_compra_link_carrito_descuento":true,"texto_btn_compra_link_carrito_descuento":"DESCARGA EL BROCHURE","link_btn_compra_link_carrito_descuento":"https:\/\/drive.google.com\/uc?id=1gbGz_QBJD3tIy3RNHmNcZy1gpFzTyT56&export=download","id_magento":"221","mostrar_precio":false,"activar_fechas_automaticas":true,"fecha_de_inicio_automatica":"10082021","segunda_fecha_de_inicio_automatica":"","zona_horaria":"Europe\/Madrid","enable_linkedin_carousel":false},"yoast_head":"<!-- This site is optimized with the Yoast SEO plugin v23.0 - https:\/\/yoast.com\/wordpress\/plugins\/seo\/ -->\n<title>Certificado en Nutrici\u00f3n Deportiva-landing-221-es - Bar\u00e7a Innovation Hub<\/title>\n<meta name=\"robots\" content=\"index, follow, max-snippet:-1, max-image-preview:large, max-video-preview:-1\" \/>\n<link rel=\"canonical\" href=\"https:\/\/elearning.barcainnovationhub.com\/es\/certificado-en-nutricion-deportiva-landing-221-es\/\" \/>\n<meta property=\"og:locale\" content=\"es_ES\" \/>\n<meta property=\"og:type\" content=\"article\" \/>\n<meta property=\"og:title\" content=\"Certificado en Nutrici\u00f3n Deportiva-landing-221-es - Bar\u00e7a Innovation Hub\" \/>\n<meta property=\"og:url\" content=\"https:\/\/elearning.barcainnovationhub.com\/es\/certificado-en-nutricion-deportiva-landing-221-es\/\" \/>\n<meta property=\"og:site_name\" content=\"Bar\u00e7a Innovation Hub\" \/>\n<meta property=\"article:publisher\" content=\"https:\/\/www.facebook.com\/fcbuniversitas\" \/>\n<meta property=\"article:modified_time\" content=\"2025-10-30T15:01:11+00:00\" \/>\n<meta name=\"twitter:card\" content=\"summary_large_image\" \/>\n<meta name=\"twitter:site\" content=\"@BarcaInnoHub\" \/>\n<script type=\"application\/ld+json\" class=\"yoast-schema-graph\">{\"@context\":\"https:\/\/schema.org\",\"@graph\":[{\"@type\":\"WebPage\",\"@id\":\"https:\/\/elearning.barcainnovationhub.com\/es\/certificado-en-nutricion-deportiva-landing-221-es\/\",\"url\":\"https:\/\/elearning.barcainnovationhub.com\/es\/certificado-en-nutricion-deportiva-landing-221-es\/\",\"name\":\"Certificado en Nutrici\u00f3n Deportiva-landing-221-es - Bar\u00e7a Innovation Hub\",\"isPartOf\":{\"@id\":\"https:\/\/elearning.barcainnovationhub.com\/es\/#website\"},\"datePublished\":\"2019-08-07T12:44:42+00:00\",\"dateModified\":\"2025-10-30T15:01:11+00:00\",\"inLanguage\":\"es\",\"potentialAction\":[{\"@type\":\"ReadAction\",\"target\":[\"https:\/\/elearning.barcainnovationhub.com\/es\/certificado-en-nutricion-deportiva-landing-221-es\/\"]}]},{\"@type\":\"WebSite\",\"@id\":\"https:\/\/elearning.barcainnovationhub.com\/es\/#website\",\"url\":\"https:\/\/elearning.barcainnovationhub.com\/es\/\",\"name\":\"Bar\u00e7a Innovation Hub\",\"description\":\"The worldwide centre for sports knowledge and innovation\",\"potentialAction\":[{\"@type\":\"SearchAction\",\"target\":{\"@type\":\"EntryPoint\",\"urlTemplate\":\"https:\/\/elearning.barcainnovationhub.com\/es\/?s={search_term_string}\"},\"query-input\":\"required name=search_term_string\"}],\"inLanguage\":\"es\"}]}<\/script>\n<!-- \/ Yoast SEO plugin. -->","yoast_head_json":{"title":"Certificado en Nutrici\u00f3n Deportiva-landing-221-es - Bar\u00e7a Innovation Hub","robots":{"index":"index","follow":"follow","max-snippet":"max-snippet:-1","max-image-preview":"max-image-preview:large","max-video-preview":"max-video-preview:-1"},"canonical":"https:\/\/elearning.barcainnovationhub.com\/es\/certificado-en-nutricion-deportiva-landing-221-es\/","og_locale":"es_ES","og_type":"article","og_title":"Certificado en Nutrici\u00f3n Deportiva-landing-221-es - Bar\u00e7a Innovation Hub","og_url":"https:\/\/elearning.barcainnovationhub.com\/es\/certificado-en-nutricion-deportiva-landing-221-es\/","og_site_name":"Bar\u00e7a Innovation Hub","article_publisher":"https:\/\/www.facebook.com\/fcbuniversitas","article_modified_time":"2025-10-30T15:01:11+00:00","twitter_card":"summary_large_image","twitter_site":"@BarcaInnoHub","schema":{"@context":"https:\/\/schema.org","@graph":[{"@type":"WebPage","@id":"https:\/\/elearning.barcainnovationhub.com\/es\/certificado-en-nutricion-deportiva-landing-221-es\/","url":"https:\/\/elearning.barcainnovationhub.com\/es\/certificado-en-nutricion-deportiva-landing-221-es\/","name":"Certificado en Nutrici\u00f3n Deportiva-landing-221-es - Bar\u00e7a Innovation Hub","isPartOf":{"@id":"https:\/\/elearning.barcainnovationhub.com\/es\/#website"},"datePublished":"2019-08-07T12:44:42+00:00","dateModified":"2025-10-30T15:01:11+00:00","inLanguage":"es","potentialAction":[{"@type":"ReadAction","target":["https:\/\/elearning.barcainnovationhub.com\/es\/certificado-en-nutricion-deportiva-landing-221-es\/"]}]},{"@type":"WebSite","@id":"https:\/\/elearning.barcainnovationhub.com\/es\/#website","url":"https:\/\/elearning.barcainnovationhub.com\/es\/","name":"Bar\u00e7a Innovation Hub","description":"The worldwide centre for sports knowledge and innovation","potentialAction":[{"@type":"SearchAction","target":{"@type":"EntryPoint","urlTemplate":"https:\/\/elearning.barcainnovationhub.com\/es\/?s={search_term_string}"},"query-input":"required name=search_term_string"}],"inLanguage":"es"}]}},"_links":{"self":[{"href":"https:\/\/elearning.barcainnovationhub.com\/es\/wp-json\/wp\/v2\/pages\/25373"}],"collection":[{"href":"https:\/\/elearning.barcainnovationhub.com\/es\/wp-json\/wp\/v2\/pages"}],"about":[{"href":"https:\/\/elearning.barcainnovationhub.com\/es\/wp-json\/wp\/v2\/types\/page"}],"author":[{"embeddable":true,"href":"https:\/\/elearning.barcainnovationhub.com\/es\/wp-json\/wp\/v2\/users\/21"}],"replies":[{"embeddable":true,"href":"https:\/\/elearning.barcainnovationhub.com\/es\/wp-json\/wp\/v2\/comments?post=25373"}],"version-history":[{"count":0,"href":"https:\/\/elearning.barcainnovationhub.com\/es\/wp-json\/wp\/v2\/pages\/25373\/revisions"}],"wp:attachment":[{"href":"https:\/\/elearning.barcainnovationhub.com\/es\/wp-json\/wp\/v2\/media?parent=25373"}],"wp:term":[{"taxonomy":"category","embeddable":true,"href":"https:\/\/elearning.barcainnovationhub.com\/es\/wp-json\/wp\/v2\/categories?post=25373"},{"taxonomy":"post_tag","embeddable":true,"href":"https:\/\/elearning.barcainnovationhub.com\/es\/wp-json\/wp\/v2\/tags?post=25373"}],"curies":[{"name":"wp","href":"https:\/\/api.w.org\/{rel}","templated":true}]}}