{"id":40682,"date":"2019-10-22T10:54:13","date_gmt":"2019-10-22T13:54:13","guid":{"rendered":"https:\/\/elearning.barcainnovationhub.com\/?page_id=40682"},"modified":"2021-11-04T11:43:05","modified_gmt":"2021-11-04T14:43:05","slug":"consideraciones-nutricionales-en-el-futbol-landing-es","status":"publish","type":"page","link":"https:\/\/elearning.barcainnovationhub.com\/es\/consideraciones-nutricionales-en-el-futbol-landing-es\/","title":{"rendered":"Consideraciones Nutricionales en el F\u00fatbol-Landing-es"},"content":{"rendered":"","protected":false},"excerpt":{"rendered":"","protected":false},"author":1,"featured_media":0,"parent":0,"menu_order":572,"comment_status":"closed","ping_status":"closed","template":"page-templates\/barca-landings.php","meta":{"_acf_changed":false,"footnotes":""},"categories":[],"tags":[],"class_list":["post-40682","page","type-page","status-publish","hentry"],"acf":{"hubspot_product_id":"50360040","external_id":"572","imagen_de_fondo":"https:\/\/static.capabiliaserver.com\/frontend\/clients\/barca\/wp_prod\/wp-content\/uploads\/2019\/10\/d751adb1-consideraciones-nutricionales-en-el-f\u00fatbol-portada.jpg","titulo_del_producto":"Consideraciones Nutricionales en el F\u00fatbol","precio":"\u20ac 200","precio_tachado":"","porcentaje_descuento":"","activar_btn_compra":true,"texto_boton_de_compra":"COMPRA AHORA","id_producto":"572","activar_detalles_producto":true,"fecha_de_inicio":"10 de Octubre","duracion_del_curso":"1 mes","nivel_del_curso":"Avanzado","modalidad_cursado":"100% online","impartido_en":"Castellano","activar_texto_detalle":true,"titulo_texto_detalle":"\u00a1Aprende de los mejores!","texto_detalle":"<h4><a href=\"https:\/\/static.capabiliaserver.com\/frontend\/clients\/barca\/wp_prod\/wp-content\/uploads\/2019\/10\/3377abe3-curso-consideraciones-nutricionales-en-el-f%C3%BAtbol.pdf\" target=\"_blank\" rel=\"noopener\"><img loading=\"lazy\" decoding=\"async\" class=\"alignnone size-medium wp-image-42539\" src=\"https:\/\/static.capabiliaserver.com\/frontend\/clients\/barca\/wp_prod\/wp-content\/uploads\/2019\/10\/b5c3c17c-boton_descarga_es-300x48.png\" alt=\"\" width=\"300\" height=\"48\" srcset=\"https:\/\/static.capabiliaserver.com\/frontend\/clients\/barca\/wp_prod\/wp-content\/uploads\/2019\/10\/b5c3c17c-boton_descarga_es-300x48.png 300w, https:\/\/static.capabiliaserver.com\/frontend\/clients\/barca\/wp_prod\/wp-content\/uploads\/2019\/10\/b5c3c17c-boton_descarga_es.png 340w\" sizes=\"(max-width: 300px) 100vw, 300px\" \/><\/a><\/h4>\n<h4><\/h4>\n<h4>Experto<\/h4>\n<p>Ian Rollo<\/p>\n<p>&nbsp;<\/p>\n<h4>Dirigido a<\/h4>\n<p>Todo aquel que sienta pasi\u00f3n o inter\u00e9s por la nutrici\u00f3n aplicada al f\u00fatbol.<br \/>\nTambi\u00e9n es apropiado para:<br \/>\n\u2022 Cient\u00edficos del deporte<br \/>\n\u2022 Fisioterapeutas<br \/>\n\u2022 Dietistas<br \/>\n\u2022 Nutricionistas deportivos<br \/>\n\u2022 Preparadores f\u00edsicos<br \/>\n\u2022 Profesionales del deporte<br \/>\n\u2022 Profesionales de la medicina del deporte<\/p>\n<p>&nbsp;<\/p>\n<h4>Aprende a<\/h4>\n<p>\u2022 Identificar los requisitos de micronutrientes para el f\u00fatbol<br \/>\n\u2022 Implementar usos y mejores pr\u00e1cticas de suplementos diet\u00e9ticos para f\u00fatbol<\/p>\n","activar_video":false,"url_video":"","activar_form":false,"precio_en_cuotas":"","activar_btn_compra_link_carrito_descuento":false,"texto_btn_compra_link_carrito_descuento":"","link_btn_compra_link_carrito_descuento":"","id_magento":"","mostrar_precio":true,"activar_fechas_automaticas":true,"fecha_de_inicio_automatica":"11112021","segunda_fecha_de_inicio_automatica":"","zona_horaria":"Europe\/Madrid"},"yoast_head":"<!-- This site is optimized with the Yoast SEO plugin v23.0 - https:\/\/yoast.com\/wordpress\/plugins\/seo\/ -->\n<title>Consideraciones Nutricionales en el F\u00fatbol-Landing-es - Bar\u00e7a Innovation Hub<\/title>\n<meta name=\"robots\" content=\"index, follow, max-snippet:-1, max-image-preview:large, max-video-preview:-1\" \/>\n<link rel=\"canonical\" href=\"https:\/\/elearning.barcainnovationhub.com\/es\/consideraciones-nutricionales-en-el-futbol-landing-es\/\" \/>\n<meta property=\"og:locale\" content=\"es_ES\" \/>\n<meta property=\"og:type\" content=\"article\" \/>\n<meta property=\"og:title\" content=\"Consideraciones Nutricionales en el F\u00fatbol-Landing-es - Bar\u00e7a Innovation Hub\" \/>\n<meta property=\"og:url\" content=\"https:\/\/elearning.barcainnovationhub.com\/es\/consideraciones-nutricionales-en-el-futbol-landing-es\/\" \/>\n<meta property=\"og:site_name\" content=\"Bar\u00e7a Innovation Hub\" \/>\n<meta property=\"article:publisher\" content=\"https:\/\/www.facebook.com\/fcbuniversitas\" \/>\n<meta property=\"article:modified_time\" content=\"2021-11-04T14:43:05+00:00\" \/>\n<meta name=\"twitter:card\" content=\"summary_large_image\" \/>\n<meta name=\"twitter:site\" content=\"@BarcaInnoHub\" \/>\n<script type=\"application\/ld+json\" class=\"yoast-schema-graph\">{\"@context\":\"https:\/\/schema.org\",\"@graph\":[{\"@type\":\"WebPage\",\"@id\":\"https:\/\/elearning.barcainnovationhub.com\/es\/consideraciones-nutricionales-en-el-futbol-landing-es\/\",\"url\":\"https:\/\/elearning.barcainnovationhub.com\/es\/consideraciones-nutricionales-en-el-futbol-landing-es\/\",\"name\":\"Consideraciones Nutricionales en el F\u00fatbol-Landing-es - Bar\u00e7a Innovation Hub\",\"isPartOf\":{\"@id\":\"https:\/\/elearning.barcainnovationhub.com\/es\/#website\"},\"datePublished\":\"2019-10-22T13:54:13+00:00\",\"dateModified\":\"2021-11-04T14:43:05+00:00\",\"inLanguage\":\"es\",\"potentialAction\":[{\"@type\":\"ReadAction\",\"target\":[\"https:\/\/elearning.barcainnovationhub.com\/es\/consideraciones-nutricionales-en-el-futbol-landing-es\/\"]}]},{\"@type\":\"WebSite\",\"@id\":\"https:\/\/elearning.barcainnovationhub.com\/es\/#website\",\"url\":\"https:\/\/elearning.barcainnovationhub.com\/es\/\",\"name\":\"Bar\u00e7a Innovation Hub\",\"description\":\"The worldwide centre for sports knowledge and innovation\",\"potentialAction\":[{\"@type\":\"SearchAction\",\"target\":{\"@type\":\"EntryPoint\",\"urlTemplate\":\"https:\/\/elearning.barcainnovationhub.com\/es\/?s={search_term_string}\"},\"query-input\":\"required name=search_term_string\"}],\"inLanguage\":\"es\"}]}<\/script>\n<!-- \/ Yoast SEO plugin. -->","yoast_head_json":{"title":"Consideraciones Nutricionales en el F\u00fatbol-Landing-es - Bar\u00e7a Innovation Hub","robots":{"index":"index","follow":"follow","max-snippet":"max-snippet:-1","max-image-preview":"max-image-preview:large","max-video-preview":"max-video-preview:-1"},"canonical":"https:\/\/elearning.barcainnovationhub.com\/es\/consideraciones-nutricionales-en-el-futbol-landing-es\/","og_locale":"es_ES","og_type":"article","og_title":"Consideraciones Nutricionales en el F\u00fatbol-Landing-es - Bar\u00e7a Innovation Hub","og_url":"https:\/\/elearning.barcainnovationhub.com\/es\/consideraciones-nutricionales-en-el-futbol-landing-es\/","og_site_name":"Bar\u00e7a Innovation Hub","article_publisher":"https:\/\/www.facebook.com\/fcbuniversitas","article_modified_time":"2021-11-04T14:43:05+00:00","twitter_card":"summary_large_image","twitter_site":"@BarcaInnoHub","schema":{"@context":"https:\/\/schema.org","@graph":[{"@type":"WebPage","@id":"https:\/\/elearning.barcainnovationhub.com\/es\/consideraciones-nutricionales-en-el-futbol-landing-es\/","url":"https:\/\/elearning.barcainnovationhub.com\/es\/consideraciones-nutricionales-en-el-futbol-landing-es\/","name":"Consideraciones Nutricionales en el F\u00fatbol-Landing-es - Bar\u00e7a Innovation Hub","isPartOf":{"@id":"https:\/\/elearning.barcainnovationhub.com\/es\/#website"},"datePublished":"2019-10-22T13:54:13+00:00","dateModified":"2021-11-04T14:43:05+00:00","inLanguage":"es","potentialAction":[{"@type":"ReadAction","target":["https:\/\/elearning.barcainnovationhub.com\/es\/consideraciones-nutricionales-en-el-futbol-landing-es\/"]}]},{"@type":"WebSite","@id":"https:\/\/elearning.barcainnovationhub.com\/es\/#website","url":"https:\/\/elearning.barcainnovationhub.com\/es\/","name":"Bar\u00e7a Innovation Hub","description":"The worldwide centre for sports knowledge and innovation","potentialAction":[{"@type":"SearchAction","target":{"@type":"EntryPoint","urlTemplate":"https:\/\/elearning.barcainnovationhub.com\/es\/?s={search_term_string}"},"query-input":"required name=search_term_string"}],"inLanguage":"es"}]}},"_links":{"self":[{"href":"https:\/\/elearning.barcainnovationhub.com\/es\/wp-json\/wp\/v2\/pages\/40682"}],"collection":[{"href":"https:\/\/elearning.barcainnovationhub.com\/es\/wp-json\/wp\/v2\/pages"}],"about":[{"href":"https:\/\/elearning.barcainnovationhub.com\/es\/wp-json\/wp\/v2\/types\/page"}],"author":[{"embeddable":true,"href":"https:\/\/elearning.barcainnovationhub.com\/es\/wp-json\/wp\/v2\/users\/1"}],"replies":[{"embeddable":true,"href":"https:\/\/elearning.barcainnovationhub.com\/es\/wp-json\/wp\/v2\/comments?post=40682"}],"version-history":[{"count":0,"href":"https:\/\/elearning.barcainnovationhub.com\/es\/wp-json\/wp\/v2\/pages\/40682\/revisions"}],"wp:attachment":[{"href":"https:\/\/elearning.barcainnovationhub.com\/es\/wp-json\/wp\/v2\/media?parent=40682"}],"wp:term":[{"taxonomy":"category","embeddable":true,"href":"https:\/\/elearning.barcainnovationhub.com\/es\/wp-json\/wp\/v2\/categories?post=40682"},{"taxonomy":"post_tag","embeddable":true,"href":"https:\/\/elearning.barcainnovationhub.com\/es\/wp-json\/wp\/v2\/tags?post=40682"}],"curies":[{"name":"wp","href":"https:\/\/api.w.org\/{rel}","templated":true}]}}