{"id":53408,"date":"2020-02-14T15:45:43","date_gmt":"2020-02-14T18:45:43","guid":{"rendered":"https:\/\/elearning.barcainnovationhub.com\/?page_id=53408"},"modified":"2020-02-14T15:45:44","modified_gmt":"2020-02-14T18:45:44","slug":"certificado-en-comunicacion-en-organizaciones-deportivas","status":"publish","type":"page","link":"https:\/\/elearning.barcainnovationhub.com\/es\/certificado-en-comunicacion-en-organizaciones-deportivas\/","title":{"rendered":"Certificado en Comunicaci\u00f3n en Organizaciones Deportivas"},"content":{"rendered":"","protected":false},"excerpt":{"rendered":"","protected":false},"author":20,"featured_media":0,"parent":0,"menu_order":468,"comment_status":"closed","ping_status":"closed","template":"page-templates\/barca-knowledge-single.php","meta":{"_acf_changed":false,"footnotes":""},"categories":[],"tags":[],"class_list":["post-53408","page","type-page","status-publish","hentry"],"acf":{"titulo_certificado":"Certificado en Comunicaci\u00f3n en Organizaciones Deportivas","curso":[{"titulo_curso":"Estrategias de las redes sociales en las organizaciones deportivas","contenido_curso":[{"titulo_contenido":"Influencia de los medios sociales en el deporte - U1","pdf_contenido":"https:\/\/static.capabiliaserver.com\/frontend\/clients\/barca\/wp_prod\/wp-content\/uploads\/2020\/02\/739f63a6-m\u00f3dulo-1-lectura-1.pdf"},{"titulo_contenido":"Influencia de los medios sociales en el deporte - U2","pdf_contenido":"https:\/\/static.capabiliaserver.com\/frontend\/clients\/barca\/wp_prod\/wp-content\/uploads\/2020\/02\/f55b5fff-m\u00f3dulo-1-lectura-2.pdf"},{"titulo_contenido":"Contenidos en los medios sociales e interacciones con las audiencias - U1","pdf_contenido":"https:\/\/static.capabiliaserver.com\/frontend\/clients\/barca\/wp_prod\/wp-content\/uploads\/2020\/02\/bacfc6a5-m\u00f3dulo-2-lectura-1.pdf"},{"titulo_contenido":"Contenidos en los medios sociales e interacciones con las audiencias - U2","pdf_contenido":"https:\/\/static.capabiliaserver.com\/frontend\/clients\/barca\/wp_prod\/wp-content\/uploads\/2020\/02\/011b5754-m\u00f3dulo-2-lectura-2.pdf"},{"titulo_contenido":"Medios sociales y direcci\u00f3n organizacional - U1","pdf_contenido":"https:\/\/static.capabiliaserver.com\/frontend\/clients\/barca\/wp_prod\/wp-content\/uploads\/2020\/02\/8ba9bfb7-m\u00f3dulo-3-lectura-1.pdf"},{"titulo_contenido":"Medios sociales y direcci\u00f3n organizacional - U2","pdf_contenido":"https:\/\/static.capabiliaserver.com\/frontend\/clients\/barca\/wp_prod\/wp-content\/uploads\/2020\/02\/3fcd8ae8-m\u00f3dulo-3-lectura-2.pdf"},{"titulo_contenido":"Estrategias para los medios sociales","pdf_contenido":"https:\/\/static.capabiliaserver.com\/frontend\/clients\/barca\/wp_prod\/wp-content\/uploads\/2020\/02\/158aae87-lectura-integradora.pdf"}]},{"titulo_curso":"Relaciones p\u00fablicas en las organizaciones deportivas","contenido_curso":[{"titulo_contenido":"Las bases de las relaciones p\u00fablicas en los deportes - U1","pdf_contenido":"https:\/\/static.capabiliaserver.com\/frontend\/clients\/barca\/wp_prod\/wp-content\/uploads\/2020\/02\/68b87957-m\u00f3dulo-1-unidad-1-1.pdf"},{"titulo_contenido":"Las bases de las relaciones p\u00fablicas en los deportes - U2","pdf_contenido":"https:\/\/static.capabiliaserver.com\/frontend\/clients\/barca\/wp_prod\/wp-content\/uploads\/2020\/02\/dc199603-m\u00f3dulo-1-unidad-2-1.pdf"},{"titulo_contenido":" El panorama cambiante de las relaciones p\u00fablicas en los deportes - U1","pdf_contenido":"https:\/\/static.capabiliaserver.com\/frontend\/clients\/barca\/wp_prod\/wp-content\/uploads\/2020\/02\/4fa5f63e-m\u00f3dulo-2-unidad-1.pdf"},{"titulo_contenido":" El panorama cambiante de las relaciones p\u00fablicas en los deportes - U2","pdf_contenido":"https:\/\/static.capabiliaserver.com\/frontend\/clients\/barca\/wp_prod\/wp-content\/uploads\/2020\/02\/b676f916-m\u00f3dulo-2-unidad-2.pdf"},{"titulo_contenido":"Relaciones p\u00fablicas en los deportes y comunicaci\u00f3n durante crisis - U1","pdf_contenido":"https:\/\/static.capabiliaserver.com\/frontend\/clients\/barca\/wp_prod\/wp-content\/uploads\/2020\/02\/b0a4a3f0-m\u00f3dulo-3-unidad-1-1.pdf"},{"titulo_contenido":"Relaciones p\u00fablicas en los deportes y comunicaci\u00f3n durante crisis - U2","pdf_contenido":"https:\/\/static.capabiliaserver.com\/frontend\/clients\/barca\/wp_prod\/wp-content\/uploads\/2020\/02\/a8f7ce33-m\u00f3dulo-3-unidad-2-1.pdf"},{"titulo_contenido":"Pr\u00e1ctica de Relaciones P\u00fablicas en los deportes con medios sociales","pdf_contenido":"https:\/\/static.capabiliaserver.com\/frontend\/clients\/barca\/wp_prod\/wp-content\/uploads\/2020\/02\/4dcdd146-m\u00f3dulo-4.pdf"}]},{"titulo_curso":"Marketing en las organizaciones deportivas","contenido_curso":[{"titulo_contenido":"Introducci\u00f3n al marketing deportivo","pdf_contenido":"https:\/\/static.capabiliaserver.com\/frontend\/clients\/barca\/wp_prod\/wp-content\/uploads\/2020\/02\/b556ce06-m\u00f3dulo-1-unidad-1-2.pdf"},{"titulo_contenido":"Branding y valor de marca en el \u00e1mbito deportivo","pdf_contenido":"https:\/\/static.capabiliaserver.com\/frontend\/clients\/barca\/wp_prod\/wp-content\/uploads\/2020\/02\/1d64caf1-m\u00f3dulo-1-unidad-2-2.pdf"},{"titulo_contenido":"Fundamentos de marketing en los medios sociales y digitales","pdf_contenido":"https:\/\/static.capabiliaserver.com\/frontend\/clients\/barca\/wp_prod\/wp-content\/uploads\/2020\/02\/3e9393a1-m\u00f3dulo-2-unidad-1-1.pdf"},{"titulo_contenido":"Aplicaci\u00f3n estrat\u00e9gica de los medios sociales y digitales en el marketing deportivo","pdf_contenido":"https:\/\/static.capabiliaserver.com\/frontend\/clients\/barca\/wp_prod\/wp-content\/uploads\/2020\/02\/69e35bbb-m\u00f3dulo-2-unidad-2-1.pdf"},{"titulo_contenido":"Gesti\u00f3n de relaciones con los patrocinadores","pdf_contenido":"https:\/\/static.capabiliaserver.com\/frontend\/clients\/barca\/wp_prod\/wp-content\/uploads\/2020\/02\/0ff3b979-m\u00f3dulo-3-unidad-1-2.pdf"},{"titulo_contenido":"Ventas deportivas y la participaci\u00f3n de los fan\u00e1ticos","pdf_contenido":"https:\/\/static.capabiliaserver.com\/frontend\/clients\/barca\/wp_prod\/wp-content\/uploads\/2020\/02\/80aa92c8-m\u00f3dulo-3-unidad-2-2.pdf"},{"titulo_contenido":"Bases del plan de marketing deportivo","pdf_contenido":"https:\/\/static.capabiliaserver.com\/frontend\/clients\/barca\/wp_prod\/wp-content\/uploads\/2020\/02\/e3c8efab-m\u00f3dulo-4-1.pdf"}]},{"titulo_curso":"Problemas de comunicaci\u00f3n en las organizaciones deportivas","contenido_curso":[{"titulo_contenido":"El rol de la comunicaci\u00f3n en las organizaciones deportivas","pdf_contenido":"https:\/\/static.capabiliaserver.com\/frontend\/clients\/barca\/wp_prod\/wp-content\/uploads\/2020\/02\/d15ad467-m\u00f3dulo-1-lectura-1-1.pdf"},{"titulo_contenido":"Desaf\u00edos exclusivos de las organizaciones deportivas","pdf_contenido":"https:\/\/static.capabiliaserver.com\/frontend\/clients\/barca\/wp_prod\/wp-content\/uploads\/2020\/02\/d7043c3b-m\u00f3dulo-1-lectura-2-1.pdf"},{"titulo_contenido":"Diferencias entre los medios de comunicaci\u00f3n","pdf_contenido":"https:\/\/static.capabiliaserver.com\/frontend\/clients\/barca\/wp_prod\/wp-content\/uploads\/2020\/02\/29c4b05e-m\u00f3dulo-2-lectura-1-1.pdf"},{"titulo_contenido":"Forjar relaciones con los medios","pdf_contenido":"https:\/\/static.capabiliaserver.com\/frontend\/clients\/barca\/wp_prod\/wp-content\/uploads\/2020\/02\/16f097db-m\u00f3dulo-2-lectura-2-1.pdf"},{"titulo_contenido":"Comprender los diferentes tipos de canales y medios de comunicaci\u00f3n","pdf_contenido":"https:\/\/static.capabiliaserver.com\/frontend\/clients\/barca\/wp_prod\/wp-content\/uploads\/2020\/02\/fa048334-m\u00f3dulo-3-lectura-1-1.pdf"},{"titulo_contenido":"Usos eficaces de los medios sociales en las organizaciones deportivas","pdf_contenido":"https:\/\/static.capabiliaserver.com\/frontend\/clients\/barca\/wp_prod\/wp-content\/uploads\/2020\/02\/7eef4202-m\u00f3dulo-3-lectura-2-1.pdf"},{"titulo_contenido":"La importancia de una estrategia de comunicaci\u00f3n por escrito","pdf_contenido":"https:\/\/static.capabiliaserver.com\/frontend\/clients\/barca\/wp_prod\/wp-content\/uploads\/2020\/02\/78970aae-m\u00f3dulo-4-lectura-1.pdf"}]}],"url_back":""},"yoast_head":"<!-- This site is optimized with the Yoast SEO plugin v23.0 - https:\/\/yoast.com\/wordpress\/plugins\/seo\/ -->\n<title>Certificado en Comunicaci\u00f3n en Organizaciones Deportivas - Bar\u00e7a Innovation Hub<\/title>\n<meta name=\"robots\" content=\"index, follow, max-snippet:-1, max-image-preview:large, max-video-preview:-1\" \/>\n<link rel=\"canonical\" href=\"https:\/\/elearning.barcainnovationhub.com\/es\/certificado-en-comunicacion-en-organizaciones-deportivas\/\" \/>\n<meta property=\"og:locale\" content=\"es_ES\" \/>\n<meta property=\"og:type\" content=\"article\" \/>\n<meta property=\"og:title\" content=\"Certificado en Comunicaci\u00f3n en Organizaciones Deportivas - Bar\u00e7a Innovation Hub\" \/>\n<meta property=\"og:url\" content=\"https:\/\/elearning.barcainnovationhub.com\/es\/certificado-en-comunicacion-en-organizaciones-deportivas\/\" \/>\n<meta property=\"og:site_name\" content=\"Bar\u00e7a Innovation Hub\" \/>\n<meta property=\"article:publisher\" content=\"https:\/\/www.facebook.com\/fcbuniversitas\" \/>\n<meta property=\"article:modified_time\" content=\"2020-02-14T18:45:44+00:00\" \/>\n<meta name=\"twitter:card\" content=\"summary_large_image\" \/>\n<meta name=\"twitter:site\" content=\"@BarcaInnoHub\" \/>\n<script type=\"application\/ld+json\" class=\"yoast-schema-graph\">{\"@context\":\"https:\/\/schema.org\",\"@graph\":[{\"@type\":\"WebPage\",\"@id\":\"https:\/\/elearning.barcainnovationhub.com\/es\/certificado-en-comunicacion-en-organizaciones-deportivas\/\",\"url\":\"https:\/\/elearning.barcainnovationhub.com\/es\/certificado-en-comunicacion-en-organizaciones-deportivas\/\",\"name\":\"Certificado en Comunicaci\u00f3n en Organizaciones Deportivas - Bar\u00e7a Innovation Hub\",\"isPartOf\":{\"@id\":\"https:\/\/elearning.barcainnovationhub.com\/es\/#website\"},\"datePublished\":\"2020-02-14T18:45:43+00:00\",\"dateModified\":\"2020-02-14T18:45:44+00:00\",\"inLanguage\":\"es\",\"potentialAction\":[{\"@type\":\"ReadAction\",\"target\":[\"https:\/\/elearning.barcainnovationhub.com\/es\/certificado-en-comunicacion-en-organizaciones-deportivas\/\"]}]},{\"@type\":\"WebSite\",\"@id\":\"https:\/\/elearning.barcainnovationhub.com\/es\/#website\",\"url\":\"https:\/\/elearning.barcainnovationhub.com\/es\/\",\"name\":\"Bar\u00e7a Innovation Hub\",\"description\":\"The worldwide centre for sports knowledge and innovation\",\"potentialAction\":[{\"@type\":\"SearchAction\",\"target\":{\"@type\":\"EntryPoint\",\"urlTemplate\":\"https:\/\/elearning.barcainnovationhub.com\/es\/?s={search_term_string}\"},\"query-input\":\"required name=search_term_string\"}],\"inLanguage\":\"es\"}]}<\/script>\n<!-- \/ Yoast SEO plugin. -->","yoast_head_json":{"title":"Certificado en Comunicaci\u00f3n en Organizaciones Deportivas - Bar\u00e7a Innovation Hub","robots":{"index":"index","follow":"follow","max-snippet":"max-snippet:-1","max-image-preview":"max-image-preview:large","max-video-preview":"max-video-preview:-1"},"canonical":"https:\/\/elearning.barcainnovationhub.com\/es\/certificado-en-comunicacion-en-organizaciones-deportivas\/","og_locale":"es_ES","og_type":"article","og_title":"Certificado en Comunicaci\u00f3n en Organizaciones Deportivas - Bar\u00e7a Innovation Hub","og_url":"https:\/\/elearning.barcainnovationhub.com\/es\/certificado-en-comunicacion-en-organizaciones-deportivas\/","og_site_name":"Bar\u00e7a Innovation Hub","article_publisher":"https:\/\/www.facebook.com\/fcbuniversitas","article_modified_time":"2020-02-14T18:45:44+00:00","twitter_card":"summary_large_image","twitter_site":"@BarcaInnoHub","schema":{"@context":"https:\/\/schema.org","@graph":[{"@type":"WebPage","@id":"https:\/\/elearning.barcainnovationhub.com\/es\/certificado-en-comunicacion-en-organizaciones-deportivas\/","url":"https:\/\/elearning.barcainnovationhub.com\/es\/certificado-en-comunicacion-en-organizaciones-deportivas\/","name":"Certificado en Comunicaci\u00f3n en Organizaciones Deportivas - Bar\u00e7a Innovation Hub","isPartOf":{"@id":"https:\/\/elearning.barcainnovationhub.com\/es\/#website"},"datePublished":"2020-02-14T18:45:43+00:00","dateModified":"2020-02-14T18:45:44+00:00","inLanguage":"es","potentialAction":[{"@type":"ReadAction","target":["https:\/\/elearning.barcainnovationhub.com\/es\/certificado-en-comunicacion-en-organizaciones-deportivas\/"]}]},{"@type":"WebSite","@id":"https:\/\/elearning.barcainnovationhub.com\/es\/#website","url":"https:\/\/elearning.barcainnovationhub.com\/es\/","name":"Bar\u00e7a Innovation Hub","description":"The worldwide centre for sports knowledge and innovation","potentialAction":[{"@type":"SearchAction","target":{"@type":"EntryPoint","urlTemplate":"https:\/\/elearning.barcainnovationhub.com\/es\/?s={search_term_string}"},"query-input":"required name=search_term_string"}],"inLanguage":"es"}]}},"_links":{"self":[{"href":"https:\/\/elearning.barcainnovationhub.com\/es\/wp-json\/wp\/v2\/pages\/53408"}],"collection":[{"href":"https:\/\/elearning.barcainnovationhub.com\/es\/wp-json\/wp\/v2\/pages"}],"about":[{"href":"https:\/\/elearning.barcainnovationhub.com\/es\/wp-json\/wp\/v2\/types\/page"}],"author":[{"embeddable":true,"href":"https:\/\/elearning.barcainnovationhub.com\/es\/wp-json\/wp\/v2\/users\/20"}],"replies":[{"embeddable":true,"href":"https:\/\/elearning.barcainnovationhub.com\/es\/wp-json\/wp\/v2\/comments?post=53408"}],"version-history":[{"count":0,"href":"https:\/\/elearning.barcainnovationhub.com\/es\/wp-json\/wp\/v2\/pages\/53408\/revisions"}],"wp:attachment":[{"href":"https:\/\/elearning.barcainnovationhub.com\/es\/wp-json\/wp\/v2\/media?parent=53408"}],"wp:term":[{"taxonomy":"category","embeddable":true,"href":"https:\/\/elearning.barcainnovationhub.com\/es\/wp-json\/wp\/v2\/categories?post=53408"},{"taxonomy":"post_tag","embeddable":true,"href":"https:\/\/elearning.barcainnovationhub.com\/es\/wp-json\/wp\/v2\/tags?post=53408"}],"curies":[{"name":"wp","href":"https:\/\/api.w.org\/{rel}","templated":true}]}}