{"id":64611,"date":"2020-07-06T10:28:32","date_gmt":"2020-07-06T13:28:32","guid":{"rendered":"https:\/\/elearning.barcainnovationhub.com\/landing-catalog-featured-program-40-en\/"},"modified":"2023-02-24T12:41:45","modified_gmt":"2023-02-24T15:41:45","slug":"landing-catalogo-programa-destacado-30-es","status":"publish","type":"page","link":"https:\/\/elearning.barcainnovationhub.com\/es\/landing-catalogo-programa-destacado-30-es\/","title":{"rendered":"Landing-catalogo-programa-destacado-30-es"},"content":{"rendered":"","protected":false},"excerpt":{"rendered":"","protected":false},"author":1,"featured_media":0,"parent":0,"menu_order":374,"comment_status":"closed","ping_status":"closed","template":"page-templates\/landing-join-the-fight.php","meta":{"_acf_changed":false,"footnotes":""},"categories":[],"tags":[],"class_list":["post-64611","page","type-page","status-publish","hentry"],"acf":{"imagen_header":"https:\/\/static.capabiliaserver.com\/frontend\/clients\/barca\/wp_prod\/wp-content\/uploads\/2020\/06\/594e927b-hero-landing-path.jpg","titulo_join_the_fight":"PROGRAMA DESTACADO","hashtag_join_the_fight":"   ","descripcion_join_the_fight":"Cada mes, Bar\u00e7a Innovation Hub selecciona un programa destacado con un beneficio exclusivo.  Puede inscribirse en los siguientes programas con un descuento del 30%. ","verso_bajo_descripcion_join_the_fight":"  ","texto_cta_card":"REGISTRATE AHORA!","card_flotante_join_the_fight":"Para acceder al descuento, haga clic en COMPRAR AHORA y proceda a registrar el pago.","titulo_section_cards":"Programas","programas":[{"imagen_card":"https:\/\/elearning.barcainnovationhub.com\/wp-content\/uploads\/2021\/01\/73af29f7-certificadoentrenamientodeportesequipo-01-21.jpg","titulo_producto":"CERTIFICADO EN ENTRENAMIENTO EN DEPORTES DE EQUIPO","descripcion_programa":"Curso online dise\u00f1ado por Paco Seirul\u00b7lo (responsable del \u00e1rea de metodolog\u00eda del FC Barcelona) y Joan Ramon Tarrago (responsable del \u00e1rea de preparaci\u00f3n f\u00edsica deportiva del FC Barcelona).\r\n\r\n<br><b><a href=\"https:\/\/bit.ly\/3iMzN4v\" target=\"_blank\">Descarga el brochure aqu\u00ed<\/a><\/b>\r\n","duracion":"4 meses","fecha_de_inicio":"10 de Abril ","idioma":"EN-ES-PT","precio_tachado":"625","precio_final":"437","link_a_magento":"http:\/\/elearning.barcainnovationhub.com\/es\/dpa\/add\/tocart\/id\/208\/couponcode\/0%3A2%3AlRF9tKAVoSyIEKi0kDdGAxXWWWy7WEDf%3AEP6d%2Fj1vZHRNiCSUSROzaOwXknwswCKcGgZGP7VHBD0%3D","activar_fechas_automaticas":false,"fecha_de_inicio_automatica":null,"segunda_fecha_de_inicio_automatica":null,"zona_horaria":false},{"imagen_card":"https:\/\/elearning.barcainnovationhub.com\/wp-content\/uploads\/2021\/01\/7903b25d-certificadoneurobiolog\u00eda-01-21.jpg","titulo_producto":"CERTIFICADO EN NEUROBIOLOG\u00cdA Y RENDIMIENTO DEPORTIVO","descripcion_programa":"En este Certificado, te brindamos las herramientas y conocimientos necesarios para desarrollar deportistas con mayor conciencia motriz y mejores capacidades de toma de decisi\u00f3n. Para esto, hacemos un recorrido por todos los aspectos que involucran al movimiento, desde la percepci\u00f3n del est\u00edmulo, pasando por el procesamiento de la informaci\u00f3n, hasta llegar finalmente a la toma de decisi\u00f3n y ejecuci\u00f3n. Sin dudas, este desarrollo estructurado de esta tem\u00e1tica constituir\u00e1 un hito para avanzar hacia tan ambicioso prop\u00f3sito.\r\n\r\n<br><b><a href=\"https:\/\/bit.ly\/34IZKwP\" target=\"_blank\">Descarga el brochure aqu\u00ed<\/a><\/b>\r\n","duracion":"4 meses","fecha_de_inicio":"10 de Abril ","idioma":"EN-ES-PT","precio_tachado":"625","precio_final":"437","link_a_magento":"http:\/\/elearning.barcainnovationhub.com\/es\/dpa\/add\/tocart\/id\/348\/couponcode\/0%3A2%3AlRF9tKAVoSyIEKi0kDdGAxXWWWy7WEDf%3AEP6d%2Fj1vZHRNiCSUSROzaOwXknwswCKcGgZGP7VHBD0%3D","activar_fechas_automaticas":false,"fecha_de_inicio_automatica":null,"segunda_fecha_de_inicio_automatica":null,"zona_horaria":false},{"imagen_card":"https:\/\/elearning.barcainnovationhub.com\/wp-content\/uploads\/2021\/01\/3c1cc839-certificadopsicolog\u00edaentrenador-01-21.jpg","titulo_producto":"CERTIFICADO EN PSICOLOG\u00cdA PARA EL ENTRENADOR EN EL ALTO RENDIMIENTO ","descripcion_programa":"Como entrenadores, las funciones a realizar van m\u00e1s all\u00e1 de la ense\u00f1anza de los aspectos t\u00e9cnicos, t\u00e1cticos y f\u00edsicos a nuestros jugadores. Hay que conocer y dominar los aspectos psicol\u00f3gicos de cada uno de ellos, y del equipo en su conjunto, para poder entrenar y competir en las mejores condiciones posibles.\r\n\r\nConocerse a uno mismo como profesional y como persona, y entender cu\u00e1les son las t\u00e9cnicas m\u00e1s adecuadas para optimizar las variables psicol\u00f3gicas que est\u00e1n implicadas en el rendimiento deportivo, son las claves para sacar el mayor rendimiento de uno mismo, de cada uno de nuestros jugadores y del equipo deportivo.\r\n\r\n<br><b><a href=\"https:\/\/bit.ly\/3jNItZz\" target=\"_blank\">Descarga el brochure aqu\u00ed<\/a><\/b>","duracion":"4 meses","fecha_de_inicio":"10 de Abril ","idioma":"EN-ES-PT","precio_tachado":"625","precio_final":"437","link_a_magento":"http:\/\/elearning.barcainnovationhub.com\/es\/dpa\/add\/tocart\/id\/285\/couponcode\/0%3A2%3AlRF9tKAVoSyIEKi0kDdGAxXWWWy7WEDf%3AEP6d%2Fj1vZHRNiCSUSROzaOwXknwswCKcGgZGP7VHBD0%3D","activar_fechas_automaticas":false,"fecha_de_inicio_automatica":null,"segunda_fecha_de_inicio_automatica":null,"zona_horaria":false},{"imagen_card":"https:\/\/elearning.barcainnovationhub.com\/wp-content\/uploads\/2021\/01\/61dbef60-certificadofanengagement-01-21.jpg","titulo_producto":"CERTIFICADO EN FAN ENGAGEMENT","descripcion_programa":"En los \u00faltimos a\u00f1os, el t\u00e9rmino \u201cFan Engagement\u201d surgi\u00f3 para que las federaciones, asociaciones, ligas y clubes fortalezcan sus relaciones con los aficionados y, como consecuencia, para hacer crecer de manera sostenible las asistencias.\r\n\r\n<br><b><a href=\"https:\/\/bit.ly\/36LnYsU\" target=\"_blank\">Descarga el brochure aqu\u00ed<\/a><\/b>","duracion":"4 meses","fecha_de_inicio":"10 de Abril ","idioma":"EN-ES-PT","precio_tachado":"625","precio_final":"437","link_a_magento":"http:\/\/elearning.barcainnovationhub.com\/es\/dpa\/add\/tocart\/id\/355\/couponcode\/0%3A2%3AlRF9tKAVoSyIEKi0kDdGAxXWWWy7WEDf%3AEP6d%2Fj1vZHRNiCSUSROzaOwXknwswCKcGgZGP7VHBD0%3D","activar_fechas_automaticas":false,"fecha_de_inicio_automatica":null,"segunda_fecha_de_inicio_automatica":null,"zona_horaria":false},{"imagen_card":"https:\/\/elearning.barcainnovationhub.com\/wp-content\/uploads\/2021\/01\/63a9be48-ticketing-01-21.jpg","titulo_producto":"SPORTS TICKETING","descripcion_programa":"Sports Ticketing es un programa dise\u00f1ado para gestionar la direcci\u00f3n a nivel de ingresos y operaciones del \u00e1rea de espacios (venues) de un club deportivo, especialmente en la industria del f\u00fatbol.\r\n\r\n<br><b><a href=\"https:\/\/bit.ly\/3lwS73s\" target=\"_blank\">Descarga el brochure aqu\u00ed<\/a><\/b>\r\n","duracion":"2 meses","fecha_de_inicio":"10 de Abril ","idioma":"EN-ES","precio_tachado":"450","precio_final":"315","link_a_magento":"http:\/\/elearning.barcainnovationhub.com\/es\/dpa\/add\/tocart\/id\/347\/couponcode\/0%3A2%3AyvB6OjNxhxRGxpNwME0rb74n5oNLn9kD%3AvYnmFvzG2D%2B%2FGX8IEC1ehspIqFVg5f7I3wAIFDN3nVA%3D","activar_fechas_automaticas":false,"fecha_de_inicio_automatica":null,"segunda_fecha_de_inicio_automatica":null,"zona_horaria":false}],"pie_de_pagina":"","card_flotante_link":false,"fecha_expiracion":"","titulo_fecha_expiracion":""},"yoast_head":"<!-- This site is optimized with the Yoast SEO plugin v23.0 - https:\/\/yoast.com\/wordpress\/plugins\/seo\/ -->\n<title>Landing-catalogo-programa-destacado-30-es - Bar\u00e7a Innovation Hub<\/title>\n<meta name=\"robots\" content=\"noindex, nofollow\" \/>\n<meta property=\"og:locale\" content=\"es_ES\" \/>\n<meta property=\"og:type\" content=\"article\" \/>\n<meta property=\"og:title\" content=\"Landing-catalogo-programa-destacado-30-es - Bar\u00e7a Innovation Hub\" \/>\n<meta property=\"og:url\" content=\"https:\/\/elearning.barcainnovationhub.com\/es\/landing-catalogo-programa-destacado-30-es\/\" \/>\n<meta property=\"og:site_name\" content=\"Bar\u00e7a Innovation Hub\" \/>\n<meta property=\"article:publisher\" content=\"https:\/\/www.facebook.com\/fcbuniversitas\" \/>\n<meta property=\"article:modified_time\" content=\"2023-02-24T15:41:45+00:00\" \/>\n<meta name=\"twitter:card\" content=\"summary_large_image\" \/>\n<meta name=\"twitter:site\" content=\"@BarcaInnoHub\" \/>\n<script type=\"application\/ld+json\" class=\"yoast-schema-graph\">{\"@context\":\"https:\/\/schema.org\",\"@graph\":[{\"@type\":\"WebPage\",\"@id\":\"https:\/\/elearning.barcainnovationhub.com\/es\/landing-catalogo-programa-destacado-30-es\/\",\"url\":\"https:\/\/elearning.barcainnovationhub.com\/es\/landing-catalogo-programa-destacado-30-es\/\",\"name\":\"Landing-catalogo-programa-destacado-30-es - Bar\u00e7a Innovation Hub\",\"isPartOf\":{\"@id\":\"https:\/\/elearning.barcainnovationhub.com\/es\/#website\"},\"datePublished\":\"2020-07-06T13:28:32+00:00\",\"dateModified\":\"2023-02-24T15:41:45+00:00\",\"inLanguage\":\"es\",\"potentialAction\":[{\"@type\":\"ReadAction\",\"target\":[\"https:\/\/elearning.barcainnovationhub.com\/es\/landing-catalogo-programa-destacado-30-es\/\"]}]},{\"@type\":\"WebSite\",\"@id\":\"https:\/\/elearning.barcainnovationhub.com\/es\/#website\",\"url\":\"https:\/\/elearning.barcainnovationhub.com\/es\/\",\"name\":\"Bar\u00e7a Innovation Hub\",\"description\":\"The worldwide centre for sports knowledge and innovation\",\"potentialAction\":[{\"@type\":\"SearchAction\",\"target\":{\"@type\":\"EntryPoint\",\"urlTemplate\":\"https:\/\/elearning.barcainnovationhub.com\/es\/?s={search_term_string}\"},\"query-input\":\"required name=search_term_string\"}],\"inLanguage\":\"es\"}]}<\/script>\n<!-- \/ Yoast SEO plugin. -->","yoast_head_json":{"title":"Landing-catalogo-programa-destacado-30-es - Bar\u00e7a Innovation Hub","robots":{"index":"noindex","follow":"nofollow"},"og_locale":"es_ES","og_type":"article","og_title":"Landing-catalogo-programa-destacado-30-es - Bar\u00e7a Innovation Hub","og_url":"https:\/\/elearning.barcainnovationhub.com\/es\/landing-catalogo-programa-destacado-30-es\/","og_site_name":"Bar\u00e7a Innovation Hub","article_publisher":"https:\/\/www.facebook.com\/fcbuniversitas","article_modified_time":"2023-02-24T15:41:45+00:00","twitter_card":"summary_large_image","twitter_site":"@BarcaInnoHub","schema":{"@context":"https:\/\/schema.org","@graph":[{"@type":"WebPage","@id":"https:\/\/elearning.barcainnovationhub.com\/es\/landing-catalogo-programa-destacado-30-es\/","url":"https:\/\/elearning.barcainnovationhub.com\/es\/landing-catalogo-programa-destacado-30-es\/","name":"Landing-catalogo-programa-destacado-30-es - Bar\u00e7a Innovation Hub","isPartOf":{"@id":"https:\/\/elearning.barcainnovationhub.com\/es\/#website"},"datePublished":"2020-07-06T13:28:32+00:00","dateModified":"2023-02-24T15:41:45+00:00","inLanguage":"es","potentialAction":[{"@type":"ReadAction","target":["https:\/\/elearning.barcainnovationhub.com\/es\/landing-catalogo-programa-destacado-30-es\/"]}]},{"@type":"WebSite","@id":"https:\/\/elearning.barcainnovationhub.com\/es\/#website","url":"https:\/\/elearning.barcainnovationhub.com\/es\/","name":"Bar\u00e7a Innovation Hub","description":"The worldwide centre for sports knowledge and innovation","potentialAction":[{"@type":"SearchAction","target":{"@type":"EntryPoint","urlTemplate":"https:\/\/elearning.barcainnovationhub.com\/es\/?s={search_term_string}"},"query-input":"required name=search_term_string"}],"inLanguage":"es"}]}},"_links":{"self":[{"href":"https:\/\/elearning.barcainnovationhub.com\/es\/wp-json\/wp\/v2\/pages\/64611"}],"collection":[{"href":"https:\/\/elearning.barcainnovationhub.com\/es\/wp-json\/wp\/v2\/pages"}],"about":[{"href":"https:\/\/elearning.barcainnovationhub.com\/es\/wp-json\/wp\/v2\/types\/page"}],"author":[{"embeddable":true,"href":"https:\/\/elearning.barcainnovationhub.com\/es\/wp-json\/wp\/v2\/users\/1"}],"replies":[{"embeddable":true,"href":"https:\/\/elearning.barcainnovationhub.com\/es\/wp-json\/wp\/v2\/comments?post=64611"}],"version-history":[{"count":0,"href":"https:\/\/elearning.barcainnovationhub.com\/es\/wp-json\/wp\/v2\/pages\/64611\/revisions"}],"wp:attachment":[{"href":"https:\/\/elearning.barcainnovationhub.com\/es\/wp-json\/wp\/v2\/media?parent=64611"}],"wp:term":[{"taxonomy":"category","embeddable":true,"href":"https:\/\/elearning.barcainnovationhub.com\/es\/wp-json\/wp\/v2\/categories?post=64611"},{"taxonomy":"post_tag","embeddable":true,"href":"https:\/\/elearning.barcainnovationhub.com\/es\/wp-json\/wp\/v2\/tags?post=64611"}],"curies":[{"name":"wp","href":"https:\/\/api.w.org\/{rel}","templated":true}]}}