{"id":71411,"date":"2020-09-17T12:02:37","date_gmt":"2020-09-17T15:02:37","guid":{"rendered":"https:\/\/elearning.barcainnovationhub.com\/?page_id=71411"},"modified":"2025-05-27T10:11:19","modified_gmt":"2025-05-27T13:11:19","slug":"landing-nutricion","status":"publish","type":"page","link":"https:\/\/elearning.barcainnovationhub.com\/es\/landing-nutricion\/","title":{"rendered":"landing-nutrici\u00f3n"},"content":{"rendered":"","protected":false},"excerpt":{"rendered":"","protected":false},"author":21,"featured_media":0,"parent":0,"menu_order":246,"comment_status":"closed","ping_status":"closed","template":"page-templates\/landing-join-the-fight.php","meta":{"_acf_changed":true,"footnotes":""},"categories":[],"tags":[],"class_list":["post-71411","page","type-page","status-publish","hentry"],"acf":{"imagen_header":"https:\/\/static.capabiliaserver.com\/frontend\/clients\/barcanew\/wp_prod\/wp-content\/uploads\/5760190c-certificate-in-sports-nutrition-for-football-cms.png","titulo_join_the_fight":"<h3 style=\"color:#FFC133\";> ESPECIALIZATE EN NUTRICION DEPORTIVA CON EXPERTOS <\/h3>","hashtag_join_the_fight":" ","descripcion_join_the_fight":"  ","verso_bajo_descripcion_join_the_fight":" ","texto_cta_card":"\u00a1INSCR\u00cdBETE AHORA!","card_flotante_join_the_fight":"  ","card_flotante_link":false,"titulo_section_cards":"   ","programas":[{"imagen_card":"https:\/\/static.capabiliaserver.com\/frontend\/clients\/barcanew\/wp_prod\/wp-content\/uploads\/9d46706a-certificate-in-sports-nutrition.png","titulo_producto":"CERTIFICADO EN NUTRICI\u00d3N DEPORTIVA","descripcion_programa":"Curso online dise\u00f1ado por Antonia Lizarraga, responsable del \u00e1rea de nutrici\u00f3n deportiva en FC Barcelona.\r\n\r\n<br><b><a href=\"https:\/\/bit.ly\/3nBOhrB\" target=\"_blank\">Descarga el brochure aqu\u00ed<\/a><\/b>","duracion":"4 meses","fecha_de_inicio":"ESTE MES","idioma":"EN-ES-PT","precio_tachado":"625","precio_final":"437<h6 style=\"color:#FF0000\";> 4 pagos mensuales de \u20ac 109<\/h6>","link_a_magento":"http:\/\/elearning.barcainnovationhub.com\/es\/dpa\/add\/tocart\/id\/221\/couponcode\/0%3A2%3AlRF9tKAVoSyIEKi0kDdGAxXWWWy7WEDf%3AEP6d%2Fj1vZHRNiCSUSROzaOwXknwswCKcGgZGP7VHBD0%3D","activar_fechas_automaticas":false,"fecha_de_inicio_automatica":"","segunda_fecha_de_inicio_automatica":"","zona_horaria":"Europe\/Madrid"},{"imagen_card":"https:\/\/static.capabiliaserver.com\/frontend\/clients\/barcanew\/wp_prod\/wp-content\/uploads\/a1496abd-certificate-in-sports-nutrition-for-football.png","titulo_producto":"CERTIFICADO EN NUTRICI\u00d3N DEPORTIVA AVANZADA","descripcion_programa":"El Certificado de nutrici\u00f3n deportiva m\u00e1s avanzado disponible en relaci\u00f3n con los deportes de equipo. \r\n\r\n<br><b><a href=\"https:\/\/bit.ly\/2GW7Jhy\" target=\"_blank\">Descarga el brochure aqu\u00ed<\/a><\/b>","duracion":"4 meses","fecha_de_inicio":"ESTE MES","idioma":"EN-ES-PT","precio_tachado":"625","precio_final":"437<h6 style=\"color:#FF0000\";> 4 pagos mensuales de \u20ac 109<\/h6>","link_a_magento":"http:\/\/elearning.barcainnovationhub.com\/es\/dpa\/add\/tocart\/id\/191\/couponcode\/0%3A2%3AlRF9tKAVoSyIEKi0kDdGAxXWWWy7WEDf%3AEP6d%2Fj1vZHRNiCSUSROzaOwXknwswCKcGgZGP7VHBD0%3D","activar_fechas_automaticas":false,"fecha_de_inicio_automatica":"","segunda_fecha_de_inicio_automatica":"","zona_horaria":"Europe\/Madrid"},{"imagen_card":"https:\/\/static.capabiliaserver.com\/frontend\/clients\/barcanew\/wp_prod\/wp-content\/uploads\/93cdec7b-certificate-in-sports-nutrition.png","titulo_producto":"CERTIFICADO EN NUTRICI\u00d3N DEPORTIVA EN F\u00daTBOL","descripcion_programa":"El objetivo de este Certificado es ense\u00f1ar los principios b\u00e1sicos de nutrici\u00f3n para el f\u00fatbol. Cada m\u00f3dulo resumir\u00e1 los temas clave sobre nutrici\u00f3n deportiva basados en investigaciones revisadas por pares, art\u00edculos de revisi\u00f3n y declaraciones de consenso de expertos. El curso proporciona una experiencia de aprendizaje integral que no solo muestra c\u00f3mo implementar estrategias de nutrici\u00f3n deportiva sino que tambi\u00e9n garantizar\u00e1 que comprenda por qu\u00e9 la nutrici\u00f3n es importante.\r\n\r\n<br><b><a href=\"https:\/\/bit.ly\/3jKPMkF\" target=\"_blank\">Descarga el brochure aqu\u00ed<\/a><\/b>","duracion":"4 meses","fecha_de_inicio":"ESTE MES","idioma":"EN-ES-PT","precio_tachado":"625","precio_final":"437<h6 style=\"color:#FF0000\";> 4 pagos mensuales de \u20ac 109<\/h6>","link_a_magento":"http:\/\/elearning.barcainnovationhub.com\/es\/dpa\/add\/tocart\/id\/274\/couponcode\/0%3A2%3AlRF9tKAVoSyIEKi0kDdGAxXWWWy7WEDf%3AEP6d%2Fj1vZHRNiCSUSROzaOwXknwswCKcGgZGP7VHBD0%3D","activar_fechas_automaticas":false,"fecha_de_inicio_automatica":"","segunda_fecha_de_inicio_automatica":"","zona_horaria":"Europe\/Madrid"},{"imagen_card":"https:\/\/static.capabiliaserver.com\/frontend\/clients\/barcanew\/wp_prod\/wp-content\/uploads\/4bb54f1b-certificate-in-advanced-sports-nutrition.png","titulo_producto":"DIPLOMA PROFESIONAL EN NUTRICI\u00d3N DEPORTIVA","descripcion_programa":"Potencia tus conocimientos en nutrici\u00f3n deportiva, en base a informaci\u00f3n cient\u00edfica actualizada y la vasta experiencia de reconocidos expertos.\r\n\r\n\r\n<br><b><a href=\"https:\/\/bit.ly\/2I5y910\" target=\"_blank\">Descarga el brochure aqu\u00ed<\/a><\/b>","duracion":"8 meses","fecha_de_inicio":"ESTE MES","idioma":"EN-ES","precio_tachado":"960","precio_final":"672<h6 style=\"color:#FF0000\";> 10 pagos mensuales de \u20ac 67,20<\/h6>","link_a_magento":"http:\/\/elearning.barcainnovationhub.com\/es\/dpa\/add\/tocart\/id\/389\/couponcode\/0%3A2%3AlRF9tKAVoSyIEKi0kDdGAxXWWWy7WEDf%3AEP6d%2Fj1vZHRNiCSUSROzaOwXknwswCKcGgZGP7VHBD0%3D","activar_fechas_automaticas":false,"fecha_de_inicio_automatica":"","segunda_fecha_de_inicio_automatica":"","zona_horaria":"Europe\/Madrid"},{"imagen_card":"https:\/\/static.capabiliaserver.com\/frontend\/clients\/barcanew\/wp_prod\/wp-content\/uploads\/3310f2ec-diseno-sin-titulo.jpg","titulo_producto":"DIPLOMA PROFESIONAL EN INTRODUCCI\u00d3N AL F\u00daTBOL","descripcion_programa":"<h5><u>Cursos que lo componen:<\/u><br><br>\r\n\u2022 Los fundamentos de nuestro juego<br>\r\n\u2022 Introducci\u00f3n a la nutrici\u00f3n y el metabolismo en el f\u00fatbol<br>\r\n\u2022 La vida del atleta de \u00e9lite<br>\r\n\u2022 Alta presi\u00f3n en el f\u00fatbol<br>\r\n\u2022 An\u00e1lisis de acciones a bal\u00f3n parado.<br><b><a href=\"https:\/\/drive.google.com\/uc?id=1C34CJ8DRH8qjxhVvtEeSgWdmf_IhDYPH&export=download\">\r\nVER M\u00c1S...<\/a><\/b><\/h5>","duracion":"10 Meses","fecha_de_inicio":"ESTE MES","idioma":"ES-EN","precio_tachado":"1200","precio_final":"\u20ac 840<h6 style=\"color:#FF0000\";> 10 pagos mensuales de \u20ac 84<\/h6>","link_a_magento":"http:\/\/elearning.barcainnovationhub.com\/es\/dpa\/add\/tocart\/id\/638\/couponcode\/0%3A3%3AgNyDxh8oO48nbxN1Qm1O5%2Fat9I7%2B0sq6adNOs64tMto%3D","activar_fechas_automaticas":false,"fecha_de_inicio_automatica":"","segunda_fecha_de_inicio_automatica":"","zona_horaria":"Europe\/Madrid"},{"imagen_card":"https:\/\/static.capabiliaserver.com\/frontend\/clients\/barcanew\/wp_prod\/wp-content\/uploads\/7c40ec47-diseno-sin-titulo-1.png","titulo_producto":"DIPLOMA PROFESIONAL EN SALUD Y RENDIMIENTO EN EL DEPORTE","descripcion_programa":"<h5><u>Cursos que lo componen:<\/u><br><br>\r\n\u2022 Cin\u00e9tica de Lesiones y Rehabilitaci\u00f3n y Cinem\u00e1tica<br>\r\n\u2022 Caja de Herramientas para la Evaluaci\u00f3n de Rendimiento, Lesi\u00f3n y Rehabilitaci\u00f3n<br>\r\n\u2022 Nutrici\u00f3n deportiva avanzada<br><a https:\/\/drive.google.com\/uc?id=1eIwT61AcwzMWQwARjvm1dDfetIYTX8uI&export=download\">VER M\u00c1S...<\/a><\/b><\/h5>","duracion":"10 Meses","fecha_de_inicio":"ESTE MES","idioma":"ES-EN","precio_tachado":"1200","precio_final":"\u20ac 840<h6 style=\"color:#FF0000\";> 10 pagos mensuales de \u20ac 84<\/h6>","link_a_magento":"http:\/\/elearning.barcainnovationhub.com\/es\/dpa\/add\/tocart\/id\/615\/couponcode\/0%3A2%3AlRF9tKAVoSyIEKi0kDdGAxXWWWy7WEDf%3AEP6d%2Fj1vZHRNiCSUSROzaOwXknwswCKcGgZGP7VHBD0%3D","activar_fechas_automaticas":false,"fecha_de_inicio_automatica":"","segunda_fecha_de_inicio_automatica":"","zona_horaria":"Europe\/Madrid"}],"pie_de_pagina":"<script charset=\"utf-8\" type=\"text\/javascript\" src=\"\/\/js.hsforms.net\/forms\/embed\/v2.js\"><\/script> <script>   hbspt.forms.create({     region: \"na1\",     portalId: \"3877362\",     formId: \"ca0d792b-329b-4303-a0f2-415e4ba31713\"   }); <\/script>","fecha_expiracion":"","titulo_fecha_expiracion":"30% de descuento por tiempo limitado."},"yoast_head":"<!-- This site is optimized with the Yoast SEO plugin v23.0 - https:\/\/yoast.com\/wordpress\/plugins\/seo\/ -->\n<title>landing-nutrici\u00f3n - Bar\u00e7a Innovation Hub<\/title>\n<meta name=\"robots\" content=\"noindex, nofollow\" \/>\n<meta property=\"og:locale\" content=\"es_ES\" \/>\n<meta property=\"og:type\" content=\"article\" \/>\n<meta property=\"og:title\" content=\"landing-nutrici\u00f3n - Bar\u00e7a Innovation Hub\" \/>\n<meta property=\"og:url\" content=\"https:\/\/elearning.barcainnovationhub.com\/es\/landing-nutricion\/\" \/>\n<meta property=\"og:site_name\" content=\"Bar\u00e7a Innovation Hub\" \/>\n<meta property=\"article:publisher\" content=\"https:\/\/www.facebook.com\/fcbuniversitas\" \/>\n<meta property=\"article:modified_time\" content=\"2025-05-27T13:11:19+00:00\" \/>\n<meta name=\"twitter:card\" content=\"summary_large_image\" \/>\n<meta name=\"twitter:site\" content=\"@BarcaInnoHub\" \/>\n<script type=\"application\/ld+json\" class=\"yoast-schema-graph\">{\"@context\":\"https:\/\/schema.org\",\"@graph\":[{\"@type\":\"WebPage\",\"@id\":\"https:\/\/elearning.barcainnovationhub.com\/es\/landing-nutricion\/\",\"url\":\"https:\/\/elearning.barcainnovationhub.com\/es\/landing-nutricion\/\",\"name\":\"landing-nutrici\u00f3n - Bar\u00e7a Innovation Hub\",\"isPartOf\":{\"@id\":\"https:\/\/elearning.barcainnovationhub.com\/es\/#website\"},\"datePublished\":\"2020-09-17T15:02:37+00:00\",\"dateModified\":\"2025-05-27T13:11:19+00:00\",\"inLanguage\":\"es\",\"potentialAction\":[{\"@type\":\"ReadAction\",\"target\":[\"https:\/\/elearning.barcainnovationhub.com\/es\/landing-nutricion\/\"]}]},{\"@type\":\"WebSite\",\"@id\":\"https:\/\/elearning.barcainnovationhub.com\/es\/#website\",\"url\":\"https:\/\/elearning.barcainnovationhub.com\/es\/\",\"name\":\"Bar\u00e7a Innovation Hub\",\"description\":\"The worldwide centre for sports knowledge and innovation\",\"potentialAction\":[{\"@type\":\"SearchAction\",\"target\":{\"@type\":\"EntryPoint\",\"urlTemplate\":\"https:\/\/elearning.barcainnovationhub.com\/es\/?s={search_term_string}\"},\"query-input\":\"required name=search_term_string\"}],\"inLanguage\":\"es\"}]}<\/script>\n<!-- \/ Yoast SEO plugin. -->","yoast_head_json":{"title":"landing-nutrici\u00f3n - Bar\u00e7a Innovation Hub","robots":{"index":"noindex","follow":"nofollow"},"og_locale":"es_ES","og_type":"article","og_title":"landing-nutrici\u00f3n - Bar\u00e7a Innovation Hub","og_url":"https:\/\/elearning.barcainnovationhub.com\/es\/landing-nutricion\/","og_site_name":"Bar\u00e7a Innovation Hub","article_publisher":"https:\/\/www.facebook.com\/fcbuniversitas","article_modified_time":"2025-05-27T13:11:19+00:00","twitter_card":"summary_large_image","twitter_site":"@BarcaInnoHub","schema":{"@context":"https:\/\/schema.org","@graph":[{"@type":"WebPage","@id":"https:\/\/elearning.barcainnovationhub.com\/es\/landing-nutricion\/","url":"https:\/\/elearning.barcainnovationhub.com\/es\/landing-nutricion\/","name":"landing-nutrici\u00f3n - Bar\u00e7a Innovation Hub","isPartOf":{"@id":"https:\/\/elearning.barcainnovationhub.com\/es\/#website"},"datePublished":"2020-09-17T15:02:37+00:00","dateModified":"2025-05-27T13:11:19+00:00","inLanguage":"es","potentialAction":[{"@type":"ReadAction","target":["https:\/\/elearning.barcainnovationhub.com\/es\/landing-nutricion\/"]}]},{"@type":"WebSite","@id":"https:\/\/elearning.barcainnovationhub.com\/es\/#website","url":"https:\/\/elearning.barcainnovationhub.com\/es\/","name":"Bar\u00e7a Innovation Hub","description":"The worldwide centre for sports knowledge and innovation","potentialAction":[{"@type":"SearchAction","target":{"@type":"EntryPoint","urlTemplate":"https:\/\/elearning.barcainnovationhub.com\/es\/?s={search_term_string}"},"query-input":"required name=search_term_string"}],"inLanguage":"es"}]}},"_links":{"self":[{"href":"https:\/\/elearning.barcainnovationhub.com\/es\/wp-json\/wp\/v2\/pages\/71411"}],"collection":[{"href":"https:\/\/elearning.barcainnovationhub.com\/es\/wp-json\/wp\/v2\/pages"}],"about":[{"href":"https:\/\/elearning.barcainnovationhub.com\/es\/wp-json\/wp\/v2\/types\/page"}],"author":[{"embeddable":true,"href":"https:\/\/elearning.barcainnovationhub.com\/es\/wp-json\/wp\/v2\/users\/21"}],"replies":[{"embeddable":true,"href":"https:\/\/elearning.barcainnovationhub.com\/es\/wp-json\/wp\/v2\/comments?post=71411"}],"version-history":[{"count":0,"href":"https:\/\/elearning.barcainnovationhub.com\/es\/wp-json\/wp\/v2\/pages\/71411\/revisions"}],"wp:attachment":[{"href":"https:\/\/elearning.barcainnovationhub.com\/es\/wp-json\/wp\/v2\/media?parent=71411"}],"wp:term":[{"taxonomy":"category","embeddable":true,"href":"https:\/\/elearning.barcainnovationhub.com\/es\/wp-json\/wp\/v2\/categories?post=71411"},{"taxonomy":"post_tag","embeddable":true,"href":"https:\/\/elearning.barcainnovationhub.com\/es\/wp-json\/wp\/v2\/tags?post=71411"}],"curies":[{"name":"wp","href":"https:\/\/api.w.org\/{rel}","templated":true}]}}