{"id":95024,"date":"2021-06-25T18:24:02","date_gmt":"2021-06-25T21:24:02","guid":{"rendered":"https:\/\/elearning.barcainnovationhub.com\/?page_id=95024"},"modified":"2021-07-16T11:48:35","modified_gmt":"2021-07-16T14:48:35","slug":"ronald-araujo","status":"publish","type":"page","link":"https:\/\/elearning.barcainnovationhub.com\/es\/ronald-araujo\/","title":{"rendered":"RONALD ARAUJO"},"content":{"rendered":"","protected":false},"excerpt":{"rendered":"","protected":false},"author":1,"featured_media":0,"parent":0,"menu_order":227,"comment_status":"closed","ping_status":"closed","template":"page-templates\/landing-betray-you-dreams-open.php","meta":{"_acf_changed":false,"footnotes":""},"categories":[],"tags":[],"class_list":["post-95024","page","type-page","status-publish","hentry"],"acf":{"betray_hero_imagen":false,"header":{"titulo":"Ronald Araujo","subtitulo":"Escuchar y aprender"},"titulo_header":"","section_1":[{"nombre":"RONALD ARAUJO","frase":"En un f\u00fatbol de m\u00e1xima exigencia y competitividad unos cent\u00edmetros pueden ser decisivos en la colocaci\u00f3n de un jugador. Esa peque\u00f1a distancia puede ser lo que separe a un equipo del todo y la nada. Para obtener la precisi\u00f3n adecuada a la hora de posicionarse en el campo, el jugador moderno tiene que aprender a autoanalizarse y mejorar, cada d\u00eda, escuchando las indicaciones del staff t\u00e9cnico.  Ronald Araujo es un jugador que ha despuntado por una extraordinaria madurez pese a su juventud. Su adaptaci\u00f3n al f\u00fatbol europeo y al modelo del Bar\u00e7a se produjo con su paso por el filial blaugrana. Durante dos a\u00f1os pudo mejorar sus cualidades en los aspectos t\u00e9cnicos del juego. Dice que solo tuvo que hacer una cosa: Escuchar.  Ahora es un futbolista que analiza sus partidos en v\u00eddeo y se preocupa por obtener informaci\u00f3n de los delanteros rivales a los que se va a enfrentar. Asegura que nunca se deja de aprender. De hecho, es muy importante para un futbolista no dejar de hacerlo nunca. ","imagen_del_video":"https:\/\/elearning.barcainnovationhub.com\/wp-content\/uploads\/2021\/07\/9f2b9673-image.png","link_video":"8uD34aTj9XM"}],"catalogo":{"imagen":"https:\/\/elearning.barcainnovationhub.com\/wp-content\/uploads\/2021\/06\/d9e0d256-vo210319a83860.jpg","titulo":"\u00a1Aumenta tu conocimiento!","texto":"Construye tu futuro profesional y desarrollate con los mejores profesionales","cta":"Programas","url":"https:\/\/bit.ly\/3y7XHQ7"}},"yoast_head":"<!-- This site is optimized with the Yoast SEO plugin v23.0 - https:\/\/yoast.com\/wordpress\/plugins\/seo\/ -->\n<title>RONALD ARAUJO - Bar\u00e7a Innovation Hub<\/title>\n<meta name=\"robots\" content=\"index, follow, max-snippet:-1, max-image-preview:large, max-video-preview:-1\" \/>\n<link rel=\"canonical\" href=\"https:\/\/elearning.barcainnovationhub.com\/es\/ronald-araujo\/\" \/>\n<meta property=\"og:locale\" content=\"es_ES\" \/>\n<meta property=\"og:type\" content=\"article\" \/>\n<meta property=\"og:title\" content=\"RONALD ARAUJO - Bar\u00e7a Innovation Hub\" \/>\n<meta property=\"og:url\" content=\"https:\/\/elearning.barcainnovationhub.com\/es\/ronald-araujo\/\" \/>\n<meta property=\"og:site_name\" content=\"Bar\u00e7a Innovation Hub\" \/>\n<meta property=\"article:publisher\" content=\"https:\/\/www.facebook.com\/fcbuniversitas\" \/>\n<meta property=\"article:modified_time\" content=\"2021-07-16T14:48:35+00:00\" \/>\n<meta name=\"twitter:card\" content=\"summary_large_image\" \/>\n<meta name=\"twitter:site\" content=\"@BarcaInnoHub\" \/>\n<script type=\"application\/ld+json\" class=\"yoast-schema-graph\">{\"@context\":\"https:\/\/schema.org\",\"@graph\":[{\"@type\":\"WebPage\",\"@id\":\"https:\/\/elearning.barcainnovationhub.com\/es\/ronald-araujo\/\",\"url\":\"https:\/\/elearning.barcainnovationhub.com\/es\/ronald-araujo\/\",\"name\":\"RONALD ARAUJO - Bar\u00e7a Innovation Hub\",\"isPartOf\":{\"@id\":\"https:\/\/elearning.barcainnovationhub.com\/es\/#website\"},\"datePublished\":\"2021-06-25T21:24:02+00:00\",\"dateModified\":\"2021-07-16T14:48:35+00:00\",\"inLanguage\":\"es\",\"potentialAction\":[{\"@type\":\"ReadAction\",\"target\":[\"https:\/\/elearning.barcainnovationhub.com\/es\/ronald-araujo\/\"]}]},{\"@type\":\"WebSite\",\"@id\":\"https:\/\/elearning.barcainnovationhub.com\/es\/#website\",\"url\":\"https:\/\/elearning.barcainnovationhub.com\/es\/\",\"name\":\"Bar\u00e7a Innovation Hub\",\"description\":\"The worldwide centre for sports knowledge and innovation\",\"potentialAction\":[{\"@type\":\"SearchAction\",\"target\":{\"@type\":\"EntryPoint\",\"urlTemplate\":\"https:\/\/elearning.barcainnovationhub.com\/es\/?s={search_term_string}\"},\"query-input\":\"required name=search_term_string\"}],\"inLanguage\":\"es\"}]}<\/script>\n<!-- \/ Yoast SEO plugin. -->","yoast_head_json":{"title":"RONALD ARAUJO - Bar\u00e7a Innovation Hub","robots":{"index":"index","follow":"follow","max-snippet":"max-snippet:-1","max-image-preview":"max-image-preview:large","max-video-preview":"max-video-preview:-1"},"canonical":"https:\/\/elearning.barcainnovationhub.com\/es\/ronald-araujo\/","og_locale":"es_ES","og_type":"article","og_title":"RONALD ARAUJO - Bar\u00e7a Innovation Hub","og_url":"https:\/\/elearning.barcainnovationhub.com\/es\/ronald-araujo\/","og_site_name":"Bar\u00e7a Innovation Hub","article_publisher":"https:\/\/www.facebook.com\/fcbuniversitas","article_modified_time":"2021-07-16T14:48:35+00:00","twitter_card":"summary_large_image","twitter_site":"@BarcaInnoHub","schema":{"@context":"https:\/\/schema.org","@graph":[{"@type":"WebPage","@id":"https:\/\/elearning.barcainnovationhub.com\/es\/ronald-araujo\/","url":"https:\/\/elearning.barcainnovationhub.com\/es\/ronald-araujo\/","name":"RONALD ARAUJO - Bar\u00e7a Innovation Hub","isPartOf":{"@id":"https:\/\/elearning.barcainnovationhub.com\/es\/#website"},"datePublished":"2021-06-25T21:24:02+00:00","dateModified":"2021-07-16T14:48:35+00:00","inLanguage":"es","potentialAction":[{"@type":"ReadAction","target":["https:\/\/elearning.barcainnovationhub.com\/es\/ronald-araujo\/"]}]},{"@type":"WebSite","@id":"https:\/\/elearning.barcainnovationhub.com\/es\/#website","url":"https:\/\/elearning.barcainnovationhub.com\/es\/","name":"Bar\u00e7a Innovation Hub","description":"The worldwide centre for sports knowledge and innovation","potentialAction":[{"@type":"SearchAction","target":{"@type":"EntryPoint","urlTemplate":"https:\/\/elearning.barcainnovationhub.com\/es\/?s={search_term_string}"},"query-input":"required name=search_term_string"}],"inLanguage":"es"}]}},"_links":{"self":[{"href":"https:\/\/elearning.barcainnovationhub.com\/es\/wp-json\/wp\/v2\/pages\/95024"}],"collection":[{"href":"https:\/\/elearning.barcainnovationhub.com\/es\/wp-json\/wp\/v2\/pages"}],"about":[{"href":"https:\/\/elearning.barcainnovationhub.com\/es\/wp-json\/wp\/v2\/types\/page"}],"author":[{"embeddable":true,"href":"https:\/\/elearning.barcainnovationhub.com\/es\/wp-json\/wp\/v2\/users\/1"}],"replies":[{"embeddable":true,"href":"https:\/\/elearning.barcainnovationhub.com\/es\/wp-json\/wp\/v2\/comments?post=95024"}],"version-history":[{"count":0,"href":"https:\/\/elearning.barcainnovationhub.com\/es\/wp-json\/wp\/v2\/pages\/95024\/revisions"}],"wp:attachment":[{"href":"https:\/\/elearning.barcainnovationhub.com\/es\/wp-json\/wp\/v2\/media?parent=95024"}],"wp:term":[{"taxonomy":"category","embeddable":true,"href":"https:\/\/elearning.barcainnovationhub.com\/es\/wp-json\/wp\/v2\/categories?post=95024"},{"taxonomy":"post_tag","embeddable":true,"href":"https:\/\/elearning.barcainnovationhub.com\/es\/wp-json\/wp\/v2\/tags?post=95024"}],"curies":[{"name":"wp","href":"https:\/\/api.w.org\/{rel}","templated":true}]}}