{"id":95031,"date":"2021-06-25T18:42:14","date_gmt":"2021-06-25T21:42:14","guid":{"rendered":"https:\/\/elearning.barcainnovationhub.com\/?page_id=95031"},"modified":"2021-07-16T12:48:53","modified_gmt":"2021-07-16T15:48:53","slug":"betray-your-fears","status":"publish","type":"page","link":"https:\/\/elearning.barcainnovationhub.com\/es\/betray-your-fears\/","title":{"rendered":"Betray Your Fears"},"content":{"rendered":"","protected":false},"excerpt":{"rendered":"","protected":false},"author":1,"featured_media":0,"parent":0,"menu_order":235,"comment_status":"closed","ping_status":"closed","template":"page-templates\/landing-betray-you-dreams.php","meta":{"_acf_changed":false,"footnotes":""},"categories":[],"tags":[],"class_list":["post-95031","page","type-page","status-publish","hentry"],"acf":{"betray_hero_imagen":false,"header":{"titulo":"Betray Your Fears","subtitulo":"\"Lo que destaca tu carrera es la voluntad de superar y sobrevivir\""},"titulo_header":"","section_1":[{"nombre":"Vicky Losada","url":"https:\/\/bit.ly\/3hmQAfV","detalle":"","frase":"Una de las ventajas de la veteran\u00eda es que el deportista aprende a escuchar a su cuerpo. ","imagen":"https:\/\/static.capabiliaserver.com\/frontend\/clients\/barca\/wp_prod\/wp-content\/uploads\/2021\/07\/9f6f78dd-vickylozada.png","link_video":"WDcE4YrqmoA"},{"nombre":"Marc-Andr\u00e9 Ter Stegen","url":"https:\/\/bit.ly\/35SyZXH","detalle":"","frase":"Su objetivo cada vez que se pone los guantes es, en sus propias palabras, \"realizar el partido perfecto\". ","imagen":"https:\/\/elearning.barcainnovationhub.com\/wp-content\/uploads\/2021\/07\/65f996c9-captura-de-pantalla-2021-07-01-a-las-14.12.17.png","link_video":"JL4daYDkcNU"},{"nombre":"Mapi Le\u00f3n","url":"https:\/\/bit.ly\/3h9ZXiC","detalle":"","frase":"La nutrici\u00f3n es uno de los aspectos m\u00e1s importantes del llamado entrenamiento invisible, todo aquel relacionado con los h\u00e1bitos de vida. ","imagen":"https:\/\/static.capabiliaserver.com\/frontend\/clients\/barca\/wp_prod\/wp-content\/uploads\/2021\/07\/5431fe06-captura-de-pantalla-2021-07-08-a-las-16.28.56.png","link_video":"WTAvQofl4AU"},{"nombre":"Ronald Araujo","url":"https:\/\/bit.ly\/3zSxmHc","detalle":"","frase":"En un f\u00fatbol de m\u00e1xima exigencia y competitividad unos cent\u00edmetros pueden ser decisivos en la colocaci\u00f3n de un jugador.","imagen":"https:\/\/elearning.barcainnovationhub.com\/wp-content\/uploads\/2021\/07\/9f2b9673-image.png","link_video":"8uD34aTj9XM"}]},"yoast_head":"<!-- This site is optimized with the Yoast SEO plugin v23.0 - https:\/\/yoast.com\/wordpress\/plugins\/seo\/ -->\n<title>Betray Your Fears - Bar\u00e7a Innovation Hub<\/title>\n<meta name=\"robots\" content=\"index, follow, max-snippet:-1, max-image-preview:large, max-video-preview:-1\" \/>\n<link rel=\"canonical\" href=\"https:\/\/elearning.barcainnovationhub.com\/es\/betray-your-fears\/\" \/>\n<meta property=\"og:locale\" content=\"es_ES\" \/>\n<meta property=\"og:type\" content=\"article\" \/>\n<meta property=\"og:title\" content=\"Betray Your Fears - Bar\u00e7a Innovation Hub\" \/>\n<meta property=\"og:url\" content=\"https:\/\/elearning.barcainnovationhub.com\/es\/betray-your-fears\/\" \/>\n<meta property=\"og:site_name\" content=\"Bar\u00e7a Innovation Hub\" \/>\n<meta property=\"article:publisher\" content=\"https:\/\/www.facebook.com\/fcbuniversitas\" \/>\n<meta property=\"article:modified_time\" content=\"2021-07-16T15:48:53+00:00\" \/>\n<meta name=\"twitter:card\" content=\"summary_large_image\" \/>\n<meta name=\"twitter:site\" content=\"@BarcaInnoHub\" \/>\n<script type=\"application\/ld+json\" class=\"yoast-schema-graph\">{\"@context\":\"https:\/\/schema.org\",\"@graph\":[{\"@type\":\"WebPage\",\"@id\":\"https:\/\/elearning.barcainnovationhub.com\/es\/betray-your-fears\/\",\"url\":\"https:\/\/elearning.barcainnovationhub.com\/es\/betray-your-fears\/\",\"name\":\"Betray Your Fears - Bar\u00e7a Innovation Hub\",\"isPartOf\":{\"@id\":\"https:\/\/elearning.barcainnovationhub.com\/es\/#website\"},\"datePublished\":\"2021-06-25T21:42:14+00:00\",\"dateModified\":\"2021-07-16T15:48:53+00:00\",\"inLanguage\":\"es\",\"potentialAction\":[{\"@type\":\"ReadAction\",\"target\":[\"https:\/\/elearning.barcainnovationhub.com\/es\/betray-your-fears\/\"]}]},{\"@type\":\"WebSite\",\"@id\":\"https:\/\/elearning.barcainnovationhub.com\/es\/#website\",\"url\":\"https:\/\/elearning.barcainnovationhub.com\/es\/\",\"name\":\"Bar\u00e7a Innovation Hub\",\"description\":\"The worldwide centre for sports knowledge and innovation\",\"potentialAction\":[{\"@type\":\"SearchAction\",\"target\":{\"@type\":\"EntryPoint\",\"urlTemplate\":\"https:\/\/elearning.barcainnovationhub.com\/es\/?s={search_term_string}\"},\"query-input\":\"required name=search_term_string\"}],\"inLanguage\":\"es\"}]}<\/script>\n<!-- \/ Yoast SEO plugin. -->","yoast_head_json":{"title":"Betray Your Fears - Bar\u00e7a Innovation Hub","robots":{"index":"index","follow":"follow","max-snippet":"max-snippet:-1","max-image-preview":"max-image-preview:large","max-video-preview":"max-video-preview:-1"},"canonical":"https:\/\/elearning.barcainnovationhub.com\/es\/betray-your-fears\/","og_locale":"es_ES","og_type":"article","og_title":"Betray Your Fears - Bar\u00e7a Innovation Hub","og_url":"https:\/\/elearning.barcainnovationhub.com\/es\/betray-your-fears\/","og_site_name":"Bar\u00e7a Innovation Hub","article_publisher":"https:\/\/www.facebook.com\/fcbuniversitas","article_modified_time":"2021-07-16T15:48:53+00:00","twitter_card":"summary_large_image","twitter_site":"@BarcaInnoHub","schema":{"@context":"https:\/\/schema.org","@graph":[{"@type":"WebPage","@id":"https:\/\/elearning.barcainnovationhub.com\/es\/betray-your-fears\/","url":"https:\/\/elearning.barcainnovationhub.com\/es\/betray-your-fears\/","name":"Betray Your Fears - Bar\u00e7a Innovation Hub","isPartOf":{"@id":"https:\/\/elearning.barcainnovationhub.com\/es\/#website"},"datePublished":"2021-06-25T21:42:14+00:00","dateModified":"2021-07-16T15:48:53+00:00","inLanguage":"es","potentialAction":[{"@type":"ReadAction","target":["https:\/\/elearning.barcainnovationhub.com\/es\/betray-your-fears\/"]}]},{"@type":"WebSite","@id":"https:\/\/elearning.barcainnovationhub.com\/es\/#website","url":"https:\/\/elearning.barcainnovationhub.com\/es\/","name":"Bar\u00e7a Innovation Hub","description":"The worldwide centre for sports knowledge and innovation","potentialAction":[{"@type":"SearchAction","target":{"@type":"EntryPoint","urlTemplate":"https:\/\/elearning.barcainnovationhub.com\/es\/?s={search_term_string}"},"query-input":"required name=search_term_string"}],"inLanguage":"es"}]}},"_links":{"self":[{"href":"https:\/\/elearning.barcainnovationhub.com\/es\/wp-json\/wp\/v2\/pages\/95031"}],"collection":[{"href":"https:\/\/elearning.barcainnovationhub.com\/es\/wp-json\/wp\/v2\/pages"}],"about":[{"href":"https:\/\/elearning.barcainnovationhub.com\/es\/wp-json\/wp\/v2\/types\/page"}],"author":[{"embeddable":true,"href":"https:\/\/elearning.barcainnovationhub.com\/es\/wp-json\/wp\/v2\/users\/1"}],"replies":[{"embeddable":true,"href":"https:\/\/elearning.barcainnovationhub.com\/es\/wp-json\/wp\/v2\/comments?post=95031"}],"version-history":[{"count":0,"href":"https:\/\/elearning.barcainnovationhub.com\/es\/wp-json\/wp\/v2\/pages\/95031\/revisions"}],"wp:attachment":[{"href":"https:\/\/elearning.barcainnovationhub.com\/es\/wp-json\/wp\/v2\/media?parent=95031"}],"wp:term":[{"taxonomy":"category","embeddable":true,"href":"https:\/\/elearning.barcainnovationhub.com\/es\/wp-json\/wp\/v2\/categories?post=95031"},{"taxonomy":"post_tag","embeddable":true,"href":"https:\/\/elearning.barcainnovationhub.com\/es\/wp-json\/wp\/v2\/tags?post=95031"}],"curies":[{"name":"wp","href":"https:\/\/api.w.org\/{rel}","templated":true}]}}