{"id":140121,"date":"2023-05-11T09:28:12","date_gmt":"2023-05-11T12:28:12","guid":{"rendered":"https:\/\/elearning.barcainnovationhub.com\/?post_type=product&#038;p=140121"},"modified":"2025-11-10T12:21:00","modified_gmt":"2025-11-10T15:21:00","slug":"diplomado-en-entrenador-de-futboly-tacticas-de-juego","status":"publish","type":"product","link":"https:\/\/elearning.barcainnovationhub.com\/es\/product\/diplomado-en-entrenador-de-futboly-tacticas-de-juego\/","title":{"rendered":"Diploma Profesional en Entrenador de F\u00fatbol"},"content":{"rendered":"<p>contenido<\/p>\n","protected":false},"excerpt":{"rendered":"<p>excerpt<\/p>\n","protected":false},"author":16,"featured_media":0,"comment_status":"open","ping_status":"closed","template":"","meta":{"_acf_changed":true,"footnotes":""},"categories":[290,213,114,198,209,39],"class_list":["post-140121","product","type-product","status-publish","hentry","category-barca-innovation-hub-3-es","category-futbol-es","category-online-based-programs-es","category-performance","category-rendimiento","category-rendimiento-deportivo-es"],"acf":{"titulo_curso":"Diplomado en Entrenador de F\u00fatbol","impartido_en":"Castellano","activar_banner_1":false,"banner_1":false,"activar_banner_2":false,"banner_2":false,"activar_banner_3":false,"banner_3":false,"activar_nuevos_banners":false,"mostrar_banner_1":false,"crear_banner_1":{"utilizar_imagen_unica_para_banner":false,"asignar_imagen_unica_para_banner":false,"mostrar_titulo_banner":false,"titulo_para_banner":"","mostrar_subtitulo_banner":false,"subtitulo_del_banner":"","mostrar_cta_banner":false,"texto_cta_banner":"","url_cta_banner":"","fondo_de_color_banner":"","fondo_de_imagen_banner":false,"mostrar_imagen_izquierda_banner":false,"asignar_imagen_izquierda_banner":false},"mostrar_banner_2":false,"crear_banner_2":{"utilizar_imagen_unica_para_banner":false,"asignar_imagen_unica_para_banner":false,"mostrar_titulo_banner":false,"titulo_para_banner":"","mostrar_subtitulo_banner":false,"subtitulo_del_banner":"","mostrar_cta_banner":false,"texto_cta_banner":"","url_cta_banner":"","fondo_de_color_banner":"","fondo_de_imagen_banner":false,"mostrar_imagen_izquierda_banner":false,"asignar_imagen_izquierda_banner":false},"mostrar_banner_3":false,"crear_banner_3":{"utilizar_imagen_unica_para_banner":false,"asignar_imagen_unica_para_banner":false,"mostrar_titulo_banner":false,"titulo_para_banner":"","mostrar_subtitulo_banner":false,"subtitulo_del_banner":"","mostrar_cta_banner":false,"texto_cta_banner":"","url_cta_banner":"","fondo_de_color_banner":"","fondo_de_imagen_banner":false,"mostrar_imagen_izquierda_banner":false,"asignar_imagen_izquierda_banner":false},"producto_path":true,"external_id":"2469","id_magento":"670","header_image":148978,"column_title":"Diplomado en Entrenador de F\u00fatbol y T\u00e1cticas de juego","titulo_incentivo":"","fecha_de_inicio":"10062023","segunda_fecha_de_inicio":"25062023","zona_horaria":"Europe\/Madrid","precio_en_cuotas":"10 cuotas de 120","precio_de_lista":"","mostrar_form":false,"duracion_del_curso":"10 meses ","nivel_del_curso":"Avanzado","modalidad_cursado":"Online","contenido":"<p>A lo largo de este programa, aprender\u00e1s a identificar los puntos claves de la idea de juego del FC Barcelona, a partir de los cuales se estructura todo el estilo propio que ha venido utilizando tanto en el primer equipo como en el f\u00fatbol base. A su vez, el continuo avance en el desarrollo y evoluci\u00f3n del an\u00e1lisis t\u00e1ctico en el f\u00fatbol hace imprescindible que el estudio y formaci\u00f3n en este campo de trabajo sea permanente. Las propuestas de trabajo son cada vez m\u00e1s amplias para los analistas, pudiendo tomar roles de trabajo en temas espec\u00edficos de an\u00e1lisis. Por este motivo profundizaremos en la evaluaci\u00f3n especifica de la fase de inicio de juego; el an\u00e1lisis de acciones de bal\u00f3n parado para poder optimizarlas al m\u00e1ximo y de esta manera, sacar ventaja competitiva a nuestro rival; el an\u00e1lisis de las situaciones de presi\u00f3n alta m\u00e1s comunes en un partido de f\u00fatbol, ofreciendo las herramientas para una mejor comprehensi\u00f3n esta fase del juego; por \u00faltimo, abordar la metodolog\u00eda de observaci\u00f3n realizada en el FC Barcelona enfocada a categor\u00edas del Futbol Formativo.<\/p>\n","url_video":"","cursos_que_lo_componen":[{"nombre_del_curso":"Los fundamentos de nuestro juego","descripcion_del_curso":"<p>M\u00f3dulo 1: Las ciencias \u201csoporte\u201d del F\u00fatbol Bar\u00e7a<br \/>\nM\u00f3dulo 2: Los elementos que lo conforman<br \/>\nM\u00f3dulo 3: Los componentes identificativos del F\u00fatbol Bar\u00e7a<br \/>\nM\u00f3dulo 4: El juego como proceso<\/p>\n"},{"nombre_del_curso":"Qu\u00e9 hay que entrenar","descripcion_del_curso":"<p>M\u00f3dulo 1: Entrenamiento optimizador<br \/>\nM\u00f3dulo 2: Elementos cognitivos del jugador<br \/>\nM\u00f3dulo 3: Elementos grupales del equipo<br \/>\nM\u00f3dulo 4: Las fases del juego.<\/p>\n"},{"nombre_del_curso":" C\u00f3mo hay que entrenarlo","descripcion_del_curso":"<p>M\u00f3dulo 1: Entrenar-optimizar<br \/>\nM\u00f3dulo 2: La sesi\u00f3n de entrenamiento<br \/>\nM\u00f3dulo 3: Entrenamiento espec\u00edfico del F\u00fatbol Bar\u00e7a I<br \/>\nM\u00f3dulo 4: Entrenamiento espec\u00edfico del F\u00fatbol Bar\u00e7a II. <\/p>\n"},{"nombre_del_curso":"Intercambio pedag\u00f3gico con el jugador: el rol del entrenador-formador en el proceso de aprendizaje","descripcion_del_curso":"<p>M\u00d3DULO 1. Pensamiento cr\u00edtico y contexto metodol\u00f3gico. \u00bfDe d\u00f3nde venimos y hacia d\u00f3nde vamos? Entender cu\u00e1l es el fin \u00faltimo de la metodolog\u00eda y c\u00f3mo integrar todos los elementos existentes en el contexto de aprendizaje.<br \/>\nM\u00d3DULO 2. El aprendizaje del entrenador. \u00bfPor qu\u00e9 ve lo que ve el entrenador? Entender c\u00f3mo emergen sus comportamientos y c\u00f3mo conseguir estar en sinton\u00eda con el contexto del equipo.<br \/>\nM\u00d3DULO 3. La interacci\u00f3n entrenador-jugador. \u00bfC\u00f3mo optimizar el intercambio de informaci\u00f3n y tener un mayor impacto en el proceso de aprendizaje? Entender las condiciones del entorno a trav\u00e9s de las cuales se facilitan y se generan los comportamientos naturalizados del jugador\/a<br \/>\nM\u00d3DULO 4. Intercambio pedag\u00f3gico con el jugador. Estrategias y Atm\u00f3sfera de aprendizaje.<\/p>\n"},{"nombre_del_curso":" Intercambio pedag\u00f3gico con el jugador: el feedback de video en el continuum de la pr\u00e1ctica motora","descripcion_del_curso":"<p>M\u00d3DULO 1. El aprendizaje observacional \u00bfC\u00f3mo dar feedback? Entender qu\u00e9 aspectos diferenciales aporta en el quehacer del entrenador combinar el feedback visual con la pr\u00e1ctica f\u00edsica.<br \/>\nM\u00d3DULO 2. Las pr\u00e1cticas de entrenamiento. \u00bfD\u00f3nde dar el feedback? Atender como entrenador al efecto resultante sobre el jugador de la relaci\u00f3n entre el contexto de pr\u00e1ctica y el estilo de intervenci\u00f3n.<br \/>\nM\u00d3DULO 3. El intercambio con el jugador a trav\u00e9s del aprendizaje observacional. Anticipar y concretar la informaci\u00f3n multimodal extr\u00ednseca para potenciar el proceso de aprendizaje motor<br \/>\nM\u00d3DULO 4. El feedback visual en video. \u00bfPor qu\u00e9 dar video-feedback? Alterar la velocidad de visionado para especificar la interacci\u00f3n.<\/p>\n"},{"nombre_del_curso":"Intercambio pedag\u00f3gico con el jugador: el dise\u00f1o de la SSP en relaci\u00f3n a la preferencia de contenidos did\u00e1cticos","descripcion_del_curso":"<p>M\u00d3DULO 1. Situaciones Simuladoras Preferenciales de preferencia coordinativa.<br \/>\nM\u00d3DULO 2. Situaciones Simuladoras Preferenciales de preferencia cognitiva.<br \/>\nM\u00d3DULO 3. Situaciones Simuladoras Preferenciales de preferencia contextual.<br \/>\nM\u00d3DULO 4. Par\u00e1metros transversales: introducci\u00f3n de la variabilidad y dise\u00f1o orientado o exploratorio.<\/p>\n"},{"nombre_del_curso":" An\u00e1lisis de la fase de inicio del juego","descripcion_del_curso":"<p>M\u00d3DULO 1: Definici\u00f3n y evoluci\u00f3n de la fase de inicio y comprensi\u00f3n de los criterios generales de an\u00e1lisis<br \/>\nM\u00d3DULO 2: Estudio de los elementos estructurales de la fase de inicio<br \/>\nM\u00d3DULO 3: Estudio de los elementos din\u00e1micos de la fase de inicio<br \/>\nM\u00d3DULO 4: An\u00e1lisis estad\u00edstico, selecci\u00f3n y presentaci\u00f3n de la informaci\u00f3n<\/p>\n"},{"nombre_del_curso":" An\u00e1lisis de las acciones a bal\u00f3n parado","descripcion_del_curso":"<p>M\u00d3DULO 1: La importancia de las ABP e introducci\u00f3n a su an\u00e1lisis<br \/>\nM\u00d3DULO 2: An\u00e1lisis de las ABP defensivas<br \/>\nM\u00d3DULO 3: An\u00e1lisis de las ABP ofensivas<br \/>\nM\u00d3DULO 4: Tendencias metodol\u00f3gicas del entrenamiento de las ABP<\/p>\n"},{"nombre_del_curso":"La Presi\u00f3n alta en F\u00fatbol","descripcion_del_curso":"<p>M\u00d3DULO 1: La presi\u00f3n alta en la fase defensiva. Marco te\u00f3rico<br \/>\nM\u00d3DULO 2: Estructuras defensivas m\u00e1s comunes en la presi\u00f3n alta en f\u00fatbol<br \/>\nM\u00d3DULO 3: Metodolog\u00eda del entrenamiento de la presi\u00f3n alta en el f\u00fatbol<br \/>\nM\u00d3DULO 4: Datos para una buena interpretaci\u00f3n en el an\u00e1lisis de la presi\u00f3n alta en f\u00fatbol<\/p>\n"},{"nombre_del_curso":"Metodolog\u00eda de la observaci\u00f3n en f\u00fatbol formativo","descripcion_del_curso":"<p>M\u00d3DULO 1: Introducci\u00f3n a la observaci\u00f3n de v\u00eddeo<br \/>\nM\u00d3DULO 2: Observaci\u00f3n en una sesi\u00f3n de entrenamiento<br \/>\nM\u00d3DULO 3: Observaci\u00f3n en partido de competici\u00f3n<br \/>\nM\u00d3DULO 4: Observaci\u00f3n individual del jugador<\/p>\n"}],"docentes_expertos":[{"foto":"https:\/\/static.capabiliaserver.com\/frontend\/clients\/barca\/wp_prod\/wp-content\/uploads\/2022\/01\/188d1f78-paco-seirul-lo.jpg","nombre_del_docente":"PACO SEIRUL\u00b7LO","descripcion_del_docente":"Ex - Director del \u00c1rea de Metodolog\u00eda del FC Barcelona","enlace":""},{"foto":"https:\/\/static.capabiliaserver.com\/frontend\/clients\/barca\/wp_prod\/wp-content\/uploads\/2021\/04\/44f3909e-alberto-angelastri.png","nombre_del_docente":"Alberto Angelastri","descripcion_del_docente":"Match Analyst en FC Barcelona. Graduado en Ciencias y T\u00e9cnicas del Deporte (2017) M\u00e1ster Profesional en F\u00fatbol de alto rendimiento FC Barcelona \u2013 INEFC (2019) 2014-2017: Entrenador U20 regional - ASD Fortis Altamura 2017-2018: Entrenador F\u00fatbol Base - Centre d\u2019Esports Sabadell F\u00fatbol Club 2018: Segundo Entrenador Cadete A - CF Can Vidalet 2018 \u2013 Actualidad: Analista 1o equipo femenino \u2013 FC Barcelona","enlace":""},{"foto":"https:\/\/elearning.barcainnovationhub.com\/wp-content\/uploads\/2020\/02\/b4c8368b-joan-vicente-armengol.jpg","nombre_del_docente":"Joan Vicente Armengol","descripcion_del_docente":" Analista de la selecci\u00f3n Sub23 De Emiratos \u00c1rabes Unidos (UAEFA). Anteriormente miembro del departamento de an\u00e1lisis del FC Barcelona. Graduado en Ciencias de la Actividad F\u00edsica y el Deporte (INEFC Lleida), M\u00e1ster Profesional en Alto Rendimiento en Deportes de Equipo (INEFC Barcelona) y t\u00edtulo en Big Data aplicado al modelo de juego, an\u00e1lisis y entrenamiento en f\u00fatbol (UCAM).","enlace":""},{"foto":"https:\/\/static.capabiliaserver.com\/frontend\/clients\/barca\/wp_prod\/wp-content\/uploads\/2021\/04\/a92872cf-jordi-pons-bolivar.jpeg","nombre_del_docente":"Jordi Pons Bol\u00edvar","descripcion_del_docente":"Football Analyst en FC Barcelona. Graduado en Ciencias de la Actividad F\u00edsica y el Deporte, M\u00e1ster en Rendimiento Deportivo: Tecnificaci\u00f3n y Alto Nivel (RETAN). Actualmente Analista T\u00e1ctico en el F.C.Barcelona.","enlace":""},{"foto":"https:\/\/static.capabiliaserver.com\/frontend\/clients\/barca\/wp_prod\/wp-content\/uploads\/2021\/04\/96532b3d-isidre-ram\u00f3n-madir.png","nombre_del_docente":"Isidre Ram\u00f3n Madir","descripcion_del_docente":"Entrenador asistente del Valencia CF. Ex entrenador asistente del Watford FC y del primer equipo de f\u00fatbol del FC Barcelona. Entrenador UEFA PRO, t\u00e9cnico asistente y analista. Actualmente en el VALENCIA CF con Javi Gracia, con quien estuvo en WATFORD FC (2018-2020). Previamente fue analista en el FC BARCELONA con Luis Enrique (2014-2017) y en el FC BARCELONA B (2009-2014). Licenciado en INEF (2000) y Master en BIG DATA (2021) y en ALTO RENDIMIENTO EN DEPORTES EQUIPO (2004).","enlace":""}],"slidebox":false,"titulo_seccion_testimonios":"","url_cursado_webinar":"","activar_hero_video":false,"video_texto":"","hubspot_product_id":"37777780941","pdf_brochure_link_drive":"https:\/\/drive.google.com\/uc?id=1ZdlxtWJyQjX-zg7zWK9IvQ6_PjM9Y4vj&export=download","ocultar_video":true,"precio":"1200","fecha_inicio_estatica":"","enable_linkedin_carousel":false,"imagen_destacada":"https:\/\/elearning.barcainnovationhub.com\/wp-content\/uploads\/2023\/04\/2e29363c-diplomado-en-neurobiologia-y-psicologia-en-deportes-de-equipo-preview.jpg","pdf_brochure":"https:\/\/static.capabiliaserver.com\/frontend\/clients\/barcanew\/wp_prod\/wp-content\/uploads\/dba8df18-diplomado-en-entrenador-de-futbol.pdf","aprende_a":false,"preguntas_frecuentes":false,"contenidistas":false,"promocion_vigente":"","avalado_por":false},"yoast_head":"<!-- This site is optimized with the Yoast SEO plugin v23.0 - https:\/\/yoast.com\/wordpress\/plugins\/seo\/ -->\n<title>Diploma Profesional en Entrenador de F\u00fatbol - Bar\u00e7a Innovation Hub<\/title>\n<meta name=\"robots\" content=\"index, follow, max-snippet:-1, max-image-preview:large, max-video-preview:-1\" \/>\n<link rel=\"canonical\" href=\"https:\/\/elearning.barcainnovationhub.com\/es\/product\/diplomado-en-entrenador-de-futboly-tacticas-de-juego\/\" \/>\n<meta property=\"og:locale\" content=\"es_ES\" \/>\n<meta property=\"og:type\" content=\"article\" \/>\n<meta property=\"og:title\" content=\"Diploma Profesional en Entrenador de F\u00fatbol - Bar\u00e7a Innovation Hub\" \/>\n<meta property=\"og:description\" content=\"excerpt\" \/>\n<meta property=\"og:url\" content=\"https:\/\/elearning.barcainnovationhub.com\/es\/product\/diplomado-en-entrenador-de-futboly-tacticas-de-juego\/\" \/>\n<meta property=\"og:site_name\" content=\"Bar\u00e7a Innovation Hub\" \/>\n<meta property=\"article:publisher\" content=\"https:\/\/www.facebook.com\/fcbuniversitas\" \/>\n<meta property=\"article:modified_time\" content=\"2025-11-10T15:21:00+00:00\" \/>\n<meta name=\"twitter:card\" content=\"summary_large_image\" \/>\n<meta name=\"twitter:site\" content=\"@BarcaInnoHub\" \/>\n<meta name=\"twitter:label1\" content=\"Tiempo de lectura\" \/>\n\t<meta name=\"twitter:data1\" content=\"1 minuto\" \/>\n<script type=\"application\/ld+json\" class=\"yoast-schema-graph\">{\"@context\":\"https:\/\/schema.org\",\"@graph\":[{\"@type\":\"WebPage\",\"@id\":\"https:\/\/elearning.barcainnovationhub.com\/es\/product\/diplomado-en-entrenador-de-futboly-tacticas-de-juego\/\",\"url\":\"https:\/\/elearning.barcainnovationhub.com\/es\/product\/diplomado-en-entrenador-de-futboly-tacticas-de-juego\/\",\"name\":\"Diploma Profesional en Entrenador de F\u00fatbol - Bar\u00e7a Innovation Hub\",\"isPartOf\":{\"@id\":\"https:\/\/elearning.barcainnovationhub.com\/es\/#website\"},\"datePublished\":\"2023-05-11T12:28:12+00:00\",\"dateModified\":\"2025-11-10T15:21:00+00:00\",\"breadcrumb\":{\"@id\":\"https:\/\/elearning.barcainnovationhub.com\/es\/product\/diplomado-en-entrenador-de-futboly-tacticas-de-juego\/#breadcrumb\"},\"inLanguage\":\"es\",\"potentialAction\":[{\"@type\":\"ReadAction\",\"target\":[\"https:\/\/elearning.barcainnovationhub.com\/es\/product\/diplomado-en-entrenador-de-futboly-tacticas-de-juego\/\"]}]},{\"@type\":\"BreadcrumbList\",\"@id\":\"https:\/\/elearning.barcainnovationhub.com\/es\/product\/diplomado-en-entrenador-de-futboly-tacticas-de-juego\/#breadcrumb\",\"itemListElement\":[{\"@type\":\"ListItem\",\"position\":1,\"name\":\"Productos\",\"item\":\"https:\/\/elearning.barcainnovationhub.com\/es\/product\/\"},{\"@type\":\"ListItem\",\"position\":2,\"name\":\"Diploma Profesional en Entrenador de F\u00fatbol\"}]},{\"@type\":\"WebSite\",\"@id\":\"https:\/\/elearning.barcainnovationhub.com\/es\/#website\",\"url\":\"https:\/\/elearning.barcainnovationhub.com\/es\/\",\"name\":\"Bar\u00e7a Innovation Hub\",\"description\":\"The worldwide centre for sports knowledge and innovation\",\"potentialAction\":[{\"@type\":\"SearchAction\",\"target\":{\"@type\":\"EntryPoint\",\"urlTemplate\":\"https:\/\/elearning.barcainnovationhub.com\/es\/?s={search_term_string}\"},\"query-input\":\"required name=search_term_string\"}],\"inLanguage\":\"es\"}]}<\/script>\n<!-- \/ Yoast SEO plugin. -->","yoast_head_json":{"title":"Diploma Profesional en Entrenador de F\u00fatbol - Bar\u00e7a Innovation Hub","robots":{"index":"index","follow":"follow","max-snippet":"max-snippet:-1","max-image-preview":"max-image-preview:large","max-video-preview":"max-video-preview:-1"},"canonical":"https:\/\/elearning.barcainnovationhub.com\/es\/product\/diplomado-en-entrenador-de-futboly-tacticas-de-juego\/","og_locale":"es_ES","og_type":"article","og_title":"Diploma Profesional en Entrenador de F\u00fatbol - Bar\u00e7a Innovation Hub","og_description":"excerpt","og_url":"https:\/\/elearning.barcainnovationhub.com\/es\/product\/diplomado-en-entrenador-de-futboly-tacticas-de-juego\/","og_site_name":"Bar\u00e7a Innovation Hub","article_publisher":"https:\/\/www.facebook.com\/fcbuniversitas","article_modified_time":"2025-11-10T15:21:00+00:00","twitter_card":"summary_large_image","twitter_site":"@BarcaInnoHub","twitter_misc":{"Tiempo de lectura":"1 minuto"},"schema":{"@context":"https:\/\/schema.org","@graph":[{"@type":"WebPage","@id":"https:\/\/elearning.barcainnovationhub.com\/es\/product\/diplomado-en-entrenador-de-futboly-tacticas-de-juego\/","url":"https:\/\/elearning.barcainnovationhub.com\/es\/product\/diplomado-en-entrenador-de-futboly-tacticas-de-juego\/","name":"Diploma Profesional en Entrenador de F\u00fatbol - Bar\u00e7a Innovation Hub","isPartOf":{"@id":"https:\/\/elearning.barcainnovationhub.com\/es\/#website"},"datePublished":"2023-05-11T12:28:12+00:00","dateModified":"2025-11-10T15:21:00+00:00","breadcrumb":{"@id":"https:\/\/elearning.barcainnovationhub.com\/es\/product\/diplomado-en-entrenador-de-futboly-tacticas-de-juego\/#breadcrumb"},"inLanguage":"es","potentialAction":[{"@type":"ReadAction","target":["https:\/\/elearning.barcainnovationhub.com\/es\/product\/diplomado-en-entrenador-de-futboly-tacticas-de-juego\/"]}]},{"@type":"BreadcrumbList","@id":"https:\/\/elearning.barcainnovationhub.com\/es\/product\/diplomado-en-entrenador-de-futboly-tacticas-de-juego\/#breadcrumb","itemListElement":[{"@type":"ListItem","position":1,"name":"Productos","item":"https:\/\/elearning.barcainnovationhub.com\/es\/product\/"},{"@type":"ListItem","position":2,"name":"Diploma Profesional en Entrenador de F\u00fatbol"}]},{"@type":"WebSite","@id":"https:\/\/elearning.barcainnovationhub.com\/es\/#website","url":"https:\/\/elearning.barcainnovationhub.com\/es\/","name":"Bar\u00e7a Innovation Hub","description":"The worldwide centre for sports knowledge and innovation","potentialAction":[{"@type":"SearchAction","target":{"@type":"EntryPoint","urlTemplate":"https:\/\/elearning.barcainnovationhub.com\/es\/?s={search_term_string}"},"query-input":"required name=search_term_string"}],"inLanguage":"es"}]}},"idiomas":{"en":140116,"es":140121,"ar":140117,"ca":140118,"ru":140120,"pt":140119},"_links":{"self":[{"href":"https:\/\/elearning.barcainnovationhub.com\/es\/wp-json\/wp\/v2\/products\/140121"}],"collection":[{"href":"https:\/\/elearning.barcainnovationhub.com\/es\/wp-json\/wp\/v2\/products"}],"about":[{"href":"https:\/\/elearning.barcainnovationhub.com\/es\/wp-json\/wp\/v2\/types\/product"}],"author":[{"embeddable":true,"href":"https:\/\/elearning.barcainnovationhub.com\/es\/wp-json\/wp\/v2\/users\/16"}],"replies":[{"embeddable":true,"href":"https:\/\/elearning.barcainnovationhub.com\/es\/wp-json\/wp\/v2\/comments?post=140121"}],"version-history":[{"count":0,"href":"https:\/\/elearning.barcainnovationhub.com\/es\/wp-json\/wp\/v2\/products\/140121\/revisions"}],"wp:attachment":[{"href":"https:\/\/elearning.barcainnovationhub.com\/es\/wp-json\/wp\/v2\/media?parent=140121"}],"wp:term":[{"taxonomy":"category","embeddable":true,"href":"https:\/\/elearning.barcainnovationhub.com\/es\/wp-json\/wp\/v2\/categories?post=140121"}],"curies":[{"name":"wp","href":"https:\/\/api.w.org\/{rel}","templated":true}]}}