{"id":143819,"date":"2024-02-19T13:21:00","date_gmt":"2024-02-19T16:21:00","guid":{"rendered":"https:\/\/elearning.barcainnovationhub.com\/?post_type=product&#038;p=143819"},"modified":"2025-03-07T15:17:22","modified_gmt":"2025-03-07T18:17:22","slug":"curso-en-tecnologia-innovadora-como-dominar-blockchain","status":"publish","type":"product","link":"https:\/\/elearning.barcainnovationhub.com\/es\/product\/curso-en-tecnologia-innovadora-como-dominar-blockchain\/","title":{"rendered":"Curso en Tecnolog\u00eda Innovadora: C\u00f3mo dominar Blockchain"},"content":{"rendered":"<p>contenido<\/p>\n","protected":false},"excerpt":{"rendered":"<p>excerpt<\/p>\n","protected":false},"author":16,"featured_media":0,"comment_status":"open","ping_status":"closed","template":"","meta":{"_acf_changed":true,"footnotes":""},"categories":[49,290,219,208,114,216],"class_list":["post-143819","product","type-product","status-publish","hentry","category-barca-innovation-hub","category-barca-innovation-hub-3-es","category-institucional","category-institutional","category-online-based-programs-es","category-tecnologia-innovacion"],"acf":{"external_id":"2426","titulo_curso":"Course in Game-Changing Tech: Mastering Blockchain","precio":"200","impartido_en":"Castellano","crear_banner_3":{"utilizar_imagen_unica_para_banner":false,"asignar_imagen_unica_para_banner":false,"mostrar_titulo_banner":false,"titulo_para_banner":"","mostrar_subtitulo_banner":false,"subtitulo_del_banner":"","mostrar_cta_banner":false,"texto_cta_banner":"","url_cta_banner":"","fondo_de_color_banner":"","fondo_de_imagen_banner":false,"mostrar_imagen_izquierda_banner":false,"asignar_imagen_izquierda_banner":false},"producto_path":false,"hubspot_product_id":"37761033432","id_magento":"633","header_image":143927,"column_title":"","titulo_incentivo":"Curso en Tecnolog\u00eda Innovadora: C\u00f3mo dominar Blockchain","fecha_de_inicio":"10122024","zona_horaria":"Europe\/Madrid","precio_en_cuotas":"","precio_de_lista":"","mostrar_form":false,"duracion_del_curso":"1 mes","nivel_del_curso":"Introductorio","modalidad_cursado":"Online","contenido":"<p>El curso en \u00abTecnolog\u00eda Innovadora: c\u00f3mo dominar Blockchain\u00bb aborda diversos intereses y necesidades sociales, aline\u00e1ndose con los avances tecnol\u00f3gicos regionales. La integraci\u00f3n de las tecnolog\u00edas blockchain puede catalizar proyectos y startups innovadores.<\/p>\n<p>Diversas investigaciones sugieren una creciente inclinaci\u00f3n empresarial hacia la utilizaci\u00f3n de blockchain para obtener una mayor transparencia, seguridad, gobernanza y campa\u00f1as de marketing, especialmente dentro de la industria del deporte.<\/p>\n<p>El inter\u00e9s global en trabajos relacionados con las tecnolog\u00edas cripto, seg\u00fan el State Of Crypto Index de a16zcrypto, continua siendo alto.<\/p>\n<p>Este curso resulta imperativo a nivel social ya que tiene como objetivo formar especialistas capaces de implementar soluciones blockchain en diversos aspectos de la industria del deporte, as\u00ed como ofrece soluciones tecnol\u00f3gicas integradas.<\/p>\n","ocultar_video":true,"url_video":"","pdf_brochure_link_drive":"https:\/\/drive.google.com\/uc?id=1m4A3LUREVWlR9DndI93zr87CZakctnWb&export=download","cursos_que_lo_componen":[{"nombre_del_curso":"Tecnolog\u00eda Innovadora: c\u00f3mo dominar Blockchain","descripcion_del_curso":"<p>M\u00f3dulo 1: Una intro a Cripto: Un viaje a trav\u00e9s de la historia del dinero e introducci\u00f3n a la tecnolog\u00eda Blockchain.<\/p>\n<p>M\u00f3dulo 2: Criptomonedas en la pr\u00e1ctica: Desde tipos de activos y billeteras hasta intercambios y transacciones de criptomonedas.<\/p>\n<p>M\u00f3dulo 3: Web3 al descubierto: Explorando el mundo de los tokens no fungibles, los metaversos y los juegos en Blockchain.<\/p>\n<p>M\u00f3dulo 4: El futuro de las econom\u00edas descentralizadas: DAO, startups de blockchain y oportunidades profesionales.<\/p>\n"}],"aprende_a":[{"item_aprende_a":"Adquirir conocimientos sobre blockchain y criptomonedas, los mecanismos de funcionamiento de Bitcoin y Ethereum.\r\n"},{"item_aprende_a":"Dominar las herramientas de las tecnolog\u00edas blockchain.\r\n"},{"item_aprende_a":"Obtener una descripci\u00f3n b\u00e1sica de la industria cripto.\r\n"},{"item_aprende_a":"Obtener ejemplos reales de la implementaci\u00f3n de herramientas blockchain en empresas.\r\n"}],"docentes_expertos":[{"foto":"https:\/\/static.capabiliaserver.com\/frontend\/clients\/barcanew\/wp_prod\/wp-content\/uploads\/f69ca5c6-mike-belevtsov.jpg","nombre_del_docente":"Mike Belevtsov","descripcion_del_docente":"Jefe de DeF\u0456 en WhiteBIT","enlace":""}],"imagen_destacada":"https:\/\/static.capabiliaserver.com\/frontend\/clients\/barcanew\/wp_prod\/wp-content\/uploads\/56a2ae0c-pic2-1.png","slidebox":false,"titulo_seccion_testimonios":"","url_cursado_webinar":"","activar_hero_video":false,"video_texto":"","enable_linkedin_carousel":false,"activar_banner_1":false,"banner_1":false,"activar_banner_2":false,"banner_2":false,"activar_banner_3":false,"banner_3":false,"activar_nuevos_banners":false,"mostrar_banner_1":false,"crear_banner_1":{"utilizar_imagen_unica_para_banner":false,"asignar_imagen_unica_para_banner":false,"mostrar_titulo_banner":false,"titulo_para_banner":"","mostrar_subtitulo_banner":false,"subtitulo_del_banner":"","mostrar_cta_banner":false,"texto_cta_banner":"","url_cta_banner":"","fondo_de_color_banner":"","fondo_de_imagen_banner":false,"mostrar_imagen_izquierda_banner":false,"asignar_imagen_izquierda_banner":false},"mostrar_banner_2":false,"crear_banner_2":{"utilizar_imagen_unica_para_banner":false,"asignar_imagen_unica_para_banner":false,"mostrar_titulo_banner":false,"titulo_para_banner":"","mostrar_subtitulo_banner":false,"subtitulo_del_banner":"","mostrar_cta_banner":false,"texto_cta_banner":"","url_cta_banner":"","fondo_de_color_banner":"","fondo_de_imagen_banner":false,"mostrar_imagen_izquierda_banner":false,"asignar_imagen_izquierda_banner":false},"mostrar_banner_3":false,"fecha_inicio_estatica":"","avalado_por":"https:\/\/static.capabiliaserver.com\/frontend\/clients\/barcanew\/wp_prod\/wp-content\/uploads\/706565d4-logo-whitebit.png","pdf_brochure":"https:\/\/static.capabiliaserver.com\/frontend\/clients\/barcanew\/wp_prod\/wp-content\/uploads\/6f2d9029-course-in-game-changing-tech-mastering-blockchain-1.pdf","preguntas_frecuentes":false,"contenidistas":false,"promocion_vigente":""},"yoast_head":"<!-- This site is optimized with the Yoast SEO plugin v23.0 - https:\/\/yoast.com\/wordpress\/plugins\/seo\/ -->\n<title>Curso en Tecnolog\u00eda Innovadora: C\u00f3mo dominar Blockchain - Bar\u00e7a Innovation Hub<\/title>\n<meta name=\"robots\" content=\"index, follow, max-snippet:-1, max-image-preview:large, max-video-preview:-1\" \/>\n<link rel=\"canonical\" href=\"https:\/\/elearning.barcainnovationhub.com\/es\/product\/curso-en-tecnologia-innovadora-como-dominar-blockchain\/\" \/>\n<meta property=\"og:locale\" content=\"es_ES\" \/>\n<meta property=\"og:type\" content=\"article\" \/>\n<meta property=\"og:title\" content=\"Curso en Tecnolog\u00eda Innovadora: C\u00f3mo dominar Blockchain - Bar\u00e7a Innovation Hub\" \/>\n<meta property=\"og:description\" content=\"excerpt\" \/>\n<meta property=\"og:url\" content=\"https:\/\/elearning.barcainnovationhub.com\/es\/product\/curso-en-tecnologia-innovadora-como-dominar-blockchain\/\" \/>\n<meta property=\"og:site_name\" content=\"Bar\u00e7a Innovation Hub\" \/>\n<meta property=\"article:publisher\" content=\"https:\/\/www.facebook.com\/fcbuniversitas\" \/>\n<meta property=\"article:modified_time\" content=\"2025-03-07T18:17:22+00:00\" \/>\n<meta name=\"twitter:card\" content=\"summary_large_image\" \/>\n<meta name=\"twitter:site\" content=\"@BarcaInnoHub\" \/>\n<meta name=\"twitter:label1\" content=\"Tiempo de lectura\" \/>\n\t<meta name=\"twitter:data1\" content=\"1 minuto\" \/>\n<script type=\"application\/ld+json\" class=\"yoast-schema-graph\">{\"@context\":\"https:\/\/schema.org\",\"@graph\":[{\"@type\":\"WebPage\",\"@id\":\"https:\/\/elearning.barcainnovationhub.com\/es\/product\/curso-en-tecnologia-innovadora-como-dominar-blockchain\/\",\"url\":\"https:\/\/elearning.barcainnovationhub.com\/es\/product\/curso-en-tecnologia-innovadora-como-dominar-blockchain\/\",\"name\":\"Curso en Tecnolog\u00eda Innovadora: C\u00f3mo dominar Blockchain - Bar\u00e7a Innovation Hub\",\"isPartOf\":{\"@id\":\"https:\/\/elearning.barcainnovationhub.com\/es\/#website\"},\"datePublished\":\"2024-02-19T16:21:00+00:00\",\"dateModified\":\"2025-03-07T18:17:22+00:00\",\"breadcrumb\":{\"@id\":\"https:\/\/elearning.barcainnovationhub.com\/es\/product\/curso-en-tecnologia-innovadora-como-dominar-blockchain\/#breadcrumb\"},\"inLanguage\":\"es\",\"potentialAction\":[{\"@type\":\"ReadAction\",\"target\":[\"https:\/\/elearning.barcainnovationhub.com\/es\/product\/curso-en-tecnologia-innovadora-como-dominar-blockchain\/\"]}]},{\"@type\":\"BreadcrumbList\",\"@id\":\"https:\/\/elearning.barcainnovationhub.com\/es\/product\/curso-en-tecnologia-innovadora-como-dominar-blockchain\/#breadcrumb\",\"itemListElement\":[{\"@type\":\"ListItem\",\"position\":1,\"name\":\"Productos\",\"item\":\"https:\/\/elearning.barcainnovationhub.com\/es\/product\/\"},{\"@type\":\"ListItem\",\"position\":2,\"name\":\"Curso en Tecnolog\u00eda Innovadora: C\u00f3mo dominar Blockchain\"}]},{\"@type\":\"WebSite\",\"@id\":\"https:\/\/elearning.barcainnovationhub.com\/es\/#website\",\"url\":\"https:\/\/elearning.barcainnovationhub.com\/es\/\",\"name\":\"Bar\u00e7a Innovation Hub\",\"description\":\"The worldwide centre for sports knowledge and innovation\",\"potentialAction\":[{\"@type\":\"SearchAction\",\"target\":{\"@type\":\"EntryPoint\",\"urlTemplate\":\"https:\/\/elearning.barcainnovationhub.com\/es\/?s={search_term_string}\"},\"query-input\":\"required name=search_term_string\"}],\"inLanguage\":\"es\"}]}<\/script>\n<!-- \/ Yoast SEO plugin. -->","yoast_head_json":{"title":"Curso en Tecnolog\u00eda Innovadora: C\u00f3mo dominar Blockchain - Bar\u00e7a Innovation Hub","robots":{"index":"index","follow":"follow","max-snippet":"max-snippet:-1","max-image-preview":"max-image-preview:large","max-video-preview":"max-video-preview:-1"},"canonical":"https:\/\/elearning.barcainnovationhub.com\/es\/product\/curso-en-tecnologia-innovadora-como-dominar-blockchain\/","og_locale":"es_ES","og_type":"article","og_title":"Curso en Tecnolog\u00eda Innovadora: C\u00f3mo dominar Blockchain - Bar\u00e7a Innovation Hub","og_description":"excerpt","og_url":"https:\/\/elearning.barcainnovationhub.com\/es\/product\/curso-en-tecnologia-innovadora-como-dominar-blockchain\/","og_site_name":"Bar\u00e7a Innovation Hub","article_publisher":"https:\/\/www.facebook.com\/fcbuniversitas","article_modified_time":"2025-03-07T18:17:22+00:00","twitter_card":"summary_large_image","twitter_site":"@BarcaInnoHub","twitter_misc":{"Tiempo de lectura":"1 minuto"},"schema":{"@context":"https:\/\/schema.org","@graph":[{"@type":"WebPage","@id":"https:\/\/elearning.barcainnovationhub.com\/es\/product\/curso-en-tecnologia-innovadora-como-dominar-blockchain\/","url":"https:\/\/elearning.barcainnovationhub.com\/es\/product\/curso-en-tecnologia-innovadora-como-dominar-blockchain\/","name":"Curso en Tecnolog\u00eda Innovadora: C\u00f3mo dominar Blockchain - Bar\u00e7a Innovation Hub","isPartOf":{"@id":"https:\/\/elearning.barcainnovationhub.com\/es\/#website"},"datePublished":"2024-02-19T16:21:00+00:00","dateModified":"2025-03-07T18:17:22+00:00","breadcrumb":{"@id":"https:\/\/elearning.barcainnovationhub.com\/es\/product\/curso-en-tecnologia-innovadora-como-dominar-blockchain\/#breadcrumb"},"inLanguage":"es","potentialAction":[{"@type":"ReadAction","target":["https:\/\/elearning.barcainnovationhub.com\/es\/product\/curso-en-tecnologia-innovadora-como-dominar-blockchain\/"]}]},{"@type":"BreadcrumbList","@id":"https:\/\/elearning.barcainnovationhub.com\/es\/product\/curso-en-tecnologia-innovadora-como-dominar-blockchain\/#breadcrumb","itemListElement":[{"@type":"ListItem","position":1,"name":"Productos","item":"https:\/\/elearning.barcainnovationhub.com\/es\/product\/"},{"@type":"ListItem","position":2,"name":"Curso en Tecnolog\u00eda Innovadora: C\u00f3mo dominar Blockchain"}]},{"@type":"WebSite","@id":"https:\/\/elearning.barcainnovationhub.com\/es\/#website","url":"https:\/\/elearning.barcainnovationhub.com\/es\/","name":"Bar\u00e7a Innovation Hub","description":"The worldwide centre for sports knowledge and innovation","potentialAction":[{"@type":"SearchAction","target":{"@type":"EntryPoint","urlTemplate":"https:\/\/elearning.barcainnovationhub.com\/es\/?s={search_term_string}"},"query-input":"required name=search_term_string"}],"inLanguage":"es"}]}},"idiomas":{"en":143814,"es":143819,"ar":143815,"ca":143816,"ru":143818,"pt":143817},"_links":{"self":[{"href":"https:\/\/elearning.barcainnovationhub.com\/es\/wp-json\/wp\/v2\/products\/143819"}],"collection":[{"href":"https:\/\/elearning.barcainnovationhub.com\/es\/wp-json\/wp\/v2\/products"}],"about":[{"href":"https:\/\/elearning.barcainnovationhub.com\/es\/wp-json\/wp\/v2\/types\/product"}],"author":[{"embeddable":true,"href":"https:\/\/elearning.barcainnovationhub.com\/es\/wp-json\/wp\/v2\/users\/16"}],"replies":[{"embeddable":true,"href":"https:\/\/elearning.barcainnovationhub.com\/es\/wp-json\/wp\/v2\/comments?post=143819"}],"version-history":[{"count":0,"href":"https:\/\/elearning.barcainnovationhub.com\/es\/wp-json\/wp\/v2\/products\/143819\/revisions"}],"wp:attachment":[{"href":"https:\/\/elearning.barcainnovationhub.com\/es\/wp-json\/wp\/v2\/media?parent=143819"}],"wp:term":[{"taxonomy":"category","embeddable":true,"href":"https:\/\/elearning.barcainnovationhub.com\/es\/wp-json\/wp\/v2\/categories?post=143819"}],"curies":[{"name":"wp","href":"https:\/\/api.w.org\/{rel}","templated":true}]}}