{"id":87767,"date":"2021-04-11T05:06:36","date_gmt":"2021-04-11T08:06:36","guid":{"rendered":"https:\/\/elearning.barcainnovationhub.com\/?post_type=product&#038;p=87767"},"modified":"2025-11-12T09:59:00","modified_gmt":"2025-11-12T12:59:00","slug":"diplomado-comunicacion-deportiva-fan-engagement","status":"publish","type":"product","link":"https:\/\/elearning.barcainnovationhub.com\/es\/product\/diplomado-comunicacion-deportiva-fan-engagement\/","title":{"rendered":"Diploma Profesional en Comunicaci\u00f3n Deportiva y Fan Engagement"},"content":{"rendered":"<p>contenido<\/p>\n","protected":false},"excerpt":{"rendered":"<p>excerpt<\/p>\n","protected":false},"author":16,"featured_media":0,"comment_status":"open","ping_status":"closed","template":"","meta":{"_acf_changed":true,"footnotes":""},"categories":[49,290,160,239,109,114],"class_list":["post-87767","product","type-product","status-publish","hentry","category-barca-innovation-hub","category-barca-innovation-hub-3-es","category-fans-engagement-es","category-marketing-comunicacion-y-management","category-online-based-programs","category-online-based-programs-es"],"acf":{"external_id":"1415","titulo_curso":"Diplomado en Comunicaci\u00f3n Deportiva y Fan Engagement - Carrusel","precio":"960","impartido_en":"Castellano","producto_path":false,"hubspot_product_id":"37624071382","id_magento":"382","header_image":109011,"column_title":"","titulo_incentivo":"Diplomado en Comunicaci\u00f3n Deportiva y Fan Engagement ","fecha_de_inicio":"10072024","precio_en_cuotas":"8 cuotas de 120","precio_de_lista":"","mostrar_form":false,"duracion_del_curso":"8 meses","nivel_del_curso":"Introductorio","contenido":"<p><strong>IMPORTANTE:<\/strong><\/p>\n<p>Si eres o has sido participante de un programa online de Bar\u00e7a Innovation Hub Universitas y te interesa inscribirte en este Diplomado, cont\u00e1ctate con nosotros a trav\u00e9s del CHAT para poder guiarte en el proceso de compra.<\/p>\n","ocultar_video":true,"url_video":"","pdf_brochure":"https:\/\/static.capabiliaserver.com\/frontend\/clients\/barca\/wp_prod\/wp-content\/uploads\/2021\/04\/423c4ae2-diplomado-en-comunicacion-deportiva-y-fan-engagement.pdf","cursos_que_lo_componen":[{"nombre_del_curso":"Problemas de comunicaci\u00f3n en organizaciones deportivas","descripcion_del_curso":"<p>M\u00d3DULO 1: Descripci\u00f3n del rol de la comunicaci\u00f3n en las organizaciones deportivas<br \/>\nM\u00d3DULO 2: Historia de los medios en las comunicaciones deportivas y colaboraci\u00f3n con los periodistas<br \/>\nM\u00d3DULO 3: Elaboraci\u00f3n de mensajes para medios tradicionales y digitales<br \/>\nM\u00d3DULO 4: Creaci\u00f3n de una estrategia de comunicaci\u00f3n para maximizar el impacto<\/p>\n"},{"nombre_del_curso":"Relaciones p\u00fablicas en organizaciones deportivas","descripcion_del_curso":"<p>M\u00d3DULO 1: Las bases de las relaciones p\u00fablicas en los deportes<br \/>\nM\u00d3DULO 2: El panorama cambiante de las relaciones p\u00fablicas en los deportes: del modelo de informaci\u00f3n deportiva al modelo de comunicaci\u00f3n activa<br \/>\nM\u00d3DULO 3: Relaciones p\u00fablicas en los deportes y comunicaci\u00f3n durante crisis<br \/>\nM\u00d3DULO 4: Relaciones p\u00fablicas en los deportes y medios sociales y digitales<\/p>\n"},{"nombre_del_curso":"Estrategias, marcas y comunicaciones en l\u00ednea","descripcion_del_curso":"<p>M\u00d3DULO 1: Tendencias, investigaciones y auditor\u00edas digitales<br \/>\nM\u00d3DULO 2: estrategias de marketing digital y marcas en l\u00ednea<br \/>\nM\u00d3DULO 3: Comunicaciones<br \/>\nM\u00d3DULO 4: Plan de contenidos y gesti\u00f3n de crisis<\/p>\n"},{"nombre_del_curso":"Generaci\u00f3n de ingresos y compromiso con los fan\u00e1ticos","descripcion_del_curso":"<p>M\u00d3DULO 1: Data y recursos<br \/>\nM\u00d3DULO 2: Fuente de ingresos digitales<br \/>\nM\u00d3DULO 3: Fan engagement y eSports<br \/>\nM\u00d3DULO 4: Juegos de fantas\u00eda y Growing Attendance Model (GAM)<\/p>\n"},{"nombre_del_curso":"\u00bfPor qu\u00e9 fan engagement? Definici\u00f3n, principios y fundamentos","descripcion_del_curso":"<p>M\u00d3DULO 1: El origen del Fan Engagement<br \/>\nM\u00d3DULO 2: Definici\u00f3n de aficionados<br \/>\nM\u00d3DULO 3: El fundamento de la participaci\u00f3n de los aficionados<br \/>\nM\u00d3DULO 4: Crear una estrategia de Fan Engagement<\/p>\n"},{"nombre_del_curso":"Fidelizaci\u00f3n de los aficionados","descripcion_del_curso":"<p>M\u00d3DULO 1: Identidad del club: \u00bf\u2018Misma canci\u00f3n, distinta letra\u2019?<br \/>\nM\u00d3DULO 2: Entender y fidelizar la base de aficionados<br \/>\nM\u00d3DULO 3: Dar valor a las experiencias de los aficionados<br \/>\nM\u00d3DULO 4: Personas y culturas<\/p>\n"},{"nombre_del_curso":"\u00bfQu\u00e9 es un aficionado? Entender la naturaleza de la afici\u00f3n","descripcion_del_curso":"<p>M\u00d3DULO 1: Aficionado versus cliente: un amor basado en fricci\u00f3n, emoci\u00f3n e irracionalidad<br \/>\nM\u00d3DULO 2: Comprendiendo el comportamiento de los aficionados<br \/>\nM\u00d3DULO 3: Consulta a los aficionados y un di\u00e1logo estructurado<br \/>\nM\u00d3DULO 4: Incrementando la participaci\u00f3n (datos e indicadores)<\/p>\n"},{"nombre_del_curso":"Liderazgo: crear y mantener una cultura de fidelizaci\u00f3n","descripcion_del_curso":"<p>M\u00d3DULO 1: Una introducci\u00f3n al liderazgo en Fan Engagement<br \/>\nM\u00d3DULO 2: Un modelo de fidelizaci\u00f3n<br \/>\nM\u00d3DULO 3: Participaci\u00f3n de la comunidad<br \/>\nM\u00d3DULO 4: Incorporar el Fan Engagement<\/p>\n"}],"aprende_a":[{"item_aprende_a":"Dominar aspectos centrales de una estrategia de comunicaci\u00f3n externa."},{"item_aprende_a":"Mejorar la funci\u00f3n de relaciones p\u00fablicas en las organizaciones deportivas y la capacidad de identificar posibles amenazas de relaciones p\u00fablicas y estrategias apropiadas para responder ante crisis que se ejecuten a trav\u00e9s de medios tradicionales y medios sociales para corregir estos problemas."},{"item_aprende_a":"Crear un plan de marketing digital."},{"item_aprende_a":"Construir una marca en l\u00ednea."},{"item_aprende_a":"Crear un plan de contenidos y comunicaciones."},{"item_aprende_a":"Desarrollar un entendimiento m\u00e1s detallado sobre Fan Engagement: su definici\u00f3n, historia, principios, pr\u00e1cticas y fundamentos."},{"item_aprende_a":"Entender la naturaleza de los aficionados y la afici\u00f3n para poner a los fan\u00e1ticos en el centro de la actividad de clubes, ligas y\/o asociaciones nacionales."},{"item_aprende_a":"Crear una estrategia de Fan Engagement y dise\u00f1ar una experiencia \u00f3ptima para los aficionados, incluyendo todos los \u2018puntos de contacto\u2019 relevantes y para todos los segmentos clave de los aficionados."},{"item_aprende_a":"Crear una cultura de fidelizaci\u00f3n en una asociaci\u00f3n, liga o club (liderazgo en Fan Engagement)."}],"docentes_expertos":[{"foto":false,"nombre_del_docente":"Jimmy Sanderson","descripcion_del_docente":"Profesor Asistente en el Departamento de Kinesiolog\u00eda y Gesti\u00f3n Deportiva de la Universidad Tecnol\u00f3gica de Texas. Investiga activamente la influencia de las redes sociales en el deporte y es consultor de organizaciones deportivas en materia de gesti\u00f3n de redes sociales.","enlace":""},{"foto":false,"nombre_del_docente":"Sean D. Williams","descripcion_del_docente":"Ph.D., profesor y miembro del Spiro Institute for Entrepreneurial Leadership de la Universidad de Clemson.","enlace":""},{"foto":"https:\/\/elearning.barcainnovationhub.com\/wp-content\/uploads\/2020\/01\/fcc01266-geoff-wilson-328x328.jpg","nombre_del_docente":"Geoff Wilson","descripcion_del_docente":"Estratega deportivo que hace hincapi\u00e9 en organizaciones deportivas y negocios involucrados en el deporte alrededor del mundo. Actualmente trabaja como consultor en comunicaci\u00f3n y marketing para clientes como UEFA, AFC, FIFA, FIBA y el Ulster Grand Prix.","enlace":""},{"foto":"https:\/\/elearning.barcainnovationhub.com\/wp-content\/uploads\/2020\/06\/a52cd486-mark-bradley.png","nombre_del_docente":"Mark Bradley","descripcion_del_docente":"Mentor de la UEFA. Director de \"The Fan Experience Company\".","enlace":""}],"slidebox":false,"titulo_seccion_testimonios":"","activar_banner_1":false,"banner_1":false,"activar_banner_2":false,"banner_2":false,"activar_banner_3":false,"banner_3":false,"zona_horaria":"Europe\/Madrid","url_cursado_webinar":"","activar_nuevos_banners":false,"mostrar_banner_1":false,"crear_banner_1":{"utilizar_imagen_unica_para_banner":false,"asignar_imagen_unica_para_banner":false,"mostrar_titulo_banner":false,"titulo_para_banner":"","mostrar_subtitulo_banner":false,"subtitulo_del_banner":"","mostrar_cta_banner":false,"texto_cta_banner":"","url_cta_banner":"","fondo_de_color_banner":"","fondo_de_imagen_banner":false,"mostrar_imagen_izquierda_banner":false,"asignar_imagen_izquierda_banner":false},"mostrar_banner_2":false,"crear_banner_2":{"utilizar_imagen_unica_para_banner":false,"asignar_imagen_unica_para_banner":false,"mostrar_titulo_banner":false,"titulo_para_banner":"","mostrar_subtitulo_banner":false,"subtitulo_del_banner":"","mostrar_cta_banner":false,"texto_cta_banner":"","url_cta_banner":"","fondo_de_color_banner":"","fondo_de_imagen_banner":false,"mostrar_imagen_izquierda_banner":false,"asignar_imagen_izquierda_banner":false},"mostrar_banner_3":false,"crear_banner_3":{"utilizar_imagen_unica_para_banner":false,"asignar_imagen_unica_para_banner":false,"mostrar_titulo_banner":false,"titulo_para_banner":"","mostrar_subtitulo_banner":false,"subtitulo_del_banner":"","mostrar_cta_banner":false,"texto_cta_banner":"","url_cta_banner":"","fondo_de_color_banner":"","fondo_de_imagen_banner":false,"mostrar_imagen_izquierda_banner":false,"asignar_imagen_izquierda_banner":false},"activar_hero_video":false,"video_texto":"Online","pdf_brochure_link_drive":"https:\/\/drive.google.com\/uc?id=1ecUOQYTBzCH-RqNQYLrEwbjMq8K2ju4z&export=download","fecha_inicio_estatica":"","enable_linkedin_carousel":false,"segunda_fecha_de_inicio":"25072024","imagen_destacada":"https:\/\/elearning.barcainnovationhub.com\/wp-content\/uploads\/2021\/04\/6ea0d961-professional-diploma-in-sports-communication-and-fan-engagement_.jpg","preguntas_frecuentes":false,"contenidistas":false,"promocion_vigente":"","modalidad_cursado":"","avalado_por":false},"yoast_head":"<!-- This site is optimized with the Yoast SEO plugin v23.0 - https:\/\/yoast.com\/wordpress\/plugins\/seo\/ -->\n<title>Diploma Profesional en Comunicaci\u00f3n Deportiva y Fan Engagement - Bar\u00e7a Innovation Hub<\/title>\n<meta name=\"description\" content=\"Obt\u00e9n conocimiento y habilidades integrales para crear un plan de comunicaciones y contenido, y para dise\u00f1ar una experiencia \u00f3ptima para los fan\u00e1ticos.\" \/>\n<meta name=\"robots\" content=\"index, follow, max-snippet:-1, max-image-preview:large, max-video-preview:-1\" \/>\n<link rel=\"canonical\" href=\"https:\/\/elearning.barcainnovationhub.com\/es\/product\/diplomado-comunicacion-deportiva-fan-engagement\/\" \/>\n<meta property=\"og:locale\" content=\"es_ES\" \/>\n<meta property=\"og:type\" content=\"article\" \/>\n<meta property=\"og:title\" content=\"Diplomado en Comunicaci\u00f3n Deportiva y Fan Engagement\" \/>\n<meta property=\"og:description\" content=\"Obt\u00e9n conocimiento y habilidades integrales para crear un plan de comunicaciones y contenido, y para dise\u00f1ar una experiencia \u00f3ptima para los fan\u00e1ticos.\" \/>\n<meta property=\"og:url\" content=\"https:\/\/elearning.barcainnovationhub.com\/es\/product\/diplomado-comunicacion-deportiva-fan-engagement\/\" \/>\n<meta property=\"og:site_name\" content=\"Bar\u00e7a Innovation Hub\" \/>\n<meta property=\"article:publisher\" content=\"https:\/\/www.facebook.com\/fcbuniversitas\" \/>\n<meta property=\"article:modified_time\" content=\"2025-11-12T12:59:00+00:00\" \/>\n<meta property=\"og:image\" content=\"https:\/\/elearning.barcainnovationhub.com\/wp-content\/uploads\/2021\/04\/78c9862a-professional-diploma-in-sports-communication-and-fan-engagement-1.jpg\" \/>\n\t<meta property=\"og:image:width\" content=\"1200\" \/>\n\t<meta property=\"og:image:height\" content=\"1200\" \/>\n\t<meta property=\"og:image:type\" content=\"image\/jpeg\" \/>\n<meta name=\"twitter:card\" content=\"summary_large_image\" \/>\n<meta name=\"twitter:title\" content=\"Diplomado en Comunicaci\u00f3n Deportiva y Fan Engagement\" \/>\n<meta name=\"twitter:description\" content=\"Obt\u00e9n conocimiento y habilidades integrales para crear un plan de comunicaciones y contenido, y para dise\u00f1ar una experiencia \u00f3ptima para los fan\u00e1ticos.\" \/>\n<meta name=\"twitter:image\" content=\"https:\/\/elearning.barcainnovationhub.com\/wp-content\/uploads\/2021\/04\/78c9862a-professional-diploma-in-sports-communication-and-fan-engagement-1.jpg\" \/>\n<meta name=\"twitter:site\" content=\"@BarcaInnoHub\" \/>\n<meta name=\"twitter:label1\" content=\"Tiempo de lectura\" \/>\n\t<meta name=\"twitter:data1\" content=\"1 minuto\" \/>\n<script type=\"application\/ld+json\" class=\"yoast-schema-graph\">{\"@context\":\"https:\/\/schema.org\",\"@graph\":[{\"@type\":\"WebPage\",\"@id\":\"https:\/\/elearning.barcainnovationhub.com\/es\/product\/diplomado-comunicacion-deportiva-fan-engagement\/\",\"url\":\"https:\/\/elearning.barcainnovationhub.com\/es\/product\/diplomado-comunicacion-deportiva-fan-engagement\/\",\"name\":\"Diploma Profesional en Comunicaci\u00f3n Deportiva y Fan Engagement - Bar\u00e7a Innovation Hub\",\"isPartOf\":{\"@id\":\"https:\/\/elearning.barcainnovationhub.com\/es\/#website\"},\"datePublished\":\"2021-04-11T08:06:36+00:00\",\"dateModified\":\"2025-11-12T12:59:00+00:00\",\"description\":\"Obt\u00e9n conocimiento y habilidades integrales para crear un plan de comunicaciones y contenido, y para dise\u00f1ar una experiencia \u00f3ptima para los fan\u00e1ticos.\",\"breadcrumb\":{\"@id\":\"https:\/\/elearning.barcainnovationhub.com\/es\/product\/diplomado-comunicacion-deportiva-fan-engagement\/#breadcrumb\"},\"inLanguage\":\"es\",\"potentialAction\":[{\"@type\":\"ReadAction\",\"target\":[\"https:\/\/elearning.barcainnovationhub.com\/es\/product\/diplomado-comunicacion-deportiva-fan-engagement\/\"]}]},{\"@type\":\"BreadcrumbList\",\"@id\":\"https:\/\/elearning.barcainnovationhub.com\/es\/product\/diplomado-comunicacion-deportiva-fan-engagement\/#breadcrumb\",\"itemListElement\":[{\"@type\":\"ListItem\",\"position\":1,\"name\":\"Productos\",\"item\":\"https:\/\/elearning.barcainnovationhub.com\/es\/product\/\"},{\"@type\":\"ListItem\",\"position\":2,\"name\":\"Diploma Profesional en Comunicaci\u00f3n Deportiva y Fan Engagement\"}]},{\"@type\":\"WebSite\",\"@id\":\"https:\/\/elearning.barcainnovationhub.com\/es\/#website\",\"url\":\"https:\/\/elearning.barcainnovationhub.com\/es\/\",\"name\":\"Bar\u00e7a Innovation Hub\",\"description\":\"The worldwide centre for sports knowledge and innovation\",\"potentialAction\":[{\"@type\":\"SearchAction\",\"target\":{\"@type\":\"EntryPoint\",\"urlTemplate\":\"https:\/\/elearning.barcainnovationhub.com\/es\/?s={search_term_string}\"},\"query-input\":\"required name=search_term_string\"}],\"inLanguage\":\"es\"}]}<\/script>\n<!-- \/ Yoast SEO plugin. -->","yoast_head_json":{"title":"Diploma Profesional en Comunicaci\u00f3n Deportiva y Fan Engagement - Bar\u00e7a Innovation Hub","description":"Obt\u00e9n conocimiento y habilidades integrales para crear un plan de comunicaciones y contenido, y para dise\u00f1ar una experiencia \u00f3ptima para los fan\u00e1ticos.","robots":{"index":"index","follow":"follow","max-snippet":"max-snippet:-1","max-image-preview":"max-image-preview:large","max-video-preview":"max-video-preview:-1"},"canonical":"https:\/\/elearning.barcainnovationhub.com\/es\/product\/diplomado-comunicacion-deportiva-fan-engagement\/","og_locale":"es_ES","og_type":"article","og_title":"Diplomado en Comunicaci\u00f3n Deportiva y Fan Engagement","og_description":"Obt\u00e9n conocimiento y habilidades integrales para crear un plan de comunicaciones y contenido, y para dise\u00f1ar una experiencia \u00f3ptima para los fan\u00e1ticos.","og_url":"https:\/\/elearning.barcainnovationhub.com\/es\/product\/diplomado-comunicacion-deportiva-fan-engagement\/","og_site_name":"Bar\u00e7a Innovation Hub","article_publisher":"https:\/\/www.facebook.com\/fcbuniversitas","article_modified_time":"2025-11-12T12:59:00+00:00","og_image":[{"width":1200,"height":1200,"url":"https:\/\/elearning.barcainnovationhub.com\/wp-content\/uploads\/2021\/04\/78c9862a-professional-diploma-in-sports-communication-and-fan-engagement-1.jpg","type":"image\/jpeg"}],"twitter_card":"summary_large_image","twitter_title":"Diplomado en Comunicaci\u00f3n Deportiva y Fan Engagement","twitter_description":"Obt\u00e9n conocimiento y habilidades integrales para crear un plan de comunicaciones y contenido, y para dise\u00f1ar una experiencia \u00f3ptima para los fan\u00e1ticos.","twitter_image":"https:\/\/elearning.barcainnovationhub.com\/wp-content\/uploads\/2021\/04\/78c9862a-professional-diploma-in-sports-communication-and-fan-engagement-1.jpg","twitter_site":"@BarcaInnoHub","twitter_misc":{"Tiempo de lectura":"1 minuto"},"schema":{"@context":"https:\/\/schema.org","@graph":[{"@type":"WebPage","@id":"https:\/\/elearning.barcainnovationhub.com\/es\/product\/diplomado-comunicacion-deportiva-fan-engagement\/","url":"https:\/\/elearning.barcainnovationhub.com\/es\/product\/diplomado-comunicacion-deportiva-fan-engagement\/","name":"Diploma Profesional en Comunicaci\u00f3n Deportiva y Fan Engagement - Bar\u00e7a Innovation Hub","isPartOf":{"@id":"https:\/\/elearning.barcainnovationhub.com\/es\/#website"},"datePublished":"2021-04-11T08:06:36+00:00","dateModified":"2025-11-12T12:59:00+00:00","description":"Obt\u00e9n conocimiento y habilidades integrales para crear un plan de comunicaciones y contenido, y para dise\u00f1ar una experiencia \u00f3ptima para los fan\u00e1ticos.","breadcrumb":{"@id":"https:\/\/elearning.barcainnovationhub.com\/es\/product\/diplomado-comunicacion-deportiva-fan-engagement\/#breadcrumb"},"inLanguage":"es","potentialAction":[{"@type":"ReadAction","target":["https:\/\/elearning.barcainnovationhub.com\/es\/product\/diplomado-comunicacion-deportiva-fan-engagement\/"]}]},{"@type":"BreadcrumbList","@id":"https:\/\/elearning.barcainnovationhub.com\/es\/product\/diplomado-comunicacion-deportiva-fan-engagement\/#breadcrumb","itemListElement":[{"@type":"ListItem","position":1,"name":"Productos","item":"https:\/\/elearning.barcainnovationhub.com\/es\/product\/"},{"@type":"ListItem","position":2,"name":"Diploma Profesional en Comunicaci\u00f3n Deportiva y Fan Engagement"}]},{"@type":"WebSite","@id":"https:\/\/elearning.barcainnovationhub.com\/es\/#website","url":"https:\/\/elearning.barcainnovationhub.com\/es\/","name":"Bar\u00e7a Innovation Hub","description":"The worldwide centre for sports knowledge and innovation","potentialAction":[{"@type":"SearchAction","target":{"@type":"EntryPoint","urlTemplate":"https:\/\/elearning.barcainnovationhub.com\/es\/?s={search_term_string}"},"query-input":"required name=search_term_string"}],"inLanguage":"es"}]}},"idiomas":{"en":87762,"es":87767,"ar":87763,"ca":87764,"ru":87766,"pt":87765},"_links":{"self":[{"href":"https:\/\/elearning.barcainnovationhub.com\/es\/wp-json\/wp\/v2\/products\/87767"}],"collection":[{"href":"https:\/\/elearning.barcainnovationhub.com\/es\/wp-json\/wp\/v2\/products"}],"about":[{"href":"https:\/\/elearning.barcainnovationhub.com\/es\/wp-json\/wp\/v2\/types\/product"}],"author":[{"embeddable":true,"href":"https:\/\/elearning.barcainnovationhub.com\/es\/wp-json\/wp\/v2\/users\/16"}],"replies":[{"embeddable":true,"href":"https:\/\/elearning.barcainnovationhub.com\/es\/wp-json\/wp\/v2\/comments?post=87767"}],"version-history":[{"count":0,"href":"https:\/\/elearning.barcainnovationhub.com\/es\/wp-json\/wp\/v2\/products\/87767\/revisions"}],"wp:attachment":[{"href":"https:\/\/elearning.barcainnovationhub.com\/es\/wp-json\/wp\/v2\/media?parent=87767"}],"wp:term":[{"taxonomy":"category","embeddable":true,"href":"https:\/\/elearning.barcainnovationhub.com\/es\/wp-json\/wp\/v2\/categories?post=87767"}],"curies":[{"name":"wp","href":"https:\/\/api.w.org\/{rel}","templated":true}]}}