{"id":87809,"date":"2021-04-11T02:27:02","date_gmt":"2021-04-11T05:27:02","guid":{"rendered":"https:\/\/elearning.barcainnovationhub.com\/?post_type=product&#038;p=87809"},"modified":"2025-11-05T11:33:46","modified_gmt":"2025-11-05T14:33:46","slug":"diplomado-nutricion-deportiva","status":"publish","type":"product","link":"https:\/\/elearning.barcainnovationhub.com\/es\/product\/diplomado-nutricion-deportiva\/","title":{"rendered":"Diploma Profesional en Nutrici\u00f3n Deportiva"},"content":{"rendered":"<p>contenido<\/p>\n\n\n<p><\/p>\n","protected":false},"excerpt":{"rendered":"<p>excerpt<\/p>\n","protected":false},"author":16,"featured_media":0,"comment_status":"open","ping_status":"closed","template":"","meta":{"_acf_changed":true,"footnotes":""},"categories":[49,290,211,210,109,114,45],"class_list":["post-87809","product","type-product","status-publish","hentry","category-barca-innovation-hub","category-barca-innovation-hub-3-es","category-medicina-es","category-nutricion-es","category-online-based-programs","category-online-based-programs-es","category-salud-y-bienestar-es"],"acf":{"external_id":"2427","titulo_curso":"Diplomado en Diplomado en Nutrici\u00f3n Deportiva - Carrusel","precio":"960","producto_path":false,"hubspot_product_id":"37630178491","id_magento":"389","header_image":149729,"column_title":"","titulo_incentivo":"Programa Especializado en Nutrici\u00f3n Deportiva","fecha_de_inicio":"10092021","precio_en_cuotas":"","precio_de_lista":"","mostrar_form":false,"duracion_del_curso":"8 meses","nivel_del_curso":"Introductorio","contenido":"<p>Optimiza el rendimiento deportivo y la recuperaci\u00f3n de tus atletas aplicando conocimientos avanzados en nutrici\u00f3n. Aprende a personalizar estrategias nutricionales, manejar suplementos de manera segura y aprovechar los \u00faltimos avances cient\u00edficos para potenciar cada entrenamiento y competici\u00f3n.<\/p>\n","ocultar_video":true,"url_video":"","pdf_brochure":"https:\/\/static.capabiliaserver.com\/frontend\/clients\/barca\/wp_prod\/wp-content\/uploads\/2021\/04\/b6a2321c-diplomado-en-nutricion-deportiva.pdf","cursos_que_lo_componen":[{"nombre_del_curso":"Alimentaci\u00f3n y rendimiento deportivo","descripcion_del_curso":"<p>M\u00d3DULO 1: Bioenerg\u00e9tica<br \/>\nM\u00d3DULO 2: Alimentaci\u00f3n y nutrici\u00f3n<br \/>\nM\u00d3DULO 3: Nutrici\u00f3n deportiva pr\u00e1ctica<br \/>\nM\u00d3DULO 4: M\u00f3dulo integrador<\/p>\n"},{"nombre_del_curso":"Suplementaci\u00f3n y ayudas ergog\u00e9nicas en el deporte","descripcion_del_curso":"<p>M\u00d3DULO 1: Conceptos introductorios<br \/>\nM\u00d3DULO 2: Alimentos deportivos<br \/>\nM\u00d3DULO 3: Ayudas ergog\u00e9nicas<br \/>\nM\u00d3DULO 4: M\u00f3dulo integrador<\/p>\n"},{"nombre_del_curso":"Hidrataci\u00f3n deportiva","descripcion_del_curso":"<p>M\u00d3DULO 1: Conceptos introductorios<br \/>\nM\u00d3DULO 2: Deshidrataci\u00f3n, hipertermia y p\u00e9rdida de rendimiento: enfoque tradicional<br \/>\nM\u00d3DULO 3: Hidrataci\u00f3n basada en la evidencia: enfoque contempor\u00e1neo<br \/>\nM\u00d3DULO 4: M\u00f3dulo integrador<\/p>\n"},{"nombre_del_curso":"Composici\u00f3n corporal, somatotipo y rendimiento deportivo","descripcion_del_curso":"<p>M\u00d3DULO 1: Composici\u00f3n corporal<br \/>\nM\u00d3DULO 2: Composici\u00f3n corporal, rendimiento deportivo y nutrici\u00f3n<br \/>\nM\u00d3DULO 3: Somatotipo<br \/>\nM\u00d3DULO 4: M\u00f3dulo integrador<\/p>\n"},{"nombre_del_curso":"Nutrici\u00f3n deportiva avanzada","descripcion_del_curso":"<p>M\u00d3DULO 1: La historia y el futuro de la nutrici\u00f3n deportiva<br \/>\nM\u00d3DULO 2: \u00bfQu\u00e9 hace falta para ser eficiente en la nutrici\u00f3n deportiva?<br \/>\nM\u00d3DULO 3: Suplementos versus alimentos<br \/>\nM\u00d3DULO 4: Sistema inmune<\/p>\n"},{"nombre_del_curso":"Nutrici\u00f3n, recuperaci\u00f3n y adaptaciones al entrenamiento","descripcion_del_curso":"<p>M\u00d3DULO 1: Ejercicio y fatiga<br \/>\nM\u00d3DULO 2: Recuperaci\u00f3n y adaptaci\u00f3n<br \/>\nM\u00d3DULO 3: Optimizar la recuperaci\u00f3n y la adaptaci\u00f3n<br \/>\nM\u00d3DULO 4: Recuperaci\u00f3n de lesiones<\/p>\n"},{"nombre_del_curso":"Preparaci\u00f3n para el d\u00eda del partido y nutrici\u00f3n personalizada","descripcion_del_curso":"<p>M\u00d3DULO 1: \u00bfNutrici\u00f3n personalizada?<br \/>\nM\u00d3DULO 2: Preparaci\u00f3n para el d\u00eda del partido<br \/>\nM\u00d3DULO 3: Condiciones extremas<br \/>\nM\u00d3DULO 4: Suplementos<\/p>\n"},{"nombre_del_curso":"Nutrici\u00f3n periodizada","descripcion_del_curso":"<p>M\u00d3DULO 1: La teor\u00eda<br \/>\nM\u00d3DULO 2: Entrenar los intestinos<br \/>\nM\u00d3DULO 3: Entrenamiento bajo<br \/>\nM\u00d3DULO 4: De la teor\u00eda a la pr\u00e1ctica<\/p>\n"}],"aprende_a":[{"item_aprende_a":"Distinguir las sustancias efectivas y las no efectivas y\/o peligrosas en las formulaciones de suplementos nutricionales, de modo de utilizarlos de manera \u00f3ptima."},{"item_aprende_a":"Utilizar los conocimientos sobre nutrici\u00f3n deportiva en funci\u00f3n de las demandas y necesidades de distintas formas de actividad f\u00edsica."},{"item_aprende_a":"Dise\u00f1ar estrategias de hidrataci\u00f3n segura antes, durante y despu\u00e9s del entrenamiento y la competici\u00f3n."},{"item_aprende_a":"Utilizar de manera pr\u00e1ctica los conocimientos sobre la composici\u00f3n corporal y el somatotipo dentro de la nutrici\u00f3n y para el rendimiento deportivo."},{"item_aprende_a":"Mejorar el comportamiento de los deportistas a trav\u00e9s de la nutrici\u00f3n deportiva."},{"item_aprende_a":"Implementar suplementos en la pr\u00e1ctica diaria."},{"item_aprende_a":"Minimizar el riesgo del uso de suplementos."},{"item_aprende_a":"Optimizar la recuperaci\u00f3n intensa y la adaptaci\u00f3n al entrenamiento con la nutrici\u00f3n."},{"item_aprende_a":"Planificar la nutrici\u00f3n para una temporada y para una semana."},{"item_aprende_a":"Comprender la base te\u00f3rica para la periodizaci\u00f3n de la nutrici\u00f3n."},{"item_aprende_a":"Aplicar la personalizaci\u00f3n a la nutrici\u00f3n deportiva de los equipos."},{"item_aprende_a":"Aplicar los \u00faltimos avances de la ciencia a la preparaci\u00f3n del d\u00eda del partido."}],"docentes_expertos":[{"foto":"https:\/\/static.capabiliaserver.com\/frontend\/clients\/barca\/wp_prod\/wp-content\/uploads\/2019\/11\/cad3d3e6-7ad8304a-asker_jeukendrup-150x150.jpg","nombre_del_docente":"Asker Jeukendrup","descripcion_del_docente":"Cient\u00edfico en nutrici\u00f3n deportiva. Profesor de metabolismo del ejercicio. Consultor de rendimiento en deporte de \u00e9lite. Emprendedor. Triatleta Ironman.","enlace":""}],"slidebox":false,"titulo_seccion_testimonios":"","activar_banner_1":false,"banner_1":false,"activar_banner_2":false,"banner_2":false,"activar_banner_3":false,"banner_3":false,"zona_horaria":"Europe\/Madrid","url_cursado_webinar":"","segunda_fecha_de_inicio":"25092021","activar_nuevos_banners":false,"mostrar_banner_1":false,"crear_banner_1":{"utilizar_imagen_unica_para_banner":false,"asignar_imagen_unica_para_banner":false,"mostrar_titulo_banner":false,"titulo_para_banner":"","mostrar_subtitulo_banner":false,"subtitulo_del_banner":"","mostrar_cta_banner":false,"texto_cta_banner":"","url_cta_banner":"","fondo_de_color_banner":"","fondo_de_imagen_banner":false,"mostrar_imagen_izquierda_banner":false,"asignar_imagen_izquierda_banner":false},"mostrar_banner_2":false,"crear_banner_2":{"utilizar_imagen_unica_para_banner":false,"asignar_imagen_unica_para_banner":false,"mostrar_titulo_banner":false,"titulo_para_banner":"","mostrar_subtitulo_banner":false,"subtitulo_del_banner":"","mostrar_cta_banner":false,"texto_cta_banner":"","url_cta_banner":"","fondo_de_color_banner":"","fondo_de_imagen_banner":false,"mostrar_imagen_izquierda_banner":false,"asignar_imagen_izquierda_banner":false},"mostrar_banner_3":false,"crear_banner_3":{"utilizar_imagen_unica_para_banner":false,"asignar_imagen_unica_para_banner":false,"mostrar_titulo_banner":false,"titulo_para_banner":"","mostrar_subtitulo_banner":false,"subtitulo_del_banner":"","mostrar_cta_banner":false,"texto_cta_banner":"","url_cta_banner":"","fondo_de_color_banner":"","fondo_de_imagen_banner":false,"mostrar_imagen_izquierda_banner":false,"asignar_imagen_izquierda_banner":false},"activar_hero_video":false,"video_texto":"134447","pdf_brochure_link_drive":"https:\/\/drive.google.com\/uc?id=1oayRPND_XTjoo2Fd4zHPqGqGHBv5NlVU&export=download","imagen_destacada":"https:\/\/static.capabiliaserver.com\/frontend\/clients\/barcanew\/wp_prod\/wp-content\/uploads\/56249bbd-diseno-sin-titulo-15.png","enable_linkedin_carousel":false,"fecha_inicio_estatica":"","promocion_vigente":"09\/12\/2024","impartido_en":"","preguntas_frecuentes":false,"contenidistas":false,"modalidad_cursado":"Online-based","avalado_por":false},"yoast_head":"<!-- This site is optimized with the Yoast SEO plugin v23.0 - https:\/\/yoast.com\/wordpress\/plugins\/seo\/ -->\n<title>Diploma Profesional en Nutrici\u00f3n Deportiva - Bar\u00e7a Innovation Hub<\/title>\n<meta name=\"description\" content=\"En este programa de 8 meses, obtendr\u00e1s conocimientos integrales para mejorar el desempe\u00f1o de los deportistas a trav\u00e9s de la nutrici\u00f3n deportiva.\" \/>\n<meta name=\"robots\" content=\"index, follow, max-snippet:-1, max-image-preview:large, max-video-preview:-1\" \/>\n<link rel=\"canonical\" href=\"https:\/\/elearning.barcainnovationhub.com\/es\/product\/diplomado-nutricion-deportiva\/\" \/>\n<meta property=\"og:locale\" content=\"es_ES\" \/>\n<meta property=\"og:type\" content=\"article\" \/>\n<meta property=\"og:title\" content=\"Diplomado en Nutrici\u00f3n Deportiva\" \/>\n<meta property=\"og:description\" content=\"En este programa de 8 meses, obtendr\u00e1s conocimientos integrales para mejorar el desempe\u00f1o de los deportistas a trav\u00e9s de la nutrici\u00f3n deportiva.\" \/>\n<meta property=\"og:url\" content=\"https:\/\/elearning.barcainnovationhub.com\/es\/product\/diplomado-nutricion-deportiva\/\" \/>\n<meta property=\"og:site_name\" content=\"Bar\u00e7a Innovation Hub\" \/>\n<meta property=\"article:publisher\" content=\"https:\/\/www.facebook.com\/fcbuniversitas\" \/>\n<meta property=\"article:modified_time\" content=\"2025-11-05T14:33:46+00:00\" \/>\n<meta property=\"og:image\" content=\"https:\/\/elearning.barcainnovationhub.com\/wp-content\/uploads\/2021\/04\/3e7d48d3-professional-diploma-in-sports-nutrition-2.jpg\" \/>\n\t<meta property=\"og:image:width\" content=\"1200\" \/>\n\t<meta property=\"og:image:height\" content=\"1200\" \/>\n\t<meta property=\"og:image:type\" content=\"image\/jpeg\" \/>\n<meta name=\"twitter:card\" content=\"summary_large_image\" \/>\n<meta name=\"twitter:title\" content=\"Diplomado en Nutrici\u00f3n Deportiva\" \/>\n<meta name=\"twitter:description\" content=\"En este programa de 8 meses, obtendr\u00e1s conocimientos integrales para mejorar el desempe\u00f1o de los deportistas a trav\u00e9s de la nutrici\u00f3n deportiva.\" \/>\n<meta name=\"twitter:image\" content=\"https:\/\/elearning.barcainnovationhub.com\/wp-content\/uploads\/2021\/04\/3e7d48d3-professional-diploma-in-sports-nutrition-2.jpg\" \/>\n<meta name=\"twitter:site\" content=\"@BarcaInnoHub\" \/>\n<meta name=\"twitter:label1\" content=\"Tiempo de lectura\" \/>\n\t<meta name=\"twitter:data1\" content=\"1 minuto\" \/>\n<script type=\"application\/ld+json\" class=\"yoast-schema-graph\">{\"@context\":\"https:\/\/schema.org\",\"@graph\":[{\"@type\":\"WebPage\",\"@id\":\"https:\/\/elearning.barcainnovationhub.com\/es\/product\/diplomado-nutricion-deportiva\/\",\"url\":\"https:\/\/elearning.barcainnovationhub.com\/es\/product\/diplomado-nutricion-deportiva\/\",\"name\":\"Diploma Profesional en Nutrici\u00f3n Deportiva - Bar\u00e7a Innovation Hub\",\"isPartOf\":{\"@id\":\"https:\/\/elearning.barcainnovationhub.com\/es\/#website\"},\"datePublished\":\"2021-04-11T05:27:02+00:00\",\"dateModified\":\"2025-11-05T14:33:46+00:00\",\"description\":\"En este programa de 8 meses, obtendr\u00e1s conocimientos integrales para mejorar el desempe\u00f1o de los deportistas a trav\u00e9s de la nutrici\u00f3n deportiva.\",\"breadcrumb\":{\"@id\":\"https:\/\/elearning.barcainnovationhub.com\/es\/product\/diplomado-nutricion-deportiva\/#breadcrumb\"},\"inLanguage\":\"es\",\"potentialAction\":[{\"@type\":\"ReadAction\",\"target\":[\"https:\/\/elearning.barcainnovationhub.com\/es\/product\/diplomado-nutricion-deportiva\/\"]}]},{\"@type\":\"BreadcrumbList\",\"@id\":\"https:\/\/elearning.barcainnovationhub.com\/es\/product\/diplomado-nutricion-deportiva\/#breadcrumb\",\"itemListElement\":[{\"@type\":\"ListItem\",\"position\":1,\"name\":\"Productos\",\"item\":\"https:\/\/elearning.barcainnovationhub.com\/es\/product\/\"},{\"@type\":\"ListItem\",\"position\":2,\"name\":\"Diploma Profesional en Nutrici\u00f3n Deportiva\"}]},{\"@type\":\"WebSite\",\"@id\":\"https:\/\/elearning.barcainnovationhub.com\/es\/#website\",\"url\":\"https:\/\/elearning.barcainnovationhub.com\/es\/\",\"name\":\"Bar\u00e7a Innovation Hub\",\"description\":\"The worldwide centre for sports knowledge and innovation\",\"potentialAction\":[{\"@type\":\"SearchAction\",\"target\":{\"@type\":\"EntryPoint\",\"urlTemplate\":\"https:\/\/elearning.barcainnovationhub.com\/es\/?s={search_term_string}\"},\"query-input\":\"required name=search_term_string\"}],\"inLanguage\":\"es\"}]}<\/script>\n<!-- \/ Yoast SEO plugin. -->","yoast_head_json":{"title":"Diploma Profesional en Nutrici\u00f3n Deportiva - Bar\u00e7a Innovation Hub","description":"En este programa de 8 meses, obtendr\u00e1s conocimientos integrales para mejorar el desempe\u00f1o de los deportistas a trav\u00e9s de la nutrici\u00f3n deportiva.","robots":{"index":"index","follow":"follow","max-snippet":"max-snippet:-1","max-image-preview":"max-image-preview:large","max-video-preview":"max-video-preview:-1"},"canonical":"https:\/\/elearning.barcainnovationhub.com\/es\/product\/diplomado-nutricion-deportiva\/","og_locale":"es_ES","og_type":"article","og_title":"Diplomado en Nutrici\u00f3n Deportiva","og_description":"En este programa de 8 meses, obtendr\u00e1s conocimientos integrales para mejorar el desempe\u00f1o de los deportistas a trav\u00e9s de la nutrici\u00f3n deportiva.","og_url":"https:\/\/elearning.barcainnovationhub.com\/es\/product\/diplomado-nutricion-deportiva\/","og_site_name":"Bar\u00e7a Innovation Hub","article_publisher":"https:\/\/www.facebook.com\/fcbuniversitas","article_modified_time":"2025-11-05T14:33:46+00:00","og_image":[{"width":1200,"height":1200,"url":"https:\/\/elearning.barcainnovationhub.com\/wp-content\/uploads\/2021\/04\/3e7d48d3-professional-diploma-in-sports-nutrition-2.jpg","type":"image\/jpeg"}],"twitter_card":"summary_large_image","twitter_title":"Diplomado en Nutrici\u00f3n Deportiva","twitter_description":"En este programa de 8 meses, obtendr\u00e1s conocimientos integrales para mejorar el desempe\u00f1o de los deportistas a trav\u00e9s de la nutrici\u00f3n deportiva.","twitter_image":"https:\/\/elearning.barcainnovationhub.com\/wp-content\/uploads\/2021\/04\/3e7d48d3-professional-diploma-in-sports-nutrition-2.jpg","twitter_site":"@BarcaInnoHub","twitter_misc":{"Tiempo de lectura":"1 minuto"},"schema":{"@context":"https:\/\/schema.org","@graph":[{"@type":"WebPage","@id":"https:\/\/elearning.barcainnovationhub.com\/es\/product\/diplomado-nutricion-deportiva\/","url":"https:\/\/elearning.barcainnovationhub.com\/es\/product\/diplomado-nutricion-deportiva\/","name":"Diploma Profesional en Nutrici\u00f3n Deportiva - Bar\u00e7a Innovation Hub","isPartOf":{"@id":"https:\/\/elearning.barcainnovationhub.com\/es\/#website"},"datePublished":"2021-04-11T05:27:02+00:00","dateModified":"2025-11-05T14:33:46+00:00","description":"En este programa de 8 meses, obtendr\u00e1s conocimientos integrales para mejorar el desempe\u00f1o de los deportistas a trav\u00e9s de la nutrici\u00f3n deportiva.","breadcrumb":{"@id":"https:\/\/elearning.barcainnovationhub.com\/es\/product\/diplomado-nutricion-deportiva\/#breadcrumb"},"inLanguage":"es","potentialAction":[{"@type":"ReadAction","target":["https:\/\/elearning.barcainnovationhub.com\/es\/product\/diplomado-nutricion-deportiva\/"]}]},{"@type":"BreadcrumbList","@id":"https:\/\/elearning.barcainnovationhub.com\/es\/product\/diplomado-nutricion-deportiva\/#breadcrumb","itemListElement":[{"@type":"ListItem","position":1,"name":"Productos","item":"https:\/\/elearning.barcainnovationhub.com\/es\/product\/"},{"@type":"ListItem","position":2,"name":"Diploma Profesional en Nutrici\u00f3n Deportiva"}]},{"@type":"WebSite","@id":"https:\/\/elearning.barcainnovationhub.com\/es\/#website","url":"https:\/\/elearning.barcainnovationhub.com\/es\/","name":"Bar\u00e7a Innovation Hub","description":"The worldwide centre for sports knowledge and innovation","potentialAction":[{"@type":"SearchAction","target":{"@type":"EntryPoint","urlTemplate":"https:\/\/elearning.barcainnovationhub.com\/es\/?s={search_term_string}"},"query-input":"required name=search_term_string"}],"inLanguage":"es"}]}},"idiomas":{"en":87804,"es":87809,"ar":87805,"ca":87806,"ru":87808,"pt":87807},"_links":{"self":[{"href":"https:\/\/elearning.barcainnovationhub.com\/es\/wp-json\/wp\/v2\/products\/87809"}],"collection":[{"href":"https:\/\/elearning.barcainnovationhub.com\/es\/wp-json\/wp\/v2\/products"}],"about":[{"href":"https:\/\/elearning.barcainnovationhub.com\/es\/wp-json\/wp\/v2\/types\/product"}],"author":[{"embeddable":true,"href":"https:\/\/elearning.barcainnovationhub.com\/es\/wp-json\/wp\/v2\/users\/16"}],"replies":[{"embeddable":true,"href":"https:\/\/elearning.barcainnovationhub.com\/es\/wp-json\/wp\/v2\/comments?post=87809"}],"version-history":[{"count":0,"href":"https:\/\/elearning.barcainnovationhub.com\/es\/wp-json\/wp\/v2\/products\/87809\/revisions"}],"wp:attachment":[{"href":"https:\/\/elearning.barcainnovationhub.com\/es\/wp-json\/wp\/v2\/media?parent=87809"}],"wp:term":[{"taxonomy":"category","embeddable":true,"href":"https:\/\/elearning.barcainnovationhub.com\/es\/wp-json\/wp\/v2\/categories?post=87809"}],"curies":[{"name":"wp","href":"https:\/\/api.w.org\/{rel}","templated":true}]}}