{"id":9653,"date":"2019-01-24T15:19:09","date_gmt":"2019-01-24T18:19:09","guid":{"rendered":"https:\/\/elearning.barcainnovationhub.com\/?post_type=product&#038;p=9653"},"modified":"2025-11-10T11:00:54","modified_gmt":"2025-11-10T14:00:54","slug":"certificado-en-comunicacion-en-organizaciones-deportivas","status":"publish","type":"product","link":"https:\/\/elearning.barcainnovationhub.com\/es\/product\/certificado-en-comunicacion-en-organizaciones-deportivas\/","title":{"rendered":"Certificado en Comunicaci\u00f3n en Organizaciones Deportivas"},"content":{"rendered":"","protected":false},"excerpt":{"rendered":"","protected":false},"author":1,"featured_media":0,"comment_status":"open","ping_status":"closed","template":"","meta":{"_acf_changed":true,"footnotes":""},"categories":[290,219,208,109,114],"class_list":["post-9653","product","type-product","status-publish","hentry","category-barca-innovation-hub-3-es","category-institucional","category-institutional","category-online-based-programs","category-online-based-programs-es"],"acf":{"external_id":"2476","header_image":141660,"column_title":"","titulo_incentivo":"Certificado en Comunicaci\u00f3n en Organizaciones Deportivas","precio":"625","precio_en_cuotas":"4 cuotas de 156,25","precio_de_lista":"","mostrar_form":false,"duracion_del_curso":"4 meses","nivel_del_curso":"Introductorio","modalidad_cursado":"Online","impartido_en":"Castellano","contenido":"<p>En este curso, apuntado tanto a gerentes nuevos como a los que ya se encuentran en ejercicio, Jimmy Sanderson y Sean D. Williams ense\u00f1an las habilidades esenciales para gestionar las tareas de comunicaci\u00f3n externa m\u00e1s relevantes de sus organizaciones deportivas y lograr comunicarse eficazmente con sus diversas audiencias y obtener resultados exitosos.<\/p>\n","ocultar_video":false,"pdf_brochure":"https:\/\/static.capabiliaserver.com\/frontend\/clients\/barca\/wp_prod\/wp-content\/uploads\/2019\/01\/d3a6e2d9-certificado-en-comunicacion-en-organizaciones-deportivas.pdf","cursos_que_lo_componen":[{"nombre_del_curso":"Problemas de Comunicaci\u00f3n en Organizaciones Deportivas","descripcion_del_curso":"<p>M\u00d3DULO 1: Descripci\u00f3n del papel de la comunicaci\u00f3n en las organizaciones deportivas<br \/>\nM\u00d3DULO 2: Explicaci\u00f3n de la evoluci\u00f3n de la comunicaci\u00f3n deportiva y descripci\u00f3n de la<br \/>\ncolaboraci\u00f3n eficaz con los periodistas<br \/>\nM\u00d3DULO 3: Redacci\u00f3n de mensajes para medios tradicionales y digitales<br \/>\nM\u00d3DULO 4: Creaci\u00f3n de una estrategia de comunicaci\u00f3n para maximizar el impacto<\/p>\n"},{"nombre_del_curso":"Estrategias de Redes Sociales en Organizaciones Deportivas","descripcion_del_curso":"<p>M\u00d3DULO 1: Redes sociales y el contexto organizacional cambiante<br \/>\nM\u00d3DULO 2: Contenido para redes sociales y fidelizaci\u00f3n de audiencias<br \/>\nM\u00d3DULO 3: Redes sociales y gobernanza organizacional<br \/>\nM\u00d3DULO 4: Estrategias en redes sociales<\/p>\n"},{"nombre_del_curso":"Relaciones P\u00fablicas en Organizaciones Deportivas","descripcion_del_curso":"<p>M\u00d3DULO 1: Fundamentos de las relaciones p\u00fablicas en el deporte<br \/>\nM\u00d3DULO 2: El contexto cambiante de las relaciones p\u00fablicas en el deporte: del modelo de informaci\u00f3n deportiva al modelo de comunicaci\u00f3n activa<br \/>\nM\u00d3DULO 3: Relaciones p\u00fablicas y crisis comunicacional en el deporte<br \/>\nM\u00d3DULO 4: Relaciones p\u00fablicas, redes sociales y medios digitales en el deporte<\/p>\n"},{"nombre_del_curso":"Marketing en Organizaciones Deportivas","descripcion_del_curso":"<p>M\u00d3DULO 1: Marketing y branding deportivo<br \/>\nM\u00d3DULO 2: Deportes, marketing digital y redes sociales<br \/>\nM\u00d3DULO 3: Patrocinio y ventas<br \/>\nM\u00d3DULO 4: Creaci\u00f3n de un plan de marketing exitoso<\/p>\n"}],"docentes_expertos":[{"foto":false,"nombre_del_docente":"Jimmy Sanderson","descripcion_del_docente":"Profesor Asistente en el Departamento de Kinesiolog\u00eda y Gesti\u00f3n Deportiva de la Universidad Tecnol\u00f3gica de Texas. Investiga activamente la influencia de las redes sociales en el deporte y es consultor de organizaciones deportivas en materia de gesti\u00f3n de redes sociales.","enlace":""},{"foto":false,"nombre_del_docente":"Sean D. Williams","descripcion_del_docente":"Ph.D., profesor y miembro del Spiro Institute for Entrepreneurial Leadership de la Universidad de Clemson.","enlace":""}],"hubspot_product_id":"37770615032","url_video":"https:\/\/www.youtube.com\/embed\/ZS7efp0qHaE","aprende_a":[{"item_aprende_a":"Completar con eficacia las tareas comunicativas m\u00e1s relevantes, por sus propios medios, cuando no existe personal exclusivo de comunicaciones."},{"item_aprende_a":"Gestionar con \u00e9xito el trabajo de los equipos de comunicaciones cuando la organizaci\u00f3n cuenta con comunicadores profesionales."}],"fecha_de_inicio":"10062021","id_magento":"220","producto_path":false,"slidebox":false,"titulo_seccion_testimonios":"","activar_banner_1":false,"banner_1":false,"activar_banner_2":false,"banner_2":false,"activar_banner_3":false,"banner_3":false,"zona_horaria":"Europe\/Madrid","url_cursado_webinar":"","activar_nuevos_banners":false,"mostrar_banner_1":false,"crear_banner_1":{"utilizar_imagen_unica_para_banner":false,"asignar_imagen_unica_para_banner":false,"mostrar_titulo_banner":false,"titulo_para_banner":"","mostrar_subtitulo_banner":false,"subtitulo_del_banner":"","mostrar_cta_banner":false,"texto_cta_banner":"","url_cta_banner":"","fondo_de_color_banner":"","fondo_de_imagen_banner":false,"mostrar_imagen_izquierda_banner":false,"asignar_imagen_izquierda_banner":false},"mostrar_banner_2":false,"crear_banner_2":{"utilizar_imagen_unica_para_banner":false,"asignar_imagen_unica_para_banner":false,"mostrar_titulo_banner":false,"titulo_para_banner":"","mostrar_subtitulo_banner":false,"subtitulo_del_banner":"","mostrar_cta_banner":false,"texto_cta_banner":"","url_cta_banner":"","fondo_de_color_banner":"","fondo_de_imagen_banner":false,"mostrar_imagen_izquierda_banner":false,"asignar_imagen_izquierda_banner":false},"mostrar_banner_3":false,"crear_banner_3":{"utilizar_imagen_unica_para_banner":false,"asignar_imagen_unica_para_banner":false,"mostrar_titulo_banner":false,"titulo_para_banner":"","mostrar_subtitulo_banner":false,"subtitulo_del_banner":"","mostrar_cta_banner":false,"texto_cta_banner":"","url_cta_banner":"","fondo_de_color_banner":"","fondo_de_imagen_banner":false,"mostrar_imagen_izquierda_banner":false,"asignar_imagen_izquierda_banner":false},"activar_hero_video":false,"video_texto":"134237","pdf_brochure_link_drive":"https:\/\/drive.google.com\/uc?id=1_XvJx5aGBszWFh3IFLCQk7GIrD5HCr33&export=download","imagen_destacada":"https:\/\/static.capabiliaserver.com\/frontend\/clients\/barcanew\/wp_prod\/wp-content\/uploads\/2019\/01\/ba56e863-certificado-en-comunicacion-en-organizaciones-deportivas.jpg","fecha_inicio_estatica":"","enable_linkedin_carousel":false,"preguntas_frecuentes":false,"contenidistas":false,"promocion_vigente":"","avalado_por":false},"yoast_head":"<!-- This site is optimized with the Yoast SEO plugin v23.0 - https:\/\/yoast.com\/wordpress\/plugins\/seo\/ -->\n<title>Certificado en Comunicaci\u00f3n en Organizaciones Deportivas - Bar\u00e7a Innovation Hub<\/title>\n<meta name=\"description\" content=\"Curso online de Comunicaci\u00f3n Deportiva, aprende a desarrollar planes de comunicaci\u00f3n para los objetivos de la organizaci\u00f3n\" \/>\n<meta name=\"robots\" content=\"index, follow, max-snippet:-1, max-image-preview:large, max-video-preview:-1\" \/>\n<link rel=\"canonical\" href=\"https:\/\/elearning.barcainnovationhub.com\/es\/product\/certificado-en-comunicacion-en-organizaciones-deportivas\/\" \/>\n<meta property=\"og:locale\" content=\"es_ES\" \/>\n<meta property=\"og:type\" content=\"article\" \/>\n<meta property=\"og:title\" content=\"Certificado en Comunicaci\u00f3n en Organizaciones Deportivas\" \/>\n<meta property=\"og:description\" content=\"Curso online de Comunicaci\u00f3n Deportiva, aprende a desarrollar planes de comunicaci\u00f3n para los objetivos de la organizaci\u00f3n.\" \/>\n<meta property=\"og:url\" content=\"https:\/\/elearning.barcainnovationhub.com\/es\/product\/certificado-en-comunicacion-en-organizaciones-deportivas\/\" \/>\n<meta property=\"og:site_name\" content=\"Bar\u00e7a Innovation Hub\" \/>\n<meta property=\"article:publisher\" content=\"https:\/\/www.facebook.com\/fcbuniversitas\" \/>\n<meta property=\"article:modified_time\" content=\"2025-11-10T14:00:54+00:00\" \/>\n<meta property=\"og:image\" content=\"https:\/\/elearning.barcainnovationhub.com\/wp-content\/uploads\/2019\/01\/7931dbb7-certificate-in-communication-in-sports-organizations.png\" \/>\n\t<meta property=\"og:image:width\" content=\"1200\" \/>\n\t<meta property=\"og:image:height\" content=\"1200\" \/>\n\t<meta property=\"og:image:type\" content=\"image\/png\" \/>\n<meta name=\"twitter:card\" content=\"summary_large_image\" \/>\n<meta name=\"twitter:title\" content=\"Certificado en Comunicaci\u00f3n en Organizaciones Deportivas\" \/>\n<meta name=\"twitter:description\" content=\"Curso online de Comunicaci\u00f3n Deportiva, aprende a desarrollar planes de comunicaci\u00f3n para los objetivos de la organizaci\u00f3n.\" \/>\n<meta name=\"twitter:image\" content=\"https:\/\/elearning.barcainnovationhub.com\/wp-content\/uploads\/2019\/01\/7931dbb7-certificate-in-communication-in-sports-organizations.png\" \/>\n<meta name=\"twitter:site\" content=\"@BarcaInnoHub\" \/>\n<script type=\"application\/ld+json\" class=\"yoast-schema-graph\">{\"@context\":\"https:\/\/schema.org\",\"@graph\":[{\"@type\":\"WebPage\",\"@id\":\"https:\/\/elearning.barcainnovationhub.com\/es\/product\/certificado-en-comunicacion-en-organizaciones-deportivas\/\",\"url\":\"https:\/\/elearning.barcainnovationhub.com\/es\/product\/certificado-en-comunicacion-en-organizaciones-deportivas\/\",\"name\":\"Certificado en Comunicaci\u00f3n en Organizaciones Deportivas - Bar\u00e7a Innovation Hub\",\"isPartOf\":{\"@id\":\"https:\/\/elearning.barcainnovationhub.com\/es\/#website\"},\"datePublished\":\"2019-01-24T18:19:09+00:00\",\"dateModified\":\"2025-11-10T14:00:54+00:00\",\"description\":\"Curso online de Comunicaci\u00f3n Deportiva, aprende a desarrollar planes de comunicaci\u00f3n para los objetivos de la organizaci\u00f3n\",\"breadcrumb\":{\"@id\":\"https:\/\/elearning.barcainnovationhub.com\/es\/product\/certificado-en-comunicacion-en-organizaciones-deportivas\/#breadcrumb\"},\"inLanguage\":\"es\",\"potentialAction\":[{\"@type\":\"ReadAction\",\"target\":[\"https:\/\/elearning.barcainnovationhub.com\/es\/product\/certificado-en-comunicacion-en-organizaciones-deportivas\/\"]}]},{\"@type\":\"BreadcrumbList\",\"@id\":\"https:\/\/elearning.barcainnovationhub.com\/es\/product\/certificado-en-comunicacion-en-organizaciones-deportivas\/#breadcrumb\",\"itemListElement\":[{\"@type\":\"ListItem\",\"position\":1,\"name\":\"Productos\",\"item\":\"https:\/\/elearning.barcainnovationhub.com\/es\/product\/\"},{\"@type\":\"ListItem\",\"position\":2,\"name\":\"Certificado en Comunicaci\u00f3n en Organizaciones Deportivas\"}]},{\"@type\":\"WebSite\",\"@id\":\"https:\/\/elearning.barcainnovationhub.com\/es\/#website\",\"url\":\"https:\/\/elearning.barcainnovationhub.com\/es\/\",\"name\":\"Bar\u00e7a Innovation Hub\",\"description\":\"The worldwide centre for sports knowledge and innovation\",\"potentialAction\":[{\"@type\":\"SearchAction\",\"target\":{\"@type\":\"EntryPoint\",\"urlTemplate\":\"https:\/\/elearning.barcainnovationhub.com\/es\/?s={search_term_string}\"},\"query-input\":\"required name=search_term_string\"}],\"inLanguage\":\"es\"}]}<\/script>\n<!-- \/ Yoast SEO plugin. -->","yoast_head_json":{"title":"Certificado en Comunicaci\u00f3n en Organizaciones Deportivas - Bar\u00e7a Innovation Hub","description":"Curso online de Comunicaci\u00f3n Deportiva, aprende a desarrollar planes de comunicaci\u00f3n para los objetivos de la organizaci\u00f3n","robots":{"index":"index","follow":"follow","max-snippet":"max-snippet:-1","max-image-preview":"max-image-preview:large","max-video-preview":"max-video-preview:-1"},"canonical":"https:\/\/elearning.barcainnovationhub.com\/es\/product\/certificado-en-comunicacion-en-organizaciones-deportivas\/","og_locale":"es_ES","og_type":"article","og_title":"Certificado en Comunicaci\u00f3n en Organizaciones Deportivas","og_description":"Curso online de Comunicaci\u00f3n Deportiva, aprende a desarrollar planes de comunicaci\u00f3n para los objetivos de la organizaci\u00f3n.","og_url":"https:\/\/elearning.barcainnovationhub.com\/es\/product\/certificado-en-comunicacion-en-organizaciones-deportivas\/","og_site_name":"Bar\u00e7a Innovation Hub","article_publisher":"https:\/\/www.facebook.com\/fcbuniversitas","article_modified_time":"2025-11-10T14:00:54+00:00","og_image":[{"width":1200,"height":1200,"url":"https:\/\/elearning.barcainnovationhub.com\/wp-content\/uploads\/2019\/01\/7931dbb7-certificate-in-communication-in-sports-organizations.png","type":"image\/png"}],"twitter_card":"summary_large_image","twitter_title":"Certificado en Comunicaci\u00f3n en Organizaciones Deportivas","twitter_description":"Curso online de Comunicaci\u00f3n Deportiva, aprende a desarrollar planes de comunicaci\u00f3n para los objetivos de la organizaci\u00f3n.","twitter_image":"https:\/\/elearning.barcainnovationhub.com\/wp-content\/uploads\/2019\/01\/7931dbb7-certificate-in-communication-in-sports-organizations.png","twitter_site":"@BarcaInnoHub","schema":{"@context":"https:\/\/schema.org","@graph":[{"@type":"WebPage","@id":"https:\/\/elearning.barcainnovationhub.com\/es\/product\/certificado-en-comunicacion-en-organizaciones-deportivas\/","url":"https:\/\/elearning.barcainnovationhub.com\/es\/product\/certificado-en-comunicacion-en-organizaciones-deportivas\/","name":"Certificado en Comunicaci\u00f3n en Organizaciones Deportivas - Bar\u00e7a Innovation Hub","isPartOf":{"@id":"https:\/\/elearning.barcainnovationhub.com\/es\/#website"},"datePublished":"2019-01-24T18:19:09+00:00","dateModified":"2025-11-10T14:00:54+00:00","description":"Curso online de Comunicaci\u00f3n Deportiva, aprende a desarrollar planes de comunicaci\u00f3n para los objetivos de la organizaci\u00f3n","breadcrumb":{"@id":"https:\/\/elearning.barcainnovationhub.com\/es\/product\/certificado-en-comunicacion-en-organizaciones-deportivas\/#breadcrumb"},"inLanguage":"es","potentialAction":[{"@type":"ReadAction","target":["https:\/\/elearning.barcainnovationhub.com\/es\/product\/certificado-en-comunicacion-en-organizaciones-deportivas\/"]}]},{"@type":"BreadcrumbList","@id":"https:\/\/elearning.barcainnovationhub.com\/es\/product\/certificado-en-comunicacion-en-organizaciones-deportivas\/#breadcrumb","itemListElement":[{"@type":"ListItem","position":1,"name":"Productos","item":"https:\/\/elearning.barcainnovationhub.com\/es\/product\/"},{"@type":"ListItem","position":2,"name":"Certificado en Comunicaci\u00f3n en Organizaciones Deportivas"}]},{"@type":"WebSite","@id":"https:\/\/elearning.barcainnovationhub.com\/es\/#website","url":"https:\/\/elearning.barcainnovationhub.com\/es\/","name":"Bar\u00e7a Innovation Hub","description":"The worldwide centre for sports knowledge and innovation","potentialAction":[{"@type":"SearchAction","target":{"@type":"EntryPoint","urlTemplate":"https:\/\/elearning.barcainnovationhub.com\/es\/?s={search_term_string}"},"query-input":"required name=search_term_string"}],"inLanguage":"es"}]}},"idiomas":{"en":9623,"es":9653,"ar":9653,"ca":9701,"ru":9653,"pt":9675},"_links":{"self":[{"href":"https:\/\/elearning.barcainnovationhub.com\/es\/wp-json\/wp\/v2\/products\/9653"}],"collection":[{"href":"https:\/\/elearning.barcainnovationhub.com\/es\/wp-json\/wp\/v2\/products"}],"about":[{"href":"https:\/\/elearning.barcainnovationhub.com\/es\/wp-json\/wp\/v2\/types\/product"}],"author":[{"embeddable":true,"href":"https:\/\/elearning.barcainnovationhub.com\/es\/wp-json\/wp\/v2\/users\/1"}],"replies":[{"embeddable":true,"href":"https:\/\/elearning.barcainnovationhub.com\/es\/wp-json\/wp\/v2\/comments?post=9653"}],"version-history":[{"count":0,"href":"https:\/\/elearning.barcainnovationhub.com\/es\/wp-json\/wp\/v2\/products\/9653\/revisions"}],"wp:attachment":[{"href":"https:\/\/elearning.barcainnovationhub.com\/es\/wp-json\/wp\/v2\/media?parent=9653"}],"wp:term":[{"taxonomy":"category","embeddable":true,"href":"https:\/\/elearning.barcainnovationhub.com\/es\/wp-json\/wp\/v2\/categories?post=9653"}],"curies":[{"name":"wp","href":"https:\/\/api.w.org\/{rel}","templated":true}]}}