{"id":141057,"date":"2023-06-15T11:59:00","date_gmt":"2023-06-15T14:59:00","guid":{"rendered":"https:\/\/elearning.barcainnovationhub.com\/?page_id=141057"},"modified":"2024-05-30T14:15:02","modified_gmt":"2024-05-30T17:15:02","slug":"landing-catalogo-desconto-50-pt-diplo","status":"publish","type":"page","link":"https:\/\/elearning.barcainnovationhub.com\/pt\/landing-catalogo-desconto-50-pt-diplo\/","title":{"rendered":"Landing-Catalogo-desconto-50-Pt -Diplo"},"content":{"rendered":"","protected":false},"excerpt":{"rendered":"","protected":false},"author":21,"featured_media":0,"parent":0,"menu_order":81,"comment_status":"closed","ping_status":"closed","template":"page-templates\/landing-join-the-fight-misa-test.php","meta":{"_acf_changed":true,"footnotes":""},"categories":[],"tags":[],"class_list":["post-141057","page","type-page","status-publish","hentry"],"acf":{"imagen_header_test":"https:\/\/static.capabiliaserver.com\/frontend\/clients\/barca\/wp_prod\/wp-content\/uploads\/2022\/12\/04ef6155-landing-img.jpg","titulo_test":"Impulsione sua carreira no campo dos esportes","hashtag_test":"  ","descripcion_test":"Tenha acesso a treinamentos de ponta, de onde voc\u00ea estiver","verso_descripcion_test":"  ","texto_cta_card_test":"INSCREVA-SE AGORA!","card_flotante_test":"TODOS OS PROGRAMAS PUBLICADOS NESTE CAT\u00c1LOGO TEM 50% DE DESCONTO","fecha_de_expiracion_test":"","titulo_fecha_de_expiracion_test":"","imagen_card_flotante_test":false,"titulo_programas_test":"","programas_test":[{"imagen_card_test":"https:\/\/elearning.barcainnovationhub.com\/wp-content\/uploads\/2021\/04\/5ca4c396-professional-diploma-in-strength-and-conditioning-for-football_.jpg","titulo_producto_test":"DIPLOMA PROFISSIONAL EM FOR\u00c7A E CONDICIONAMENTO PARA FUTEBOL","descripcion_producto_test":"Neste programa introdut\u00f3rio, voc\u00ea aprender\u00e1 a identificar os principais componentes da ideia de jogo do FC Barcelona; estes s\u00e3o os alicerces do nosso estilo de marca, utilizado pela nossa equipa de futebol da primeira divis\u00e3o, bem como pelas equipas de futebol juvenil.\r\n\r\n<br><b><a href=\"https:\/\/bit.ly\/2sw2Ncu\" target=\"_blank\">BAIXE O FOLHETO AQUI<\/a><\/b>","duracion_test":"9 meses","fecha_de_inicio_test":"ESTE M\u00caS","idioma_test":"EN - ES","precio_tachado_test":"\u20ac 990","precio_final_test":"\u20ac 495 <h6 style=\"color:#FF0000\";> 10 pagamentos mensais def \u20ac 49,5<\/h6>","link_a_magento_test":"http:\/\/elearning.barcainnovationhub.com\/dpa\/add\/tocart\/id\/386\/couponcode\/0%3A2%3A2YC2ncH1eADmMujE110v2XSKD1QIIIPs%3AztmL2jy3gPEeDQmbH6jQUUp7xKnO6WIA3lJg0mUsoFw%3D","activar_fechas_automaticas_test":true,"fecha_de_inicio_automatica_test":"10112021","segunda_fecha_de_inicio_automatica_test":"25062023","zona_horaria_test":"Europe\/Madrid","area_de_conocimiento":false},{"imagen_card_test":"https:\/\/elearning.barcainnovationhub.com\/wp-content\/uploads\/2019\/11\/99b4c86a-lower-limb-tendinopathy_.jpg","titulo_producto_test":"DIPLOMA PROFISSIONAL EM GEST\u00c3O DE CARGA DE TRABALHO","descripcion_producto_test":"Aprenda a gerir as diferentes ferramentas e vari\u00e1veis de monitoriza\u00e7\u00e3o da forma\u00e7\u00e3o.\r\n\r\n<br><b><a href=\"https:\/\/bit.ly\/3j2ujT3\" target=\"_blank\">BAIXE O FOLHETO AQUI<\/a><\/b>","duracion_test":"9 meses","fecha_de_inicio_test":"ESTE M\u00caS","idioma_test":"EN - ES","precio_tachado_test":"\u20ac 990","precio_final_test":"\u20ac 495 <h6 style=\"color:#FF0000\";> 10 pagamentos mensais def \u20ac 49,5<\/h6>","link_a_magento_test":"http:\/\/elearning.barcainnovationhub.com\/pt\/dpa\/add\/tocart\/id\/385\/couponcode\/0%3A2%3A2YC2ncH1eADmMujE110v2XSKD1QIIIPs%3AztmL2jy3gPEeDQmbH6jQUUp7xKnO6WIA3lJg0mUsoFw%3D","activar_fechas_automaticas_test":true,"fecha_de_inicio_automatica_test":"10112021","segunda_fecha_de_inicio_automatica_test":"","zona_horaria_test":"Europe\/Madrid","area_de_conocimiento":false},{"imagen_card_test":"https:\/\/elearning.barcainnovationhub.com\/wp-content\/uploads\/2021\/04\/6ea0d961-professional-diploma-in-sports-communication-and-fan-engagement_.jpg","titulo_producto_test":"DIPLOMA PROFISSIONAL EM COMUNICA\u00c7\u00c3O ESPORTIVA E COMPROMISSO COM OS F\u00c3S","descripcion_producto_test":"Aprenda a dominar aspectos centrais de uma estrat\u00e9gia de comunica\u00e7\u00e3o externa.\r\n\r\n<br><b><a href=\"https:\/\/bit.ly\/2KQJSC2\"target=\"_blank\">BAIXE O FOLHETO AQUI<\/a><\/b>","duracion_test":"8 meses","fecha_de_inicio_test":"ESTE M\u00caS","idioma_test":"EN - ES","precio_tachado_test":"\u20ac 960","precio_final_test":"\u20ac 480 <h6 style=\"color:#FF0000\";> 10 pagamentos mensais de \u20ac 48<\/h6>","link_a_magento_test":"http:\/\/elearning.barcainnovationhub.com\/dpa\/add\/tocart\/id\/382\/couponcode\/0%3A2%3A2YC2ncH1eADmMujE110v2XSKD1QIIIPs%3AztmL2jy3gPEeDQmbH6jQUUp7xKnO6WIA3lJg0mUsoFw%3D","activar_fechas_automaticas_test":true,"fecha_de_inicio_automatica_test":"10112021","segunda_fecha_de_inicio_automatica_test":"","zona_horaria_test":"Europe\/Madrid","area_de_conocimiento":false},{"imagen_card_test":"https:\/\/elearning.barcainnovationhub.com\/wp-content\/uploads\/2021\/04\/b03c3236-professional-diploma-in-injury-management-for-team-sports_-1.jpg","titulo_producto_test":"DIPLOMA PROFISSIONAL EM GEST\u00c3O DE LES\u00d5ES EM ESPORTES DE EQUIPE","descripcion_producto_test":"Aprenda a propor estrat\u00e9gias eficientes de preven\u00e7\u00e3o baseadas em um processo fundamentado em evid\u00eancias cient\u00edficas.\r\n\r\n<br><b><a href=\"https:\/\/bit.ly\/2SSTvAT\" target=\"_blank\">BAIXE O FOLHETO AQUI<\/a><\/b>","duracion_test":"9 meses","fecha_de_inicio_test":"ESTE M\u00caS","idioma_test":"EN - ES","precio_tachado_test":"\u20ac 990","precio_final_test":"\u20ac 495 <h6 style=\"color:#FF0000\";> 10 pagamentos mensais def \u20ac 49,5<\/h6>","link_a_magento_test":"http:\/\/elearning.barcainnovationhub.com\/pt\/dpa\/add\/tocart\/id\/388\/couponcode\/0%3A2%3A2YC2ncH1eADmMujE110v2XSKD1QIIIPs%3AztmL2jy3gPEeDQmbH6jQUUp7xKnO6WIA3lJg0mUsoFw%3D","activar_fechas_automaticas_test":true,"fecha_de_inicio_automatica_test":"10112021","segunda_fecha_de_inicio_automatica_test":"","zona_horaria_test":"Europe\/Madrid","area_de_conocimiento":false},{"imagen_card_test":"https:\/\/elearning.barcainnovationhub.com\/wp-content\/uploads\/2021\/12\/2323a03a-professional-diploma-in-team-sports-injuries_-1.jpg","titulo_producto_test":"DIPLOMA PROFISSIONAL EM LES\u00d5ES ESPORTIVAS DE EQUIPE","descripcion_producto_test":"Aprenda a conhecer as caracter\u00edsticas fundamentais tanto para as estrat\u00e9gias de preven\u00e7\u00e3o como para a reabilita\u00e7\u00e3o de les\u00f5es, bem como os diferentes mecanismos de les\u00e3o nos desportos coletivos.\r\n\r\n<br><b><a href=\"https:\/\/bit.ly\/3nO6Usg\" target=\"_blank\">BAIXE O FOLHETO AQUI<\/a><\/b>","duracion_test":"9 meses","fecha_de_inicio_test":"ESTE M\u00caS","idioma_test":"EN - ES","precio_tachado_test":"\u20ac 990","precio_final_test":"\u20ac 495 <h6 style=\"color:#FF0000\";> 10 pagamentos mensais def \u20ac 49,5<\/h6>","link_a_magento_test":"http:\/\/elearning.barcainnovationhub.com\/pt\/dpa\/add\/tocart\/id\/387\/couponcode\/0%3A2%3A2YC2ncH1eADmMujE110v2XSKD1QIIIPs%3AztmL2jy3gPEeDQmbH6jQUUp7xKnO6WIA3lJg0mUsoFw%3D","activar_fechas_automaticas_test":true,"fecha_de_inicio_automatica_test":"10112021","segunda_fecha_de_inicio_automatica_test":"","zona_horaria_test":"Europe\/Madrid","area_de_conocimiento":false},{"imagen_card_test":"https:\/\/elearning.barcainnovationhub.com\/wp-content\/uploads\/2021\/04\/d5052b0b-professional-diploma-in-team-sports-physician_.jpg","titulo_producto_test":"DIPLOMA PROFISSIONAL EM M\u00c9DICO DE ESPORTES DE EQUIPE","descripcion_producto_test":"Aprenda a lidar e gerenciar dados de avalia\u00e7\u00f5es e monitoramento de desempenho e les\u00f5es da equipe,\r\nem compara\u00e7\u00e3o com dados da ci\u00eancia e da forma\u00e7\u00e3o.\r\n\r\n<br><b><a href=\"https:\/\/bit.ly\/375MvZK\" target=\"_blank\">BAIXE O FOLHETO AQUI<\/a><\/b>","duracion_test":"8 meses","fecha_de_inicio_test":"ESTE M\u00caS","idioma_test":"EN - ES","precio_tachado_test":"\u20ac 960","precio_final_test":"\u20ac 480 <h6 style=\"color:#FF0000\";> 10 pagamentos mensais de \u20ac 48<\/h6>","link_a_magento_test":"http:\/\/elearning.barcainnovationhub.com\/pt\/dpa\/add\/tocart\/id\/390\/couponcode\/0%3A2%3A2YC2ncH1eADmMujE110v2XSKD1QIIIPs%3AztmL2jy3gPEeDQmbH6jQUUp7xKnO6WIA3lJg0mUsoFw%3D","activar_fechas_automaticas_test":true,"fecha_de_inicio_automatica_test":"10112021","segunda_fecha_de_inicio_automatica_test":"","zona_horaria_test":"Europe\/Madrid","area_de_conocimiento":false},{"imagen_card_test":"https:\/\/elearning.barcainnovationhub.com\/wp-content\/uploads\/2021\/04\/81e82536-professional-diploma-in-digital-marketing-sponsorship-and-communication-in-sports_.jpg","titulo_producto_test":"DIPLOMA PROFISSIONAL EM MARKETING DIGITAL, PATROC\u00cdNIO E COMUNICA\u00c7\u00c3O ESPORTIVA","descripcion_producto_test":"Aprenda a incorporar o marketing como disciplina na gest\u00e3o das atividades esportivas.\r\n\r\n<br><b><a href=\"https:\/\/bit.ly\/3mIC6Hx\"target=\"_blank\">BAIXE O FOLHETO AQUI<\/a><\/b>","duracion_test":"8 meses","fecha_de_inicio_test":"ESTE M\u00caS","idioma_test":"EN - ES","precio_tachado_test":"\u20ac 960","precio_final_test":"\u20ac 480 <h6 style=\"color:#FF0000\";> 10 pagamentos mensais de \u20ac 48<\/h6>","link_a_magento_test":"http:\/\/elearning.barcainnovationhub.com\/dpa\/add\/tocart\/id\/383\/couponcode\/0%3A2%3A2YC2ncH1eADmMujE110v2XSKD1QIIIPs%3AztmL2jy3gPEeDQmbH6jQUUp7xKnO6WIA3lJg0mUsoFw%3D","activar_fechas_automaticas_test":true,"fecha_de_inicio_automatica_test":"10112021","segunda_fecha_de_inicio_automatica_test":"25062023","zona_horaria_test":"Europe\/Madrid","area_de_conocimiento":false},{"imagen_card_test":"https:\/\/elearning.barcainnovationhub.com\/wp-content\/uploads\/2021\/04\/e69805c5-professional-diploma-in-training-for-team-sports_-2.jpg","titulo_producto_test":"DIPLOMA PROFISSIONAL EM TREINAMENTO PARA ESPORTES DE EQUIPE","descripcion_producto_test":"Aprenda a criar planos de avalia\u00e7\u00e3o, analisando diversas habilidades motoras e obtendo medidas que\r\npodem ser contextualizados em futuros processos de forma\u00e7\u00e3o.\r\n\r\n<br><b><a href=\"https:\/\/bit.ly\/315UimO\" target=\"_blank\">BAIXE O FOLHETO AQUI<\/a><\/b>","duracion_test":"9 meses","fecha_de_inicio_test":"ESTE M\u00caS","idioma_test":"EN - ES","precio_tachado_test":"\u20ac 990","precio_final_test":"\u20ac 495 <h6 style=\"color:#FF0000\";> 10 pagamentos mensais def \u20ac 49,5<\/h6>","link_a_magento_test":"http:\/\/elearning.barcainnovationhub.com\/dpa\/add\/tocart\/id\/381\/couponcode\/0%3A2%3A2YC2ncH1eADmMujE110v2XSKD1QIIIPs%3AztmL2jy3gPEeDQmbH6jQUUp7xKnO6WIA3lJg0mUsoFw%3D","activar_fechas_automaticas_test":true,"fecha_de_inicio_automatica_test":"10112021","segunda_fecha_de_inicio_automatica_test":"25062023","zona_horaria_test":"Europe\/Madrid","area_de_conocimiento":false},{"imagen_card_test":"https:\/\/static.capabiliaserver.com\/frontend\/clients\/barcanew\/wp_prod\/wp-content\/uploads\/2023\/06\/3911b690-diplomado-en-entrenador-de-futbol-e1686948488324.jpg","titulo_producto_test":"DIPLOMA PROFISSIONAL EM TREINADOR DE FUTEBOL","descripcion_producto_test":"<h5><u>Cursos:<\/u><br><br>\r\n\u2022 Os princ\u00edpios b\u00e1sicos do nosso estilo de jogo<br>\r\n\u2022 An\u00e1lise da fase inicial do jogo.<br>\r\n\u2022 Alta press\u00e3o no futebol<br><b><a href=\"https:\/\/drive.google.com\/uc?id=1_cZjGcFD1gL-vJ3MwV_mDfRliQnzqoP3&export=download\"_blank>\r\nBaixe o folheto aqui<\/a><\/b><\/h5>","duracion_test":"10 meses","fecha_de_inicio_test":"","idioma_test":"EN - ES","precio_tachado_test":"\u20ac 1200","precio_final_test":"\u20ac 600<h6 style=\"color:#FF0000\";> 10 pagamentos por m\u00eas de \u20ac 60<\/h6>","link_a_magento_test":"http:\/\/elearning.barcainnovationhub.com\/pt\/dpa\/add\/tocart\/id\/616\/couponcode\/0%3A2%3A2YC2ncH1eADmMujE110v2XSKD1QIIIPs%3AztmL2jy3gPEeDQmbH6jQUUp7xKnO6WIA3lJg0mUsoFw%3D","activar_fechas_automaticas_test":true,"fecha_de_inicio_automatica_test":"10112021","segunda_fecha_de_inicio_automatica_test":"25062023","zona_horaria_test":"Europe\/Madrid","area_de_conocimiento":false},{"imagen_card_test":"https:\/\/static.capabiliaserver.com\/frontend\/clients\/barcanew\/wp_prod\/wp-content\/uploads\/2023\/06\/322f0762-diplomado-en-analista-de-rendimiento-en-futbol-e1686948126181.jpg","titulo_producto_test":"DIPLOMA PROFISSIONAL EM ANALISTA T\u00c1TICO DE FUTEBOL","descripcion_producto_test":"<h5><u>Cursos:<\/u><br><br>\r\n\u2022 Metodologia de observa\u00e7\u00e3o no futebol formativo<br>\r\n\u2022 An\u00e1lise de pe\u00e7as definidas.<br>\r\n\u2022 An\u00e1lise de v\u00eddeo<br><b><a href=\"https:\/\/drive.google.com\/uc?id=1ZPSs_71-6c_eZKTREDn6qgJl26Cvn_-j&export=download\"_blank>\r\nBaixe o folheto aqui<\/a><\/b><\/h5>","duracion_test":"10 meses","fecha_de_inicio_test":"","idioma_test":"EN - ES","precio_tachado_test":"\u20ac 1200","precio_final_test":"\u20ac 600<h6 style=\"color:#FF0000\";> 10 pagamentos por m\u00eas de \u20ac 60<\/h6>","link_a_magento_test":"http:\/\/elearning.barcainnovationhub.com\/pt\/dpa\/add\/tocart\/id\/614\/couponcode\/0%3A2%3A2YC2ncH1eADmMujE110v2XSKD1QIIIPs%3AztmL2jy3gPEeDQmbH6jQUUp7xKnO6WIA3lJg0mUsoFw%3D","activar_fechas_automaticas_test":true,"fecha_de_inicio_automatica_test":"10112021","segunda_fecha_de_inicio_automatica_test":"25062023","zona_horaria_test":"Europe\/Madrid","area_de_conocimiento":false},{"imagen_card_test":"https:\/\/static.capabiliaserver.com\/frontend\/clients\/barcanew\/wp_prod\/wp-content\/uploads\/2023\/06\/53cfa424-diplomado-en-neurobiologia-y-psicologia-en-deportes-de-equipo-1-e1686947328462.jpg","titulo_producto_test":"Diploma Profissional em Neurobiologia e Psicologia em Esportes Coletivos","descripcion_producto_test":"<h5><u>Cursos:<\/u><br><br>\r\n\u2022 Dificuldade e ambiente na fun\u00e7\u00e3o motora humana.<br>\r\n\u2022 Processamento Central de Movimento Volunt\u00e1rio.<br>\r\n\u2022 Base neuromuscular para treinamento de for\u00e7a<br><b><a href=\"https:\/\/drive.google.com\/uc?id=1wIWYRKNHZvF3dyLWUjl7L_VozbVmSeXJ&export=download\"_blank>\r\nBaixe o folheto aqui<\/a><\/b><\/h5>","duracion_test":"10 meses","fecha_de_inicio_test":"","idioma_test":"EN - ES - PT","precio_tachado_test":"\u20ac 1200","precio_final_test":"\u20ac 600<h6 style=\"color:#FF0000\";> 10 pagamentos por m\u00eas de \u20ac 60<\/h6>","link_a_magento_test":"http:\/\/elearning.barcainnovationhub.com\/pt\/dpa\/add\/tocart\/id\/612\/couponcode\/0%3A2%3A2YC2ncH1eADmMujE110v2XSKD1QIIIPs%3AztmL2jy3gPEeDQmbH6jQUUp7xKnO6WIA3lJg0mUsoFw%3D","activar_fechas_automaticas_test":true,"fecha_de_inicio_automatica_test":"10112021","segunda_fecha_de_inicio_automatica_test":"25062023","zona_horaria_test":"Europe\/Madrid","area_de_conocimiento":false},{"imagen_card_test":"https:\/\/elearning.barcainnovationhub.com\/wp-content\/uploads\/2023\/06\/64a17524-diplomado-en-preparacion-fisica-en-baloncesto-1-e1686943362585.jpg","titulo_producto_test":"DIPLOMA PROFISSIONAL EM TREINAMENTO F\u00cdSICO NO BASQUETEBOL","descripcion_producto_test":"<h5><u>Cursos:<\/u><br><br>\r\n\u2022 Exig\u00eancias f\u00edsicas do basquete durante a competi\u00e7\u00e3o.<br>\r\n\u2022 Base neuromuscular para treinamento de for\u00e7a.<br>\r\n\u2022 Avalia\u00e7\u00e3o de for\u00e7a e introdu\u00e7\u00e3o \u00e0 cinem\u00e1tica.<br><b><a href=\"https:\/\/drive.google.com\/uc?id=1VAhJsfKEzt6Qi42ggC-Ws9fT-a79A0Fv&export=download\"_blank>\r\nBaixe o folheto aqui<\/a><\/b><\/h5>","duracion_test":"10 months","fecha_de_inicio_test":"","idioma_test":"EN - ES","precio_tachado_test":"\u20ac 1200","precio_final_test":"\u20ac 600<h6 style=\"color:#FF0000\";> 10 pagamentos por m\u00eas de \u20ac 60<\/h6>","link_a_magento_test":"http:\/\/elearning.barcainnovationhub.com\/pt\/dpa\/add\/tocart\/id\/613\/couponcode\/0%3A2%3A2YC2ncH1eADmMujE110v2XSKD1QIIIPs%3AztmL2jy3gPEeDQmbH6jQUUp7xKnO6WIA3lJg0mUsoFw%3D","activar_fechas_automaticas_test":true,"fecha_de_inicio_automatica_test":"10112021","segunda_fecha_de_inicio_automatica_test":"","zona_horaria_test":"Europe\/Madrid","area_de_conocimiento":false},{"imagen_card_test":"https:\/\/elearning.barcainnovationhub.com\/wp-content\/uploads\/2023\/06\/05220aaf-diplomado-en-rendimiento-en-futbol-femenino-1-e1686942249416.jpg","titulo_producto_test":"DIPLOMA PROFISSIONAL NO DESEMPENHO DO FUTEBOL FEMININO","descripcion_producto_test":"<h5><u>Cursos:<\/u><br><br>\r\n\u2022 Avalia\u00e7\u00e3o de treinamento e gerenciamento de carga de treinamento.<br>\r\n\u2022 Caixa de ferramentas de avalia\u00e7\u00e3o de desempenho, les\u00f5es e reabilita\u00e7\u00e3o.<br>\r\n\u2022 Trabalho multidisciplinar em sa\u00fade e desempenho<br><b><a href=\"https:\/\/drive.google.com\/uc?id=1yNPOuR2ZX-WYufH548Es0BXOTBIDhrXR&export=download\"_blank>\r\nBaixe o folheto aqui<\/a><\/b><\/h5>","duracion_test":"10 months","fecha_de_inicio_test":"","idioma_test":"EN - ES","precio_tachado_test":"\u20ac 1200","precio_final_test":"\u20ac 600<h6 style=\"color:#FF0000\";> 10 pagamentos por m\u00eas de \u20ac 60<\/h6>","link_a_magento_test":"http:\/\/elearning.barcainnovationhub.com\/pt\/dpa\/add\/tocart\/id\/611\/couponcode\/0%3A2%3A2YC2ncH1eADmMujE110v2XSKD1QIIIPs%3AztmL2jy3gPEeDQmbH6jQUUp7xKnO6WIA3lJg0mUsoFw%3D","activar_fechas_automaticas_test":true,"fecha_de_inicio_automatica_test":"10112021","segunda_fecha_de_inicio_automatica_test":"","zona_horaria_test":"Europe\/Madrid","area_de_conocimiento":false},{"imagen_card_test":"https:\/\/static.capabiliaserver.com\/frontend\/clients\/barcanew\/wp_prod\/wp-content\/uploads\/5ab79797-certificate-in-sports-nutrition.png","titulo_producto_test":"DIPLOMA PROFISSIONAL EM SA\u00daDE E DESEMPENHO NO ESPORTE","descripcion_producto_test":"<h5><u>Cursos:<\/u><br><br>\r\n\u2022 Patologia dos esportes coletivos.<br>\r\n\u2022 Preven\u00e7\u00e3o de les\u00f5es.<br>\r\n\u2022 Caixa de ferramentas de avalia\u00e7\u00e3o de desempenho, les\u00f5es e reabilita\u00e7\u00e3o.<br><b><a href=\"https:\/\/drive.google.com\/uc?id=1R34ZnQwdHpPEq-LhDJzMbEqLU7BCuVU6&export=download\"_blank>\r\nBaixe o folheto aqui<\/a><\/b><\/h5>","duracion_test":"10 months","fecha_de_inicio_test":"","idioma_test":"EN - ES","precio_tachado_test":"\u20ac 1200","precio_final_test":"\u20ac 600<h6 style=\"color:#FF0000\";> 10 pagamentos por m\u00eas de \u20ac 60<\/h6>","link_a_magento_test":"http:\/\/elearning.barcainnovationhub.com\/pt\/dpa\/add\/tocart\/id\/615\/couponcode\/0%3A2%3A2YC2ncH1eADmMujE110v2XSKD1QIIIPs%3AztmL2jy3gPEeDQmbH6jQUUp7xKnO6WIA3lJg0mUsoFw%3D","activar_fechas_automaticas_test":true,"fecha_de_inicio_automatica_test":"10112021","segunda_fecha_de_inicio_automatica_test":"","zona_horaria_test":"Europe\/Madrid","area_de_conocimiento":false},{"imagen_card_test":"https:\/\/static.capabiliaserver.com\/frontend\/clients\/barcanew\/wp_prod\/wp-content\/uploads\/2023\/06\/fb09fb74-certificado-en-marketing-y-patrocinio-deportivo-1-e1686945009226.jpg","titulo_producto_test":"DIPLOMA PROFISSIONAL EM MARKETING ESPORTIVO E PATROC\u00cdNIO","descripcion_producto_test":"<h5><u>Cursos:<\/u><br><br>\r\n\u2022 Pilares do Marketing Esportivo.<br>\r\n\u2022 Gest\u00e3o de produtos e servi\u00e7os esportivos.<br>\r\n\u2022 Os diferentes casos de uso para patroc\u00ednios.<br><b><a href=\"https:\/\/drive.google.com\/uc?id=1HO9-OT3EMLTmG8DoCgK35mmTJB9e04oF&export=download\"_blank>\r\nBaixe o folheto aqui<\/a><\/b><\/h5>","duracion_test":"8 meses","fecha_de_inicio_test":"","idioma_test":"EN - ES","precio_tachado_test":"\u20ac 960","precio_final_test":"\u20ac 480 <h6 style=\"color:#FF0000\";> 10 pagamentos mensais de \u20ac 48<\/h6>","link_a_magento_test":"http:\/\/elearning.barcainnovationhub.com\/pt\/dpa\/add\/tocart\/id\/464\/couponcode\/0%3A2%3A2YC2ncH1eADmMujE110v2XSKD1QIIIPs%3AztmL2jy3gPEeDQmbH6jQUUp7xKnO6WIA3lJg0mUsoFw%3D","activar_fechas_automaticas_test":true,"fecha_de_inicio_automatica_test":"10112021","segunda_fecha_de_inicio_automatica_test":"25062023","zona_horaria_test":"Europe\/Madrid","area_de_conocimiento":false},{"imagen_card_test":"https:\/\/static.capabiliaserver.com\/frontend\/clients\/barcanew\/wp_prod\/wp-content\/uploads\/2023\/06\/88def125-certificado-en-entrenamiento-de-la-fuerza_-de-la-rehabilitacion-al-rendimiento-e1687355091705.jpg","titulo_producto_test":"DIPLOMA PROFISSIONAL EM FOR\u00c7A E CONDICIONAMENTO","descripcion_producto_test":"Aprenda a melhorar a an\u00e1lise cr\u00edtica concluindo um programa de treinamento nas diferentes fun\u00e7\u00f5es profissionais da ci\u00eancia do esporte e da sa\u00fade.\r\n<br><b><a href=\"https:\/\/drive.google.com\/uc?id=1JEC0iSN6d5crsn9x1pcVAppNLXiFy_mN&export=download\"_blank\">BAIXE O FOLHETO AQUI<\/a><\/b>","duracion_test":"9 meses","fecha_de_inicio_test":"","idioma_test":"EN - ES","precio_tachado_test":"\u20ac 990","precio_final_test":"\u20ac 495 <h6 style=\"color:#FF0000\";> 10 pagamentos mensais def \u20ac 49.5<\/h6>","link_a_magento_test":"http:\/\/elearning.barcainnovationhub.com\/pt\/dpa\/add\/tocart\/id\/384\/couponcode\/0%3A2%3A2YC2ncH1eADmMujE110v2XSKD1QIIIPs%3AztmL2jy3gPEeDQmbH6jQUUp7xKnO6WIA3lJg0mUsoFw%3D","activar_fechas_automaticas_test":true,"fecha_de_inicio_automatica_test":"10112021","segunda_fecha_de_inicio_automatica_test":"25062023","zona_horaria_test":"Europe\/Madrid","area_de_conocimiento":false},{"imagen_card_test":"https:\/\/static.capabiliaserver.com\/frontend\/clients\/barcanew\/wp_prod\/wp-content\/uploads\/d01d7816-certificate-in-advanced-sports-nutrition.png","titulo_producto_test":"PROGRAMA ESPECIALIZADO EM NUTRI\u00c7\u00c3O DEPORTIVA","descripcion_producto_test":"Aprenda a dominar aspectos centrais de uma estrat\u00e9gia de comunica\u00e7\u00e3o externa.\r\n<br><b><a href=\"https:\/\/drive.google.com\/uc?id=1oayRPND_XTjoo2Fd4zHPqGqGHBv5NlVU&export=download\"_blank\">BAIXE O FOLHETO AQUI<\/a><\/b>","duracion_test":"8 meses","fecha_de_inicio_test":"","idioma_test":"EN - ES - PT","precio_tachado_test":"\u20ac 960","precio_final_test":"\u20ac 480 <h6 style=\"color:#FF0000\";> 10 pagamentos mensais de \u20ac 48<\/h6>","link_a_magento_test":"http:\/\/elearning.barcainnovationhub.com\/pt\/dpa\/add\/tocart\/id\/389\/couponcode\/0%3A2%3A2YC2ncH1eADmMujE110v2XSKD1QIIIPs%3AztmL2jy3gPEeDQmbH6jQUUp7xKnO6WIA3lJg0mUsoFw%3D","activar_fechas_automaticas_test":true,"fecha_de_inicio_automatica_test":"10112021","segunda_fecha_de_inicio_automatica_test":"","zona_horaria_test":"Europe\/Madrid","area_de_conocimiento":false}],"pie_de_pagina_test":"","areas_de_conocimiento":false,"cantidad_productos_por_pagina":""},"yoast_head":"<!-- This site is optimized with the Yoast SEO plugin v23.0 - https:\/\/yoast.com\/wordpress\/plugins\/seo\/ -->\n<title>Landing-Catalogo-desconto-50-Pt -Diplo - Bar\u00e7a Innovation Hub<\/title>\n<meta name=\"robots\" content=\"noindex, nofollow\" \/>\n<meta property=\"og:locale\" content=\"pt_PT\" \/>\n<meta property=\"og:type\" content=\"article\" \/>\n<meta property=\"og:title\" content=\"Landing-Catalogo-desconto-50-Pt -Diplo - Bar\u00e7a Innovation Hub\" \/>\n<meta property=\"og:url\" content=\"https:\/\/elearning.barcainnovationhub.com\/pt\/landing-catalogo-desconto-50-pt-diplo\/\" \/>\n<meta property=\"og:site_name\" content=\"Bar\u00e7a Innovation Hub\" \/>\n<meta property=\"article:publisher\" content=\"https:\/\/www.facebook.com\/fcbuniversitas\" \/>\n<meta property=\"article:modified_time\" content=\"2024-05-30T17:15:02+00:00\" \/>\n<meta name=\"twitter:card\" content=\"summary_large_image\" \/>\n<meta name=\"twitter:site\" content=\"@BarcaInnoHub\" \/>\n<script type=\"application\/ld+json\" class=\"yoast-schema-graph\">{\"@context\":\"https:\/\/schema.org\",\"@graph\":[{\"@type\":\"WebPage\",\"@id\":\"https:\/\/elearning.barcainnovationhub.com\/pt\/landing-catalogo-desconto-50-pt-diplo\/\",\"url\":\"https:\/\/elearning.barcainnovationhub.com\/pt\/landing-catalogo-desconto-50-pt-diplo\/\",\"name\":\"Landing-Catalogo-desconto-50-Pt -Diplo - Bar\u00e7a Innovation Hub\",\"isPartOf\":{\"@id\":\"https:\/\/elearning.barcainnovationhub.com\/pt\/#website\"},\"datePublished\":\"2023-06-15T14:59:00+00:00\",\"dateModified\":\"2024-05-30T17:15:02+00:00\",\"inLanguage\":\"pt\",\"potentialAction\":[{\"@type\":\"ReadAction\",\"target\":[\"https:\/\/elearning.barcainnovationhub.com\/pt\/landing-catalogo-desconto-50-pt-diplo\/\"]}]},{\"@type\":\"WebSite\",\"@id\":\"https:\/\/elearning.barcainnovationhub.com\/pt\/#website\",\"url\":\"https:\/\/elearning.barcainnovationhub.com\/pt\/\",\"name\":\"Bar\u00e7a Innovation Hub\",\"description\":\"The worldwide centre for sports knowledge and innovation\",\"potentialAction\":[{\"@type\":\"SearchAction\",\"target\":{\"@type\":\"EntryPoint\",\"urlTemplate\":\"https:\/\/elearning.barcainnovationhub.com\/pt\/?s={search_term_string}\"},\"query-input\":\"required name=search_term_string\"}],\"inLanguage\":\"pt\"}]}<\/script>\n<!-- \/ Yoast SEO plugin. -->","yoast_head_json":{"title":"Landing-Catalogo-desconto-50-Pt -Diplo - Bar\u00e7a Innovation Hub","robots":{"index":"noindex","follow":"nofollow"},"og_locale":"pt_PT","og_type":"article","og_title":"Landing-Catalogo-desconto-50-Pt -Diplo - Bar\u00e7a Innovation Hub","og_url":"https:\/\/elearning.barcainnovationhub.com\/pt\/landing-catalogo-desconto-50-pt-diplo\/","og_site_name":"Bar\u00e7a Innovation Hub","article_publisher":"https:\/\/www.facebook.com\/fcbuniversitas","article_modified_time":"2024-05-30T17:15:02+00:00","twitter_card":"summary_large_image","twitter_site":"@BarcaInnoHub","schema":{"@context":"https:\/\/schema.org","@graph":[{"@type":"WebPage","@id":"https:\/\/elearning.barcainnovationhub.com\/pt\/landing-catalogo-desconto-50-pt-diplo\/","url":"https:\/\/elearning.barcainnovationhub.com\/pt\/landing-catalogo-desconto-50-pt-diplo\/","name":"Landing-Catalogo-desconto-50-Pt -Diplo - Bar\u00e7a Innovation Hub","isPartOf":{"@id":"https:\/\/elearning.barcainnovationhub.com\/pt\/#website"},"datePublished":"2023-06-15T14:59:00+00:00","dateModified":"2024-05-30T17:15:02+00:00","inLanguage":"pt","potentialAction":[{"@type":"ReadAction","target":["https:\/\/elearning.barcainnovationhub.com\/pt\/landing-catalogo-desconto-50-pt-diplo\/"]}]},{"@type":"WebSite","@id":"https:\/\/elearning.barcainnovationhub.com\/pt\/#website","url":"https:\/\/elearning.barcainnovationhub.com\/pt\/","name":"Bar\u00e7a Innovation Hub","description":"The worldwide centre for sports knowledge and innovation","potentialAction":[{"@type":"SearchAction","target":{"@type":"EntryPoint","urlTemplate":"https:\/\/elearning.barcainnovationhub.com\/pt\/?s={search_term_string}"},"query-input":"required name=search_term_string"}],"inLanguage":"pt"}]}},"_links":{"self":[{"href":"https:\/\/elearning.barcainnovationhub.com\/pt\/wp-json\/wp\/v2\/pages\/141057"}],"collection":[{"href":"https:\/\/elearning.barcainnovationhub.com\/pt\/wp-json\/wp\/v2\/pages"}],"about":[{"href":"https:\/\/elearning.barcainnovationhub.com\/pt\/wp-json\/wp\/v2\/types\/page"}],"author":[{"embeddable":true,"href":"https:\/\/elearning.barcainnovationhub.com\/pt\/wp-json\/wp\/v2\/users\/21"}],"replies":[{"embeddable":true,"href":"https:\/\/elearning.barcainnovationhub.com\/pt\/wp-json\/wp\/v2\/comments?post=141057"}],"version-history":[{"count":0,"href":"https:\/\/elearning.barcainnovationhub.com\/pt\/wp-json\/wp\/v2\/pages\/141057\/revisions"}],"wp:attachment":[{"href":"https:\/\/elearning.barcainnovationhub.com\/pt\/wp-json\/wp\/v2\/media?parent=141057"}],"wp:term":[{"taxonomy":"category","embeddable":true,"href":"https:\/\/elearning.barcainnovationhub.com\/pt\/wp-json\/wp\/v2\/categories?post=141057"},{"taxonomy":"post_tag","embeddable":true,"href":"https:\/\/elearning.barcainnovationhub.com\/pt\/wp-json\/wp\/v2\/tags?post=141057"}],"curies":[{"name":"wp","href":"https:\/\/api.w.org\/{rel}","templated":true}]}}