{"id":149166,"date":"2018-06-05T15:17:39","date_gmt":"2018-06-05T18:17:39","guid":{"rendered":"https:\/\/elearning.barcainnovationhub.com\/faq-2\/"},"modified":"2025-05-26T11:06:44","modified_gmt":"2025-05-26T14:06:44","slug":"faq","status":"publish","type":"page","link":"https:\/\/elearning.barcainnovationhub.com\/pt\/faq\/","title":{"rendered":"FAQ"},"content":{"rendered":"","protected":false},"excerpt":{"rendered":"","protected":false},"author":1,"featured_media":0,"parent":0,"menu_order":957,"comment_status":"closed","ping_status":"closed","template":"page-templates\/faq.php","meta":{"_acf_changed":true,"footnotes":""},"categories":[],"tags":[],"class_list":["post-149166","page","type-page","status-publish","hentry"],"acf":{"titulo":"","subtitulo":"A seguir, voc\u00ea encontrar\u00e1 as respostas para as consultas mais frequentes realizadas pelos interessados em nossos programas. Se a sua pergunta n\u00e3o se encontra na lista, comunique-se conosco atrav\u00e9s de nossos meios de contato dispon\u00edveis.","faq_items":[{"titulo_item":"O que \u00e9 Bar\u00e7a Innovation Hub?","texto_item":"Bar\u00e7a Innovation Hub \u00e9 o instrumento encarregado de projetar e compartilhar o conhecimento gerado pelo FC Barcelona ao exterior. Sua miss\u00e3o consiste em criar um centro de renome internacional para I + D, na produ\u00e7\u00e3o e transmiss\u00e3o de conhecimento e na inova\u00e7\u00e3o no setor esportivo, em coopera\u00e7\u00e3o com as melhores marcas e com os profissionais mais prestigiados. As \u00e1reas fundamentais de aplica\u00e7\u00e3o incluem os servi\u00e7os m\u00e9dicos, o rendimento, a tecnologia, os esportes de equipe e as ci\u00eancias sociais."},{"titulo_item":"EM QUE PAISES ESTAO DISPON\u00cdVEIS OS PROGRAMAS DE TREINAMENTO DA BAR\u00c7A INNOVATION HUB?  ","texto_item":"Os programas de forma\u00e7\u00e3o de Bar\u00e7a Innovation Hub est\u00e3o dispon\u00edveis para o mundo inteiro.\r\n"},{"titulo_item":"QUAL E A MODALIDADE DOS CURSOS?","texto_item":"Os programas de forma\u00e7\u00e3o de Bar\u00e7a Innovation Hub s\u00e3o realizados em diferentes modalidades: a) Online: estes programas s\u00e3o cursados 100% online e a partir de nossa plataforma virtual de aprendizagem, na qual voc\u00ea poder\u00e1 encontrar todo o conte\u00fado de seu programa. Isto inclui leituras, v\u00eddeos, autoavalia\u00e7\u00f5es, foros e diferentes recursos para estudar onde voc\u00ea estiver. As aulas e todo o conte\u00fado est\u00e3o dispon\u00edveis 24 horas por dia, por isso voc\u00ea pode acessar no momento do dia em for mais conveniente. Ao longo do curso, voc\u00ea contar\u00e1 com o suporte, seguimento e acompanhamento virtual de um especialista na tem\u00e1tica do programa, que lhe facilitar\u00e1 aprofundar os assuntos que forem de maior interesse ou utilidade para voc\u00ea. B) Presencial: os programas de forma\u00e7\u00e3o presenciais s\u00e3o cursados em sua sede correspondente em Barcelona, na Espanha. Para conhecer a modalidade dos cursos de forma\u00e7\u00e3o de seu interesse, visite o cat\u00e1logo e selecione-o.\r\n"},{"titulo_item":"QUAIS SAO OS REQUISITOS NO AMBITO T\u00c9CNICO QUE NECESSITO PARA FAZER UM CURSO ONLINE DE BAR\u00c7A INNOVATION HUB?","texto_item":"Voc\u00ea poder\u00e1 estudar na plataforma educativa online de Bar\u00e7a Innovation hub atrav\u00e9s dos seguintes navegadores de internet: Internet Explorer (vers\u00e3o 8 ou superior), Mozilla Firefox, Google Chrome, Safari, Opera. Usando os sistemas operativos: Windows, Mac OS, Tablet com iOS 4.2 (ou superior), Tablet com Android 2.2 (ou superior).\r\n"},{"titulo_item":"QUAL E A DURA\u00c7AO DOS PROGRAMAS?","texto_item":"A dura\u00e7\u00e3o depende do tipo de programa de treinamento que voc\u00ea escolher. Os cursos duram um m\u00eas. Os programas, entre 2 e 3 meses. Certificados, 4 meses. Programas Especializados, 5 meses. Programas Avan\u00e7ados, entre 6 e 7 meses. Diplomados, entre 8 e 9 meses. A dura\u00e7\u00e3o dos cursos de mestrado (presencial, semipresencial ou online) varia de acordo com a universidade que os ensina. Para mais informa\u00e7\u00f5es, acesse o cat\u00e1logo e consulte a p\u00e1gina do programa de treinamento de seu interesse.\r\n"},{"titulo_item":"QUE VALIDADE ELES TEM?","texto_item":"Os cursos e certificados do Bar\u00e7a Innovation Hub fazem parte de programas de educa\u00e7\u00e3o executiva, que atestam o desenvolvimento ou a aquisi\u00e7\u00e3o de habilidades e compet\u00eancias espec\u00edficas. Ao final, os participantes estar\u00e3o aptos a utilizar ferramentas, aplicar t\u00e9cnicas ou desenvolver uma atividade relacionada ao tema abordado. Os certificados s\u00e3o emitidos pelo Bar\u00e7a Innovation Hub.\r\n\r\nImportante: Ser\u00e1 emitido um \u00fanico certificado de participa\u00e7\u00e3o apenas para aqueles que conclu\u00edrem e aprovarem todo o percurso formativo."},{"titulo_item":"QUANDO COME\u00c7AM AS AULAS?","texto_item":"As datas de in\u00edcio dos cursos, certifica\u00e7\u00f5es e mestrados dependem do programa que voc\u00ea escolher. Para obter mais informa\u00e7\u00f5es, acesse o cat\u00e1logo e selecione o programa de seu interesse.\r\n"},{"titulo_item":"COMO POSSO ME COMUNICAR COM VOCES? ","texto_item":"Voc\u00ea pode se comunicar conosco atrav\u00e9s do bot\u00e3o Ajuda, localizado na parte inferior do lado direito do site, por meio de nossas m\u00eddias sociais, ou atrav\u00e9s do nosso Centro de Servi\u00e7o. <A HREF=\"https:\/\/elearning.barcainnovationhub.com\/centro-de-servicio\/\"> Centro de Servi\u00e7o <\/A>"}]},"yoast_head":"<!-- This site is optimized with the Yoast SEO plugin v23.0 - https:\/\/yoast.com\/wordpress\/plugins\/seo\/ -->\n<title>FAQ - Bar\u00e7a Innovation Hub<\/title>\n<meta name=\"robots\" content=\"index, follow, max-snippet:-1, max-image-preview:large, max-video-preview:-1\" \/>\n<link rel=\"canonical\" href=\"https:\/\/elearning.barcainnovationhub.com\/pt\/faq\/\" \/>\n<meta property=\"og:locale\" content=\"pt_PT\" \/>\n<meta property=\"og:type\" content=\"article\" \/>\n<meta property=\"og:title\" content=\"FAQ - Bar\u00e7a Innovation Hub\" \/>\n<meta property=\"og:url\" content=\"https:\/\/elearning.barcainnovationhub.com\/pt\/faq\/\" \/>\n<meta property=\"og:site_name\" content=\"Bar\u00e7a Innovation Hub\" \/>\n<meta property=\"article:publisher\" content=\"https:\/\/www.facebook.com\/fcbuniversitas\" \/>\n<meta property=\"article:modified_time\" content=\"2025-05-26T14:06:44+00:00\" \/>\n<meta name=\"twitter:card\" content=\"summary_large_image\" \/>\n<meta name=\"twitter:site\" content=\"@BarcaInnoHub\" \/>\n<script type=\"application\/ld+json\" class=\"yoast-schema-graph\">{\"@context\":\"https:\/\/schema.org\",\"@graph\":[{\"@type\":\"WebPage\",\"@id\":\"https:\/\/elearning.barcainnovationhub.com\/pt\/faq\/\",\"url\":\"https:\/\/elearning.barcainnovationhub.com\/pt\/faq\/\",\"name\":\"FAQ - Bar\u00e7a Innovation Hub\",\"isPartOf\":{\"@id\":\"https:\/\/elearning.barcainnovationhub.com\/pt\/#website\"},\"datePublished\":\"2018-06-05T18:17:39+00:00\",\"dateModified\":\"2025-05-26T14:06:44+00:00\",\"inLanguage\":\"pt\",\"potentialAction\":[{\"@type\":\"ReadAction\",\"target\":[\"https:\/\/elearning.barcainnovationhub.com\/pt\/faq\/\"]}]},{\"@type\":\"WebSite\",\"@id\":\"https:\/\/elearning.barcainnovationhub.com\/pt\/#website\",\"url\":\"https:\/\/elearning.barcainnovationhub.com\/pt\/\",\"name\":\"Bar\u00e7a Innovation Hub\",\"description\":\"The worldwide centre for sports knowledge and innovation\",\"potentialAction\":[{\"@type\":\"SearchAction\",\"target\":{\"@type\":\"EntryPoint\",\"urlTemplate\":\"https:\/\/elearning.barcainnovationhub.com\/pt\/?s={search_term_string}\"},\"query-input\":\"required name=search_term_string\"}],\"inLanguage\":\"pt\"}]}<\/script>\n<!-- \/ Yoast SEO plugin. -->","yoast_head_json":{"title":"FAQ - Bar\u00e7a Innovation Hub","robots":{"index":"index","follow":"follow","max-snippet":"max-snippet:-1","max-image-preview":"max-image-preview:large","max-video-preview":"max-video-preview:-1"},"canonical":"https:\/\/elearning.barcainnovationhub.com\/pt\/faq\/","og_locale":"pt_PT","og_type":"article","og_title":"FAQ - Bar\u00e7a Innovation Hub","og_url":"https:\/\/elearning.barcainnovationhub.com\/pt\/faq\/","og_site_name":"Bar\u00e7a Innovation Hub","article_publisher":"https:\/\/www.facebook.com\/fcbuniversitas","article_modified_time":"2025-05-26T14:06:44+00:00","twitter_card":"summary_large_image","twitter_site":"@BarcaInnoHub","schema":{"@context":"https:\/\/schema.org","@graph":[{"@type":"WebPage","@id":"https:\/\/elearning.barcainnovationhub.com\/pt\/faq\/","url":"https:\/\/elearning.barcainnovationhub.com\/pt\/faq\/","name":"FAQ - Bar\u00e7a Innovation Hub","isPartOf":{"@id":"https:\/\/elearning.barcainnovationhub.com\/pt\/#website"},"datePublished":"2018-06-05T18:17:39+00:00","dateModified":"2025-05-26T14:06:44+00:00","inLanguage":"pt","potentialAction":[{"@type":"ReadAction","target":["https:\/\/elearning.barcainnovationhub.com\/pt\/faq\/"]}]},{"@type":"WebSite","@id":"https:\/\/elearning.barcainnovationhub.com\/pt\/#website","url":"https:\/\/elearning.barcainnovationhub.com\/pt\/","name":"Bar\u00e7a Innovation Hub","description":"The worldwide centre for sports knowledge and innovation","potentialAction":[{"@type":"SearchAction","target":{"@type":"EntryPoint","urlTemplate":"https:\/\/elearning.barcainnovationhub.com\/pt\/?s={search_term_string}"},"query-input":"required name=search_term_string"}],"inLanguage":"pt"}]}},"_links":{"self":[{"href":"https:\/\/elearning.barcainnovationhub.com\/pt\/wp-json\/wp\/v2\/pages\/149166"}],"collection":[{"href":"https:\/\/elearning.barcainnovationhub.com\/pt\/wp-json\/wp\/v2\/pages"}],"about":[{"href":"https:\/\/elearning.barcainnovationhub.com\/pt\/wp-json\/wp\/v2\/types\/page"}],"author":[{"embeddable":true,"href":"https:\/\/elearning.barcainnovationhub.com\/pt\/wp-json\/wp\/v2\/users\/1"}],"replies":[{"embeddable":true,"href":"https:\/\/elearning.barcainnovationhub.com\/pt\/wp-json\/wp\/v2\/comments?post=149166"}],"version-history":[{"count":0,"href":"https:\/\/elearning.barcainnovationhub.com\/pt\/wp-json\/wp\/v2\/pages\/149166\/revisions"}],"wp:attachment":[{"href":"https:\/\/elearning.barcainnovationhub.com\/pt\/wp-json\/wp\/v2\/media?parent=149166"}],"wp:term":[{"taxonomy":"category","embeddable":true,"href":"https:\/\/elearning.barcainnovationhub.com\/pt\/wp-json\/wp\/v2\/categories?post=149166"},{"taxonomy":"post_tag","embeddable":true,"href":"https:\/\/elearning.barcainnovationhub.com\/pt\/wp-json\/wp\/v2\/tags?post=149166"}],"curies":[{"name":"wp","href":"https:\/\/api.w.org\/{rel}","templated":true}]}}