{"id":29795,"date":"2019-08-08T11:12:46","date_gmt":"2019-08-08T14:12:46","guid":{"rendered":"https:\/\/elearning.barcainnovationhub.com\/?page_id=29795"},"modified":"2025-10-30T16:12:47","modified_gmt":"2025-10-30T19:12:47","slug":"certificado-em-medico-de-equipe-conceitos-essenciais-landing-180-pt","status":"publish","type":"page","link":"https:\/\/elearning.barcainnovationhub.com\/pt\/certificado-em-medico-de-equipe-conceitos-essenciais-landing-180-pt\/","title":{"rendered":"Certificado em M\u00e9dico de Equipe \u2013 Conceitos Essenciais-Landing-180-pt"},"content":{"rendered":"","protected":false},"excerpt":{"rendered":"","protected":false},"author":21,"featured_media":0,"parent":0,"menu_order":644,"comment_status":"closed","ping_status":"closed","template":"page-templates\/barca-landings.php","meta":{"_acf_changed":true,"footnotes":""},"categories":[],"tags":[],"class_list":["post-29795","page","type-page","status-publish","hentry"],"acf":{"hubspot_product_id":"37709462766","external_id":"2477","imagen_de_fondo":"https:\/\/elearning.barcainnovationhub.com\/wp-content\/uploads\/2020\/11\/5b3dd870-vo190805a29228.jpg","titulo_del_producto":"Certificado em M\u00e9dico de Equipe \u2013 Conceitos Essenciais","precio":"625","precio_tachado":"","porcentaje_descuento":"COMECE AGORA","activar_btn_compra":false,"texto_boton_de_compra":"","id_producto":"2477","activar_detalles_producto":true,"fecha_de_inicio":"","duracion_del_curso":"4 Meses","nivel_del_curso":"Avan\u00e7ado","modalidad_cursado":"100% online","impartido_en":"Portugu\u00eas","activar_texto_detalle":true,"titulo_texto_detalle":"Aprenda com os melhores!","texto_detalle":"<p>Conhe\u00e7a as caracter\u00edsticas fundamentais para as estrat\u00e9gias de preven\u00e7\u00e3o e reabilita\u00e7\u00e3o de les\u00f5es, bem como os diferentes mecanismos de les\u00e3o nos desportos coletivos.<\/p>\n<p>&nbsp;<\/p>\n<h3>APRENDE A<\/h3>\n<p>\u2022 Controlar e gestionar os dados obtidos das avalia\u00e7\u00f5es e monitora\u00e7\u00e3o do desempenho e les\u00f5es da equipe, comparando com os dados provenientes da ci\u00eancia e do treinamento.<br \/>\n\u2022 Conhecer as caracter\u00edsticas fundamentais tanto de estrat\u00e9gias de preven\u00e7\u00e3o e reabilita\u00e7\u00e3o de les\u00f5es quanto dos diferentes mecanismos lesivos em esportes coletivos.<br \/>\n\u2022 Controlar as patologias e les\u00f5es diferenciadas por esporte.<br \/>\n\u2022 Dominar tem\u00e1ticas complementares, inerentes ao m\u00e9dico de equipe.<\/p>\n<p>&nbsp;<\/p>\n<h3>DIRIGIDO A<\/h3>\n<p>\u2022 M\u00e9dicos<br \/>\n\u2022 M\u00e9dicos de equipes de alto desempenho \/ Corpo m\u00e9dico de esportes coletivos<br \/>\n\u2022 Treinadores<br \/>\n\u2022 Readaptadores<br \/>\n\u2022 Preparadores f\u00edsicos<br \/>\n\u2022 Fisioterapeutas<br \/>\n\u2022 Nutricionistas<br \/>\n\u2022 Fisioterapeutas que tratam do controle ou da preven\u00e7\u00e3o de les\u00f5es em equipes esportivas<br \/>\n\u2022 Estudantes\/Diplomados\/Graduados em Ci\u00eancias do Esporte ou Ci\u00eancias do Exerc\u00edcio<\/p>\n","activar_video":true,"url_video":"https:\/\/www.youtube.com\/embed\/fPrL7uBneUw?controls=0","activar_form":true,"precio_en_cuotas":"","activar_btn_compra_link_carrito_descuento":false,"texto_btn_compra_link_carrito_descuento":"","link_btn_compra_link_carrito_descuento":"","id_magento":"180","mostrar_precio":false,"activar_fechas_automaticas":true,"fecha_de_inicio_automatica":"10082021","segunda_fecha_de_inicio_automatica":"","zona_horaria":"Europe\/Madrid","enable_linkedin_carousel":false},"yoast_head":"<!-- This site is optimized with the Yoast SEO plugin v23.0 - https:\/\/yoast.com\/wordpress\/plugins\/seo\/ -->\n<title>Certificado em M\u00e9dico de Equipe \u2013 Conceitos Essenciais-Landing-180-pt - Bar\u00e7a Innovation Hub<\/title>\n<meta name=\"robots\" content=\"index, follow, max-snippet:-1, max-image-preview:large, max-video-preview:-1\" \/>\n<link rel=\"canonical\" href=\"https:\/\/elearning.barcainnovationhub.com\/pt\/certificado-em-medico-de-equipe-conceitos-essenciais-landing-180-pt\/\" \/>\n<meta property=\"og:locale\" content=\"pt_PT\" \/>\n<meta property=\"og:type\" content=\"article\" \/>\n<meta property=\"og:title\" content=\"Certificado em M\u00e9dico de Equipe \u2013 Conceitos Essenciais-Landing-180-pt - Bar\u00e7a Innovation Hub\" \/>\n<meta property=\"og:url\" content=\"https:\/\/elearning.barcainnovationhub.com\/pt\/certificado-em-medico-de-equipe-conceitos-essenciais-landing-180-pt\/\" \/>\n<meta property=\"og:site_name\" content=\"Bar\u00e7a Innovation Hub\" \/>\n<meta property=\"article:publisher\" content=\"https:\/\/www.facebook.com\/fcbuniversitas\" \/>\n<meta property=\"article:modified_time\" content=\"2025-10-30T19:12:47+00:00\" \/>\n<meta name=\"twitter:card\" content=\"summary_large_image\" \/>\n<meta name=\"twitter:site\" content=\"@BarcaInnoHub\" \/>\n<script type=\"application\/ld+json\" class=\"yoast-schema-graph\">{\"@context\":\"https:\/\/schema.org\",\"@graph\":[{\"@type\":\"WebPage\",\"@id\":\"https:\/\/elearning.barcainnovationhub.com\/pt\/certificado-em-medico-de-equipe-conceitos-essenciais-landing-180-pt\/\",\"url\":\"https:\/\/elearning.barcainnovationhub.com\/pt\/certificado-em-medico-de-equipe-conceitos-essenciais-landing-180-pt\/\",\"name\":\"Certificado em M\u00e9dico de Equipe \u2013 Conceitos Essenciais-Landing-180-pt - Bar\u00e7a Innovation Hub\",\"isPartOf\":{\"@id\":\"https:\/\/elearning.barcainnovationhub.com\/pt\/#website\"},\"datePublished\":\"2019-08-08T14:12:46+00:00\",\"dateModified\":\"2025-10-30T19:12:47+00:00\",\"inLanguage\":\"pt\",\"potentialAction\":[{\"@type\":\"ReadAction\",\"target\":[\"https:\/\/elearning.barcainnovationhub.com\/pt\/certificado-em-medico-de-equipe-conceitos-essenciais-landing-180-pt\/\"]}]},{\"@type\":\"WebSite\",\"@id\":\"https:\/\/elearning.barcainnovationhub.com\/pt\/#website\",\"url\":\"https:\/\/elearning.barcainnovationhub.com\/pt\/\",\"name\":\"Bar\u00e7a Innovation Hub\",\"description\":\"The worldwide centre for sports knowledge and innovation\",\"potentialAction\":[{\"@type\":\"SearchAction\",\"target\":{\"@type\":\"EntryPoint\",\"urlTemplate\":\"https:\/\/elearning.barcainnovationhub.com\/pt\/?s={search_term_string}\"},\"query-input\":\"required name=search_term_string\"}],\"inLanguage\":\"pt\"}]}<\/script>\n<!-- \/ Yoast SEO plugin. -->","yoast_head_json":{"title":"Certificado em M\u00e9dico de Equipe \u2013 Conceitos Essenciais-Landing-180-pt - Bar\u00e7a Innovation Hub","robots":{"index":"index","follow":"follow","max-snippet":"max-snippet:-1","max-image-preview":"max-image-preview:large","max-video-preview":"max-video-preview:-1"},"canonical":"https:\/\/elearning.barcainnovationhub.com\/pt\/certificado-em-medico-de-equipe-conceitos-essenciais-landing-180-pt\/","og_locale":"pt_PT","og_type":"article","og_title":"Certificado em M\u00e9dico de Equipe \u2013 Conceitos Essenciais-Landing-180-pt - Bar\u00e7a Innovation Hub","og_url":"https:\/\/elearning.barcainnovationhub.com\/pt\/certificado-em-medico-de-equipe-conceitos-essenciais-landing-180-pt\/","og_site_name":"Bar\u00e7a Innovation Hub","article_publisher":"https:\/\/www.facebook.com\/fcbuniversitas","article_modified_time":"2025-10-30T19:12:47+00:00","twitter_card":"summary_large_image","twitter_site":"@BarcaInnoHub","schema":{"@context":"https:\/\/schema.org","@graph":[{"@type":"WebPage","@id":"https:\/\/elearning.barcainnovationhub.com\/pt\/certificado-em-medico-de-equipe-conceitos-essenciais-landing-180-pt\/","url":"https:\/\/elearning.barcainnovationhub.com\/pt\/certificado-em-medico-de-equipe-conceitos-essenciais-landing-180-pt\/","name":"Certificado em M\u00e9dico de Equipe \u2013 Conceitos Essenciais-Landing-180-pt - Bar\u00e7a Innovation Hub","isPartOf":{"@id":"https:\/\/elearning.barcainnovationhub.com\/pt\/#website"},"datePublished":"2019-08-08T14:12:46+00:00","dateModified":"2025-10-30T19:12:47+00:00","inLanguage":"pt","potentialAction":[{"@type":"ReadAction","target":["https:\/\/elearning.barcainnovationhub.com\/pt\/certificado-em-medico-de-equipe-conceitos-essenciais-landing-180-pt\/"]}]},{"@type":"WebSite","@id":"https:\/\/elearning.barcainnovationhub.com\/pt\/#website","url":"https:\/\/elearning.barcainnovationhub.com\/pt\/","name":"Bar\u00e7a Innovation Hub","description":"The worldwide centre for sports knowledge and innovation","potentialAction":[{"@type":"SearchAction","target":{"@type":"EntryPoint","urlTemplate":"https:\/\/elearning.barcainnovationhub.com\/pt\/?s={search_term_string}"},"query-input":"required name=search_term_string"}],"inLanguage":"pt"}]}},"_links":{"self":[{"href":"https:\/\/elearning.barcainnovationhub.com\/pt\/wp-json\/wp\/v2\/pages\/29795"}],"collection":[{"href":"https:\/\/elearning.barcainnovationhub.com\/pt\/wp-json\/wp\/v2\/pages"}],"about":[{"href":"https:\/\/elearning.barcainnovationhub.com\/pt\/wp-json\/wp\/v2\/types\/page"}],"author":[{"embeddable":true,"href":"https:\/\/elearning.barcainnovationhub.com\/pt\/wp-json\/wp\/v2\/users\/21"}],"replies":[{"embeddable":true,"href":"https:\/\/elearning.barcainnovationhub.com\/pt\/wp-json\/wp\/v2\/comments?post=29795"}],"version-history":[{"count":0,"href":"https:\/\/elearning.barcainnovationhub.com\/pt\/wp-json\/wp\/v2\/pages\/29795\/revisions"}],"wp:attachment":[{"href":"https:\/\/elearning.barcainnovationhub.com\/pt\/wp-json\/wp\/v2\/media?parent=29795"}],"wp:term":[{"taxonomy":"category","embeddable":true,"href":"https:\/\/elearning.barcainnovationhub.com\/pt\/wp-json\/wp\/v2\/categories?post=29795"},{"taxonomy":"post_tag","embeddable":true,"href":"https:\/\/elearning.barcainnovationhub.com\/pt\/wp-json\/wp\/v2\/tags?post=29795"}],"curies":[{"name":"wp","href":"https:\/\/api.w.org\/{rel}","templated":true}]}}