{"id":3453,"date":"2018-03-02T14:59:43","date_gmt":"2018-03-02T17:59:43","guid":{"rendered":"http:\/\/elearning.barcainnovationhub.com\/home\/"},"modified":"2022-05-18T15:27:20","modified_gmt":"2022-05-18T18:27:20","slug":"home","status":"publish","type":"page","link":"https:\/\/elearning.barcainnovationhub.com\/pt\/","title":{"rendered":"Home"},"content":{"rendered":"","protected":false},"excerpt":{"rendered":"","protected":false},"author":1,"featured_media":0,"parent":0,"menu_order":1019,"comment_status":"closed","ping_status":"closed","template":"page-templates\/page-home.php","meta":{"_acf_changed":false,"footnotes":""},"categories":[],"tags":[],"class_list":["post-3453","page","type-page","status-publish","hentry"],"acf":{"slider_hero":[{"tag":"Innovation","titulo":"BAR\u00c7A INNOVATION HUB: UM GRANDE LABORAT\u00d3RIO PARA O FUTURO DO DESPORTO","link":null,"subtitulo":"","descripcion_corta":"Um dos princ\u00edpios fundamentais do Bar\u00e7a Innovation Hub \u00e9 a convic\u00e7\u00e3o de que, na investiga\u00e7\u00e3o cient\u00edfica e nos projetos de inova\u00e7\u00e3o, a colabora\u00e7\u00e3o entre diferentes tipos de entidades produz resultados mais eficientes, robustos e adaptados \u00e0s necessidades dos utilizadores finais.","imagen_de_fondo":false},{"tag":"Universitas","titulo":"Coach Academy: treinando com o Bar\u00e7a DNA","link":"https:\/\/elearning.barcainnovationhub.com\/pt\/coach-academy\/","subtitulo":"","descripcion_corta":"Treinar melhores atletas significa treinar melhores treinadores. A Bar\u00e7a Coach Academy fornece as ferramentas te\u00f3ricas e pr\u00e1ticas para o desenho e implementa\u00e7\u00e3o de programas de treinamento, com base na metodologia caracter\u00edstica do Football Club Barcelona.","imagen_de_fondo":false}],"slider_2":false,"slider_header":[{"fecha":"","extra_data":"","titulo":"El centre de coneixement i la innovaci\u00f3 esportiva","subtitulo":"","texto_btn":"SAIBA MAIS","link_btn":"\/pt\/acerca-de\/","imagen":"https:\/\/elearning.barcainnovationhub.com\/wp-content\/uploads\/2022\/05\/e9285015-espai-barca-scaled.jpg"},{"fecha":"","extra_data":"","titulo":"Certificado em Carga de Trabalho e Les\u00f5es em Desportos em Equipa","subtitulo":"","texto_btn":"SAIBA MAIS","link_btn":"\/pt\/product\/certificado-em-carga-de-trabalho-e-lesoes-em-desportos-em-equipa\/","imagen":"https:\/\/elearning.barcainnovationhub.com\/wp-content\/uploads\/2021\/03\/5763c45b-slider-basket-min.jpeg"},{"fecha":"","extra_data":"","titulo":"Certificado em Analista T\u00e1tico de Futebol","subtitulo":"","texto_btn":"SAIBA MAIS","link_btn":"\/pt\/product\/certificado-em-analista-tatico-de-futebol\/","imagen":"https:\/\/elearning.barcainnovationhub.com\/wp-content\/uploads\/2021\/03\/12775525-futbol.jpeg"}],"activar_banner_1":false,"banner_1":false,"activar_banner_2":false,"banner_2":false,"activar_banner_3":false,"banner_3":false,"new_home_blog_title":" \u00daLTIMAS TEND\u00caNCIAS","nota_destacada":"","notas_relacionadas":"","text_cta_blog":" v\u00e1 para o blog","url_cta_blog":"\/pt\/principal-blog","new_home_blog_subtitle":"","activar_nuevos_banners":false,"mostrar_banner_1":false,"crear_banner_1":{"utilizar_imagen_unica_para_banner":false,"asignar_imagen_unica_para_banner":false,"mostrar_titulo_banner":false,"titulo_para_banner":"","mostrar_subtitulo_banner":false,"subtitulo_del_banner":"","mostrar_cta_banner":false,"texto_cta_banner":"","url_cta_banner":"","fondo_de_color_banner":"","fondo_de_imagen_banner":false,"mostrar_imagen_izquierda_banner":false,"asignar_imagen_izquierda_banner":false},"mostrar_banner_2":false,"crear_banner_2":{"utilizar_imagen_unica_para_banner":false,"asignar_imagen_unica_para_banner":false,"mostrar_titulo_banner":false,"titulo_para_banner":"","mostrar_subtitulo_banner":false,"subtitulo_del_banner":"","mostrar_cta_banner":false,"texto_cta_banner":"","url_cta_banner":"","fondo_de_color_banner":"","fondo_de_imagen_banner":false,"mostrar_imagen_izquierda_banner":false,"asignar_imagen_izquierda_banner":false},"mostrar_banner_3":false,"crear_banner_3":{"utilizar_imagen_unica_para_banner":false,"asignar_imagen_unica_para_banner":false,"mostrar_titulo_banner":false,"titulo_para_banner":"","mostrar_subtitulo_banner":false,"subtitulo_del_banner":"","mostrar_cta_banner":false,"texto_cta_banner":"","url_cta_banner":"","fondo_de_color_banner":"","fondo_de_imagen_banner":false,"mostrar_imagen_izquierda_banner":false,"asignar_imagen_izquierda_banner":false}},"yoast_head":"<!-- This site is optimized with the Yoast SEO plugin v23.0 - https:\/\/yoast.com\/wordpress\/plugins\/seo\/ -->\n<title>Home - Bar\u00e7a Innovation Hub<\/title>\n<meta name=\"description\" content=\"Programas online, concebidos por uma comunidade de peritos do setor desportivo, que consiste em profissionais do Clube e profissionais externos l\u00edderes nas suas \u00e1reas de especializa\u00e7\u00e3o.\" \/>\n<meta name=\"robots\" content=\"index, follow, max-snippet:-1, max-image-preview:large, max-video-preview:-1\" \/>\n<link rel=\"canonical\" href=\"https:\/\/elearning.barcainnovationhub.com\/pt\/\" \/>\n<meta property=\"og:locale\" content=\"pt_PT\" \/>\n<meta property=\"og:type\" content=\"article\" \/>\n<meta property=\"og:title\" content=\"Home - Bar\u00e7a Innovation Hub\" \/>\n<meta property=\"og:description\" content=\"Programas online, concebidos por uma comunidade de peritos do setor desportivo, que consiste em profissionais do Clube e profissionais externos l\u00edderes nas suas \u00e1reas de especializa\u00e7\u00e3o.\" \/>\n<meta property=\"og:url\" content=\"https:\/\/elearning.barcainnovationhub.com\/pt\/\" \/>\n<meta property=\"og:site_name\" content=\"Bar\u00e7a Innovation Hub\" \/>\n<meta property=\"article:publisher\" content=\"https:\/\/www.facebook.com\/fcbuniversitas\" \/>\n<meta property=\"article:modified_time\" content=\"2022-05-18T18:27:20+00:00\" \/>\n<meta name=\"twitter:card\" content=\"summary_large_image\" \/>\n<meta name=\"twitter:site\" content=\"@BarcaInnoHub\" \/>\n<script type=\"application\/ld+json\" class=\"yoast-schema-graph\">{\"@context\":\"https:\/\/schema.org\",\"@graph\":[{\"@type\":\"WebPage\",\"@id\":\"https:\/\/elearning.barcainnovationhub.com\/pt\/\",\"url\":\"https:\/\/elearning.barcainnovationhub.com\/pt\/\",\"name\":\"Home - Bar\u00e7a Innovation Hub\",\"isPartOf\":{\"@id\":\"https:\/\/elearning.barcainnovationhub.com\/pt\/#website\"},\"datePublished\":\"2018-03-02T17:59:43+00:00\",\"dateModified\":\"2022-05-18T18:27:20+00:00\",\"description\":\"Programas online, concebidos por uma comunidade de peritos do setor desportivo, que consiste em profissionais do Clube e profissionais externos l\u00edderes nas suas \u00e1reas de especializa\u00e7\u00e3o.\",\"inLanguage\":\"pt\",\"potentialAction\":[{\"@type\":\"ReadAction\",\"target\":[\"https:\/\/elearning.barcainnovationhub.com\/pt\/\"]}]},{\"@type\":\"WebSite\",\"@id\":\"https:\/\/elearning.barcainnovationhub.com\/pt\/#website\",\"url\":\"https:\/\/elearning.barcainnovationhub.com\/pt\/\",\"name\":\"Bar\u00e7a Innovation Hub\",\"description\":\"The worldwide centre for sports knowledge and innovation\",\"potentialAction\":[{\"@type\":\"SearchAction\",\"target\":{\"@type\":\"EntryPoint\",\"urlTemplate\":\"https:\/\/elearning.barcainnovationhub.com\/pt\/?s={search_term_string}\"},\"query-input\":\"required name=search_term_string\"}],\"inLanguage\":\"pt\"}]}<\/script>\n<!-- \/ Yoast SEO plugin. -->","yoast_head_json":{"title":"Home - Bar\u00e7a Innovation Hub","description":"Programas online, concebidos por uma comunidade de peritos do setor desportivo, que consiste em profissionais do Clube e profissionais externos l\u00edderes nas suas \u00e1reas de especializa\u00e7\u00e3o.","robots":{"index":"index","follow":"follow","max-snippet":"max-snippet:-1","max-image-preview":"max-image-preview:large","max-video-preview":"max-video-preview:-1"},"canonical":"https:\/\/elearning.barcainnovationhub.com\/pt\/","og_locale":"pt_PT","og_type":"article","og_title":"Home - Bar\u00e7a Innovation Hub","og_description":"Programas online, concebidos por uma comunidade de peritos do setor desportivo, que consiste em profissionais do Clube e profissionais externos l\u00edderes nas suas \u00e1reas de especializa\u00e7\u00e3o.","og_url":"https:\/\/elearning.barcainnovationhub.com\/pt\/","og_site_name":"Bar\u00e7a Innovation Hub","article_publisher":"https:\/\/www.facebook.com\/fcbuniversitas","article_modified_time":"2022-05-18T18:27:20+00:00","twitter_card":"summary_large_image","twitter_site":"@BarcaInnoHub","schema":{"@context":"https:\/\/schema.org","@graph":[{"@type":"WebPage","@id":"https:\/\/elearning.barcainnovationhub.com\/pt\/","url":"https:\/\/elearning.barcainnovationhub.com\/pt\/","name":"Home - Bar\u00e7a Innovation Hub","isPartOf":{"@id":"https:\/\/elearning.barcainnovationhub.com\/pt\/#website"},"datePublished":"2018-03-02T17:59:43+00:00","dateModified":"2022-05-18T18:27:20+00:00","description":"Programas online, concebidos por uma comunidade de peritos do setor desportivo, que consiste em profissionais do Clube e profissionais externos l\u00edderes nas suas \u00e1reas de especializa\u00e7\u00e3o.","inLanguage":"pt","potentialAction":[{"@type":"ReadAction","target":["https:\/\/elearning.barcainnovationhub.com\/pt\/"]}]},{"@type":"WebSite","@id":"https:\/\/elearning.barcainnovationhub.com\/pt\/#website","url":"https:\/\/elearning.barcainnovationhub.com\/pt\/","name":"Bar\u00e7a Innovation Hub","description":"The worldwide centre for sports knowledge and innovation","potentialAction":[{"@type":"SearchAction","target":{"@type":"EntryPoint","urlTemplate":"https:\/\/elearning.barcainnovationhub.com\/pt\/?s={search_term_string}"},"query-input":"required name=search_term_string"}],"inLanguage":"pt"}]}},"_links":{"self":[{"href":"https:\/\/elearning.barcainnovationhub.com\/pt\/wp-json\/wp\/v2\/pages\/3453"}],"collection":[{"href":"https:\/\/elearning.barcainnovationhub.com\/pt\/wp-json\/wp\/v2\/pages"}],"about":[{"href":"https:\/\/elearning.barcainnovationhub.com\/pt\/wp-json\/wp\/v2\/types\/page"}],"author":[{"embeddable":true,"href":"https:\/\/elearning.barcainnovationhub.com\/pt\/wp-json\/wp\/v2\/users\/1"}],"replies":[{"embeddable":true,"href":"https:\/\/elearning.barcainnovationhub.com\/pt\/wp-json\/wp\/v2\/comments?post=3453"}],"version-history":[{"count":0,"href":"https:\/\/elearning.barcainnovationhub.com\/pt\/wp-json\/wp\/v2\/pages\/3453\/revisions"}],"wp:attachment":[{"href":"https:\/\/elearning.barcainnovationhub.com\/pt\/wp-json\/wp\/v2\/media?parent=3453"}],"wp:term":[{"taxonomy":"category","embeddable":true,"href":"https:\/\/elearning.barcainnovationhub.com\/pt\/wp-json\/wp\/v2\/categories?post=3453"},{"taxonomy":"post_tag","embeddable":true,"href":"https:\/\/elearning.barcainnovationhub.com\/pt\/wp-json\/wp\/v2\/tags?post=3453"}],"curies":[{"name":"wp","href":"https:\/\/api.w.org\/{rel}","templated":true}]}}