{"id":41252,"date":"2019-10-22T15:07:27","date_gmt":"2019-10-22T18:07:27","guid":{"rendered":"https:\/\/elearning.barcainnovationhub.com\/?page_id=41252"},"modified":"2021-11-04T16:18:17","modified_gmt":"2021-11-04T19:18:17","slug":"pilares-do-marketing-desportivo-landing-pt","status":"publish","type":"page","link":"https:\/\/elearning.barcainnovationhub.com\/pt\/pilares-do-marketing-desportivo-landing-pt\/","title":{"rendered":"Pilares do Marketing Desportivo-Landing-pt"},"content":{"rendered":"","protected":false},"excerpt":{"rendered":"","protected":false},"author":1,"featured_media":0,"parent":0,"menu_order":562,"comment_status":"closed","ping_status":"closed","template":"page-templates\/barca-landings.php","meta":{"_acf_changed":false,"footnotes":""},"categories":[],"tags":[],"class_list":["post-41252","page","type-page","status-publish","hentry"],"acf":{"hubspot_product_id":"50377915","external_id":"576","imagen_de_fondo":"https:\/\/static.capabiliaserver.com\/frontend\/clients\/barca\/wp_prod\/wp-content\/uploads\/2019\/10\/95975db4-pilares-del-marketing-deportivo-portada.jpg","titulo_del_producto":"Pilares do Marketing Desportivo","precio":"\u20ac 200","precio_tachado":"","porcentaje_descuento":"","activar_btn_compra":true,"texto_boton_de_compra":"COMPRE AGORA!","id_producto":"576","activar_detalles_producto":true,"fecha_de_inicio":"","duracion_del_curso":"1 mes","nivel_del_curso":"Avan\u00e7ado","modalidad_cursado":"100% online","impartido_en":"Portugu\u00eas","activar_texto_detalle":true,"titulo_texto_detalle":"Aprenda com os melhores!","texto_detalle":"<h4><a href=\"https:\/\/static.capabiliaserver.com\/frontend\/clients\/barca\/wp_prod\/wp-content\/uploads\/2019\/10\/8b64e9cf-pilares-do-marketing-desportivo.pdf\" target=\"_blank\" rel=\"noopener\"><img loading=\"lazy\" decoding=\"async\" class=\"alignnone size-medium wp-image-42612\" src=\"https:\/\/static.capabiliaserver.com\/frontend\/clients\/barca\/wp_prod\/wp-content\/uploads\/2019\/10\/8265eabf-boton_pt-300x45.png\" alt=\"\" width=\"300\" height=\"45\" srcset=\"https:\/\/static.capabiliaserver.com\/frontend\/clients\/barca\/wp_prod\/wp-content\/uploads\/2019\/10\/8265eabf-boton_pt-300x45.png 300w, https:\/\/static.capabiliaserver.com\/frontend\/clients\/barca\/wp_prod\/wp-content\/uploads\/2019\/10\/8265eabf-boton_pt.png 340w\" sizes=\"(max-width: 300px) 100vw, 300px\" \/><\/a><\/h4>\n<h4><\/h4>\n<h4>Especialista<\/h4>\n<p>Jim Condo<\/p>\n<p>&nbsp;<\/p>\n<h4>Endere\u00e7ado a<\/h4>\n<p>\u2022 Diretivos de organiza\u00e7\u00f5es vinculadas ao mundo do esporte (clubes, federa\u00e7\u00f5es, empresas que oferecem produtos e\/ou servi\u00e7os esportivos).<br \/>\n\u2022 Profissionais trabalhando no \u00e2mbito empresarial e\/ou esportivo que desejam dar um salto qualitativo em suas carreiras adquirindo um conhecimento especializado.<br \/>\n\u2022 Profissionais em geral interessados na tem\u00e1tica.<\/p>\n<p>&nbsp;<\/p>\n<h4>Aprenda a<\/h4>\n<p>Incorporar o marketing como disciplina na gest\u00e3o de atividades esportivas<\/p>\n","activar_video":false,"url_video":"","activar_form":false,"precio_en_cuotas":"","activar_btn_compra_link_carrito_descuento":false,"texto_btn_compra_link_carrito_descuento":"","link_btn_compra_link_carrito_descuento":"","id_magento":"","mostrar_precio":true,"activar_fechas_automaticas":true,"fecha_de_inicio_automatica":"11112021","segunda_fecha_de_inicio_automatica":"","zona_horaria":"Europe\/Madrid"},"yoast_head":"<!-- This site is optimized with the Yoast SEO plugin v23.0 - https:\/\/yoast.com\/wordpress\/plugins\/seo\/ -->\n<title>Pilares do Marketing Desportivo-Landing-pt - Bar\u00e7a Innovation Hub<\/title>\n<meta name=\"robots\" content=\"noindex, nofollow\" \/>\n<meta property=\"og:locale\" content=\"pt_PT\" \/>\n<meta property=\"og:type\" content=\"article\" \/>\n<meta property=\"og:title\" content=\"Pilares do Marketing Desportivo-Landing-pt - Bar\u00e7a Innovation Hub\" \/>\n<meta property=\"og:url\" content=\"https:\/\/elearning.barcainnovationhub.com\/pt\/pilares-do-marketing-desportivo-landing-pt\/\" \/>\n<meta property=\"og:site_name\" content=\"Bar\u00e7a Innovation Hub\" \/>\n<meta property=\"article:publisher\" content=\"https:\/\/www.facebook.com\/fcbuniversitas\" \/>\n<meta property=\"article:modified_time\" content=\"2021-11-04T19:18:17+00:00\" \/>\n<meta name=\"twitter:card\" content=\"summary_large_image\" \/>\n<meta name=\"twitter:site\" content=\"@BarcaInnoHub\" \/>\n<script type=\"application\/ld+json\" class=\"yoast-schema-graph\">{\"@context\":\"https:\/\/schema.org\",\"@graph\":[{\"@type\":\"WebPage\",\"@id\":\"https:\/\/elearning.barcainnovationhub.com\/pt\/pilares-do-marketing-desportivo-landing-pt\/\",\"url\":\"https:\/\/elearning.barcainnovationhub.com\/pt\/pilares-do-marketing-desportivo-landing-pt\/\",\"name\":\"Pilares do Marketing Desportivo-Landing-pt - Bar\u00e7a Innovation Hub\",\"isPartOf\":{\"@id\":\"https:\/\/elearning.barcainnovationhub.com\/pt\/#website\"},\"datePublished\":\"2019-10-22T18:07:27+00:00\",\"dateModified\":\"2021-11-04T19:18:17+00:00\",\"inLanguage\":\"pt\",\"potentialAction\":[{\"@type\":\"ReadAction\",\"target\":[\"https:\/\/elearning.barcainnovationhub.com\/pt\/pilares-do-marketing-desportivo-landing-pt\/\"]}]},{\"@type\":\"WebSite\",\"@id\":\"https:\/\/elearning.barcainnovationhub.com\/pt\/#website\",\"url\":\"https:\/\/elearning.barcainnovationhub.com\/pt\/\",\"name\":\"Bar\u00e7a Innovation Hub\",\"description\":\"The worldwide centre for sports knowledge and innovation\",\"potentialAction\":[{\"@type\":\"SearchAction\",\"target\":{\"@type\":\"EntryPoint\",\"urlTemplate\":\"https:\/\/elearning.barcainnovationhub.com\/pt\/?s={search_term_string}\"},\"query-input\":\"required name=search_term_string\"}],\"inLanguage\":\"pt\"}]}<\/script>\n<!-- \/ Yoast SEO plugin. -->","yoast_head_json":{"title":"Pilares do Marketing Desportivo-Landing-pt - Bar\u00e7a Innovation Hub","robots":{"index":"noindex","follow":"nofollow"},"og_locale":"pt_PT","og_type":"article","og_title":"Pilares do Marketing Desportivo-Landing-pt - Bar\u00e7a Innovation Hub","og_url":"https:\/\/elearning.barcainnovationhub.com\/pt\/pilares-do-marketing-desportivo-landing-pt\/","og_site_name":"Bar\u00e7a Innovation Hub","article_publisher":"https:\/\/www.facebook.com\/fcbuniversitas","article_modified_time":"2021-11-04T19:18:17+00:00","twitter_card":"summary_large_image","twitter_site":"@BarcaInnoHub","schema":{"@context":"https:\/\/schema.org","@graph":[{"@type":"WebPage","@id":"https:\/\/elearning.barcainnovationhub.com\/pt\/pilares-do-marketing-desportivo-landing-pt\/","url":"https:\/\/elearning.barcainnovationhub.com\/pt\/pilares-do-marketing-desportivo-landing-pt\/","name":"Pilares do Marketing Desportivo-Landing-pt - Bar\u00e7a Innovation Hub","isPartOf":{"@id":"https:\/\/elearning.barcainnovationhub.com\/pt\/#website"},"datePublished":"2019-10-22T18:07:27+00:00","dateModified":"2021-11-04T19:18:17+00:00","inLanguage":"pt","potentialAction":[{"@type":"ReadAction","target":["https:\/\/elearning.barcainnovationhub.com\/pt\/pilares-do-marketing-desportivo-landing-pt\/"]}]},{"@type":"WebSite","@id":"https:\/\/elearning.barcainnovationhub.com\/pt\/#website","url":"https:\/\/elearning.barcainnovationhub.com\/pt\/","name":"Bar\u00e7a Innovation Hub","description":"The worldwide centre for sports knowledge and innovation","potentialAction":[{"@type":"SearchAction","target":{"@type":"EntryPoint","urlTemplate":"https:\/\/elearning.barcainnovationhub.com\/pt\/?s={search_term_string}"},"query-input":"required name=search_term_string"}],"inLanguage":"pt"}]}},"_links":{"self":[{"href":"https:\/\/elearning.barcainnovationhub.com\/pt\/wp-json\/wp\/v2\/pages\/41252"}],"collection":[{"href":"https:\/\/elearning.barcainnovationhub.com\/pt\/wp-json\/wp\/v2\/pages"}],"about":[{"href":"https:\/\/elearning.barcainnovationhub.com\/pt\/wp-json\/wp\/v2\/types\/page"}],"author":[{"embeddable":true,"href":"https:\/\/elearning.barcainnovationhub.com\/pt\/wp-json\/wp\/v2\/users\/1"}],"replies":[{"embeddable":true,"href":"https:\/\/elearning.barcainnovationhub.com\/pt\/wp-json\/wp\/v2\/comments?post=41252"}],"version-history":[{"count":0,"href":"https:\/\/elearning.barcainnovationhub.com\/pt\/wp-json\/wp\/v2\/pages\/41252\/revisions"}],"wp:attachment":[{"href":"https:\/\/elearning.barcainnovationhub.com\/pt\/wp-json\/wp\/v2\/media?parent=41252"}],"wp:term":[{"taxonomy":"category","embeddable":true,"href":"https:\/\/elearning.barcainnovationhub.com\/pt\/wp-json\/wp\/v2\/categories?post=41252"},{"taxonomy":"post_tag","embeddable":true,"href":"https:\/\/elearning.barcainnovationhub.com\/pt\/wp-json\/wp\/v2\/tags?post=41252"}],"curies":[{"name":"wp","href":"https:\/\/api.w.org\/{rel}","templated":true}]}}