{"id":51877,"date":"2020-01-28T11:26:26","date_gmt":"2020-01-28T14:26:26","guid":{"rendered":"https:\/\/elearning.barcainnovationhub.com\/?page_id=51877"},"modified":"2024-05-23T15:09:30","modified_gmt":"2024-05-23T18:09:30","slug":"certificado-em-nutricao-desportiva-avancada-landing-191-pt","status":"publish","type":"page","link":"https:\/\/elearning.barcainnovationhub.com\/pt\/certificado-em-nutricao-desportiva-avancada-landing-191-pt\/","title":{"rendered":"Certificado em Nutri\u00e7\u00e3o Avan\u00e7ada-landing-191-pt"},"content":{"rendered":"","protected":false},"excerpt":{"rendered":"","protected":false},"author":1,"featured_media":0,"parent":0,"menu_order":482,"comment_status":"closed","ping_status":"closed","template":"page-templates\/barca-landings.php","meta":{"_acf_changed":true,"footnotes":""},"categories":[],"tags":[],"class_list":["post-51877","page","type-page","status-publish","hentry"],"acf":{"hubspot_product_id":"11975834","external_id":"1376","imagen_de_fondo":"https:\/\/elearning.barcainnovationhub.com\/wp-content\/uploads\/2020\/11\/219d0020-vo200921a32140.jpg","titulo_del_producto":"Certificado em Nutri\u00e7\u00e3o Avan\u00e7ada","precio":" ","precio_tachado":"","porcentaje_descuento":"COMECE AGORA","precio_en_cuotas":"Pagamento parcelado","activar_btn_compra":false,"texto_boton_de_compra":"","id_producto":"1376","activar_btn_compra_link_carrito_descuento":false,"texto_btn_compra_link_carrito_descuento":"","link_btn_compra_link_carrito_descuento":"","activar_detalles_producto":true,"fecha_de_inicio":"","duracion_del_curso":"4 meses","nivel_del_curso":"Avan\u00e7ado","modalidad_cursado":"100% online","impartido_en":"Portugu\u00eas","activar_texto_detalle":true,"titulo_texto_detalle":"PROGRAMA EM DESTAQUE","texto_detalle":"<h3><\/h3>\n<p>&nbsp;<\/p>\n<h3>APRENDA A<\/h3>\n<p>\u2022Melhorar o comportamento dos atletas atrav\u00e9s da nutri\u00e7\u00e3o desportiva.<br \/>\n\u2022Aplicar suplementos na pr\u00e1tica di\u00e1ria.<br \/>\n\u2022Minimizar o risco do uso de suplementos.<br \/>\n\u2022Otimizar a recupera\u00e7\u00e3o significativa e a adapta\u00e7\u00e3o ao treino com nutri\u00e7\u00e3o.<br \/>\n\u2022Planear a nutri\u00e7\u00e3o para uma temporada, ou para uma semana.<br \/>\n\u2022Entender a base te\u00f3rica da periodiza\u00e7\u00e3o nutricional.<br \/>\n\u2022Aplicar personaliza\u00e7\u00e3o na nutri\u00e7\u00e3o de desportos em equipa.<br \/>\n\u2022Aplicar a ci\u00eancia mais recente na prepara\u00e7\u00e3o do dia de jogo.<\/p>\n<p>&nbsp;<\/p>\n<h3>DIRIGIDO A<\/h3>\n<p>\u2022 Profissionais das ci\u00eancias da sa\u00fade relacionados ao desporto.<br \/>\n\u2022 Estudantes e licenciados em programas e carreiras relacionadas com o desporto, sa\u00fade e fitness.<br \/>\n\u2022 Atletas de elite (profissionais ou amadores).<\/p>\n","activar_video":true,"url_video":"https:\/\/www.youtube.com\/embed\/FuqKFYbRYzI?controls=0","activar_form":true,"id_magento":"191","mostrar_precio":true,"activar_fechas_automaticas":true,"fecha_de_inicio_automatica":"10082021","segunda_fecha_de_inicio_automatica":"25102021","zona_horaria":"Europe\/Madrid","enable_linkedin_carousel":false},"yoast_head":"<!-- This site is optimized with the Yoast SEO plugin v23.0 - https:\/\/yoast.com\/wordpress\/plugins\/seo\/ -->\n<title>Certificado em Nutri\u00e7\u00e3o Avan\u00e7ada-landing-191-pt - Bar\u00e7a Innovation Hub<\/title>\n<meta name=\"robots\" content=\"index, follow, max-snippet:-1, max-image-preview:large, max-video-preview:-1\" \/>\n<link rel=\"canonical\" href=\"https:\/\/elearning.barcainnovationhub.com\/pt\/certificado-em-nutricao-desportiva-avancada-landing-191-pt\/\" \/>\n<meta property=\"og:locale\" content=\"pt_PT\" \/>\n<meta property=\"og:type\" content=\"article\" \/>\n<meta property=\"og:title\" content=\"Certificado em Nutri\u00e7\u00e3o Avan\u00e7ada-landing-191-pt - Bar\u00e7a Innovation Hub\" \/>\n<meta property=\"og:url\" content=\"https:\/\/elearning.barcainnovationhub.com\/pt\/certificado-em-nutricao-desportiva-avancada-landing-191-pt\/\" \/>\n<meta property=\"og:site_name\" content=\"Bar\u00e7a Innovation Hub\" \/>\n<meta property=\"article:publisher\" content=\"https:\/\/www.facebook.com\/fcbuniversitas\" \/>\n<meta property=\"article:modified_time\" content=\"2024-05-23T18:09:30+00:00\" \/>\n<meta name=\"twitter:card\" content=\"summary_large_image\" \/>\n<meta name=\"twitter:site\" content=\"@BarcaInnoHub\" \/>\n<script type=\"application\/ld+json\" class=\"yoast-schema-graph\">{\"@context\":\"https:\/\/schema.org\",\"@graph\":[{\"@type\":\"WebPage\",\"@id\":\"https:\/\/elearning.barcainnovationhub.com\/pt\/certificado-em-nutricao-desportiva-avancada-landing-191-pt\/\",\"url\":\"https:\/\/elearning.barcainnovationhub.com\/pt\/certificado-em-nutricao-desportiva-avancada-landing-191-pt\/\",\"name\":\"Certificado em Nutri\u00e7\u00e3o Avan\u00e7ada-landing-191-pt - Bar\u00e7a Innovation Hub\",\"isPartOf\":{\"@id\":\"https:\/\/elearning.barcainnovationhub.com\/pt\/#website\"},\"datePublished\":\"2020-01-28T14:26:26+00:00\",\"dateModified\":\"2024-05-23T18:09:30+00:00\",\"inLanguage\":\"pt\",\"potentialAction\":[{\"@type\":\"ReadAction\",\"target\":[\"https:\/\/elearning.barcainnovationhub.com\/pt\/certificado-em-nutricao-desportiva-avancada-landing-191-pt\/\"]}]},{\"@type\":\"WebSite\",\"@id\":\"https:\/\/elearning.barcainnovationhub.com\/pt\/#website\",\"url\":\"https:\/\/elearning.barcainnovationhub.com\/pt\/\",\"name\":\"Bar\u00e7a Innovation Hub\",\"description\":\"The worldwide centre for sports knowledge and innovation\",\"potentialAction\":[{\"@type\":\"SearchAction\",\"target\":{\"@type\":\"EntryPoint\",\"urlTemplate\":\"https:\/\/elearning.barcainnovationhub.com\/pt\/?s={search_term_string}\"},\"query-input\":\"required name=search_term_string\"}],\"inLanguage\":\"pt\"}]}<\/script>\n<!-- \/ Yoast SEO plugin. -->","yoast_head_json":{"title":"Certificado em Nutri\u00e7\u00e3o Avan\u00e7ada-landing-191-pt - Bar\u00e7a Innovation Hub","robots":{"index":"index","follow":"follow","max-snippet":"max-snippet:-1","max-image-preview":"max-image-preview:large","max-video-preview":"max-video-preview:-1"},"canonical":"https:\/\/elearning.barcainnovationhub.com\/pt\/certificado-em-nutricao-desportiva-avancada-landing-191-pt\/","og_locale":"pt_PT","og_type":"article","og_title":"Certificado em Nutri\u00e7\u00e3o Avan\u00e7ada-landing-191-pt - Bar\u00e7a Innovation Hub","og_url":"https:\/\/elearning.barcainnovationhub.com\/pt\/certificado-em-nutricao-desportiva-avancada-landing-191-pt\/","og_site_name":"Bar\u00e7a Innovation Hub","article_publisher":"https:\/\/www.facebook.com\/fcbuniversitas","article_modified_time":"2024-05-23T18:09:30+00:00","twitter_card":"summary_large_image","twitter_site":"@BarcaInnoHub","schema":{"@context":"https:\/\/schema.org","@graph":[{"@type":"WebPage","@id":"https:\/\/elearning.barcainnovationhub.com\/pt\/certificado-em-nutricao-desportiva-avancada-landing-191-pt\/","url":"https:\/\/elearning.barcainnovationhub.com\/pt\/certificado-em-nutricao-desportiva-avancada-landing-191-pt\/","name":"Certificado em Nutri\u00e7\u00e3o Avan\u00e7ada-landing-191-pt - Bar\u00e7a Innovation Hub","isPartOf":{"@id":"https:\/\/elearning.barcainnovationhub.com\/pt\/#website"},"datePublished":"2020-01-28T14:26:26+00:00","dateModified":"2024-05-23T18:09:30+00:00","inLanguage":"pt","potentialAction":[{"@type":"ReadAction","target":["https:\/\/elearning.barcainnovationhub.com\/pt\/certificado-em-nutricao-desportiva-avancada-landing-191-pt\/"]}]},{"@type":"WebSite","@id":"https:\/\/elearning.barcainnovationhub.com\/pt\/#website","url":"https:\/\/elearning.barcainnovationhub.com\/pt\/","name":"Bar\u00e7a Innovation Hub","description":"The worldwide centre for sports knowledge and innovation","potentialAction":[{"@type":"SearchAction","target":{"@type":"EntryPoint","urlTemplate":"https:\/\/elearning.barcainnovationhub.com\/pt\/?s={search_term_string}"},"query-input":"required name=search_term_string"}],"inLanguage":"pt"}]}},"_links":{"self":[{"href":"https:\/\/elearning.barcainnovationhub.com\/pt\/wp-json\/wp\/v2\/pages\/51877"}],"collection":[{"href":"https:\/\/elearning.barcainnovationhub.com\/pt\/wp-json\/wp\/v2\/pages"}],"about":[{"href":"https:\/\/elearning.barcainnovationhub.com\/pt\/wp-json\/wp\/v2\/types\/page"}],"author":[{"embeddable":true,"href":"https:\/\/elearning.barcainnovationhub.com\/pt\/wp-json\/wp\/v2\/users\/1"}],"replies":[{"embeddable":true,"href":"https:\/\/elearning.barcainnovationhub.com\/pt\/wp-json\/wp\/v2\/comments?post=51877"}],"version-history":[{"count":0,"href":"https:\/\/elearning.barcainnovationhub.com\/pt\/wp-json\/wp\/v2\/pages\/51877\/revisions"}],"wp:attachment":[{"href":"https:\/\/elearning.barcainnovationhub.com\/pt\/wp-json\/wp\/v2\/media?parent=51877"}],"wp:term":[{"taxonomy":"category","embeddable":true,"href":"https:\/\/elearning.barcainnovationhub.com\/pt\/wp-json\/wp\/v2\/categories?post=51877"},{"taxonomy":"post_tag","embeddable":true,"href":"https:\/\/elearning.barcainnovationhub.com\/pt\/wp-json\/wp\/v2\/tags?post=51877"}],"curies":[{"name":"wp","href":"https:\/\/api.w.org\/{rel}","templated":true}]}}