{"id":55160,"date":"2020-02-26T15:31:49","date_gmt":"2020-02-26T18:31:49","guid":{"rendered":"https:\/\/elearning.barcainnovationhub.com\/certificate-digital-marketing-in-sports-landing-334-en\/"},"modified":"2024-05-23T15:33:58","modified_gmt":"2024-05-23T18:33:58","slug":"certificado-marketing-digital-esportivo-landing-334-pt","status":"publish","type":"page","link":"https:\/\/elearning.barcainnovationhub.com\/pt\/certificado-marketing-digital-esportivo-landing-334-pt\/","title":{"rendered":"Marketing Digital Esportivo-Landing-334-pt"},"content":{"rendered":"","protected":false},"excerpt":{"rendered":"","protected":false},"author":1,"featured_media":0,"parent":0,"menu_order":452,"comment_status":"closed","ping_status":"closed","template":"page-templates\/barca-landings.php","meta":{"_acf_changed":true,"footnotes":""},"categories":[],"tags":[],"class_list":["post-55160","page","type-page","status-publish","hentry"],"acf":{"hubspot_product_id":"74780006","external_id":"1397","id_magento":"334","imagen_de_fondo":"https:\/\/elearning.barcainnovationhub.com\/wp-content\/uploads\/2020\/11\/57f0cbdf-vo200204a88541.jpg","titulo_del_producto":"Marketing Digital Esportivo","precio":"625","precio_tachado":"","porcentaje_descuento":"COMECE AGORA!","precio_en_cuotas":"Pagamento parcelado","activar_btn_compra":false,"texto_boton_de_compra":"","id_producto":"1397","activar_btn_compra_link_carrito_descuento":false,"texto_btn_compra_link_carrito_descuento":"","link_btn_compra_link_carrito_descuento":"","activar_detalles_producto":true,"fecha_de_inicio":"","duracion_del_curso":"2 meses","nivel_del_curso":"Introdut\u00f3rio","modalidad_cursado":"100% online","impartido_en":"INGL\u00caS - ESPANHOL","activar_texto_detalle":true,"titulo_texto_detalle":"Aprenda com os melhores!","texto_detalle":"<p>O Certificado em Marketing Digital Esportivo oferece introdu\u00e7\u00e3o pr\u00e1tica ao marketing digital para executivos<br \/>\nda \u00e1rea de esportes, ao utilizar exemplos relacionados, sugest\u00f5es e tabelas que poder\u00e3o ser utilizadas no clube<br \/>\nou nas federa\u00e7\u00f5es de executivos da \u00e1rea de esportes. Os seus cursos trabalhar\u00e3o em 4 assuntos:<\/p>\n<p>1. Tend\u00eancias, pesquisas e estrat\u00e9gia<br \/>\n2. Marcas e comunica\u00e7\u00f5es no plano de conte\u00fados e gest\u00e3o de crise<br \/>\n3. Gera\u00e7\u00e3o de ingressos e recursos<br \/>\n4. Enfoque nos f\u00e3s<\/p>\n<p>&nbsp;<\/p>\n<h3>APRENDA A<\/h3>\n<p>\u2022 Gerenciar auditorias digitais.<br \/>\n\u2022 Ter conhecimentos iniciais sobre dados e vis\u00e3o \u00fanica do cliente (SVC).<br \/>\n\u2022 Desenvolver um plano de marketing digital.<br \/>\n\u2022 Construir uma marca on-line.<br \/>\n\u2022 Criar um plano de conte\u00fados e comunica\u00e7\u00f5es.<br \/>\n\u2022 Ter melhores conhecimentos sobre o fluxo de ingressos e vari\u00e1veis dispon\u00edveis. Ter excelentes conhecimentos sobre como utilizar o digital para atrair uma base de f\u00e3s.<\/p>\n<p>&nbsp;<\/p>\n<h3>DIRIGIDO A<\/h3>\n<p>\u2022 Diretores de organiza\u00e7\u00f5es vinculadas ao mundo esportivo (clubes, federa\u00e7\u00f5es, companhias que oferecem produtos ou servi\u00e7os esportivos).<br \/>\n\u2022 Profissionais que trabalham em empresas esportivas ou afins que desejam um upgrade qualitativo em sua carreira, ao adquirir conhecimentos especializados.<br \/>\n\u2022 Profissionais em geral que estejam interessados no assunto.<\/p>\n","activar_video":false,"url_video":"","activar_form":true,"mostrar_precio":false,"activar_fechas_automaticas":true,"fecha_de_inicio_automatica":"10082021","segunda_fecha_de_inicio_automatica":"","zona_horaria":"Europe\/Madrid","enable_linkedin_carousel":false},"yoast_head":"<!-- This site is optimized with the Yoast SEO plugin v23.0 - https:\/\/yoast.com\/wordpress\/plugins\/seo\/ -->\n<title>Marketing Digital Esportivo-Landing-334-pt - Bar\u00e7a Innovation Hub<\/title>\n<meta name=\"robots\" content=\"index, follow, max-snippet:-1, max-image-preview:large, max-video-preview:-1\" \/>\n<link rel=\"canonical\" href=\"https:\/\/elearning.barcainnovationhub.com\/pt\/certificado-marketing-digital-esportivo-landing-334-pt\/\" \/>\n<meta property=\"og:locale\" content=\"pt_PT\" \/>\n<meta property=\"og:type\" content=\"article\" \/>\n<meta property=\"og:title\" content=\"Marketing Digital Esportivo-Landing-334-pt - Bar\u00e7a Innovation Hub\" \/>\n<meta property=\"og:url\" content=\"https:\/\/elearning.barcainnovationhub.com\/pt\/certificado-marketing-digital-esportivo-landing-334-pt\/\" \/>\n<meta property=\"og:site_name\" content=\"Bar\u00e7a Innovation Hub\" \/>\n<meta property=\"article:publisher\" content=\"https:\/\/www.facebook.com\/fcbuniversitas\" \/>\n<meta property=\"article:modified_time\" content=\"2024-05-23T18:33:58+00:00\" \/>\n<meta name=\"twitter:card\" content=\"summary_large_image\" \/>\n<meta name=\"twitter:site\" content=\"@BarcaInnoHub\" \/>\n<script type=\"application\/ld+json\" class=\"yoast-schema-graph\">{\"@context\":\"https:\/\/schema.org\",\"@graph\":[{\"@type\":\"WebPage\",\"@id\":\"https:\/\/elearning.barcainnovationhub.com\/pt\/certificado-marketing-digital-esportivo-landing-334-pt\/\",\"url\":\"https:\/\/elearning.barcainnovationhub.com\/pt\/certificado-marketing-digital-esportivo-landing-334-pt\/\",\"name\":\"Marketing Digital Esportivo-Landing-334-pt - Bar\u00e7a Innovation Hub\",\"isPartOf\":{\"@id\":\"https:\/\/elearning.barcainnovationhub.com\/pt\/#website\"},\"datePublished\":\"2020-02-26T18:31:49+00:00\",\"dateModified\":\"2024-05-23T18:33:58+00:00\",\"inLanguage\":\"pt\",\"potentialAction\":[{\"@type\":\"ReadAction\",\"target\":[\"https:\/\/elearning.barcainnovationhub.com\/pt\/certificado-marketing-digital-esportivo-landing-334-pt\/\"]}]},{\"@type\":\"WebSite\",\"@id\":\"https:\/\/elearning.barcainnovationhub.com\/pt\/#website\",\"url\":\"https:\/\/elearning.barcainnovationhub.com\/pt\/\",\"name\":\"Bar\u00e7a Innovation Hub\",\"description\":\"The worldwide centre for sports knowledge and innovation\",\"potentialAction\":[{\"@type\":\"SearchAction\",\"target\":{\"@type\":\"EntryPoint\",\"urlTemplate\":\"https:\/\/elearning.barcainnovationhub.com\/pt\/?s={search_term_string}\"},\"query-input\":\"required name=search_term_string\"}],\"inLanguage\":\"pt\"}]}<\/script>\n<!-- \/ Yoast SEO plugin. -->","yoast_head_json":{"title":"Marketing Digital Esportivo-Landing-334-pt - Bar\u00e7a Innovation Hub","robots":{"index":"index","follow":"follow","max-snippet":"max-snippet:-1","max-image-preview":"max-image-preview:large","max-video-preview":"max-video-preview:-1"},"canonical":"https:\/\/elearning.barcainnovationhub.com\/pt\/certificado-marketing-digital-esportivo-landing-334-pt\/","og_locale":"pt_PT","og_type":"article","og_title":"Marketing Digital Esportivo-Landing-334-pt - Bar\u00e7a Innovation Hub","og_url":"https:\/\/elearning.barcainnovationhub.com\/pt\/certificado-marketing-digital-esportivo-landing-334-pt\/","og_site_name":"Bar\u00e7a Innovation Hub","article_publisher":"https:\/\/www.facebook.com\/fcbuniversitas","article_modified_time":"2024-05-23T18:33:58+00:00","twitter_card":"summary_large_image","twitter_site":"@BarcaInnoHub","schema":{"@context":"https:\/\/schema.org","@graph":[{"@type":"WebPage","@id":"https:\/\/elearning.barcainnovationhub.com\/pt\/certificado-marketing-digital-esportivo-landing-334-pt\/","url":"https:\/\/elearning.barcainnovationhub.com\/pt\/certificado-marketing-digital-esportivo-landing-334-pt\/","name":"Marketing Digital Esportivo-Landing-334-pt - Bar\u00e7a Innovation Hub","isPartOf":{"@id":"https:\/\/elearning.barcainnovationhub.com\/pt\/#website"},"datePublished":"2020-02-26T18:31:49+00:00","dateModified":"2024-05-23T18:33:58+00:00","inLanguage":"pt","potentialAction":[{"@type":"ReadAction","target":["https:\/\/elearning.barcainnovationhub.com\/pt\/certificado-marketing-digital-esportivo-landing-334-pt\/"]}]},{"@type":"WebSite","@id":"https:\/\/elearning.barcainnovationhub.com\/pt\/#website","url":"https:\/\/elearning.barcainnovationhub.com\/pt\/","name":"Bar\u00e7a Innovation Hub","description":"The worldwide centre for sports knowledge and innovation","potentialAction":[{"@type":"SearchAction","target":{"@type":"EntryPoint","urlTemplate":"https:\/\/elearning.barcainnovationhub.com\/pt\/?s={search_term_string}"},"query-input":"required name=search_term_string"}],"inLanguage":"pt"}]}},"_links":{"self":[{"href":"https:\/\/elearning.barcainnovationhub.com\/pt\/wp-json\/wp\/v2\/pages\/55160"}],"collection":[{"href":"https:\/\/elearning.barcainnovationhub.com\/pt\/wp-json\/wp\/v2\/pages"}],"about":[{"href":"https:\/\/elearning.barcainnovationhub.com\/pt\/wp-json\/wp\/v2\/types\/page"}],"author":[{"embeddable":true,"href":"https:\/\/elearning.barcainnovationhub.com\/pt\/wp-json\/wp\/v2\/users\/1"}],"replies":[{"embeddable":true,"href":"https:\/\/elearning.barcainnovationhub.com\/pt\/wp-json\/wp\/v2\/comments?post=55160"}],"version-history":[{"count":0,"href":"https:\/\/elearning.barcainnovationhub.com\/pt\/wp-json\/wp\/v2\/pages\/55160\/revisions"}],"wp:attachment":[{"href":"https:\/\/elearning.barcainnovationhub.com\/pt\/wp-json\/wp\/v2\/media?parent=55160"}],"wp:term":[{"taxonomy":"category","embeddable":true,"href":"https:\/\/elearning.barcainnovationhub.com\/pt\/wp-json\/wp\/v2\/categories?post=55160"},{"taxonomy":"post_tag","embeddable":true,"href":"https:\/\/elearning.barcainnovationhub.com\/pt\/wp-json\/wp\/v2\/tags?post=55160"}],"curies":[{"name":"wp","href":"https:\/\/api.w.org\/{rel}","templated":true}]}}