{"id":59080,"date":"2020-04-08T18:34:52","date_gmt":"2020-04-08T21:34:52","guid":{"rendered":"https:\/\/elearning.barcainnovationhub.com\/?page_id=59080"},"modified":"2020-12-15T14:50:49","modified_gmt":"2020-12-15T17:50:49","slug":"universitas-oficial-landing","status":"publish","type":"page","link":"https:\/\/elearning.barcainnovationhub.com\/pt\/universitas-oficial-landing\/","title":{"rendered":"Universitas Oficial Landing"},"content":{"rendered":"","protected":false},"excerpt":{"rendered":"","protected":false},"author":1,"featured_media":0,"parent":0,"menu_order":431,"comment_status":"closed","ping_status":"closed","template":"page-templates\/universitas-oficial-landing.php","meta":{"_acf_changed":false,"footnotes":""},"categories":[],"tags":[],"class_list":["post-59080","page","type-page","status-publish","hentry"],"acf":{"universitas_imagen_header":false,"universitas_imagen_flotante":"https:\/\/elearning.barcainnovationhub.com\/wp-content\/uploads\/2020\/12\/d068045c-header-universitas-oficial-ico.png","universitas_title":"O CENTRO DE CONHECIMENTO E INOVA\u00c7\u00c3O ESPORTIVOS","universitas_title_cta":"saiba mais","universitas_subtitulo":"Revolucionando a ind\u00fastria esportiva","universitas_parrafos":[{"parrafo":"O <b>FC Barcelona<\/b> cria o <b>Bar\u00e7a Innovation Hub<\/b> com o objetivo de expandir valores e experi\u00eancias do clube e se torna, um verdadeiro centro global de conhecimentos, pesquisas, forma\u00e7\u00f5es e inova\u00e7\u00f5es esportivas. O <b>Bar\u00e7a Universitas <\/b>\u00e9 a fase de difus\u00e3o de conhecimentos que formar\u00e1 uma nova gera\u00e7\u00e3o de profissionais do esporte. O nosso programa \u00e9 l\u00edder em forma\u00e7\u00e3o e tamb\u00e9m oferecemos mestrados, cursos e semin\u00e1rios em diferentes \u00e1reas e em parceria com institui\u00e7\u00f5es acad\u00eamicas com grande reconhecimento. ","cta_link":"https:\/\/www.fcbarcelona.es\/es\/club\/barca-innovation-hub","texto_link":"Saiba mais sobre o projeto Bar\u00e7a Innovation Hub apresentado pelo FC Barcelona"}],"embed_video":"<iframe title=\"Bar\u00e7a Innovation Hub - Reinventing sport (English subtitles)\" width=\"640\" height=\"360\" src=\"https:\/\/www.youtube.com\/embed\/JFP0eS4y9eg?feature=oembed\" frameborder=\"0\" allow=\"accelerometer; autoplay; clipboard-write; encrypted-media; gyroscope; picture-in-picture; web-share\" referrerpolicy=\"strict-origin-when-cross-origin\" allowfullscreen><\/iframe>","universitas_modalidad_title":"Nossas modalidades","universitas_modalidades_descripcion":"On-line: contamos com uma plataforma de aprendizagem onde s\u00e3o apresentados os cursos que poder\u00e3o ser realizados via Internet, todo o conte\u00fado dos programas (leituras, v\u00eddeos, autoavalia\u00e7\u00f5es, f\u00f3runs e diferentes recursos para estudar onde quer que voc\u00ea esteja) e est\u00e1 dispon\u00edvel 24 horas ao dia. E ainda poder\u00e1 contar com todo o suporte, monitoramento e acompanhamento on-line de um especialista do curso. \r\n","universitas_programas_title":"Tipos de programas e dura\u00e7\u00e3o","universitas_items":[{"cursos":"Cursos: com um m\u00eas de dura\u00e7\u00e3o.\r\n","programas":"Programas: de 2 a 3 meses.","certificaciones":"Certificados: 4 meses.","programas_especiales":"Programas especializados: 5 meses. ","programas_avanzados":"Programas avan\u00e7ados: de 6 a 7 meses.","diplomados":"Certificados: de 8 a 9 meses."}],"universitas_descripcion_cta_programas":"Para conhecer mais sobre os nossos programas de forma\u00e7\u00e3o, visite o cat\u00e1logo e escolha um deles.","universitas_texto_card_azul":"Em todos os cursos voc\u00ea contar\u00e1 con acompanhamento, suporte e seguimento online de um especialista na tem\u00e1tica.","universitas_items_section_blue":[{"titulo_item_izquierdo":" Validade","contenido_item_izquierdo":"Os cursos e certificados do <font color=\"#fdc52c\">Bar\u00e7a Innovation Hub <\/font>pertencem a programas de educa\u00e7\u00e3o executiva, que certificam desenvolvimento e aquisi\u00e7\u00e3o de compet\u00eancias e habilidades espec\u00edficas rapidamente. Ao serem t\u00edtulos certificados t\u00eam validade internacional.\r\nOs certificados s\u00e3o emitidos pelo <font color=\"#fdc52c\"> Bar\u00e7a Innovation Hub - Universitas.<\/font>\r\n","titulo_item_derecho":"<font color=\"#ffffff\">In\u00edcio<\/font> e realiza\u00e7\u00e3o","contenido_item_derecho":"As datas de in\u00edcio dos cursos, certifica\u00e7\u00f5es e mestrados dependem do programa que se inscrever. A maioria dos cursos sempre iniciam nos dias 10 de cada m\u00eas.\r\nRecomendamos ter disponibilidade hor\u00e1ria de <font color=\"#fdc52c\">6 a 8 horas semanais <\/font> para leitura dos conte\u00fados, assistir v\u00eddeos, realizar atividades, efetuar consultas com o especialista (se for necess\u00e1rio) e realizar as autoavalia\u00e7\u00f5es\/exame final."}],"universitas_items_section_white_cards":[{"titulo_item_izquierdo":"Idiomas","contenido_item_izquierdo":"A maioria dos nossos cursos est\u00e3o dispon\u00edveis em espanhol, ingl\u00eas e portugu\u00eas. Outros idiomas ser\u00e3o incorporados gradativamente na plataforma. Para saber sobre cada categoria, consulte nosso cat\u00e1logo.","cta_item_izquierdo":true,"texto_cta_izquierdo":" V\u00e1 para o cat\u00e1logo","titulo_item_derecho":"Formas de pagamento","contenido_item_derecho":"Voc\u00ea poder\u00e1 pagar seu curso \u00e0 vista ou em parcelas sem juros, com cart\u00e3o de cr\u00e9dito ou d\u00e9bito internacionais. No momento s\u00f3 n\u00e3o dispomos de op\u00e7\u00f5es de pagamento em dinheiro ou transfer\u00eancia banc\u00e1ria.","cta_item_derecho":false,"texto_cta_derecho":""},{"titulo_item_izquierdo":"Cupom de desconto","contenido_item_izquierdo":"Se caso tiver um c\u00f3digo de desconto, copie e cole no espa\u00e7o abaixo em \u201cAplicar c\u00f3digo de desconto\u201d ao realizar o checkout do carrinho de compras. Em seguida, siga normalmente com sua inscri\u00e7\u00e3o. O desconto ser\u00e1 aplicado ao finalizar no momento que voc\u00ea for finalizar o pagamento.","cta_item_izquierdo":false,"texto_cta_izquierdo":"","titulo_item_derecho":"","contenido_item_derecho":"","cta_item_derecho":false,"texto_cta_derecho":""}],"universitas_titulo_tematicas":"Tem\u00e1ticas","universitas_descripcion_tematicas":"Todos os programas contam com a participa\u00e7\u00e3o de especialistas do Bar\u00e7a tanto no projeto quanto na supervis\u00e3o e aprova\u00e7\u00e3o dos conte\u00fados finais.\r\nOs programas est\u00e3o reunidos em duas grandes tem\u00e1ticas:\r\n\r\n\r\n\r\n","universitas_items_tematicas":[{"titulo_tematica_izquierda":"Ci\u00eancias do esporte: ","contenido_tematica_izquierda":"criada por profissionais especializados do FC Barcelona. ","titulo_tematica_derecha":"Gest\u00e3o e marketing esportivo: ","contenido_tematica_derecha":"criada por um corpo docente norte americano que s\u00e3o refer\u00eancia na disciplina."}],"cita_tematica":"","autor_cita_tematica":"","embed_video_tematicas":"","texto_cta_gotocatalog_programas":""},"yoast_head":"<!-- This site is optimized with the Yoast SEO plugin v23.0 - https:\/\/yoast.com\/wordpress\/plugins\/seo\/ -->\n<title>Universitas Oficial Landing - Bar\u00e7a Innovation Hub<\/title>\n<meta name=\"robots\" content=\"noindex, nofollow\" \/>\n<meta property=\"og:locale\" content=\"pt_PT\" \/>\n<meta property=\"og:type\" content=\"article\" \/>\n<meta property=\"og:title\" content=\"Universitas Oficial Landing - Bar\u00e7a Innovation Hub\" \/>\n<meta property=\"og:url\" content=\"https:\/\/elearning.barcainnovationhub.com\/pt\/universitas-oficial-landing\/\" \/>\n<meta property=\"og:site_name\" content=\"Bar\u00e7a Innovation Hub\" \/>\n<meta property=\"article:publisher\" content=\"https:\/\/www.facebook.com\/fcbuniversitas\" \/>\n<meta property=\"article:modified_time\" content=\"2020-12-15T17:50:49+00:00\" \/>\n<meta name=\"twitter:card\" content=\"summary_large_image\" \/>\n<meta name=\"twitter:site\" content=\"@BarcaInnoHub\" \/>\n<script type=\"application\/ld+json\" class=\"yoast-schema-graph\">{\"@context\":\"https:\/\/schema.org\",\"@graph\":[{\"@type\":\"WebPage\",\"@id\":\"https:\/\/elearning.barcainnovationhub.com\/pt\/universitas-oficial-landing\/\",\"url\":\"https:\/\/elearning.barcainnovationhub.com\/pt\/universitas-oficial-landing\/\",\"name\":\"Universitas Oficial Landing - Bar\u00e7a Innovation Hub\",\"isPartOf\":{\"@id\":\"https:\/\/elearning.barcainnovationhub.com\/pt\/#website\"},\"datePublished\":\"2020-04-08T21:34:52+00:00\",\"dateModified\":\"2020-12-15T17:50:49+00:00\",\"inLanguage\":\"pt\",\"potentialAction\":[{\"@type\":\"ReadAction\",\"target\":[\"https:\/\/elearning.barcainnovationhub.com\/pt\/universitas-oficial-landing\/\"]}]},{\"@type\":\"WebSite\",\"@id\":\"https:\/\/elearning.barcainnovationhub.com\/pt\/#website\",\"url\":\"https:\/\/elearning.barcainnovationhub.com\/pt\/\",\"name\":\"Bar\u00e7a Innovation Hub\",\"description\":\"The worldwide centre for sports knowledge and innovation\",\"potentialAction\":[{\"@type\":\"SearchAction\",\"target\":{\"@type\":\"EntryPoint\",\"urlTemplate\":\"https:\/\/elearning.barcainnovationhub.com\/pt\/?s={search_term_string}\"},\"query-input\":\"required name=search_term_string\"}],\"inLanguage\":\"pt\"}]}<\/script>\n<!-- \/ Yoast SEO plugin. -->","yoast_head_json":{"title":"Universitas Oficial Landing - Bar\u00e7a Innovation Hub","robots":{"index":"noindex","follow":"nofollow"},"og_locale":"pt_PT","og_type":"article","og_title":"Universitas Oficial Landing - Bar\u00e7a Innovation Hub","og_url":"https:\/\/elearning.barcainnovationhub.com\/pt\/universitas-oficial-landing\/","og_site_name":"Bar\u00e7a Innovation Hub","article_publisher":"https:\/\/www.facebook.com\/fcbuniversitas","article_modified_time":"2020-12-15T17:50:49+00:00","twitter_card":"summary_large_image","twitter_site":"@BarcaInnoHub","schema":{"@context":"https:\/\/schema.org","@graph":[{"@type":"WebPage","@id":"https:\/\/elearning.barcainnovationhub.com\/pt\/universitas-oficial-landing\/","url":"https:\/\/elearning.barcainnovationhub.com\/pt\/universitas-oficial-landing\/","name":"Universitas Oficial Landing - Bar\u00e7a Innovation Hub","isPartOf":{"@id":"https:\/\/elearning.barcainnovationhub.com\/pt\/#website"},"datePublished":"2020-04-08T21:34:52+00:00","dateModified":"2020-12-15T17:50:49+00:00","inLanguage":"pt","potentialAction":[{"@type":"ReadAction","target":["https:\/\/elearning.barcainnovationhub.com\/pt\/universitas-oficial-landing\/"]}]},{"@type":"WebSite","@id":"https:\/\/elearning.barcainnovationhub.com\/pt\/#website","url":"https:\/\/elearning.barcainnovationhub.com\/pt\/","name":"Bar\u00e7a Innovation Hub","description":"The worldwide centre for sports knowledge and innovation","potentialAction":[{"@type":"SearchAction","target":{"@type":"EntryPoint","urlTemplate":"https:\/\/elearning.barcainnovationhub.com\/pt\/?s={search_term_string}"},"query-input":"required name=search_term_string"}],"inLanguage":"pt"}]}},"_links":{"self":[{"href":"https:\/\/elearning.barcainnovationhub.com\/pt\/wp-json\/wp\/v2\/pages\/59080"}],"collection":[{"href":"https:\/\/elearning.barcainnovationhub.com\/pt\/wp-json\/wp\/v2\/pages"}],"about":[{"href":"https:\/\/elearning.barcainnovationhub.com\/pt\/wp-json\/wp\/v2\/types\/page"}],"author":[{"embeddable":true,"href":"https:\/\/elearning.barcainnovationhub.com\/pt\/wp-json\/wp\/v2\/users\/1"}],"replies":[{"embeddable":true,"href":"https:\/\/elearning.barcainnovationhub.com\/pt\/wp-json\/wp\/v2\/comments?post=59080"}],"version-history":[{"count":0,"href":"https:\/\/elearning.barcainnovationhub.com\/pt\/wp-json\/wp\/v2\/pages\/59080\/revisions"}],"wp:attachment":[{"href":"https:\/\/elearning.barcainnovationhub.com\/pt\/wp-json\/wp\/v2\/media?parent=59080"}],"wp:term":[{"taxonomy":"category","embeddable":true,"href":"https:\/\/elearning.barcainnovationhub.com\/pt\/wp-json\/wp\/v2\/categories?post=59080"},{"taxonomy":"post_tag","embeddable":true,"href":"https:\/\/elearning.barcainnovationhub.com\/pt\/wp-json\/wp\/v2\/tags?post=59080"}],"curies":[{"name":"wp","href":"https:\/\/api.w.org\/{rel}","templated":true}]}}