{"id":10324,"date":"2019-01-18T11:48:57","date_gmt":"2019-01-18T14:48:57","guid":{"rendered":"https:\/\/elearning.barcainnovationhub.com\/product\/current-issues-in-sports-governance\/"},"modified":"2025-03-06T18:03:35","modified_gmt":"2025-03-06T21:03:35","slug":"gestao-esportiva","status":"publish","type":"product","link":"https:\/\/elearning.barcainnovationhub.com\/pt\/product\/gestao-esportiva\/","title":{"rendered":"Gest\u00e3o Esportiva"},"content":{"rendered":"","protected":false},"excerpt":{"rendered":"","protected":false},"author":1,"featured_media":0,"comment_status":"open","ping_status":"closed","template":"","meta":{"_acf_changed":true,"footnotes":""},"categories":[291,238,208,235,109,113],"class_list":["post-10324","product","type-product","status-publish","hentry","category-barca-innovation-hub-3-pt","category-institucional-pt","category-institutional","category-marketing-comunicacao-e-gestao","category-online-based-programs","category-online-based-programs-pt"],"acf":{"external_id":" 2432","header_image":141741,"column_title":"","titulo_incentivo":"Gest\u00e3o Esportiva","precio":"200","precio_en_cuotas":"","precio_de_lista":"","mostrar_form":false,"duracion_del_curso":"1 M\u00eas","nivel_del_curso":"introdut\u00f3rio","modalidad_cursado":"Online","impartido_en":"Portugues","contenido":"<p>Cada vez mas o t\u00f3pico da Gest\u00e3o Esportiva \u00e9 o foco de debates em diferentes seguimentos do esporte. A corrup\u00e7\u00e3o, o controle antidoping, a arbitragem e a escolha dos est\u00e1dios s\u00e3o somente alguns dos assuntos que o esporte enfrenta na era moderna. Este curso, desenhado por Robert Pielke, Jr., ir\u00e1 ajud\u00e1-lo a entender os elementos essenciais da gest\u00e3o esportiva: institui\u00e7\u00f5es, per\u00edcia, presta\u00e7\u00e3o de contas e transpar\u00eancia.<\/p>\n","ocultar_video":true,"pdf_brochure":"https:\/\/static.capabiliaserver.com\/frontend\/clients\/barca\/wp_prod\/wp-content\/uploads\/2019\/01\/9900adcc-gestao-esportiva.pdf","cursos_que_lo_componen":[{"nombre_del_curso":"Gest\u00e3o Esportiva","descripcion_del_curso":"<p>M\u00d3DULO 1: Institui\u00e7\u00f5es<br \/>\nM\u00d3DULO 2: Expertise<br \/>\nM\u00d3DULO 3: Conflito de interesses e boa gest\u00e3o<br \/>\nM\u00d3DULO 4: Temas contempor\u00e2neos, juntando as pe\u00e7as<\/p>\n"}],"docentes_expertos":[{"foto":false,"nombre_del_docente":"Roger Pielke, Jr.","descripcion_del_docente":"Ph.D. em Ci\u00eancias Pol\u00edticas. Professor do Environmental Studies Program e membro do Cooperative Institute for Research in Environmental Sciences (CIRES).","enlace":""}],"imagen_destacada":"https:\/\/elearning.barcainnovationhub.com\/wp-content\/uploads\/2019\/01\/8ca1aaf6-sports-governance.jpg","hubspot_product_id":"37415962858","url_video":"","aprende_a":[{"item_aprende_a":"Compreender elementos-chave da gest\u00e3o do esporte: institui\u00e7\u00f5es, expertise, responsabilidade e transpar\u00eancia."}],"fecha_de_inicio":"10062021","id_magento":"195","producto_path":false,"titulo_seccion_testimonios":"","activar_banner_1":false,"banner_1":false,"activar_banner_2":false,"banner_2":false,"activar_banner_3":false,"banner_3":false,"zona_horaria":"Europe\/Madrid","activar_nuevos_banners":false,"mostrar_banner_1":false,"crear_banner_1":{"utilizar_imagen_unica_para_banner":false,"asignar_imagen_unica_para_banner":false,"mostrar_titulo_banner":false,"titulo_para_banner":"","mostrar_subtitulo_banner":false,"subtitulo_del_banner":"","mostrar_cta_banner":false,"texto_cta_banner":"","url_cta_banner":"","fondo_de_color_banner":"","fondo_de_imagen_banner":false,"mostrar_imagen_izquierda_banner":false,"asignar_imagen_izquierda_banner":false},"mostrar_banner_2":false,"crear_banner_2":{"utilizar_imagen_unica_para_banner":false,"asignar_imagen_unica_para_banner":false,"mostrar_titulo_banner":false,"titulo_para_banner":"","mostrar_subtitulo_banner":false,"subtitulo_del_banner":"","mostrar_cta_banner":false,"texto_cta_banner":"","url_cta_banner":"","fondo_de_color_banner":"","fondo_de_imagen_banner":false,"mostrar_imagen_izquierda_banner":false,"asignar_imagen_izquierda_banner":false},"mostrar_banner_3":false,"crear_banner_3":{"utilizar_imagen_unica_para_banner":false,"asignar_imagen_unica_para_banner":false,"mostrar_titulo_banner":false,"titulo_para_banner":"","mostrar_subtitulo_banner":false,"subtitulo_del_banner":"","mostrar_cta_banner":false,"texto_cta_banner":"","url_cta_banner":"","fondo_de_color_banner":"","fondo_de_imagen_banner":false,"mostrar_imagen_izquierda_banner":false,"asignar_imagen_izquierda_banner":false},"activar_hero_video":false,"video_texto":"","pdf_brochure_link_drive":"https:\/\/drive.google.com\/uc?id=16E906LwQXTCcVN--zOtWKhbGLzAOLrnE&export=download","fecha_inicio_estatica":"","enable_linkedin_carousel":false,"slidebox":false,"preguntas_frecuentes":false,"contenidistas":false,"promocion_vigente":"","avalado_por":false},"yoast_head":"<!-- This site is optimized with the Yoast SEO plugin v23.0 - https:\/\/yoast.com\/wordpress\/plugins\/seo\/ -->\n<title>Gest\u00e3o Esportiva - Bar\u00e7a Innovation Hub<\/title>\n<meta name=\"description\" content=\"Neste curso voc\u00ea aprender\u00e1 a compreender os aspectos relativos \u00e0 governabilidade no esporte: institui\u00e7\u00f5es, experi\u00eancia no assunto, responsabilidade e transpar\u00eancia.\" \/>\n<meta name=\"robots\" content=\"index, follow, max-snippet:-1, max-image-preview:large, max-video-preview:-1\" \/>\n<link rel=\"canonical\" href=\"https:\/\/elearning.barcainnovationhub.com\/pt\/product\/gestao-esportiva\/\" \/>\n<meta property=\"og:locale\" content=\"pt_PT\" \/>\n<meta property=\"og:type\" content=\"article\" \/>\n<meta property=\"og:title\" content=\"Gest\u00e3o Esportiva\" \/>\n<meta property=\"og:description\" content=\"Cada vez\u00a0mas\u00a0o t\u00f3pico da\u00a0Gest\u00e3o Esportiva\u00a0\u00e9\u00a0o\u00a0foco de\u00a0debates\u00a0em diferentes\u00a0seguimentos do esporte.\u00a0A corrup\u00e7\u00e3o, o controle antidoping, a arbitragem e a escolha dos est\u00e1dios s\u00e3o somente alguns dos assuntos que o esporte enfrenta na era moderna.\" \/>\n<meta property=\"og:url\" content=\"https:\/\/elearning.barcainnovationhub.com\/pt\/product\/gestao-esportiva\/\" \/>\n<meta property=\"og:site_name\" content=\"Bar\u00e7a Innovation Hub\" \/>\n<meta property=\"article:publisher\" content=\"https:\/\/www.facebook.com\/fcbuniversitas\" \/>\n<meta property=\"article:modified_time\" content=\"2025-03-06T21:03:35+00:00\" \/>\n<meta property=\"og:image\" content=\"https:\/\/elearning.barcainnovationhub.com\/wp-content\/uploads\/2019\/01\/8121b262-current-issues-in-sports-governance.jpg\" \/>\n\t<meta property=\"og:image:width\" content=\"1200\" \/>\n\t<meta property=\"og:image:height\" content=\"1200\" \/>\n\t<meta property=\"og:image:type\" content=\"image\/jpeg\" \/>\n<meta name=\"twitter:card\" content=\"summary_large_image\" \/>\n<meta name=\"twitter:title\" content=\"Gest\u00e3o Esportiva\" \/>\n<meta name=\"twitter:description\" content=\"Cada vez\u00a0mas\u00a0o t\u00f3pico da\u00a0Gest\u00e3o Esportiva\u00a0\u00e9\u00a0o\u00a0foco de\u00a0debates\u00a0em diferentes\u00a0seguimentos do esporte.\u00a0A corrup\u00e7\u00e3o, o controle antidoping, a arbitragem e a escolha dos est\u00e1dios s\u00e3o somente alguns dos assuntos que o esporte enfrenta na era moderna.\" \/>\n<meta name=\"twitter:image\" content=\"https:\/\/elearning.barcainnovationhub.com\/wp-content\/uploads\/2019\/01\/8121b262-current-issues-in-sports-governance.jpg\" \/>\n<meta name=\"twitter:site\" content=\"@BarcaInnoHub\" \/>\n<script type=\"application\/ld+json\" class=\"yoast-schema-graph\">{\"@context\":\"https:\/\/schema.org\",\"@graph\":[{\"@type\":\"WebPage\",\"@id\":\"https:\/\/elearning.barcainnovationhub.com\/pt\/product\/gestao-esportiva\/\",\"url\":\"https:\/\/elearning.barcainnovationhub.com\/pt\/product\/gestao-esportiva\/\",\"name\":\"Gest\u00e3o Esportiva - Bar\u00e7a Innovation Hub\",\"isPartOf\":{\"@id\":\"https:\/\/elearning.barcainnovationhub.com\/pt\/#website\"},\"datePublished\":\"2019-01-18T14:48:57+00:00\",\"dateModified\":\"2025-03-06T21:03:35+00:00\",\"description\":\"Neste curso voc\u00ea aprender\u00e1 a compreender os aspectos relativos \u00e0 governabilidade no esporte: institui\u00e7\u00f5es, experi\u00eancia no assunto, responsabilidade e transpar\u00eancia.\",\"breadcrumb\":{\"@id\":\"https:\/\/elearning.barcainnovationhub.com\/pt\/product\/gestao-esportiva\/#breadcrumb\"},\"inLanguage\":\"pt\",\"potentialAction\":[{\"@type\":\"ReadAction\",\"target\":[\"https:\/\/elearning.barcainnovationhub.com\/pt\/product\/gestao-esportiva\/\"]}]},{\"@type\":\"BreadcrumbList\",\"@id\":\"https:\/\/elearning.barcainnovationhub.com\/pt\/product\/gestao-esportiva\/#breadcrumb\",\"itemListElement\":[{\"@type\":\"ListItem\",\"position\":1,\"name\":\"Productos\",\"item\":\"https:\/\/elearning.barcainnovationhub.com\/pt\/product\/\"},{\"@type\":\"ListItem\",\"position\":2,\"name\":\"Gest\u00e3o Esportiva\"}]},{\"@type\":\"WebSite\",\"@id\":\"https:\/\/elearning.barcainnovationhub.com\/pt\/#website\",\"url\":\"https:\/\/elearning.barcainnovationhub.com\/pt\/\",\"name\":\"Bar\u00e7a Innovation Hub\",\"description\":\"The worldwide centre for sports knowledge and innovation\",\"potentialAction\":[{\"@type\":\"SearchAction\",\"target\":{\"@type\":\"EntryPoint\",\"urlTemplate\":\"https:\/\/elearning.barcainnovationhub.com\/pt\/?s={search_term_string}\"},\"query-input\":\"required name=search_term_string\"}],\"inLanguage\":\"pt\"}]}<\/script>\n<!-- \/ Yoast SEO plugin. -->","yoast_head_json":{"title":"Gest\u00e3o Esportiva - Bar\u00e7a Innovation Hub","description":"Neste curso voc\u00ea aprender\u00e1 a compreender os aspectos relativos \u00e0 governabilidade no esporte: institui\u00e7\u00f5es, experi\u00eancia no assunto, responsabilidade e transpar\u00eancia.","robots":{"index":"index","follow":"follow","max-snippet":"max-snippet:-1","max-image-preview":"max-image-preview:large","max-video-preview":"max-video-preview:-1"},"canonical":"https:\/\/elearning.barcainnovationhub.com\/pt\/product\/gestao-esportiva\/","og_locale":"pt_PT","og_type":"article","og_title":"Gest\u00e3o Esportiva","og_description":"Cada vez\u00a0mas\u00a0o t\u00f3pico da\u00a0Gest\u00e3o Esportiva\u00a0\u00e9\u00a0o\u00a0foco de\u00a0debates\u00a0em diferentes\u00a0seguimentos do esporte.\u00a0A corrup\u00e7\u00e3o, o controle antidoping, a arbitragem e a escolha dos est\u00e1dios s\u00e3o somente alguns dos assuntos que o esporte enfrenta na era moderna.","og_url":"https:\/\/elearning.barcainnovationhub.com\/pt\/product\/gestao-esportiva\/","og_site_name":"Bar\u00e7a Innovation Hub","article_publisher":"https:\/\/www.facebook.com\/fcbuniversitas","article_modified_time":"2025-03-06T21:03:35+00:00","og_image":[{"width":1200,"height":1200,"url":"https:\/\/elearning.barcainnovationhub.com\/wp-content\/uploads\/2019\/01\/8121b262-current-issues-in-sports-governance.jpg","type":"image\/jpeg"}],"twitter_card":"summary_large_image","twitter_title":"Gest\u00e3o Esportiva","twitter_description":"Cada vez\u00a0mas\u00a0o t\u00f3pico da\u00a0Gest\u00e3o Esportiva\u00a0\u00e9\u00a0o\u00a0foco de\u00a0debates\u00a0em diferentes\u00a0seguimentos do esporte.\u00a0A corrup\u00e7\u00e3o, o controle antidoping, a arbitragem e a escolha dos est\u00e1dios s\u00e3o somente alguns dos assuntos que o esporte enfrenta na era moderna.","twitter_image":"https:\/\/elearning.barcainnovationhub.com\/wp-content\/uploads\/2019\/01\/8121b262-current-issues-in-sports-governance.jpg","twitter_site":"@BarcaInnoHub","schema":{"@context":"https:\/\/schema.org","@graph":[{"@type":"WebPage","@id":"https:\/\/elearning.barcainnovationhub.com\/pt\/product\/gestao-esportiva\/","url":"https:\/\/elearning.barcainnovationhub.com\/pt\/product\/gestao-esportiva\/","name":"Gest\u00e3o Esportiva - Bar\u00e7a Innovation Hub","isPartOf":{"@id":"https:\/\/elearning.barcainnovationhub.com\/pt\/#website"},"datePublished":"2019-01-18T14:48:57+00:00","dateModified":"2025-03-06T21:03:35+00:00","description":"Neste curso voc\u00ea aprender\u00e1 a compreender os aspectos relativos \u00e0 governabilidade no esporte: institui\u00e7\u00f5es, experi\u00eancia no assunto, responsabilidade e transpar\u00eancia.","breadcrumb":{"@id":"https:\/\/elearning.barcainnovationhub.com\/pt\/product\/gestao-esportiva\/#breadcrumb"},"inLanguage":"pt","potentialAction":[{"@type":"ReadAction","target":["https:\/\/elearning.barcainnovationhub.com\/pt\/product\/gestao-esportiva\/"]}]},{"@type":"BreadcrumbList","@id":"https:\/\/elearning.barcainnovationhub.com\/pt\/product\/gestao-esportiva\/#breadcrumb","itemListElement":[{"@type":"ListItem","position":1,"name":"Productos","item":"https:\/\/elearning.barcainnovationhub.com\/pt\/product\/"},{"@type":"ListItem","position":2,"name":"Gest\u00e3o Esportiva"}]},{"@type":"WebSite","@id":"https:\/\/elearning.barcainnovationhub.com\/pt\/#website","url":"https:\/\/elearning.barcainnovationhub.com\/pt\/","name":"Bar\u00e7a Innovation Hub","description":"The worldwide centre for sports knowledge and innovation","potentialAction":[{"@type":"SearchAction","target":{"@type":"EntryPoint","urlTemplate":"https:\/\/elearning.barcainnovationhub.com\/pt\/?s={search_term_string}"},"query-input":"required name=search_term_string"}],"inLanguage":"pt"}]}},"idiomas":{"en":10306,"es":10325,"ar":10324,"ca":10323,"ru":10324,"pt":10324},"_links":{"self":[{"href":"https:\/\/elearning.barcainnovationhub.com\/pt\/wp-json\/wp\/v2\/products\/10324"}],"collection":[{"href":"https:\/\/elearning.barcainnovationhub.com\/pt\/wp-json\/wp\/v2\/products"}],"about":[{"href":"https:\/\/elearning.barcainnovationhub.com\/pt\/wp-json\/wp\/v2\/types\/product"}],"author":[{"embeddable":true,"href":"https:\/\/elearning.barcainnovationhub.com\/pt\/wp-json\/wp\/v2\/users\/1"}],"replies":[{"embeddable":true,"href":"https:\/\/elearning.barcainnovationhub.com\/pt\/wp-json\/wp\/v2\/comments?post=10324"}],"version-history":[{"count":0,"href":"https:\/\/elearning.barcainnovationhub.com\/pt\/wp-json\/wp\/v2\/products\/10324\/revisions"}],"wp:attachment":[{"href":"https:\/\/elearning.barcainnovationhub.com\/pt\/wp-json\/wp\/v2\/media?parent=10324"}],"wp:term":[{"taxonomy":"category","embeddable":true,"href":"https:\/\/elearning.barcainnovationhub.com\/pt\/wp-json\/wp\/v2\/categories?post=10324"}],"curies":[{"name":"wp","href":"https:\/\/api.w.org\/{rel}","templated":true}]}}