{"id":127973,"date":"2022-08-04T15:25:32","date_gmt":"2022-08-04T18:25:32","guid":{"rendered":"https:\/\/elearning.barcainnovationhub.com\/?post_type=product&#038;p=127973"},"modified":"2025-11-10T17:29:12","modified_gmt":"2025-11-10T20:29:12","slug":"esportes-sustentabilidade","status":"publish","type":"product","link":"https:\/\/elearning.barcainnovationhub.com\/pt\/product\/esportes-sustentabilidade\/","title":{"rendered":"Esportes &#038; Sustentabilidade"},"content":{"rendered":"<p>contenido<\/p>\n","protected":false},"excerpt":{"rendered":"<p>excerpt<\/p>\n","protected":false},"author":16,"featured_media":0,"comment_status":"open","ping_status":"closed","template":"","meta":{"_acf_changed":true,"footnotes":""},"categories":[51,291,238,208,235,113],"class_list":["post-127973","product","type-product","status-publish","hentry","category-barca-innovation-hub-3","category-barca-innovation-hub-3-pt","category-institucional-pt","category-institutional","category-marketing-comunicacao-e-gestao","category-online-based-programs-pt"],"acf":{"activar_banner_1":false,"banner_1":false,"activar_banner_2":false,"banner_2":false,"activar_banner_3":false,"banner_3":false,"activar_nuevos_banners":false,"mostrar_banner_1":false,"crear_banner_1":{"utilizar_imagen_unica_para_banner":false,"asignar_imagen_unica_para_banner":false,"mostrar_titulo_banner":false,"titulo_para_banner":"","mostrar_subtitulo_banner":false,"subtitulo_del_banner":"","mostrar_cta_banner":false,"texto_cta_banner":"","url_cta_banner":"","fondo_de_color_banner":"","fondo_de_imagen_banner":false,"mostrar_imagen_izquierda_banner":false,"asignar_imagen_izquierda_banner":false},"mostrar_banner_2":false,"crear_banner_2":{"utilizar_imagen_unica_para_banner":false,"asignar_imagen_unica_para_banner":false,"mostrar_titulo_banner":false,"titulo_para_banner":"","mostrar_subtitulo_banner":false,"subtitulo_del_banner":"","mostrar_cta_banner":false,"texto_cta_banner":"","url_cta_banner":"","fondo_de_color_banner":"","fondo_de_imagen_banner":false,"mostrar_imagen_izquierda_banner":false,"asignar_imagen_izquierda_banner":false},"mostrar_banner_3":false,"hubspot_product_id":"37317737718","external_id":"2411","titulo_incentivo":"","fecha_de_inicio":"10082022","zona_horaria":"Europe\/Madrid","precio":"450","contenido":"<p><span data-sheets-value=\"{&quot;1&quot;:2,&quot;2&quot;:&quot;O mundo dos esportes est\u00e1 evoluindo rapidamente e se recuperando do impacto devastador da pandemia. Organiza\u00e7\u00f5es esportivas em todos os n\u00edveis e seus respectivos eventos precisam redefinir seus modelos de neg\u00f3cios e operacionais para continuar atraindo os jogadores, patrocinadores, f\u00e3s e outros interessados. Existe uma depend\u00eancia entre mudan\u00e7a clim\u00e1tica, sa\u00fade e esporte, mas o impacto potencial do esporte atravessa o campo de jogo. As organiza\u00e7\u00f5es esportivas, os torcedores e os que atuam no esporte, e principalmente os atletas, t\u00eam grande potencial para acelerar uma mudan\u00e7a sist\u00eamica na sociedade, para promover a inclus\u00e3o, o estilo de vida saud\u00e1vel, a a\u00e7\u00e3o clim\u00e1tica e a colabora\u00e7\u00e3o. Al\u00e9m disso, no esporte, tanto as organiza\u00e7\u00f5es quanto os l\u00edderes, os atletas e os treinadores de futebol t\u00eam um papel e responsabilidades na reconstru\u00e7\u00e3o das sociedades e economias ap\u00f3s o COVID-19. \\r\\n\\r\\nA sustentabilidade se concentra em atender \u00e0s necessidades do presente sem comprometer a capacidade das gera\u00e7\u00f5es futuras de atender \u00e0s suas pr\u00f3prias necessidades. A sustentabilidade \u00e9 um conceito hol\u00edstico que implica garantir as necessidades das pessoas, do planeta e da economia, ou seja, o meio ambiente, a sociedade e a governan\u00e7a corporativa (ESG na sigla em ingl\u00eas). Um programa de esporte sustent\u00e1vel envolve eventos esportivos que incorporam esses tr\u00eas elementos. \\r\\n\\r\\nO objetivo deste curso \u00e9 que voc\u00ea entenda e se aproxime \u00e0 sustentabilidade no esporte e aprenda a dar os primeiros passos em seu pr\u00f3prio plano de a\u00e7\u00e3o sustent\u00e1vel no esporte por meio do design de um programa, estrat\u00e9gia ou iniciativa. Al\u00e9m disso, voc\u00ea aprender\u00e1 a desenvolver novos princ\u00edpios, estrat\u00e9gias e planos acion\u00e1veis para construir a resili\u00eancia e desenvolver modelos de neg\u00f3cios sustent\u00e1veis e pr\u00f3speros para sua organiza\u00e7\u00e3o esportiva. \\r\\n\\r\\nPara conseguir isso, usaremos as t\u00e9cnicas e estruturasmais importantes do mundo da sustentabilidade e ilustraremos esse mundo com boas pr\u00e1ticas e hist\u00f3rias das esferas de lideran\u00e7a na organiza\u00e7\u00e3o de eventos como Jogos Ol\u00edmpicos, Copa do Mundo da FIFA, o Campeonatos Mundial de Atletismo, corridas de F\u00f3rmula E, mas tamb\u00e9m veremos exemplos de eventos pequenos e m\u00e9dios para entender como iniciar a mudan\u00e7a para a sustentabilidade.&quot;}\" data-sheets-userformat=\"{&quot;2&quot;:897,&quot;3&quot;:{&quot;1&quot;:0},&quot;10&quot;:0,&quot;11&quot;:4,&quot;12&quot;:0}\">O mundo dos esportes est\u00e1 evoluindo rapidamente e se recuperando do impacto devastador da pandemia. Organiza\u00e7\u00f5es esportivas em todos os n\u00edveis e seus respectivos eventos precisam redefinir seus modelos de neg\u00f3cios e operacionais para continuar atraindo os jogadores, patrocinadores, f\u00e3s e outros interessados. Existe uma depend\u00eancia entre mudan\u00e7a clim\u00e1tica, sa\u00fade e esporte, mas o impacto potencial do esporte atravessa o campo de jogo. As organiza\u00e7\u00f5es esportivas, os torcedores e os que atuam no esporte, e principalmente os atletas, t\u00eam grande potencial para acelerar uma mudan\u00e7a sist\u00eamica na sociedade, para promover a inclus\u00e3o, o estilo de vida saud\u00e1vel, a a\u00e7\u00e3o clim\u00e1tica e a colabora\u00e7\u00e3o. Al\u00e9m disso, no esporte, tanto as organiza\u00e7\u00f5es quanto os l\u00edderes, os atletas e os treinadores de futebol t\u00eam um papel e responsabilidades na reconstru\u00e7\u00e3o das sociedades e economias ap\u00f3s o COVID-19.<\/span><\/p>\n<p>A sustentabilidade se concentra em atender \u00e0s necessidades do presente sem comprometer a capacidade das gera\u00e7\u00f5es futuras de atender \u00e0s suas pr\u00f3prias necessidades. A sustentabilidade \u00e9 um conceito hol\u00edstico que implica garantir as necessidades das pessoas, do planeta e da economia, ou seja, o meio ambiente, a sociedade e a governan\u00e7a corporativa (ESG na sigla em ingl\u00eas). Um programa de esporte sustent\u00e1vel envolve eventos esportivos que incorporam esses tr\u00eas elementos.<\/p>\n<p>O objetivo deste curso \u00e9 que voc\u00ea entenda e se aproxime \u00e0 sustentabilidade no esporte e aprenda a dar os primeiros passos em seu pr\u00f3prio plano de a\u00e7\u00e3o sustent\u00e1vel no esporte por meio do design de um programa, estrat\u00e9gia ou iniciativa. Al\u00e9m disso, voc\u00ea aprender\u00e1 a desenvolver novos princ\u00edpios, estrat\u00e9gias e planos acion\u00e1veis para construir a resili\u00eancia e desenvolver modelos de neg\u00f3cios sustent\u00e1veis e pr\u00f3speros para sua organiza\u00e7\u00e3o esportiva.<\/p>\n<p>Para conseguir isso, usaremos as t\u00e9cnicas e estruturasmais importantes do mundo da sustentabilidade e ilustraremos esse mundo com boas pr\u00e1ticas e hist\u00f3rias das esferas de lideran\u00e7a na organiza\u00e7\u00e3o de eventos como Jogos Ol\u00edmpicos, Copa do Mundo da FIFA, o Campeonatos Mundial de Atletismo, corridas de F\u00f3rmula E, mas tamb\u00e9m veremos exemplos de eventos pequenos e m\u00e9dios para entender como iniciar a mudan\u00e7a para a sustentabilidade.<\/p>\n","cursos_que_lo_componen":[{"nombre_del_curso":"Estrat\u00e9gia sustent\u00e1vel no esporte","descripcion_del_curso":"<p>M\u00f3dulo 1: Os fundamentos da sustentabilidade no esporte<br \/>\nM\u00f3dulo 2: Desenvolvimento de um programa sustent\u00e1vel baseado em estruturas e padr\u00f5es internacionais.<br \/>\nM\u00f3dulo 3: Me\u00e7a e relate o impacto<br \/>\nM\u00f3dulo 4: Oportunidades de patroc\u00ednio e sustentabilidade<\/p>\n"},{"nombre_del_curso":"Gest\u00e3o e Financiamento de um programa de sustentabilidade","descripcion_del_curso":"<p>M\u00f3dulo 1: Defina sua vis\u00e3o e envolva as partes interessadas<br \/>\nM\u00f3dulo 2: Crie um plano de financiamento e implementa\u00e7\u00e3o para seu programa de sustentabilidade<br \/>\nM\u00f3dulo 3: Envolva aos aficionados e atletas na sustentabilidade<br \/>\nM\u00f3dulo 4: Comunique a sustentabilidade<\/p>\n"}],"aprende_a":[{"item_aprende_a":"Aprender o conceito e os principais elementos de sustentabilidade \r\n"},{"item_aprende_a":"Desenvolver habilidades para relacionar a sustentabilidade \u00e0 estrat\u00e9gia corporativa da organiza\u00e7\u00e3o "},{"item_aprende_a":"Compreender os aspectos operacionais dos programas de sustentabilidade "},{"item_aprende_a":"Desenvolver a capacidade de promover a medi\u00e7\u00e3o do impacto na organiza\u00e7\u00e3o \r\n"},{"item_aprende_a":"Estar preparado para comunicar sobre esportes e sustentabilidade de forma eficaz."}],"docentes_expertos":[{"foto":"https:\/\/elearning.barcainnovationhub.com\/wp-content\/uploads\/2022\/08\/dc48b49a-marisa-schlenker.png","nombre_del_docente":"Marisa Schlenker","descripcion_del_docente":"Ex-jogador de futebol com experi\u00eancia de jogo semi-profissional e profissional na Su\u00e9cia, Espanha, Alemanha e EUA. Mais de 10 anos de experi\u00eancia no setor do esporte para o desenvolvimento social. Especialista em igualdade de g\u00eanero, monitoramento, avalia\u00e7\u00e3o e aprendizado.","enlace":""},{"foto":"https:\/\/elearning.barcainnovationhub.com\/wp-content\/uploads\/2022\/08\/45aa75e6-geert-hendriks.png","nombre_del_docente":"Geert Hendriks","descripcion_del_docente":"Diretor de Engagement na The SHIFT e especialista internacional em sustentabilidade e esporte. Ele trabalhou em v\u00e1rios Jogos Ol\u00edmpicos, UEFA EURO 2016, Copa do Mundo FIFA 2022 e mais de 20 outros esportes. Fundador do f\u00e3-clube Football4Climate.","enlace":""},{"foto":"https:\/\/elearning.barcainnovationhub.com\/wp-content\/uploads\/2022\/08\/51eb99c8-clemence-gillier.png","nombre_del_docente":"Cl\u00e9mence Gillier","descripcion_del_docente":"Anjo do crescimento sustent\u00e1vel (The SHIFT) e facilitadora de semin\u00e1rios (Let's Conversa Res\u00edduos) \u00c9 especialista em desenvolvimento de neg\u00f3cios em diversos setores e atualmente se dedica a acelerar o avan\u00e7o dos ODS.","enlace":""},{"foto":"https:\/\/elearning.barcainnovationhub.com\/wp-content\/uploads\/2022\/08\/0d0b089a-miguel-escribano.png","nombre_del_docente":"Miguel Escribano","descripcion_del_docente":"Assessor em qualidade do ar e desenvolvimento de neg\u00f3cios em tecnologia verde. Ele trabalhou em Campeonatos Mundiais de Atletismo, F\u00f3rmula E e com organizadores de eventos para promover as melhores pr\u00e1ticas para eventos esportivos sustent\u00e1veis.","enlace":""},{"foto":"https:\/\/elearning.barcainnovationhub.com\/wp-content\/uploads\/2022\/08\/c86711c5-big-the_shift_sociallogolinkedin_rgb_400x400.png","nombre_del_docente":"Outros expertos de The Shift","descripcion_del_docente":"<br>- Bikram Lath, FIFA COL SUB-17 Copa Mundial Feminina \u00cdndia 2022 <br>- Catherine Fournier, ex Diretora de projetos RSE del FSV Mainz 05 <br>- Neil Beecroft, ex Diretor de Sustentabilidade da UEFA EURO 2016 <br>- Anne-C\u00e9cile Turner, Diretora de Sustentabilidade da The Ocean Race","enlace":""}],"imagen_destacada":"https:\/\/elearning.barcainnovationhub.com\/wp-content\/uploads\/2022\/08\/3f285919-sport-_-sustainability.jpg","activar_hero_video":false,"video_texto":"","titulo_curso":"Deporte & Sustentabilidad","crear_banner_3":{"utilizar_imagen_unica_para_banner":false,"asignar_imagen_unica_para_banner":false,"mostrar_titulo_banner":false,"titulo_para_banner":"","mostrar_subtitulo_banner":false,"subtitulo_del_banner":"","mostrar_cta_banner":false,"texto_cta_banner":"","url_cta_banner":"","fondo_de_color_banner":"","fondo_de_imagen_banner":false,"mostrar_imagen_izquierda_banner":false,"asignar_imagen_izquierda_banner":false},"producto_path":false,"id_magento":"552","header_image":130450,"column_title":"","precio_en_cuotas":"4 parcelas de 112,5","precio_de_lista":"","mostrar_form":false,"duracion_del_curso":"2 meses","nivel_del_curso":"introdut\u00f3rio","modalidad_cursado":"Online","ocultar_video":true,"url_video":"","slidebox":false,"titulo_seccion_testimonios":"","pdf_brochure_link_drive":"https:\/\/drive.google.com\/uc?id=1El01zbFnG03RQDHzf3uoKb_ofDQDNH9T&export=download","pdf_brochure":"https:\/\/elearning.barcainnovationhub.com\/wp-content\/uploads\/2022\/08\/8f8930f7-certificate-in-sport-sustainability.pdf","fecha_inicio_estatica":"","url_cursado_webinar":"","enable_linkedin_carousel":false,"impartido_en":"English","preguntas_frecuentes":false,"contenidistas":false,"promocion_vigente":"","avalado_por":false},"yoast_head":"<!-- This site is optimized with the Yoast SEO plugin v23.0 - https:\/\/yoast.com\/wordpress\/plugins\/seo\/ -->\n<title>Esportes &amp; Sustentabilidade - Bar\u00e7a Innovation Hub<\/title>\n<meta name=\"robots\" content=\"index, follow, max-snippet:-1, max-image-preview:large, max-video-preview:-1\" \/>\n<link rel=\"canonical\" href=\"https:\/\/elearning.barcainnovationhub.com\/pt\/product\/esportes-sustentabilidade\/\" \/>\n<meta property=\"og:locale\" content=\"pt_PT\" \/>\n<meta property=\"og:type\" content=\"article\" \/>\n<meta property=\"og:title\" content=\"Esportes &amp; Sustentabilidade - Bar\u00e7a Innovation Hub\" \/>\n<meta property=\"og:description\" content=\"excerpt\" \/>\n<meta property=\"og:url\" content=\"https:\/\/elearning.barcainnovationhub.com\/pt\/product\/esportes-sustentabilidade\/\" \/>\n<meta property=\"og:site_name\" content=\"Bar\u00e7a Innovation Hub\" \/>\n<meta property=\"article:publisher\" content=\"https:\/\/www.facebook.com\/fcbuniversitas\" \/>\n<meta property=\"article:modified_time\" content=\"2025-11-10T20:29:12+00:00\" \/>\n<meta name=\"twitter:card\" content=\"summary_large_image\" \/>\n<meta name=\"twitter:site\" content=\"@BarcaInnoHub\" \/>\n<meta name=\"twitter:label1\" content=\"Est. reading time\" \/>\n\t<meta name=\"twitter:data1\" content=\"1 minute\" \/>\n<script type=\"application\/ld+json\" class=\"yoast-schema-graph\">{\"@context\":\"https:\/\/schema.org\",\"@graph\":[{\"@type\":\"WebPage\",\"@id\":\"https:\/\/elearning.barcainnovationhub.com\/pt\/product\/esportes-sustentabilidade\/\",\"url\":\"https:\/\/elearning.barcainnovationhub.com\/pt\/product\/esportes-sustentabilidade\/\",\"name\":\"Esportes & Sustentabilidade - Bar\u00e7a Innovation Hub\",\"isPartOf\":{\"@id\":\"https:\/\/elearning.barcainnovationhub.com\/pt\/#website\"},\"datePublished\":\"2022-08-04T18:25:32+00:00\",\"dateModified\":\"2025-11-10T20:29:12+00:00\",\"breadcrumb\":{\"@id\":\"https:\/\/elearning.barcainnovationhub.com\/pt\/product\/esportes-sustentabilidade\/#breadcrumb\"},\"inLanguage\":\"pt\",\"potentialAction\":[{\"@type\":\"ReadAction\",\"target\":[\"https:\/\/elearning.barcainnovationhub.com\/pt\/product\/esportes-sustentabilidade\/\"]}]},{\"@type\":\"BreadcrumbList\",\"@id\":\"https:\/\/elearning.barcainnovationhub.com\/pt\/product\/esportes-sustentabilidade\/#breadcrumb\",\"itemListElement\":[{\"@type\":\"ListItem\",\"position\":1,\"name\":\"Productos\",\"item\":\"https:\/\/elearning.barcainnovationhub.com\/pt\/product\/\"},{\"@type\":\"ListItem\",\"position\":2,\"name\":\"Esportes &#038; Sustentabilidade\"}]},{\"@type\":\"WebSite\",\"@id\":\"https:\/\/elearning.barcainnovationhub.com\/pt\/#website\",\"url\":\"https:\/\/elearning.barcainnovationhub.com\/pt\/\",\"name\":\"Bar\u00e7a Innovation Hub\",\"description\":\"The worldwide centre for sports knowledge and innovation\",\"potentialAction\":[{\"@type\":\"SearchAction\",\"target\":{\"@type\":\"EntryPoint\",\"urlTemplate\":\"https:\/\/elearning.barcainnovationhub.com\/pt\/?s={search_term_string}\"},\"query-input\":\"required name=search_term_string\"}],\"inLanguage\":\"pt\"}]}<\/script>\n<!-- \/ Yoast SEO plugin. -->","yoast_head_json":{"title":"Esportes & Sustentabilidade - Bar\u00e7a Innovation Hub","robots":{"index":"index","follow":"follow","max-snippet":"max-snippet:-1","max-image-preview":"max-image-preview:large","max-video-preview":"max-video-preview:-1"},"canonical":"https:\/\/elearning.barcainnovationhub.com\/pt\/product\/esportes-sustentabilidade\/","og_locale":"pt_PT","og_type":"article","og_title":"Esportes & Sustentabilidade - Bar\u00e7a Innovation Hub","og_description":"excerpt","og_url":"https:\/\/elearning.barcainnovationhub.com\/pt\/product\/esportes-sustentabilidade\/","og_site_name":"Bar\u00e7a Innovation Hub","article_publisher":"https:\/\/www.facebook.com\/fcbuniversitas","article_modified_time":"2025-11-10T20:29:12+00:00","twitter_card":"summary_large_image","twitter_site":"@BarcaInnoHub","twitter_misc":{"Est. reading time":"1 minute"},"schema":{"@context":"https:\/\/schema.org","@graph":[{"@type":"WebPage","@id":"https:\/\/elearning.barcainnovationhub.com\/pt\/product\/esportes-sustentabilidade\/","url":"https:\/\/elearning.barcainnovationhub.com\/pt\/product\/esportes-sustentabilidade\/","name":"Esportes & Sustentabilidade - Bar\u00e7a Innovation Hub","isPartOf":{"@id":"https:\/\/elearning.barcainnovationhub.com\/pt\/#website"},"datePublished":"2022-08-04T18:25:32+00:00","dateModified":"2025-11-10T20:29:12+00:00","breadcrumb":{"@id":"https:\/\/elearning.barcainnovationhub.com\/pt\/product\/esportes-sustentabilidade\/#breadcrumb"},"inLanguage":"pt","potentialAction":[{"@type":"ReadAction","target":["https:\/\/elearning.barcainnovationhub.com\/pt\/product\/esportes-sustentabilidade\/"]}]},{"@type":"BreadcrumbList","@id":"https:\/\/elearning.barcainnovationhub.com\/pt\/product\/esportes-sustentabilidade\/#breadcrumb","itemListElement":[{"@type":"ListItem","position":1,"name":"Productos","item":"https:\/\/elearning.barcainnovationhub.com\/pt\/product\/"},{"@type":"ListItem","position":2,"name":"Esportes &#038; Sustentabilidade"}]},{"@type":"WebSite","@id":"https:\/\/elearning.barcainnovationhub.com\/pt\/#website","url":"https:\/\/elearning.barcainnovationhub.com\/pt\/","name":"Bar\u00e7a Innovation Hub","description":"The worldwide centre for sports knowledge and innovation","potentialAction":[{"@type":"SearchAction","target":{"@type":"EntryPoint","urlTemplate":"https:\/\/elearning.barcainnovationhub.com\/pt\/?s={search_term_string}"},"query-input":"required name=search_term_string"}],"inLanguage":"pt"}]}},"idiomas":{"en":127970,"es":127975,"ar":127971,"ca":127972,"ru":127974,"pt":127973},"_links":{"self":[{"href":"https:\/\/elearning.barcainnovationhub.com\/pt\/wp-json\/wp\/v2\/products\/127973"}],"collection":[{"href":"https:\/\/elearning.barcainnovationhub.com\/pt\/wp-json\/wp\/v2\/products"}],"about":[{"href":"https:\/\/elearning.barcainnovationhub.com\/pt\/wp-json\/wp\/v2\/types\/product"}],"author":[{"embeddable":true,"href":"https:\/\/elearning.barcainnovationhub.com\/pt\/wp-json\/wp\/v2\/users\/16"}],"replies":[{"embeddable":true,"href":"https:\/\/elearning.barcainnovationhub.com\/pt\/wp-json\/wp\/v2\/comments?post=127973"}],"version-history":[{"count":0,"href":"https:\/\/elearning.barcainnovationhub.com\/pt\/wp-json\/wp\/v2\/products\/127973\/revisions"}],"wp:attachment":[{"href":"https:\/\/elearning.barcainnovationhub.com\/pt\/wp-json\/wp\/v2\/media?parent=127973"}],"wp:term":[{"taxonomy":"category","embeddable":true,"href":"https:\/\/elearning.barcainnovationhub.com\/pt\/wp-json\/wp\/v2\/categories?post=127973"}],"curies":[{"name":"wp","href":"https:\/\/api.w.org\/{rel}","templated":true}]}}