{"id":140119,"date":"2023-05-24T15:16:00","date_gmt":"2023-05-24T18:16:00","guid":{"rendered":"https:\/\/elearning.barcainnovationhub.com\/?post_type=product&#038;p=140119"},"modified":"2025-11-10T12:19:35","modified_gmt":"2025-11-10T15:19:35","slug":"especializacao-em-treinador-de-futebol","status":"publish","type":"product","link":"https:\/\/elearning.barcainnovationhub.com\/pt\/product\/especializacao-em-treinador-de-futebol\/","title":{"rendered":"Especializa\u00e7\u00e3o em Treinador de Futebol"},"content":{"rendered":"<p>contenido<\/p>\n","protected":false},"excerpt":{"rendered":"<p>excerpt<\/p>\n","protected":false},"author":16,"featured_media":0,"comment_status":"open","ping_status":"closed","template":"","meta":{"_acf_changed":true,"footnotes":""},"categories":[291,202,234,109,113,230],"class_list":["post-140119","product","type-product","status-publish","hentry","category-barca-innovation-hub-3-pt","category-football","category-futebol","category-online-based-programs","category-online-based-programs-pt","category-rendimento"],"acf":{"titulo_curso":"Diplomado en Entrenador de F\u00fatbol","impartido_en":"Portugues","crear_banner_3":{"utilizar_imagen_unica_para_banner":false,"asignar_imagen_unica_para_banner":false,"mostrar_titulo_banner":false,"titulo_para_banner":"","mostrar_subtitulo_banner":false,"subtitulo_del_banner":"","mostrar_cta_banner":false,"texto_cta_banner":"","url_cta_banner":"","fondo_de_color_banner":"","fondo_de_imagen_banner":false,"mostrar_imagen_izquierda_banner":false,"asignar_imagen_izquierda_banner":false},"producto_path":false,"hubspot_product_id":"37777780941","id_magento":"670","header_image":148965,"column_title":"Especializa\u00e7\u00e3o em Treinador de Futebol","precio_en_cuotas":"10 parcelas de 120","precio_de_lista":"","mostrar_form":false,"duracion_del_curso":"10 meses","nivel_del_curso":"avan\u00e7ado","modalidad_cursado":"Online","url_video":"","slidebox":false,"titulo_seccion_testimonios":"","activar_banner_1":false,"banner_1":false,"activar_banner_2":false,"banner_2":false,"activar_banner_3":false,"banner_3":false,"activar_nuevos_banners":false,"mostrar_banner_1":false,"crear_banner_1":{"utilizar_imagen_unica_para_banner":false,"asignar_imagen_unica_para_banner":false,"mostrar_titulo_banner":false,"titulo_para_banner":"","mostrar_subtitulo_banner":false,"subtitulo_del_banner":"","mostrar_cta_banner":false,"texto_cta_banner":"","url_cta_banner":"","fondo_de_color_banner":"","fondo_de_imagen_banner":false,"mostrar_imagen_izquierda_banner":false,"asignar_imagen_izquierda_banner":false},"mostrar_banner_2":false,"crear_banner_2":{"utilizar_imagen_unica_para_banner":false,"asignar_imagen_unica_para_banner":false,"mostrar_titulo_banner":false,"titulo_para_banner":"","mostrar_subtitulo_banner":false,"subtitulo_del_banner":"","mostrar_cta_banner":false,"texto_cta_banner":"","url_cta_banner":"","fondo_de_color_banner":"","fondo_de_imagen_banner":false,"mostrar_imagen_izquierda_banner":false,"asignar_imagen_izquierda_banner":false},"mostrar_banner_3":false,"external_id":"1917","titulo_incentivo":"Especializa\u00e7\u00e3o em Treinador de Futebol","fecha_de_inicio":"10092024","zona_horaria":"Europe\/Madrid","contenido":"<p>Ao longo deste programa, aprender\u00e1 a identificar os pontos-chave da ideia de jogo do FC Barcelona, a partir dos quais se estrutura o estilo pr\u00f3prio que foi usado tanto na primeira equipa como no futebol base. O avan\u00e7o frequente nos processos de desenvolvimento e evolu\u00e7\u00e3o de an\u00e1lise t\u00e1tica dentro do futebol nos leva a uma situa\u00e7\u00e3o de que \u00e9 fundamental realizar estudos e forma\u00e7\u00f5es nesta \u00e1rea de trabalho, de forma constante e permanente. As propostas de trabalho cada vez s\u00e3o mais numerosas, reais e os analistas podem assumir postos de trabalho em \u00e1reas espec\u00edficas deste processo de an\u00e1lise. Por esta raz\u00e3o vamos nos aprofundar na avalia\u00e7\u00e3o espec\u00edfica da fase inicial do jogo; a an\u00e1lise das a\u00e7\u00f5es de bola parada para otimiz\u00e1-las ao m\u00e1ximo e, assim, obter uma vantagem competitiva sobre o rival; a an\u00e1lise das situa\u00e7\u00f5es de alta press\u00e3o mais comuns em uma partida de futebol, oferecendo as ferramentas para um melhor entendimento desta fase do jogo; por fim, abordando a metodologia de observa\u00e7\u00e3o realizada no FC Barcelona com foco nas categorias de Futebol Formativo.<\/p>\n","cursos_que_lo_componen":[{"nombre_del_curso":"Os fundamentos do nosso jogo","descripcion_del_curso":"<p>M\u00f3dulo 1: As ci\u00eancias de \"suporte\" do F\u00fatbol Bar\u00e7a<\/p>\n<p>M\u00f3dulo 2: Os elementos que a comp\u00f5em<\/p>\n<p>M\u00f3dulo 3: Os componentes identificativos do F\u00fatbol Bar\u00e7a<\/p>\n<p>M\u00f3dulo 4: O jogo enquanto processo<\/p>\n"},{"nombre_del_curso":"O que deve treinar","descripcion_del_curso":"<p>M\u00f3dulo 1: Treino otimizador<\/p>\n<p>M\u00f3dulo 2: Elementos cognitivos do jogador<\/p>\n<p>M\u00f3dulo 3: Elementos grupais da equipa<\/p>\n<p>M\u00f3dulo 4: As fases do jogo<\/p>\n"},{"nombre_del_curso":"Como se deve treinar","descripcion_del_curso":"<p>M\u00f3dulo 1: Treinar-otimizar<\/p>\n<p>M\u00f3dulo 2: A sess\u00e3o de treino<\/p>\n<p>M\u00f3dulo 3: Treino Espec\u00edfico do F\u00fatbol Bar\u00e7a I<\/p>\n<p>M\u00f3dulo 3: Treino Espec\u00edfico do F\u00fatbol Bar\u00e7a II<\/p>\n"},{"nombre_del_curso":"Interc\u00e2mbio pedag\u00f3gico com atletas: o papel do t\u00e9cnico-formador no processo de aprendizagem","descripcion_del_curso":"<p>M\u00d3DULO 1. Pensamento cr\u00edtico e contexto metodol\u00f3gico. De onde viemos e para onde vamos? Entender qual \u00e9 a finalidade da metodologia e como integrar todos os elementos existentes no contexto da aprendizagem.<br \/>\n M\u00d3DULO 2. A aprendizagem de t\u00e9cnicos. Por que o t\u00e9cnico v\u00ea o que v\u00ea? Entender como surgem os comportamentos e como conseguir manter-se em sintonia com o contexto da equipe.<br \/>\n M\u00d3DULO 3. Formas de interagir entre t\u00e9cnicos e atletas. Como melhorar a troca de informa\u00e7\u00f5es e ter mais impacto no processo de aprendizagem? Entender quais as condi\u00e7\u00f5es do ambiente e com isso facilitar e fomentar comportamentos naturais nos atletas.<br \/>\n M\u00d3DULO 4. Interc\u00e2mbios pedag\u00f3gicos com os atletas. Estrat\u00e9gias e atmosfera de aprendizagem.<\/p>\n"},{"nombre_del_curso":"Interc\u00e2mbios pedag\u00f3gicos com os atletas: coment\u00e1rios sobre os v\u00eddeos e a pr\u00e1tica motora","descripcion_del_curso":"<p>M\u00d3DULO 1. Aprendizagem atrav\u00e9s da observa\u00e7\u00e3o. Como dar um feedback adequado? Entender quais s\u00e3o os aspectos diferenciais que contribuem com as responsabilidades de um t\u00e9cnico ao combinar feedback visuais e treinamentos f\u00edsicos.<br \/>\nM\u00d3DULO 2. As pr\u00e1ticas de treinamentos. Onde dar esse feedback? Como t\u00e9cnico, saber atender os efeitos de resultados sobre os atletas e o relacionamento entre o contexto pr\u00e1tico e o estilo de interven\u00e7\u00e3o.<br \/>\nM\u00d3DULO 3. Os interc\u00e2mbios com atletas atrav\u00e9s dos processos de aprendizagem por observa\u00e7\u00e3o\/modelo. Antecipar e concretizar informa\u00e7\u00f5es com diferentes modalidades extr\u00ednsecas com o objetivo de potencializar os processos de aprendizagem motora.<br \/>\nM\u00d3DULO 4. O feedback visual em v\u00eddeo. Por que dar um feedback atrav\u00e9s de v\u00eddeos? Alterar a intensidade vision\u00e1ria com o objetivo de especificar as intera\u00e7\u00f5es.<\/p>\n"},{"nombre_del_curso":"Interc\u00e2mbios pedag\u00f3gicos com os atletas: o design do SSPs (Situa\u00e7\u00f5es de Simula\u00e7\u00e3o Preferenciais) em rela\u00e7\u00e3o \u00e0 prefer\u00eancia dos conte\u00fados did\u00e1ticos","descripcion_del_curso":"<p>M\u00d3DULO 1. SSPs de prefer\u00eancia coordenativa<br \/>\n M\u00d3DULO 2. SSPs de prefer\u00eancia cognitiva<br \/>\n M\u00d3DULO 3. SSPs de prefer\u00eancia contextual<br \/>\n M\u00d3DULO 4. Par\u00e2metros transversais: introdu\u00e7\u00e3o \u00e0 variabilidade e o projeto direcionado ou explorat\u00f3rio<\/p>\n"},{"nombre_del_curso":"An\u00e1lise da fase inicial da partida","descripcion_del_curso":"<p>M\u00d3DULO 1: Defini\u00e7\u00e3o e evolu\u00e7\u00e3o da fase inicial e compreens\u00e3o dos crit\u00e9rios gerais dessas an\u00e1lises<br \/>\n M\u00d3DULO 2: Estudo dos elementos estruturais da fase inicial<br \/>\n M\u00d3DULO 3: Estudo dos elementos din\u00e2micos da fase inicial<br \/>\n M\u00d3DULO 4: An\u00e1lise estat\u00edstica, sele\u00e7\u00e3o e apresenta\u00e7\u00e3o das informa\u00e7\u00f5es<\/p>\n"},{"nombre_del_curso":"An\u00e1lise das a\u00e7\u00f5es com bola parada","descripcion_del_curso":"<p>M\u00d3DULO 1: A import\u00e2ncia das ABP e introdu\u00e7\u00e3o do processo de verifica\u00e7\u00e3o<br \/>\n M\u00d3DULO 2: An\u00e1lise das ABP defensivas<br \/>\n M\u00d3DULO 3: An\u00e1lise das ABP ofensivas<br \/>\n M\u00d3DULO 4: Tend\u00eancias metodol\u00f3gicas de treinamento com ABP<\/p>\n"},{"nombre_del_curso":"Alta press\u00e3o no futebol","descripcion_del_curso":"<p>M\u00d3DULO 1: Alta press\u00e3o na fase de defesa. Marco te\u00f3rico<br \/>\n M\u00d3DULO 2: Estruturas defensivas comuns nos processos de alta press\u00e3o no futebol<br \/>\n M\u00d3DULO 3: Metodologia dos treinamentos sob alta press\u00e3o dentro do mundo do futebol<br \/>\n M\u00d3DULO 4: Informa\u00e7\u00f5es para uma excelente interpreta\u00e7\u00e3o das an\u00e1lises de alta press\u00e3o no futebol<\/p>\n"},{"nombre_del_curso":"Metodologia para uma \u00f3tima observa\u00e7\u00e3o dentro do futebol de base","descripcion_del_curso":"<p>M\u00d3DULO 1: Introdu\u00e7\u00e3o ao processo de observa\u00e7\u00e3o com o uso de v\u00eddeos<br \/>\n M\u00d3DULO 2: Observa\u00e7\u00e3o de uma sess\u00e3o de treino<br \/>\n M\u00d3DULO 3: Observa\u00e7\u00e3o de uma partida de um campeonato<br \/>\n M\u00d3DULO 4:Observa\u00e7\u00e3o individual do jugador<\/p>\n"}],"docentes_expertos":[{"foto":"https:\/\/static.capabiliaserver.com\/frontend\/clients\/barca\/wp_prod\/wp-content\/uploads\/2021\/12\/dd9b8a1f-paco-seirul-lo.jpg","nombre_del_docente":"PACO SEIRUL\u00b7LO","descripcion_del_docente":"Diretor da \u00e1rea de metodologias do FC Barcelona.","enlace":""},{"foto":"https:\/\/static.capabiliaserver.com\/frontend\/clients\/barca\/wp_prod\/wp-content\/uploads\/2021\/04\/71519370-alberto-angelastri.png","nombre_del_docente":"Alberto Angelastri","descripcion_del_docente":"Match Analyst en FC Barcelona.","enlace":""},{"foto":"https:\/\/elearning.barcainnovationhub.com\/wp-content\/uploads\/2020\/02\/b4c8368b-joan-vicente-armengol.jpg","nombre_del_docente":"Joan Vicente Armengol","descripcion_del_docente":"Analista da sele\u00e7\u00e3o Sub23 de Emirados \u00c1rabes Unidos (UAEFA) e ex-membro do departamento de an\u00e1lise do FC Barcelona. Graduado em Ci\u00eancias da Actividade F\u00edsica e do Desporto.","enlace":""},{"foto":"https:\/\/static.capabiliaserver.com\/frontend\/clients\/barca\/wp_prod\/wp-content\/uploads\/2021\/04\/f4256a5c-jordi-pons-bolivar.jpeg","nombre_del_docente":"Jordi Pons Bol\u00edvar","descripcion_del_docente":"Football Analyst en FC Barcelona.","enlace":""},{"foto":"https:\/\/static.capabiliaserver.com\/frontend\/clients\/barca\/wp_prod\/wp-content\/uploads\/2021\/04\/2aa9d5de-isidre-ram\u00f3n-madir.png","nombre_del_docente":"Isidre Ram\u00f3n Madir","descripcion_del_docente":"T\u00e9cnico assistente do Valencia CF. Ex-t\u00e9cnico assistente do Watford FC e da equipe principal de futebol do FC Barcelona.","enlace":""}],"imagen_destacada":"https:\/\/elearning.barcainnovationhub.com\/wp-content\/uploads\/2023\/05\/f3ca72c0-diplomado-en-entrenador-de-futbol-preview.jpg","activar_hero_video":false,"video_texto":"","pdf_brochure_link_drive":"https:\/\/drive.google.com\/uc?id=1A1CMtX9eUfil06oke_0XZBGZUl72KO1q&export=download","precio":"1200","ocultar_video":true,"fecha_inicio_estatica":"","enable_linkedin_carousel":false,"pdf_brochure":"https:\/\/static.capabiliaserver.com\/frontend\/clients\/barcanew\/wp_prod\/wp-content\/uploads\/9ac02701-especializacao-em-treinador-de-futebol.pdf","segunda_fecha_de_inicio":"25082024","aprende_a":false,"preguntas_frecuentes":false,"contenidistas":false,"promocion_vigente":"","avalado_por":false},"yoast_head":"<!-- This site is optimized with the Yoast SEO plugin v23.0 - https:\/\/yoast.com\/wordpress\/plugins\/seo\/ -->\n<title>Especializa\u00e7\u00e3o em Treinador de Futebol - Bar\u00e7a Innovation Hub<\/title>\n<meta name=\"robots\" content=\"index, follow, max-snippet:-1, max-image-preview:large, max-video-preview:-1\" \/>\n<link rel=\"canonical\" href=\"https:\/\/elearning.barcainnovationhub.com\/pt\/product\/especializacao-em-treinador-de-futebol\/\" \/>\n<meta property=\"og:locale\" content=\"pt_PT\" \/>\n<meta property=\"og:type\" content=\"article\" \/>\n<meta property=\"og:title\" content=\"Especializa\u00e7\u00e3o em Treinador de Futebol - Bar\u00e7a Innovation Hub\" \/>\n<meta property=\"og:description\" content=\"excerpt\" \/>\n<meta property=\"og:url\" content=\"https:\/\/elearning.barcainnovationhub.com\/pt\/product\/especializacao-em-treinador-de-futebol\/\" \/>\n<meta property=\"og:site_name\" content=\"Bar\u00e7a Innovation Hub\" \/>\n<meta property=\"article:publisher\" content=\"https:\/\/www.facebook.com\/fcbuniversitas\" \/>\n<meta property=\"article:modified_time\" content=\"2025-11-10T15:19:35+00:00\" \/>\n<meta name=\"twitter:card\" content=\"summary_large_image\" \/>\n<meta name=\"twitter:site\" content=\"@BarcaInnoHub\" \/>\n<meta name=\"twitter:label1\" content=\"Est. reading time\" \/>\n\t<meta name=\"twitter:data1\" content=\"1 minute\" \/>\n<script type=\"application\/ld+json\" class=\"yoast-schema-graph\">{\"@context\":\"https:\/\/schema.org\",\"@graph\":[{\"@type\":\"WebPage\",\"@id\":\"https:\/\/elearning.barcainnovationhub.com\/pt\/product\/especializacao-em-treinador-de-futebol\/\",\"url\":\"https:\/\/elearning.barcainnovationhub.com\/pt\/product\/especializacao-em-treinador-de-futebol\/\",\"name\":\"Especializa\u00e7\u00e3o em Treinador de Futebol - Bar\u00e7a Innovation Hub\",\"isPartOf\":{\"@id\":\"https:\/\/elearning.barcainnovationhub.com\/pt\/#website\"},\"datePublished\":\"2023-05-24T18:16:00+00:00\",\"dateModified\":\"2025-11-10T15:19:35+00:00\",\"breadcrumb\":{\"@id\":\"https:\/\/elearning.barcainnovationhub.com\/pt\/product\/especializacao-em-treinador-de-futebol\/#breadcrumb\"},\"inLanguage\":\"pt\",\"potentialAction\":[{\"@type\":\"ReadAction\",\"target\":[\"https:\/\/elearning.barcainnovationhub.com\/pt\/product\/especializacao-em-treinador-de-futebol\/\"]}]},{\"@type\":\"BreadcrumbList\",\"@id\":\"https:\/\/elearning.barcainnovationhub.com\/pt\/product\/especializacao-em-treinador-de-futebol\/#breadcrumb\",\"itemListElement\":[{\"@type\":\"ListItem\",\"position\":1,\"name\":\"Productos\",\"item\":\"https:\/\/elearning.barcainnovationhub.com\/pt\/product\/\"},{\"@type\":\"ListItem\",\"position\":2,\"name\":\"Especializa\u00e7\u00e3o em Treinador de Futebol\"}]},{\"@type\":\"WebSite\",\"@id\":\"https:\/\/elearning.barcainnovationhub.com\/pt\/#website\",\"url\":\"https:\/\/elearning.barcainnovationhub.com\/pt\/\",\"name\":\"Bar\u00e7a Innovation Hub\",\"description\":\"The worldwide centre for sports knowledge and innovation\",\"potentialAction\":[{\"@type\":\"SearchAction\",\"target\":{\"@type\":\"EntryPoint\",\"urlTemplate\":\"https:\/\/elearning.barcainnovationhub.com\/pt\/?s={search_term_string}\"},\"query-input\":\"required name=search_term_string\"}],\"inLanguage\":\"pt\"}]}<\/script>\n<!-- \/ Yoast SEO plugin. -->","yoast_head_json":{"title":"Especializa\u00e7\u00e3o em Treinador de Futebol - Bar\u00e7a Innovation Hub","robots":{"index":"index","follow":"follow","max-snippet":"max-snippet:-1","max-image-preview":"max-image-preview:large","max-video-preview":"max-video-preview:-1"},"canonical":"https:\/\/elearning.barcainnovationhub.com\/pt\/product\/especializacao-em-treinador-de-futebol\/","og_locale":"pt_PT","og_type":"article","og_title":"Especializa\u00e7\u00e3o em Treinador de Futebol - Bar\u00e7a Innovation Hub","og_description":"excerpt","og_url":"https:\/\/elearning.barcainnovationhub.com\/pt\/product\/especializacao-em-treinador-de-futebol\/","og_site_name":"Bar\u00e7a Innovation Hub","article_publisher":"https:\/\/www.facebook.com\/fcbuniversitas","article_modified_time":"2025-11-10T15:19:35+00:00","twitter_card":"summary_large_image","twitter_site":"@BarcaInnoHub","twitter_misc":{"Est. reading time":"1 minute"},"schema":{"@context":"https:\/\/schema.org","@graph":[{"@type":"WebPage","@id":"https:\/\/elearning.barcainnovationhub.com\/pt\/product\/especializacao-em-treinador-de-futebol\/","url":"https:\/\/elearning.barcainnovationhub.com\/pt\/product\/especializacao-em-treinador-de-futebol\/","name":"Especializa\u00e7\u00e3o em Treinador de Futebol - Bar\u00e7a Innovation Hub","isPartOf":{"@id":"https:\/\/elearning.barcainnovationhub.com\/pt\/#website"},"datePublished":"2023-05-24T18:16:00+00:00","dateModified":"2025-11-10T15:19:35+00:00","breadcrumb":{"@id":"https:\/\/elearning.barcainnovationhub.com\/pt\/product\/especializacao-em-treinador-de-futebol\/#breadcrumb"},"inLanguage":"pt","potentialAction":[{"@type":"ReadAction","target":["https:\/\/elearning.barcainnovationhub.com\/pt\/product\/especializacao-em-treinador-de-futebol\/"]}]},{"@type":"BreadcrumbList","@id":"https:\/\/elearning.barcainnovationhub.com\/pt\/product\/especializacao-em-treinador-de-futebol\/#breadcrumb","itemListElement":[{"@type":"ListItem","position":1,"name":"Productos","item":"https:\/\/elearning.barcainnovationhub.com\/pt\/product\/"},{"@type":"ListItem","position":2,"name":"Especializa\u00e7\u00e3o em Treinador de Futebol"}]},{"@type":"WebSite","@id":"https:\/\/elearning.barcainnovationhub.com\/pt\/#website","url":"https:\/\/elearning.barcainnovationhub.com\/pt\/","name":"Bar\u00e7a Innovation Hub","description":"The worldwide centre for sports knowledge and innovation","potentialAction":[{"@type":"SearchAction","target":{"@type":"EntryPoint","urlTemplate":"https:\/\/elearning.barcainnovationhub.com\/pt\/?s={search_term_string}"},"query-input":"required name=search_term_string"}],"inLanguage":"pt"}]}},"idiomas":{"en":140116,"es":140121,"ar":140117,"ca":140118,"ru":140120,"pt":140119},"_links":{"self":[{"href":"https:\/\/elearning.barcainnovationhub.com\/pt\/wp-json\/wp\/v2\/products\/140119"}],"collection":[{"href":"https:\/\/elearning.barcainnovationhub.com\/pt\/wp-json\/wp\/v2\/products"}],"about":[{"href":"https:\/\/elearning.barcainnovationhub.com\/pt\/wp-json\/wp\/v2\/types\/product"}],"author":[{"embeddable":true,"href":"https:\/\/elearning.barcainnovationhub.com\/pt\/wp-json\/wp\/v2\/users\/16"}],"replies":[{"embeddable":true,"href":"https:\/\/elearning.barcainnovationhub.com\/pt\/wp-json\/wp\/v2\/comments?post=140119"}],"version-history":[{"count":0,"href":"https:\/\/elearning.barcainnovationhub.com\/pt\/wp-json\/wp\/v2\/products\/140119\/revisions"}],"wp:attachment":[{"href":"https:\/\/elearning.barcainnovationhub.com\/pt\/wp-json\/wp\/v2\/media?parent=140119"}],"wp:term":[{"taxonomy":"category","embeddable":true,"href":"https:\/\/elearning.barcainnovationhub.com\/pt\/wp-json\/wp\/v2\/categories?post=140119"}],"curies":[{"name":"wp","href":"https:\/\/api.w.org\/{rel}","templated":true}]}}