{"id":148036,"date":"2024-08-01T09:48:44","date_gmt":"2024-08-01T12:48:44","guid":{"rendered":"https:\/\/elearning.barcainnovationhub.com\/?post_type=product&#038;p=148036"},"modified":"2025-02-06T13:24:33","modified_gmt":"2025-02-06T16:24:33","slug":"diploma-profissional-para-diretor-esportivo","status":"publish","type":"product","link":"https:\/\/elearning.barcainnovationhub.com\/pt\/product\/diploma-profissional-para-diretor-esportivo\/","title":{"rendered":"Diploma Profissional em Diretor Esportivo"},"content":{"rendered":"<p>contenido<\/p>\n","protected":false},"excerpt":{"rendered":"<p>excerpt<\/p>\n","protected":false},"author":16,"featured_media":0,"comment_status":"open","ping_status":"closed","template":"","meta":{"_acf_changed":true,"footnotes":""},"categories":[291,238,208,235,109,113],"class_list":["post-148036","product","type-product","status-publish","hentry","category-barca-innovation-hub-3-pt","category-institucional-pt","category-institutional","category-marketing-comunicacao-e-gestao","category-online-based-programs","category-online-based-programs-pt"],"acf":{"external_id":"2276","titulo_curso":"Diploma Profesional en Director Deportivo","precio":"1.200","impartido_en":"Spanish","crear_banner_3":{"utilizar_imagen_unica_para_banner":false,"asignar_imagen_unica_para_banner":false,"mostrar_titulo_banner":false,"titulo_para_banner":"","mostrar_subtitulo_banner":false,"subtitulo_del_banner":"","mostrar_cta_banner":false,"texto_cta_banner":"","url_cta_banner":"","fondo_de_color_banner":"","fondo_de_imagen_banner":false,"mostrar_imagen_izquierda_banner":false,"asignar_imagen_izquierda_banner":false},"producto_path":false,"hubspot_product_id":"37598496982","id_magento":"644","header_image":149300,"column_title":"","titulo_incentivo":"Diploma Profissional para Diretor Esportivo","fecha_inicio_estatica":"","fecha_de_inicio":"10072024","segunda_fecha_de_inicio":"25072024","zona_horaria":"Europe\/Madrid","precio_en_cuotas":"10 pagamentos mensais de 120","precio_de_lista":"","mostrar_form":false,"duracion_del_curso":"10 meses","nivel_del_curso":"introdut\u00f3rio","modalidad_cursado":"Online","contenido":"<p>Nosso programa de dire\u00e7\u00e3o esportiva oferece um enfoque integral, fornecendo conhecimentos transversais, assim como ferramentas e habilidades necess\u00e1rias para desempenhar com sucesso as fun\u00e7\u00f5es de um diretor esportivo. Este diplomado n\u00e3o apenas prepara os participantes em aspectos t\u00e9cnicos e administrativos, mas tamb\u00e9m promove o desenvolvimento de compet\u00eancias essenciais para a lideran\u00e7a e a gest\u00e3o efetiva no \u00e2mbito esportivo.<\/p>\n<p>&nbsp;<\/p>\n<p>O objetivo principal deste diplomado \u00e9 formar os futuros l\u00edderes na dire\u00e7\u00e3o de clubes, federa\u00e7\u00f5es e outras entidades esportivas, proporcionando as ferramentas necess\u00e1rias para a planejamento e organiza\u00e7\u00e3o dessas institui\u00e7\u00f5es. Al\u00e9m disso, o programa faz foco no desenvolvimento de habilidades pessoais, sociais e de comunica\u00e7\u00e3o, essenciais para responder \u00e0s exig\u00eancias e desafios do cargo.<\/p>\n","ocultar_video":true,"url_video":"","pdf_brochure":"https:\/\/static.capabiliaserver.com\/frontend\/clients\/barcanew\/wp_prod\/wp-content\/uploads\/5a31f59c-diploma-profissional-para-diretor-esportivo.pdf","pdf_brochure_link_drive":"https:\/\/drive.google.com\/uc?id=1bKIrPv6q53577pKvrTfunfF-dyCqwfM8&export=download","cursos_que_lo_componen":[{"nombre_del_curso":"Fun\u00e7\u00f5es do Diretor Esportivo","descripcion_del_curso":"<p>M\u00f3dulo 1: Conhecimento do clube, sua identidade e entorno<br \/>\nM\u00f3dulo 2: Gest\u00e3o de recursos e or\u00e7amento<br \/>\nM\u00f3dulo 3: Definir o modelo de clube (Miss\u00e3o \u2013 Vis\u00e3o \u2013 Valores) e Organograma Gest\u00e3o de Recursos Humanos \u2013 3 Pilares b\u00e1sicos da Gest\u00e3o de uma Dire\u00e7\u00e3o Esportiva (Sele\u00e7\u00e3o do staff t\u00e9cnico \u2013 Diretor de Base \u2013 Secret\u00e1rio T\u00e9cnico)<br \/>\nM\u00f3dulo 4: Direito Esportivo \/ Direitos de forma\u00e7\u00e3o<br \/>\nM\u00f3dulo 5: Agentes de futebolistas<\/p>\n"},{"nombre_del_curso":"Planejamento e Organiza\u00e7\u00e3o de uma Dire\u00e7\u00e3o Esportiva","descripcion_del_curso":"<p>M\u00f3dulo 1: Organograma\/Responsabilidades de uma Dire\u00e7\u00e3o Esportiva<br \/>\nM\u00f3dulo 2: Planejamento estrat\u00e9gico. Cria\u00e7\u00e3o e funcionamento da secretaria t\u00e9cnica<br \/>\nM\u00f3dulo 3: An\u00e1lise e Scouting- Perfil de futebolista \/ Linhas de sucess\u00e3o<br \/>\nM\u00f3dulo 4: Import\u00e2ncia dos dados no s\u00e9culo XXI (BBDD-IA)<\/p>\n"},{"nombre_del_curso":"Habilidades do Diretor Esportivo","descripcion_del_curso":"<p>M\u00f3dulo 1: Lideran\u00e7a e Tomada de Decis\u00e3o dentro de uma Dire\u00e7\u00e3o Esportiva<br \/>\nM\u00f3dulo 2: Gest\u00e3o e acompanhamento de processos dentro de uma Dire\u00e7\u00e3o Esportiva<br \/>\nM\u00f3dulo 3: Psicologia aplicada \u00e0 Dire\u00e7\u00e3o Esportiva<br \/>\nM\u00f3dulo 4: Capacidade anal\u00edtica e interpreta\u00e7\u00e3o de dados<\/p>\n"},{"nombre_del_curso":"Comunica\u00e7\u00e3o e Rela\u00e7\u00f5es","descripcion_del_curso":"<p>M\u00f3dulo 1: Planejamento de reuni\u00f5es - Comunica\u00e7\u00e3o interna e externa dentro de uma Dire\u00e7\u00e3o Esportiva<br \/>\nM\u00f3dulo 2: Habilidades de negocia\u00e7\u00e3o<br \/>\nM\u00f3dulo 3: Rela\u00e7\u00f5es com o entorno (agentes \u2013 meios de comunica\u00e7\u00e3o)<br \/>\nM\u00f3dulo 4: Marketing e novas tecnologias<\/p>\n"},{"nombre_del_curso":"Pilares psicol\u00f3gicos do treinamento e competi\u00e7\u00e3o de alto desempenho esportivo","descripcion_del_curso":"<p>M\u00f3dulo 1: A planifica\u00e7\u00e3o e a ader\u00eancia. Caracter\u00edsticas e particularidades. A avalia\u00e7\u00e3o esportiva.<br \/>\nM\u00f3dulo 2: A aprendizagem de habilidades e o ensaio repetitivo. A exposi\u00e7\u00e3o \u00e0s condi\u00e7\u00f5es de competi\u00e7\u00e3o e a prepara\u00e7\u00e3o espec\u00edfica da competi\u00e7\u00e3o.<br \/>\nM\u00f3dulo 3: A pr\u00e9-competi\u00e7\u00e3o e a competi\u00e7\u00e3o esportiva. Aspectos Mentais. A p\u00f3s-competi\u00e7\u00e3o.<br \/>\nM\u00f3dulo 4: Pilares psicol\u00f3gicos de treinamento e competi\u00e7\u00e3o de alto desempenho esportivo.<\/p>\n"},{"nombre_del_curso":"Fundamentos do Scouting","descripcion_del_curso":"<p>M\u00f3dulo 1: O que \u00e9 o scouting?<br \/>\nM\u00f3dulo 2: A figura do scout.<br \/>\nM\u00f3dulo 3: As bases do scouting.<br \/>\nM\u00f3dulo 4: Scouting. Da atualidade ao futuro<\/p>\n"},{"nombre_del_curso":"Tecnolog\u00eda no Esporte","descripcion_del_curso":"<p>M\u00f3dulo 1: Por que tecnologia no esporte?<br \/>\nM\u00f3dulo 2: Avalia\u00e7\u00e3o da Import\u00e2ncia da Tecnologia<br \/>\nM\u00f3dulo 3: Tecnologia e a tomada de decis\u00f5es no esporte<br \/>\nM\u00f3dulo 4: Como maximizar o valor da tecnologia no esporte?<\/p>\n"},{"nombre_del_curso":"Preven\u00e7\u00e3o de les\u00f5es","descripcion_del_curso":"<p>M\u00f3dulo 1: Conceitos b\u00e1sicos sobre preven\u00e7\u00e3o de les\u00f5es<br \/>\nM\u00f3dulo 2: Preven\u00e7\u00e3o das Les\u00f5es Musculares mais frequentes<br \/>\nM\u00f3dulo 3: Preven\u00e7\u00e3o de les\u00f5es articulares mais frequentes de MMII<br \/>\nM\u00f3dulo 4: Leitura Integradora.<\/p>\n"},{"nombre_del_curso":"Introdu\u00e7\u00e3o ao Direito Esportivo","descripcion_del_curso":"<p>M\u00f3dulo 1: Princ\u00edpios contratuais<br \/>\nM\u00f3dulo 2: Recursos<br \/>\nM\u00f3dulo 3: Entidades de Supervis\u00e3o<br \/>\nM\u00f3dulo 4: Estudos de caso.<\/p>\n"},{"nombre_del_curso":"Implanta\u00e7\u00e3o e Processos Tecnol\u00f3gicos de An\u00e1lise","descripcion_del_curso":"<p>M\u00f3dulo 1: Departamento de An\u00e1lise<br \/>\nM\u00f3dulo 2: Introdu\u00e7\u00e3o ao an\u00e1lise m\u00e9trico de dados<br \/>\nM\u00f3dulo 3: Processos audiovisuais<br \/>\nM\u00f3dulo 4: Introdu\u00e7\u00e3o ao tagging e classifica\u00e7\u00e3o de eventos<\/p>\n"}],"aprende_a":[{"item_aprende_a":"Executar as tarefas e responsabilidades inerentes ao papel de um diretor esportivo"},{"item_aprende_a":"Gerenciar e dirigir eficazmente uma equipe em um ambiente profissional, fomentando a coes\u00e3o e o desempenho."},{"item_aprende_a":"Conhecer o ambiente do futebol profissional e como se relacionar nele.\r\n"}],"docentes_expertos":[{"foto":"https:\/\/static.capabiliaserver.com\/frontend\/clients\/barcanew\/wp_prod\/wp-content\/uploads\/75b5a53d-0545-4382-b00e-09023b854446-1.jpg","nombre_del_docente":"David Fern\u00e1ndez","descripcion_del_docente":"Secret\u00e1rio t\u00e9cnico profissional do F\u00fatbol Club Barcelona. Treinador nacional, n\u00edvel 3. Mestre em Gest\u00e3o Desportiva (RFEF).  Orador no mestrado DD RFEF. Coordenador do programa\/certificado DD BiHub.","enlace":""},{"foto":"https:\/\/static.capabiliaserver.com\/frontend\/clients\/barcanew\/wp_prod\/wp-content\/uploads\/3d99ae40-dfa5-4b35-ba39-b83477aef7a9-2.jpg","nombre_del_docente":"Didac Soler Sol\u00e0","descripcion_del_docente":"Analista e coordenador do departamento de forma\u00e7\u00e3o Scouting FC Barcelona","enlace":""},{"foto":"https:\/\/static.capabiliaserver.com\/frontend\/clients\/barcanew\/wp_prod\/wp-content\/uploads\/36f8e70c-joaquin_valdes-1-1.jpg","nombre_del_docente":"Joaqu\u00edn Vald\u00e9s","descripcion_del_docente":"Psic\u00f3logo e treinador desportivo do FC Barcelona","enlace":""},{"foto":"https:\/\/static.capabiliaserver.com\/frontend\/clients\/barcanew\/wp_prod\/wp-content\/uploads\/1852ab5f-d5e6-4e1a-bdec-06294ccdc056.jpg","nombre_del_docente":"Marcus Bach-Armas","descripcion_del_docente":"M.A. em Gest\u00e3o do Desporto. Diretor de Assuntos Jur\u00eddicos e Governamentais para Miami Dolphins e Hard Rock Stadium","enlace":""},{"foto":"https:\/\/static.capabiliaserver.com\/frontend\/clients\/barcanew\/wp_prod\/wp-content\/uploads\/0b955f6d-paco-seiru-lo-vargas-1-1.jpg","nombre_del_docente":" Paco Seiru-lo","descripcion_del_docente":"Respons\u00e1vel pela metodologia do FC Barcelona.","enlace":""},{"foto":"https:\/\/static.capabiliaserver.com\/frontend\/clients\/barcanew\/wp_prod\/wp-content\/uploads\/632bf600-antolin_gonzalo_martin-1-1.jpg","nombre_del_docente":"Gonzalo Mart\u00edn Antol\u00edn","descripcion_del_docente":"Treinador UEFA-PRO e analista t\u00e1tico. Foi analista-chefe da sele\u00e7\u00e3o espanhola (RFEF) e da equipa principal do Real Madrid CF.","enlace":""}],"slidebox":false,"titulo_seccion_testimonios":"","url_cursado_webinar":"","activar_hero_video":false,"video_texto":"","enable_linkedin_carousel":false,"activar_banner_1":false,"banner_1":false,"activar_banner_2":false,"banner_2":false,"activar_banner_3":false,"banner_3":false,"activar_nuevos_banners":false,"mostrar_banner_1":false,"crear_banner_1":{"utilizar_imagen_unica_para_banner":false,"asignar_imagen_unica_para_banner":false,"mostrar_titulo_banner":false,"titulo_para_banner":"","mostrar_subtitulo_banner":false,"subtitulo_del_banner":"","mostrar_cta_banner":false,"texto_cta_banner":"","url_cta_banner":"","fondo_de_color_banner":"","fondo_de_imagen_banner":false,"mostrar_imagen_izquierda_banner":false,"asignar_imagen_izquierda_banner":false},"mostrar_banner_2":false,"crear_banner_2":{"utilizar_imagen_unica_para_banner":false,"asignar_imagen_unica_para_banner":false,"mostrar_titulo_banner":false,"titulo_para_banner":"","mostrar_subtitulo_banner":false,"subtitulo_del_banner":"","mostrar_cta_banner":false,"texto_cta_banner":"","url_cta_banner":"","fondo_de_color_banner":"","fondo_de_imagen_banner":false,"mostrar_imagen_izquierda_banner":false,"asignar_imagen_izquierda_banner":false},"mostrar_banner_3":false,"imagen_destacada":"https:\/\/static.capabiliaserver.com\/frontend\/clients\/barcanew\/wp_prod\/wp-content\/uploads\/170aa033-diseno-sin-titulo-3.png","preguntas_frecuentes":false,"contenidistas":false,"promocion_vigente":"","avalado_por":false},"yoast_head":"<!-- This site is optimized with the Yoast SEO plugin v23.0 - https:\/\/yoast.com\/wordpress\/plugins\/seo\/ -->\n<title>Diploma Profissional em Diretor Esportivo - Bar\u00e7a Innovation Hub<\/title>\n<meta name=\"robots\" content=\"index, follow, max-snippet:-1, max-image-preview:large, max-video-preview:-1\" \/>\n<link rel=\"canonical\" href=\"https:\/\/elearning.barcainnovationhub.com\/pt\/product\/diploma-profissional-para-diretor-esportivo\/\" \/>\n<meta property=\"og:locale\" content=\"pt_PT\" \/>\n<meta property=\"og:type\" content=\"article\" \/>\n<meta property=\"og:title\" content=\"Diploma Profissional em Diretor Esportivo - Bar\u00e7a Innovation Hub\" \/>\n<meta property=\"og:description\" content=\"excerpt\" \/>\n<meta property=\"og:url\" content=\"https:\/\/elearning.barcainnovationhub.com\/pt\/product\/diploma-profissional-para-diretor-esportivo\/\" \/>\n<meta property=\"og:site_name\" content=\"Bar\u00e7a Innovation Hub\" \/>\n<meta property=\"article:publisher\" content=\"https:\/\/www.facebook.com\/fcbuniversitas\" \/>\n<meta property=\"article:modified_time\" content=\"2025-02-06T16:24:33+00:00\" \/>\n<meta name=\"twitter:card\" content=\"summary_large_image\" \/>\n<meta name=\"twitter:site\" content=\"@BarcaInnoHub\" \/>\n<meta name=\"twitter:label1\" content=\"Est. reading time\" \/>\n\t<meta name=\"twitter:data1\" content=\"1 minute\" \/>\n<script type=\"application\/ld+json\" class=\"yoast-schema-graph\">{\"@context\":\"https:\/\/schema.org\",\"@graph\":[{\"@type\":\"WebPage\",\"@id\":\"https:\/\/elearning.barcainnovationhub.com\/pt\/product\/diploma-profissional-para-diretor-esportivo\/\",\"url\":\"https:\/\/elearning.barcainnovationhub.com\/pt\/product\/diploma-profissional-para-diretor-esportivo\/\",\"name\":\"Diploma Profissional em Diretor Esportivo - Bar\u00e7a Innovation Hub\",\"isPartOf\":{\"@id\":\"https:\/\/elearning.barcainnovationhub.com\/pt\/#website\"},\"datePublished\":\"2024-08-01T12:48:44+00:00\",\"dateModified\":\"2025-02-06T16:24:33+00:00\",\"breadcrumb\":{\"@id\":\"https:\/\/elearning.barcainnovationhub.com\/pt\/product\/diploma-profissional-para-diretor-esportivo\/#breadcrumb\"},\"inLanguage\":\"pt\",\"potentialAction\":[{\"@type\":\"ReadAction\",\"target\":[\"https:\/\/elearning.barcainnovationhub.com\/pt\/product\/diploma-profissional-para-diretor-esportivo\/\"]}]},{\"@type\":\"BreadcrumbList\",\"@id\":\"https:\/\/elearning.barcainnovationhub.com\/pt\/product\/diploma-profissional-para-diretor-esportivo\/#breadcrumb\",\"itemListElement\":[{\"@type\":\"ListItem\",\"position\":1,\"name\":\"Productos\",\"item\":\"https:\/\/elearning.barcainnovationhub.com\/pt\/product\/\"},{\"@type\":\"ListItem\",\"position\":2,\"name\":\"Diploma Profissional em Diretor Esportivo\"}]},{\"@type\":\"WebSite\",\"@id\":\"https:\/\/elearning.barcainnovationhub.com\/pt\/#website\",\"url\":\"https:\/\/elearning.barcainnovationhub.com\/pt\/\",\"name\":\"Bar\u00e7a Innovation Hub\",\"description\":\"The worldwide centre for sports knowledge and innovation\",\"potentialAction\":[{\"@type\":\"SearchAction\",\"target\":{\"@type\":\"EntryPoint\",\"urlTemplate\":\"https:\/\/elearning.barcainnovationhub.com\/pt\/?s={search_term_string}\"},\"query-input\":\"required name=search_term_string\"}],\"inLanguage\":\"pt\"}]}<\/script>\n<!-- \/ Yoast SEO plugin. -->","yoast_head_json":{"title":"Diploma Profissional em Diretor Esportivo - Bar\u00e7a Innovation Hub","robots":{"index":"index","follow":"follow","max-snippet":"max-snippet:-1","max-image-preview":"max-image-preview:large","max-video-preview":"max-video-preview:-1"},"canonical":"https:\/\/elearning.barcainnovationhub.com\/pt\/product\/diploma-profissional-para-diretor-esportivo\/","og_locale":"pt_PT","og_type":"article","og_title":"Diploma Profissional em Diretor Esportivo - Bar\u00e7a Innovation Hub","og_description":"excerpt","og_url":"https:\/\/elearning.barcainnovationhub.com\/pt\/product\/diploma-profissional-para-diretor-esportivo\/","og_site_name":"Bar\u00e7a Innovation Hub","article_publisher":"https:\/\/www.facebook.com\/fcbuniversitas","article_modified_time":"2025-02-06T16:24:33+00:00","twitter_card":"summary_large_image","twitter_site":"@BarcaInnoHub","twitter_misc":{"Est. reading time":"1 minute"},"schema":{"@context":"https:\/\/schema.org","@graph":[{"@type":"WebPage","@id":"https:\/\/elearning.barcainnovationhub.com\/pt\/product\/diploma-profissional-para-diretor-esportivo\/","url":"https:\/\/elearning.barcainnovationhub.com\/pt\/product\/diploma-profissional-para-diretor-esportivo\/","name":"Diploma Profissional em Diretor Esportivo - Bar\u00e7a Innovation Hub","isPartOf":{"@id":"https:\/\/elearning.barcainnovationhub.com\/pt\/#website"},"datePublished":"2024-08-01T12:48:44+00:00","dateModified":"2025-02-06T16:24:33+00:00","breadcrumb":{"@id":"https:\/\/elearning.barcainnovationhub.com\/pt\/product\/diploma-profissional-para-diretor-esportivo\/#breadcrumb"},"inLanguage":"pt","potentialAction":[{"@type":"ReadAction","target":["https:\/\/elearning.barcainnovationhub.com\/pt\/product\/diploma-profissional-para-diretor-esportivo\/"]}]},{"@type":"BreadcrumbList","@id":"https:\/\/elearning.barcainnovationhub.com\/pt\/product\/diploma-profissional-para-diretor-esportivo\/#breadcrumb","itemListElement":[{"@type":"ListItem","position":1,"name":"Productos","item":"https:\/\/elearning.barcainnovationhub.com\/pt\/product\/"},{"@type":"ListItem","position":2,"name":"Diploma Profissional em Diretor Esportivo"}]},{"@type":"WebSite","@id":"https:\/\/elearning.barcainnovationhub.com\/pt\/#website","url":"https:\/\/elearning.barcainnovationhub.com\/pt\/","name":"Bar\u00e7a Innovation Hub","description":"The worldwide centre for sports knowledge and innovation","potentialAction":[{"@type":"SearchAction","target":{"@type":"EntryPoint","urlTemplate":"https:\/\/elearning.barcainnovationhub.com\/pt\/?s={search_term_string}"},"query-input":"required name=search_term_string"}],"inLanguage":"pt"}]}},"idiomas":{"en":148033,"es":148038,"ar":148034,"ca":148035,"ru":148037,"pt":148036},"_links":{"self":[{"href":"https:\/\/elearning.barcainnovationhub.com\/pt\/wp-json\/wp\/v2\/products\/148036"}],"collection":[{"href":"https:\/\/elearning.barcainnovationhub.com\/pt\/wp-json\/wp\/v2\/products"}],"about":[{"href":"https:\/\/elearning.barcainnovationhub.com\/pt\/wp-json\/wp\/v2\/types\/product"}],"author":[{"embeddable":true,"href":"https:\/\/elearning.barcainnovationhub.com\/pt\/wp-json\/wp\/v2\/users\/16"}],"replies":[{"embeddable":true,"href":"https:\/\/elearning.barcainnovationhub.com\/pt\/wp-json\/wp\/v2\/comments?post=148036"}],"version-history":[{"count":0,"href":"https:\/\/elearning.barcainnovationhub.com\/pt\/wp-json\/wp\/v2\/products\/148036\/revisions"}],"wp:attachment":[{"href":"https:\/\/elearning.barcainnovationhub.com\/pt\/wp-json\/wp\/v2\/media?parent=148036"}],"wp:term":[{"taxonomy":"category","embeddable":true,"href":"https:\/\/elearning.barcainnovationhub.com\/pt\/wp-json\/wp\/v2\/categories?post=148036"}],"curies":[{"name":"wp","href":"https:\/\/api.w.org\/{rel}","templated":true}]}}