{"id":150033,"date":"2025-05-19T11:04:15","date_gmt":"2025-05-19T14:04:15","guid":{"rendered":"https:\/\/elearning.barcainnovationhub.com\/?post_type=product&#038;p=150033"},"modified":"2025-11-10T08:40:36","modified_gmt":"2025-11-10T11:40:36","slug":"certificacao-em-transformacao-digital-no-esporte","status":"publish","type":"product","link":"https:\/\/elearning.barcainnovationhub.com\/pt\/product\/certificacao-em-transformacao-digital-no-esporte\/","title":{"rendered":"Certifica\u00e7\u00e3o em Transforma\u00e7\u00e3o Digital no Esporte"},"content":{"rendered":"<p>contenido<\/p>\n","protected":false},"excerpt":{"rendered":"<p>excerpt<\/p>\n","protected":false},"author":16,"featured_media":0,"comment_status":"open","ping_status":"closed","template":"","meta":{"_acf_changed":true,"footnotes":""},"categories":[109,113],"class_list":["post-150033","product","type-product","status-publish","hentry","category-online-based-programs","category-online-based-programs-pt"],"acf":{"external_id":"100001","titulo_curso":"Certificate in Digital Transformation in Sports","precio":"550","impartido_en":"English","crear_banner_3":{"utilizar_imagen_unica_para_banner":false,"asignar_imagen_unica_para_banner":false,"mostrar_titulo_banner":false,"titulo_para_banner":"","mostrar_subtitulo_banner":false,"subtitulo_del_banner":"","mostrar_cta_banner":false,"texto_cta_banner":"","url_cta_banner":"","fondo_de_color_banner":"","fondo_de_imagen_banner":false,"mostrar_imagen_izquierda_banner":false,"asignar_imagen_izquierda_banner":false},"producto_path":false,"hubspot_product_id":"131567937743","id_magento":"676","header_image":150115,"column_title":"Certifica\u00e7\u00e3o em Transforma\u00e7\u00e3o Digital no Esporte","titulo_incentivo":"","fecha_inicio_estatica":"","fecha_de_inicio":"10052025","zona_horaria":"America\/Argentina\/Buenos_Aires","precio_en_cuotas":"3 parcelas de 183,33","precio_de_lista":"","mostrar_form":false,"duracion_del_curso":"3 meses","nivel_del_curso":"introdut\u00f3rio","modalidad_cursado":"Online","contenido":"<p>Na sociedade atual, j\u00e1 bem avan\u00e7ado o s\u00e9culo XXI, os clubes esportivos enfrentam novos desafios de grande import\u00e2ncia. Apesar de sua natureza transversal, esses desafios parecem estar fora das \u00e1reas de conhecimento e expertise da maioria das fun\u00e7\u00f5es tradicionais dentro dessas organiza\u00e7\u00f5es \u2014 ou pelo menos \u00e9 isso que alguns acreditam. Este curso abordar\u00e1 um dos aspectos mais fundamentais que dizem respeito \u00e0s empresas, \u00e0s administra\u00e7\u00f5es p\u00fablicas e at\u00e9 ao nosso dia a dia: a Transforma\u00e7\u00e3o Digital.<\/p>\n<p>Este curso explora a quest\u00e3o da Transforma\u00e7\u00e3o Digital empresarial com o foco espec\u00edfico que um setor t\u00e3o complexo e distinto como o esportivo exige. Ele se destaca pela forma como o capital \u00e9 distribu\u00eddo dentro dessas organiza\u00e7\u00f5es, onde os principais ativos costumam ser os pr\u00f3prios atletas. No entanto, at\u00e9 mesmo esse aspecto pode estar passando por um processo de transforma\u00e7\u00e3o, de certa forma.<\/p>\n<p>Ser\u00e3o analisados temas amplos, como a import\u00e2ncia da implementa\u00e7\u00e3o de novas tecnologias nas empresas, as melhores e mais utilizadas metodologias para execut\u00e1-las e outros aspectos-chave que garantem o sucesso desses investimentos.<\/p>\n","ocultar_video":true,"url_video":"","pdf_brochure":"https:\/\/static.capabiliaserver.com\/frontend\/clients\/barcanew\/wp_prod\/wp-content\/uploads\/c5551988-certificacao-em-transformacao-digital-no-esporte.pdf","cursos_que_lo_componen":[{"nombre_del_curso":"Fundamentos da Transforma\u00e7\u00e3o Digital","descripcion_del_curso":"<p>M\u00f3dulo 1: Por que queremos nos transformar (digitalmente)?<br \/>\nEspecialistas:<br \/>\nM\u00f3dulo 2: Introdu\u00e7\u00e3o \u00e0 Transforma\u00e7\u00e3o Digital<br \/>\nEspecialistas:<br \/>\nM\u00f3dulo 3: Inovar: Como e por qu\u00ea<br \/>\nEspecialistas:<br \/>\nM\u00f3dulo 4: Metodologias de Transforma\u00e7\u00e3o Digital e Gest\u00e3o da Mudan\u00e7a<\/p>\n"},{"nombre_del_curso":"Criando um Plano de Transforma\u00e7\u00e3o Digital em um Clube Esportivo","descripcion_del_curso":"<p>M\u00f3dulo 1: Aprendendo com a situa\u00e7\u00e3o atual<br \/>\nEspecialistas:<br \/>\nM\u00f3dulo 2: Foco no impacto<br \/>\nEspecialistas:<br \/>\nM\u00f3dulo 3: Lideran\u00e7a e stakeholders<br \/>\nEspecialistas:<br \/>\nM\u00f3dulo 4: Implementa\u00e7\u00e3o e legado<\/p>\n"},{"nombre_del_curso":"A Tecnologia que os Clubes Esportivos Precisam","descripcion_del_curso":"<p>M\u00f3dulo 1: Por que o investimento em tecnologia \u00e9 necess\u00e1rio em um clube esportivo? O ROI da tecnologia<br \/>\nEspecialistas:<br \/>\nM\u00f3dulo 2: Fornecedores e desenvolvimento de produtos<br \/>\nEspecialistas:<br \/>\nM\u00f3dulo 3: Centralizando a estrat\u00e9gia nos dados<br \/>\nEspecialistas:<br \/>\nM\u00f3dulo 4: Experi\u00eancia do f\u00e3<\/p>\n"}],"aprende_a":[{"item_aprende_a":"Entender o contexto e por que as coisas est\u00e3o mudando\r\nConhecer tecnologias aplicadas ao mundo do esporte\r\nPromover a transforma\u00e7\u00e3o\r\nAdquirir ferramentas para propor iniciativas s\u00f3lidas"}],"docentes_expertos":[{"foto":"https:\/\/static.capabiliaserver.com\/frontend\/clients\/barcanew\/wp_prod\/wp-content\/uploads\/375dddb0-jukka-sundquist.jpeg","nombre_del_docente":"Jukka Sundquist","descripcion_del_docente":"L\u00edder em Transforma\u00e7\u00e3o Digital Esportiva","enlace":""}],"imagen_destacada":"https:\/\/static.capabiliaserver.com\/frontend\/clients\/barcanew\/wp_prod\/wp-content\/uploads\/c9aeb65b-diseno-sin-titulo.png","slidebox":false,"titulo_seccion_testimonios":"","url_cursado_webinar":"","activar_hero_video":false,"video_texto":"","enable_linkedin_carousel":false,"activar_banner_1":false,"banner_1":false,"activar_banner_2":false,"banner_2":false,"activar_banner_3":false,"banner_3":false,"activar_nuevos_banners":false,"mostrar_banner_1":false,"crear_banner_1":{"utilizar_imagen_unica_para_banner":false,"asignar_imagen_unica_para_banner":false,"mostrar_titulo_banner":false,"titulo_para_banner":"","mostrar_subtitulo_banner":false,"subtitulo_del_banner":"","mostrar_cta_banner":false,"texto_cta_banner":"","url_cta_banner":"","fondo_de_color_banner":"","fondo_de_imagen_banner":false,"mostrar_imagen_izquierda_banner":false,"asignar_imagen_izquierda_banner":false},"mostrar_banner_2":false,"crear_banner_2":{"utilizar_imagen_unica_para_banner":false,"asignar_imagen_unica_para_banner":false,"mostrar_titulo_banner":false,"titulo_para_banner":"","mostrar_subtitulo_banner":false,"subtitulo_del_banner":"","mostrar_cta_banner":false,"texto_cta_banner":"","url_cta_banner":"","fondo_de_color_banner":"","fondo_de_imagen_banner":false,"mostrar_imagen_izquierda_banner":false,"asignar_imagen_izquierda_banner":false},"mostrar_banner_3":false,"pdf_brochure_link_drive":"https:\/\/drive.google.com\/file\/d\/1ionXmWO7VgcTQX_GJyXZHjoeBbOyn_U4\/view?usp=sharing","preguntas_frecuentes":false,"contenidistas":false,"promocion_vigente":"","avalado_por":false},"yoast_head":"<!-- This site is optimized with the Yoast SEO plugin v23.0 - https:\/\/yoast.com\/wordpress\/plugins\/seo\/ -->\n<title>Certifica\u00e7\u00e3o em Transforma\u00e7\u00e3o Digital no Esporte - Bar\u00e7a Innovation Hub<\/title>\n<meta name=\"robots\" content=\"index, follow, max-snippet:-1, max-image-preview:large, max-video-preview:-1\" \/>\n<link rel=\"canonical\" href=\"https:\/\/elearning.barcainnovationhub.com\/pt\/product\/certificacao-em-transformacao-digital-no-esporte\/\" \/>\n<meta property=\"og:locale\" content=\"pt_PT\" \/>\n<meta property=\"og:type\" content=\"article\" \/>\n<meta property=\"og:title\" content=\"Certifica\u00e7\u00e3o em Transforma\u00e7\u00e3o Digital no Esporte - Bar\u00e7a Innovation Hub\" \/>\n<meta property=\"og:description\" content=\"excerpt\" \/>\n<meta property=\"og:url\" content=\"https:\/\/elearning.barcainnovationhub.com\/pt\/product\/certificacao-em-transformacao-digital-no-esporte\/\" \/>\n<meta property=\"og:site_name\" content=\"Bar\u00e7a Innovation Hub\" \/>\n<meta property=\"article:publisher\" content=\"https:\/\/www.facebook.com\/fcbuniversitas\" \/>\n<meta property=\"article:modified_time\" content=\"2025-11-10T11:40:36+00:00\" \/>\n<meta name=\"twitter:card\" content=\"summary_large_image\" \/>\n<meta name=\"twitter:site\" content=\"@BarcaInnoHub\" \/>\n<meta name=\"twitter:label1\" content=\"Est. reading time\" \/>\n\t<meta name=\"twitter:data1\" content=\"1 minute\" \/>\n<script type=\"application\/ld+json\" class=\"yoast-schema-graph\">{\"@context\":\"https:\/\/schema.org\",\"@graph\":[{\"@type\":\"WebPage\",\"@id\":\"https:\/\/elearning.barcainnovationhub.com\/pt\/product\/certificacao-em-transformacao-digital-no-esporte\/\",\"url\":\"https:\/\/elearning.barcainnovationhub.com\/pt\/product\/certificacao-em-transformacao-digital-no-esporte\/\",\"name\":\"Certifica\u00e7\u00e3o em Transforma\u00e7\u00e3o Digital no Esporte - Bar\u00e7a Innovation Hub\",\"isPartOf\":{\"@id\":\"https:\/\/elearning.barcainnovationhub.com\/pt\/#website\"},\"datePublished\":\"2025-05-19T14:04:15+00:00\",\"dateModified\":\"2025-11-10T11:40:36+00:00\",\"breadcrumb\":{\"@id\":\"https:\/\/elearning.barcainnovationhub.com\/pt\/product\/certificacao-em-transformacao-digital-no-esporte\/#breadcrumb\"},\"inLanguage\":\"pt\",\"potentialAction\":[{\"@type\":\"ReadAction\",\"target\":[\"https:\/\/elearning.barcainnovationhub.com\/pt\/product\/certificacao-em-transformacao-digital-no-esporte\/\"]}]},{\"@type\":\"BreadcrumbList\",\"@id\":\"https:\/\/elearning.barcainnovationhub.com\/pt\/product\/certificacao-em-transformacao-digital-no-esporte\/#breadcrumb\",\"itemListElement\":[{\"@type\":\"ListItem\",\"position\":1,\"name\":\"Productos\",\"item\":\"https:\/\/elearning.barcainnovationhub.com\/pt\/product\/\"},{\"@type\":\"ListItem\",\"position\":2,\"name\":\"Certifica\u00e7\u00e3o em Transforma\u00e7\u00e3o Digital no Esporte\"}]},{\"@type\":\"WebSite\",\"@id\":\"https:\/\/elearning.barcainnovationhub.com\/pt\/#website\",\"url\":\"https:\/\/elearning.barcainnovationhub.com\/pt\/\",\"name\":\"Bar\u00e7a Innovation Hub\",\"description\":\"The worldwide centre for sports knowledge and innovation\",\"potentialAction\":[{\"@type\":\"SearchAction\",\"target\":{\"@type\":\"EntryPoint\",\"urlTemplate\":\"https:\/\/elearning.barcainnovationhub.com\/pt\/?s={search_term_string}\"},\"query-input\":\"required name=search_term_string\"}],\"inLanguage\":\"pt\"}]}<\/script>\n<!-- \/ Yoast SEO plugin. -->","yoast_head_json":{"title":"Certifica\u00e7\u00e3o em Transforma\u00e7\u00e3o Digital no Esporte - Bar\u00e7a Innovation Hub","robots":{"index":"index","follow":"follow","max-snippet":"max-snippet:-1","max-image-preview":"max-image-preview:large","max-video-preview":"max-video-preview:-1"},"canonical":"https:\/\/elearning.barcainnovationhub.com\/pt\/product\/certificacao-em-transformacao-digital-no-esporte\/","og_locale":"pt_PT","og_type":"article","og_title":"Certifica\u00e7\u00e3o em Transforma\u00e7\u00e3o Digital no Esporte - Bar\u00e7a Innovation Hub","og_description":"excerpt","og_url":"https:\/\/elearning.barcainnovationhub.com\/pt\/product\/certificacao-em-transformacao-digital-no-esporte\/","og_site_name":"Bar\u00e7a Innovation Hub","article_publisher":"https:\/\/www.facebook.com\/fcbuniversitas","article_modified_time":"2025-11-10T11:40:36+00:00","twitter_card":"summary_large_image","twitter_site":"@BarcaInnoHub","twitter_misc":{"Est. reading time":"1 minute"},"schema":{"@context":"https:\/\/schema.org","@graph":[{"@type":"WebPage","@id":"https:\/\/elearning.barcainnovationhub.com\/pt\/product\/certificacao-em-transformacao-digital-no-esporte\/","url":"https:\/\/elearning.barcainnovationhub.com\/pt\/product\/certificacao-em-transformacao-digital-no-esporte\/","name":"Certifica\u00e7\u00e3o em Transforma\u00e7\u00e3o Digital no Esporte - Bar\u00e7a Innovation Hub","isPartOf":{"@id":"https:\/\/elearning.barcainnovationhub.com\/pt\/#website"},"datePublished":"2025-05-19T14:04:15+00:00","dateModified":"2025-11-10T11:40:36+00:00","breadcrumb":{"@id":"https:\/\/elearning.barcainnovationhub.com\/pt\/product\/certificacao-em-transformacao-digital-no-esporte\/#breadcrumb"},"inLanguage":"pt","potentialAction":[{"@type":"ReadAction","target":["https:\/\/elearning.barcainnovationhub.com\/pt\/product\/certificacao-em-transformacao-digital-no-esporte\/"]}]},{"@type":"BreadcrumbList","@id":"https:\/\/elearning.barcainnovationhub.com\/pt\/product\/certificacao-em-transformacao-digital-no-esporte\/#breadcrumb","itemListElement":[{"@type":"ListItem","position":1,"name":"Productos","item":"https:\/\/elearning.barcainnovationhub.com\/pt\/product\/"},{"@type":"ListItem","position":2,"name":"Certifica\u00e7\u00e3o em Transforma\u00e7\u00e3o Digital no Esporte"}]},{"@type":"WebSite","@id":"https:\/\/elearning.barcainnovationhub.com\/pt\/#website","url":"https:\/\/elearning.barcainnovationhub.com\/pt\/","name":"Bar\u00e7a Innovation Hub","description":"The worldwide centre for sports knowledge and innovation","potentialAction":[{"@type":"SearchAction","target":{"@type":"EntryPoint","urlTemplate":"https:\/\/elearning.barcainnovationhub.com\/pt\/?s={search_term_string}"},"query-input":"required name=search_term_string"}],"inLanguage":"pt"}]}},"idiomas":{"en":150030,"es":150035,"ar":150031,"ca":150032,"ru":150034,"pt":150033},"_links":{"self":[{"href":"https:\/\/elearning.barcainnovationhub.com\/pt\/wp-json\/wp\/v2\/products\/150033"}],"collection":[{"href":"https:\/\/elearning.barcainnovationhub.com\/pt\/wp-json\/wp\/v2\/products"}],"about":[{"href":"https:\/\/elearning.barcainnovationhub.com\/pt\/wp-json\/wp\/v2\/types\/product"}],"author":[{"embeddable":true,"href":"https:\/\/elearning.barcainnovationhub.com\/pt\/wp-json\/wp\/v2\/users\/16"}],"replies":[{"embeddable":true,"href":"https:\/\/elearning.barcainnovationhub.com\/pt\/wp-json\/wp\/v2\/comments?post=150033"}],"version-history":[{"count":0,"href":"https:\/\/elearning.barcainnovationhub.com\/pt\/wp-json\/wp\/v2\/products\/150033\/revisions"}],"wp:attachment":[{"href":"https:\/\/elearning.barcainnovationhub.com\/pt\/wp-json\/wp\/v2\/media?parent=150033"}],"wp:term":[{"taxonomy":"category","embeddable":true,"href":"https:\/\/elearning.barcainnovationhub.com\/pt\/wp-json\/wp\/v2\/categories?post=150033"}],"curies":[{"name":"wp","href":"https:\/\/api.w.org\/{rel}","templated":true}]}}