{"id":150275,"date":"2025-08-05T16:33:18","date_gmt":"2025-08-05T19:33:18","guid":{"rendered":"https:\/\/elearning.barcainnovationhub.com\/?post_type=product&#038;p=150275"},"modified":"2025-11-07T18:10:30","modified_gmt":"2025-11-07T21:10:30","slug":"certificado-em-scouting-nivel-ii","status":"publish","type":"product","link":"https:\/\/elearning.barcainnovationhub.com\/pt\/product\/certificado-em-scouting-nivel-ii\/","title":{"rendered":"Certificado em Scouting N\u00edvel II"},"content":{"rendered":"<p>contenido<\/p>\n","protected":false},"excerpt":{"rendered":"<p>excerpt<\/p>\n","protected":false},"author":16,"featured_media":0,"comment_status":"open","ping_status":"closed","template":"","meta":{"_acf_changed":true,"footnotes":""},"categories":[116],"class_list":["post-150275","product","type-product","status-publish","hentry","category-presence-based-programs-pt"],"acf":{"activar_banner_1":false,"banner_1":false,"activar_banner_2":false,"banner_2":false,"activar_banner_3":false,"banner_3":false,"activar_nuevos_banners":false,"mostrar_banner_1":false,"crear_banner_1":{"utilizar_imagen_unica_para_banner":false,"asignar_imagen_unica_para_banner":false,"mostrar_titulo_banner":false,"titulo_para_banner":"","mostrar_subtitulo_banner":false,"subtitulo_del_banner":"","mostrar_cta_banner":false,"texto_cta_banner":"","url_cta_banner":"","fondo_de_color_banner":"","fondo_de_imagen_banner":false,"mostrar_imagen_izquierda_banner":false,"asignar_imagen_izquierda_banner":false},"mostrar_banner_2":false,"crear_banner_2":{"utilizar_imagen_unica_para_banner":false,"asignar_imagen_unica_para_banner":false,"mostrar_titulo_banner":false,"titulo_para_banner":"","mostrar_subtitulo_banner":false,"subtitulo_del_banner":"","mostrar_cta_banner":false,"texto_cta_banner":"","url_cta_banner":"","fondo_de_color_banner":"","fondo_de_imagen_banner":false,"mostrar_imagen_izquierda_banner":false,"asignar_imagen_izquierda_banner":false},"mostrar_banner_3":false,"external_id":"100157","titulo_curso":"Certificado en Socting Nivel 2","precio":"750","impartido_en":"Spanish","crear_banner_3":{"utilizar_imagen_unica_para_banner":false,"asignar_imagen_unica_para_banner":false,"mostrar_titulo_banner":false,"titulo_para_banner":"","mostrar_subtitulo_banner":false,"subtitulo_del_banner":"","mostrar_cta_banner":false,"texto_cta_banner":"","url_cta_banner":"","fondo_de_color_banner":"","fondo_de_imagen_banner":false,"mostrar_imagen_izquierda_banner":false,"asignar_imagen_izquierda_banner":false},"producto_path":false,"hubspot_product_id":"193217696994","id_magento":"677","header_image":150297,"column_title":"Certificado em Scouting N\u00edvel II","titulo_incentivo":"","fecha_inicio_estatica":"","fecha_de_inicio":"10082025","zona_horaria":"Europe\/Madrid","precio_en_cuotas":"5 pagametos mensais de 150","precio_de_lista":"","mostrar_form":true,"duracion_del_curso":"5 meses","nivel_del_curso":"introdut\u00f3rio","modalidad_cursado":"Online","contenido":"<p>O mundo do scouting est\u00e1 em expans\u00e3o.<br \/>\nObservamos um aumento significativo nos \u00faltimos anos devido \u00e0 crescente import\u00e2ncia que os clubes est\u00e3o dando \u00e0 identifica\u00e7\u00e3o e avalia\u00e7\u00e3o de talentos.<\/p>\n<p>Estima-se que atualmente existam milhares de profissionais trabalhando com scouting em todo o mundo \u2014 em clubes de elite, divis\u00f5es inferiores e academias de base.<\/p>\n<p>O scout desempenha um papel vital em qualquer equipe competitiva de futebol. Ele \u00e9 respons\u00e1vel por observar e analisar jogadores, reunindo informa\u00e7\u00f5es cruciais para clubes, diretores esportivos ou coordenadores de academias. Essa an\u00e1lise pode incluir a avalia\u00e7\u00e3o de poss\u00edveis contrata\u00e7\u00f5es ou o acompanhamento de jogadores emprestados a outras equipes.<\/p>\n<p>Os scouts t\u00eam impacto em todos os n\u00edveis do futebol, desde divis\u00f5es de base at\u00e9 clubes de primeira linha. S\u00e3o pe\u00e7as-chave no processo de recrutamento, fornecendo informa\u00e7\u00f5es valiosas que apoiam o conhecimento do mercado e as decis\u00f5es de transfer\u00eancias.<\/p>\n<p>Entender o papel do scout e a metodologia de scouting utilizada por equipes de alto n\u00edvel como o FC Barcelona permite a qualquer pessoa que deseja se profissionalizar na \u00e1rea aprender com os melhores e alcan\u00e7ar resultados destacados.<\/p>\n<p>Este programa \u00e9 projetado para apresentar aos estudantes o mundo do scouting no futebol.<br \/>\nAo longo do curso, os participantes aprender\u00e3o:<\/p>\n<p>O que \u00e9 scouting e as fases principais do processo de recrutamento de jogadores.<\/p>\n<p>Como planejar atividades de scouting de acordo com diferentes contextos.<\/p>\n<p>T\u00e9cnicas para avaliar jogadores e elaborar relat\u00f3rios detalhados de scouting.<\/p>\n<p>Ao final do programa, os alunos ter\u00e3o desenvolvido conhecimento abrangente e habilidades pr\u00e1ticas para come\u00e7ar a atuar como scouts de jogadores. O curso \u00e9 ideal tanto para quem j\u00e1 est\u00e1 envolvido em scouting e quer ampliar sua expertise, quanto para quem deseja entrar na \u00e1rea ou simplesmente tem interesse no mundo do futebol.<\/p>\n","ocultar_video":true,"url_video":"","pdf_brochure_link_drive":"https:\/\/drive.google.com\/file\/d\/1hDPY5jDC3F-Ql47CHRgRUsTiozB_emTK\/view?usp=sharing","cursos_que_lo_componen":[{"nombre_del_curso":"Fundamentos, fases do processo e planejamento.","descripcion_del_curso":"<p>1.1 M\u00f3dulo 1: Futebol e o jogador de futebol<br \/>\n1.2 M\u00f3dulo 2: Scouting e o scout<br \/>\n1.3 M\u00f3dulo 3: Fases do processo de scouting<br \/>\n1.4 M\u00f3dulo 4: Planejamento macro e micro<\/p>\n"},{"nombre_del_curso":"Observa\u00e7\u00e3o e avalia\u00e7\u00e3o do jogador","descripcion_del_curso":"<p>2.1 M\u00f3dulo 1: Observa\u00e7\u00e3o do jogador<br \/>\n2.2 M\u00f3dulo 2: Avalia\u00e7\u00e3o do jogador \u2014 aspectos gerais e espec\u00edficos<br \/>\n2.3 M\u00f3dulo 3: Avalia\u00e7\u00e3o do jogador em fun\u00e7\u00e3o da idade<br \/>\n2.4 M\u00f3dulo 4: Avalia\u00e7\u00e3o do jogador em fun\u00e7\u00e3o da posi\u00e7\u00e3o<\/p>\n"},{"nombre_del_curso":"Avalia\u00e7\u00e3o baseada em dados e elabora\u00e7\u00e3o de relat\u00f3rios","descripcion_del_curso":"<p>3.1 M\u00f3dulo 1: Ferramentas tecnol\u00f3gicas e aplica\u00e7\u00f5es para o trabalho do scout<br \/>\n3.2 M\u00f3dulo 2: Avalia\u00e7\u00e3o do jogador por meio de dados<br \/>\n3.3 M\u00f3dulo 3: Estrutura e caracter\u00edsticas dos relat\u00f3rios<br \/>\n3.4 M\u00f3dulo 4: Elabora\u00e7\u00e3o de relat\u00f3rios<\/p>\n"},{"nombre_del_curso":"Cria\u00e7\u00e3o e avalia\u00e7\u00e3o do perfil do clube","descripcion_del_curso":"<p>4.1 M\u00f3dulo 1: An\u00e1lise do clube e dos objetivos (Curso 2, M\u00f3dulo 1.2)<br \/>\n4.2 M\u00f3dulo 2: Perfil do jogador (Curso 2, M\u00f3dulo 1.3 e 1.3.2)<br \/>\n4.3 M\u00f3dulo 3: Cria\u00e7\u00e3o de um perfil de jogador para o clube<br \/>\n4.4 M\u00f3dulo 4: Proposta de exemplo para cria\u00e7\u00e3o de perfil de jogador<\/p>\n"},{"nombre_del_curso":"Coordena\u00e7\u00e3o de um departamento de scouting","descripcion_del_curso":"<p>M\u00f3dulo 1: Fun\u00e7\u00f5es, objetivos e responsabilidades<br \/>\nM\u00f3dulo 2: Organiza\u00e7\u00e3o e cria\u00e7\u00e3o do departamento de scouting<br \/>\nM\u00f3dulo 3: Gest\u00e3o di\u00e1ria do departamento de scouting: an\u00e1lise e organiza\u00e7\u00e3o<\/p>\n"}],"aprende_a":[{"item_aprende_a":"Trabalho em equipe e colabora\u00e7\u00e3o\r\nDefini\u00e7\u00e3o: capacidade de se integrar efetivamente com os colegas para atingir objetivos compartilhados e fomentar a sinergia de um grupo de alta performance.\r\n\r\nCapacidade anal\u00edtica e reflexiva\r\nDefini\u00e7\u00e3o: capacidade de examinar metodicamente os diferentes aspectos de uma realidade ou situa\u00e7\u00e3o e desenvolver uma avalia\u00e7\u00e3o fundamentada.\r\n\r\nCriatividade e solu\u00e7\u00f5es inovadoras baseadas no conhecimento\r\nDefini\u00e7\u00e3o: capacidade de oferecer novas alternativas de solu\u00e7\u00e3o para problemas existentes com base no conhecimento formal.\r\n\r\nConhecimento da metodologia de excel\u00eancia em scouting de futebol\r\nDefini\u00e7\u00e3o: capacidade de realizar relat\u00f3rios de avalia\u00e7\u00e3o de jogadores de alta qualidade, aplicando metodologia de scouting de classe mundial."}],"docentes_expertos":[{"foto":"https:\/\/static.capabiliaserver.com\/frontend\/clients\/barcanew\/wp_prod\/wp-content\/uploads\/6a021f5d-3.png","nombre_del_docente":"Salva Grau Marqu\u00e9s","descripcion_del_docente":"Salva Grau \u00e9 um profissional do esporte com s\u00f3lida experi\u00eancia no desenvolvimento de projetos formativos, gest\u00e3o de academias internacionais e dire\u00e7\u00e3o de programas esportivos. Atualmente, lidera a \u00e1rea de Forma\u00e7\u00e3o e Conhecimento do FC Barcelona, onde impulsiona a expans\u00e3o global da metodologia Bar\u00e7a. Anteriormente, ocupou cargos-chave como diretor da Bar\u00e7a Academy em Hong Kong e foi respons\u00e1vel por diversos programas de internacionaliza\u00e7\u00e3o na \u00c1sia, Am\u00e9rica e Europa. Com uma vis\u00e3o estrat\u00e9gica e foco na inova\u00e7\u00e3o educacional, Salva contribuiu ativamente para o posicionamento do clube como refer\u00eancia mundial em forma\u00e7\u00e3o esportiva.","enlace":""},{"foto":"https:\/\/static.capabiliaserver.com\/frontend\/clients\/barcanew\/wp_prod\/wp-content\/uploads\/50ab1053-2.png","nombre_del_docente":"Didac Vidal Monsech","descripcion_del_docente":"D\u00eddac Vidal Monsech \u00e9 um profissional com s\u00f3lida experi\u00eancia nas \u00e1reas financeira e de sustentabilidade no setor esportivo. Atualmente, integra a equipe do FC Barcelona como Controller Financeiro na \u00e1rea de Estrat\u00e9gia e Sustentabilidade, onde lidera projetos-chave relacionados a relat\u00f3rios ESG, or\u00e7amentos e efici\u00eancia financeira. Graduado em Administra\u00e7\u00e3o e Dire\u00e7\u00e3o de Empresas pela Universidade de Barcelona e com mestrado em Finan\u00e7as Corporativas, combina conhecimento t\u00e9cnico com vis\u00e3o estrat\u00e9gica. Sua trajet\u00f3ria inclui cargos em consultoria e gest\u00e3o econ\u00f4mica, com foco crescente na transforma\u00e7\u00e3o sustent\u00e1vel em ambientes esportivos de alto rendimento.","enlace":""},{"foto":"https:\/\/static.capabiliaserver.com\/frontend\/clients\/barcanew\/wp_prod\/wp-content\/uploads\/694f87ad-4.png","nombre_del_docente":"Miguel \u00c1ngel Catal\u00e1n L\u00e1zaro","descripcion_del_docente":"Miguel \u00c1ngel Catal\u00e1n L\u00e1zaro \u00e9 treinador nacional de futebol com licen\u00e7a UEFA A e formado em Turismo, com uma trajet\u00f3ria destacada de mais de 25 anos no futebol de base. Atualmente \u00e9 scout do FC Barcelona desde 2015. Anteriormente, passou uma d\u00e9cada como treinador das categorias de base do Real Zaragoza, onde tamb\u00e9m atuou como coordenador da escola de futebol e respons\u00e1vel internacional da Funda\u00e7\u00e3o do clube. Empreendedor nas \u00e1reas esportiva e publicit\u00e1ria, \u00e9 fundador da ag\u00eancia Yagger e criador de eventos de refer\u00eancia como a JamonCup e os campings de Javi Mart\u00ednez e Koke Resurrecci\u00f3n. Seu perfil combina experi\u00eancia t\u00e9cnica em scouting e coaching com uma vis\u00e3o estrat\u00e9gica em projetos educativos e de promo\u00e7\u00e3o de jovens talentos.","enlace":""},{"foto":"https:\/\/static.capabiliaserver.com\/frontend\/clients\/barcanew\/wp_prod\/wp-content\/uploads\/ce09ccf0-5.png","nombre_del_docente":"Jos\u00e9 Wanceulen Moreno","descripcion_del_docente":"Jos\u00e9 Van Wanseele \u00e9 um profissional com mais de 15 anos de experi\u00eancia internacional na ind\u00fastria esportiva, especializado em desenvolvimento de neg\u00f3cios, gest\u00e3o comercial e expans\u00e3o internacional de academias e marcas esportivas. Atualmente, lidera projetos estrat\u00e9gicos no FC Barcelona, onde foi respons\u00e1vel pelo crescimento global da Bar\u00e7a Academy e pelo desenvolvimento de novos mercados. Seu perfil combina uma forma\u00e7\u00e3o s\u00f3lida em gest\u00e3o esportiva com uma vis\u00e3o empresarial orientada para resultados, destacando-se pela capacidade de gerar parcerias internacionais, criar produtos formativos de alto impacto e consolidar a marca Bar\u00e7a no cen\u00e1rio global.","enlace":""},{"foto":"https:\/\/static.capabiliaserver.com\/frontend\/clients\/barcanew\/wp_prod\/wp-content\/uploads\/1ee87c61-7.png","nombre_del_docente":"Didac Soler Sol\u00e0","descripcion_del_docente":"Analista e Coordenador do Departamento Formativo de Scouting do FC Barcelona","enlace":""}],"imagen_destacada":"https:\/\/static.capabiliaserver.com\/frontend\/clients\/barcanew\/wp_prod\/wp-content\/uploads\/549711a2-diseno-sin-titulo-2.png","slidebox":false,"titulo_seccion_testimonios":"","url_cursado_webinar":"","activar_hero_video":false,"video_texto":"","enable_linkedin_carousel":false,"pdf_brochure":"https:\/\/static.capabiliaserver.com\/frontend\/clients\/barcanew\/wp_prod\/wp-content\/uploads\/daa120ee-certificate-in-scouting-level-ii.pdf","preguntas_frecuentes":false,"contenidistas":false,"promocion_vigente":"","avalado_por":false},"yoast_head":"<!-- This site is optimized with the Yoast SEO plugin v23.0 - https:\/\/yoast.com\/wordpress\/plugins\/seo\/ -->\n<title>Certificado em Scouting N\u00edvel II - Bar\u00e7a Innovation Hub<\/title>\n<meta name=\"robots\" content=\"index, follow, max-snippet:-1, max-image-preview:large, max-video-preview:-1\" \/>\n<link rel=\"canonical\" href=\"https:\/\/elearning.barcainnovationhub.com\/pt\/product\/certificado-em-scouting-nivel-ii\/\" \/>\n<meta property=\"og:locale\" content=\"pt_PT\" \/>\n<meta property=\"og:type\" content=\"article\" \/>\n<meta property=\"og:title\" content=\"Certificado em Scouting N\u00edvel II - Bar\u00e7a Innovation Hub\" \/>\n<meta property=\"og:description\" content=\"excerpt\" \/>\n<meta property=\"og:url\" content=\"https:\/\/elearning.barcainnovationhub.com\/pt\/product\/certificado-em-scouting-nivel-ii\/\" \/>\n<meta property=\"og:site_name\" content=\"Bar\u00e7a Innovation Hub\" \/>\n<meta property=\"article:publisher\" content=\"https:\/\/www.facebook.com\/fcbuniversitas\" \/>\n<meta property=\"article:modified_time\" content=\"2025-11-07T21:10:30+00:00\" \/>\n<meta name=\"twitter:card\" content=\"summary_large_image\" \/>\n<meta name=\"twitter:site\" content=\"@BarcaInnoHub\" \/>\n<meta name=\"twitter:label1\" content=\"Est. reading time\" \/>\n\t<meta name=\"twitter:data1\" content=\"1 minute\" \/>\n<script type=\"application\/ld+json\" class=\"yoast-schema-graph\">{\"@context\":\"https:\/\/schema.org\",\"@graph\":[{\"@type\":\"WebPage\",\"@id\":\"https:\/\/elearning.barcainnovationhub.com\/pt\/product\/certificado-em-scouting-nivel-ii\/\",\"url\":\"https:\/\/elearning.barcainnovationhub.com\/pt\/product\/certificado-em-scouting-nivel-ii\/\",\"name\":\"Certificado em Scouting N\u00edvel II - Bar\u00e7a Innovation Hub\",\"isPartOf\":{\"@id\":\"https:\/\/elearning.barcainnovationhub.com\/pt\/#website\"},\"datePublished\":\"2025-08-05T19:33:18+00:00\",\"dateModified\":\"2025-11-07T21:10:30+00:00\",\"breadcrumb\":{\"@id\":\"https:\/\/elearning.barcainnovationhub.com\/pt\/product\/certificado-em-scouting-nivel-ii\/#breadcrumb\"},\"inLanguage\":\"pt\",\"potentialAction\":[{\"@type\":\"ReadAction\",\"target\":[\"https:\/\/elearning.barcainnovationhub.com\/pt\/product\/certificado-em-scouting-nivel-ii\/\"]}]},{\"@type\":\"BreadcrumbList\",\"@id\":\"https:\/\/elearning.barcainnovationhub.com\/pt\/product\/certificado-em-scouting-nivel-ii\/#breadcrumb\",\"itemListElement\":[{\"@type\":\"ListItem\",\"position\":1,\"name\":\"Productos\",\"item\":\"https:\/\/elearning.barcainnovationhub.com\/pt\/product\/\"},{\"@type\":\"ListItem\",\"position\":2,\"name\":\"Certificado em Scouting N\u00edvel II\"}]},{\"@type\":\"WebSite\",\"@id\":\"https:\/\/elearning.barcainnovationhub.com\/pt\/#website\",\"url\":\"https:\/\/elearning.barcainnovationhub.com\/pt\/\",\"name\":\"Bar\u00e7a Innovation Hub\",\"description\":\"The worldwide centre for sports knowledge and innovation\",\"potentialAction\":[{\"@type\":\"SearchAction\",\"target\":{\"@type\":\"EntryPoint\",\"urlTemplate\":\"https:\/\/elearning.barcainnovationhub.com\/pt\/?s={search_term_string}\"},\"query-input\":\"required name=search_term_string\"}],\"inLanguage\":\"pt\"}]}<\/script>\n<!-- \/ Yoast SEO plugin. -->","yoast_head_json":{"title":"Certificado em Scouting N\u00edvel II - Bar\u00e7a Innovation Hub","robots":{"index":"index","follow":"follow","max-snippet":"max-snippet:-1","max-image-preview":"max-image-preview:large","max-video-preview":"max-video-preview:-1"},"canonical":"https:\/\/elearning.barcainnovationhub.com\/pt\/product\/certificado-em-scouting-nivel-ii\/","og_locale":"pt_PT","og_type":"article","og_title":"Certificado em Scouting N\u00edvel II - Bar\u00e7a Innovation Hub","og_description":"excerpt","og_url":"https:\/\/elearning.barcainnovationhub.com\/pt\/product\/certificado-em-scouting-nivel-ii\/","og_site_name":"Bar\u00e7a Innovation Hub","article_publisher":"https:\/\/www.facebook.com\/fcbuniversitas","article_modified_time":"2025-11-07T21:10:30+00:00","twitter_card":"summary_large_image","twitter_site":"@BarcaInnoHub","twitter_misc":{"Est. reading time":"1 minute"},"schema":{"@context":"https:\/\/schema.org","@graph":[{"@type":"WebPage","@id":"https:\/\/elearning.barcainnovationhub.com\/pt\/product\/certificado-em-scouting-nivel-ii\/","url":"https:\/\/elearning.barcainnovationhub.com\/pt\/product\/certificado-em-scouting-nivel-ii\/","name":"Certificado em Scouting N\u00edvel II - Bar\u00e7a Innovation Hub","isPartOf":{"@id":"https:\/\/elearning.barcainnovationhub.com\/pt\/#website"},"datePublished":"2025-08-05T19:33:18+00:00","dateModified":"2025-11-07T21:10:30+00:00","breadcrumb":{"@id":"https:\/\/elearning.barcainnovationhub.com\/pt\/product\/certificado-em-scouting-nivel-ii\/#breadcrumb"},"inLanguage":"pt","potentialAction":[{"@type":"ReadAction","target":["https:\/\/elearning.barcainnovationhub.com\/pt\/product\/certificado-em-scouting-nivel-ii\/"]}]},{"@type":"BreadcrumbList","@id":"https:\/\/elearning.barcainnovationhub.com\/pt\/product\/certificado-em-scouting-nivel-ii\/#breadcrumb","itemListElement":[{"@type":"ListItem","position":1,"name":"Productos","item":"https:\/\/elearning.barcainnovationhub.com\/pt\/product\/"},{"@type":"ListItem","position":2,"name":"Certificado em Scouting N\u00edvel II"}]},{"@type":"WebSite","@id":"https:\/\/elearning.barcainnovationhub.com\/pt\/#website","url":"https:\/\/elearning.barcainnovationhub.com\/pt\/","name":"Bar\u00e7a Innovation Hub","description":"The worldwide centre for sports knowledge and innovation","potentialAction":[{"@type":"SearchAction","target":{"@type":"EntryPoint","urlTemplate":"https:\/\/elearning.barcainnovationhub.com\/pt\/?s={search_term_string}"},"query-input":"required name=search_term_string"}],"inLanguage":"pt"}]}},"idiomas":{"en":150272,"es":150277,"ar":150273,"ca":150274,"ru":150276,"pt":150275},"_links":{"self":[{"href":"https:\/\/elearning.barcainnovationhub.com\/pt\/wp-json\/wp\/v2\/products\/150275"}],"collection":[{"href":"https:\/\/elearning.barcainnovationhub.com\/pt\/wp-json\/wp\/v2\/products"}],"about":[{"href":"https:\/\/elearning.barcainnovationhub.com\/pt\/wp-json\/wp\/v2\/types\/product"}],"author":[{"embeddable":true,"href":"https:\/\/elearning.barcainnovationhub.com\/pt\/wp-json\/wp\/v2\/users\/16"}],"replies":[{"embeddable":true,"href":"https:\/\/elearning.barcainnovationhub.com\/pt\/wp-json\/wp\/v2\/comments?post=150275"}],"version-history":[{"count":0,"href":"https:\/\/elearning.barcainnovationhub.com\/pt\/wp-json\/wp\/v2\/products\/150275\/revisions"}],"wp:attachment":[{"href":"https:\/\/elearning.barcainnovationhub.com\/pt\/wp-json\/wp\/v2\/media?parent=150275"}],"wp:term":[{"taxonomy":"category","embeddable":true,"href":"https:\/\/elearning.barcainnovationhub.com\/pt\/wp-json\/wp\/v2\/categories?post=150275"}],"curies":[{"name":"wp","href":"https:\/\/api.w.org\/{rel}","templated":true}]}}