{"id":150287,"date":"2025-08-12T10:14:22","date_gmt":"2025-08-12T13:14:22","guid":{"rendered":"https:\/\/elearning.barcainnovationhub.com\/?post_type=product&#038;p=150287"},"modified":"2025-11-07T17:49:25","modified_gmt":"2025-11-07T20:49:25","slug":"treinamento-de-forca-na-readaptacao-em-esportes-coletivos","status":"publish","type":"product","link":"https:\/\/elearning.barcainnovationhub.com\/pt\/product\/treinamento-de-forca-na-readaptacao-em-esportes-coletivos\/","title":{"rendered":"Treinamento de For\u00e7a na Readapta\u00e7\u00e3o em Esportes Coletivos"},"content":{"rendered":"<p>contenido<\/p>\n","protected":false},"excerpt":{"rendered":"<p>excerpt<\/p>\n","protected":false},"author":16,"featured_media":0,"comment_status":"open","ping_status":"closed","template":"","meta":{"_acf_changed":true,"footnotes":""},"categories":[116],"class_list":["post-150287","product","type-product","status-publish","hentry","category-presence-based-programs-pt"],"acf":{"external_id":"100159","titulo_curso":"Entrenamiento de la fuerza en la readaptaci\u00f3n en deportes de equipo. Metodolog\u00eda FCB","precio":"625","impartido_en":"Spanish","crear_banner_3":{"utilizar_imagen_unica_para_banner":false,"asignar_imagen_unica_para_banner":false,"mostrar_titulo_banner":false,"titulo_para_banner":"","mostrar_subtitulo_banner":false,"subtitulo_del_banner":"","mostrar_cta_banner":false,"texto_cta_banner":"","url_cta_banner":"","fondo_de_color_banner":"","fondo_de_imagen_banner":false,"mostrar_imagen_izquierda_banner":false,"asignar_imagen_izquierda_banner":false},"producto_path":false,"id_magento":"679","header_image":150360,"column_title":"Treinamento de for\u00e7a na readapta\u00e7\u00e3o em esportes coletivos","titulo_incentivo":"","fecha_inicio_estatica":"","fecha_de_inicio":"10082025","zona_horaria":"Europe\/Madrid","precio_en_cuotas":"4 pagametos mensais de 156,25","precio_de_lista":"","mostrar_form":false,"duracion_del_curso":"4 meses","nivel_del_curso":"introdut\u00f3rio","modalidad_cursado":"Online","contenido":"<p>Este certificado tem como objetivo compartilhar o conhecimento e a experi\u00eancia de um grupo de profissionais do esporte de alto rendimento em uma \u00e1rea muito espec\u00edfica da recupera\u00e7\u00e3o de atletas.<\/p>\n<p>A readapta\u00e7\u00e3o esportiva de um atleta lesionado envolve diversas \u00e1reas, sendo uma das mais relevantes o trabalho e a recupera\u00e7\u00e3o da for\u00e7a ap\u00f3s o epis\u00f3dio de les\u00e3o.<\/p>\n<p>O treinamento de for\u00e7a durante o processo de readapta\u00e7\u00e3o \u00e9 fundamental para alcan\u00e7ar muitos dos objetivos e necessidades do atleta, permitindo que ele volte a desenvolver suas habilidades espec\u00edficas.<\/p>\n<p>O conhecimento transmitido neste certificado \u00e9 baseado tanto na experi\u00eancia profissional dos docentes quanto na literatura cient\u00edfica, sem estar sujeito a modismos ou tend\u00eancias passageiras.<\/p>\n<p>Sob o respaldo do FC Barcelona, o perfil do readaptador \u00e9 o de um profissional formado em ci\u00eancias da sa\u00fade \u2014 geralmente um fisioterapeuta com dupla forma\u00e7\u00e3o em Ci\u00eancias da Atividade F\u00edsica e Esporte. Esse perfil proporciona uma vis\u00e3o integral do atleta e das exig\u00eancias espec\u00edficas de cada les\u00e3o.<\/p>\n<p>Gra\u00e7as aos conte\u00fados do curso, o profissional ter\u00e1 o conhecimento necess\u00e1rio para abordar o trabalho de for\u00e7a desde o in\u00edcio do tratamento, ainda na maca, at\u00e9 o retorno completo aos treinos com o restante da equipe \u2014 um processo que envolve diferentes metodologias e a atua\u00e7\u00e3o conjunta de diversos profissionais.<\/p>\n","ocultar_video":true,"url_video":"","pdf_brochure_link_drive":"","cursos_que_lo_componen":[{"nombre_del_curso":"Epidemiologia da Les\u00e3o Muscular","descripcion_del_curso":"<p>M\u00f3dulo 1: Epidemiologia das les\u00f5es musculares, ligamentares, articulares, tend\u00edneas e outras<br \/>\nEspecialista: Xavier Yanguas<\/p>\n<p>M\u00f3dulo 2: Fisiologia do processo de regenera\u00e7\u00e3o tecidual e do treinamento de for\u00e7a<br \/>\nEspecialistas: Xavier Yanguas & Xavier Linde<\/p>\n<p>M\u00f3dulo 3: Tipos de trabalhos de for\u00e7a aplicados na readapta\u00e7\u00e3o<br \/>\nEspecialista: Xavier Linde<\/p>\n<p>M\u00f3dulo 4: Metodologia de estrutura\u00e7\u00e3o e planejamento do treinamento de for\u00e7a no atleta lesionado (processos de curta e longa dura\u00e7\u00e3o)<br \/>\nEspecialistas: Xavier Garcia & Jordi Mesalles<\/p>\n"},{"nombre_del_curso":"Treinamento de For\u00e7a Estrutural","descripcion_del_curso":"<p>M\u00f3dulo 1: Trabalho anal\u00edtico de for\u00e7a. Metodologia para les\u00f5es de curta e longa dura\u00e7\u00e3o<br \/>\nEspecialistas: Jordi Mesalles & Daniel L\u00f3pez<\/p>\n<p>M\u00f3dulo 2: Crit\u00e9rios de progress\u00e3o nos conte\u00fados e exig\u00eancia do trabalho de for\u00e7a<br \/>\nEspecialista: David D\u00edaz<\/p>\n<p>M\u00f3dulo 3: Treinamento de for\u00e7a estrutural \/ Hipertrofia \/ For\u00e7a m\u00e1xima<br \/>\nEspecialista: Xavier Haro<\/p>\n<p>M\u00f3dulo 4: For\u00e7a funcional. Introdu\u00e7\u00e3o aos padr\u00f5es de for\u00e7a aplicados em campo<br \/>\nEspecialista: Xavier Linde<\/p>\n"},{"nombre_del_curso":"For\u00e7a e Pot\u00eancia Muscular como Qualidades-Chave na Readapta\u00e7\u00e3o de Les\u00f5es Esportivas","descripcion_del_curso":"<p>M\u00f3dulo 1: For\u00e7a-velocidade e for\u00e7a explosiva. Que tipo de trabalho de for\u00e7a o atleta realiza durante a fase de campo?<br \/>\nEspecialistas: Xavier Haro & Daniel Benito<\/p>\n<p>M\u00f3dulo 2: Padr\u00f5es de movimento e a\u00e7\u00f5es de for\u00e7a no campo<br \/>\nEspecialistas: Daniel Benito & Laura R\u00e0fols<\/p>\n<p>M\u00f3dulo 3: Treinamento de for\u00e7a para estruturas n\u00e3o lesionadas<br \/>\nEspecialistas: Xavier Haro & Preparador F\u00edsico<\/p>\n<p>M\u00f3dulo 4: Habilidades motoras b\u00e1sicas e avan\u00e7adas e sua rela\u00e7\u00e3o com a for\u00e7a<br \/>\nEspecialista: Xavier Linde<\/p>\n"},{"nombre_del_curso":"Sistemas de Medi\u00e7\u00e3o da For\u00e7a e M\u00e9todos de Treinamento de For\u00e7a","descripcion_del_curso":"<p>M\u00f3dulo 1: Treinamento exc\u00eantrico e sua aplica\u00e7\u00e3o no processo de recupera\u00e7\u00e3o<br \/>\nEspecialistas: Xavier Garcia & Xavier Haro<\/p>\n<p>M\u00f3dulo 2: Treinamento de for\u00e7a quando o atleta j\u00e1 est\u00e1 treinando com o grupo<br \/>\nEspecialista: Daniel Benito<\/p>\n<p>M\u00f3dulo 3: Sistemas de medi\u00e7\u00e3o da for\u00e7a e m\u00e9todos alternativos de treinamento de for\u00e7a<br \/>\nEspecialistas: David Montes & Laura R\u00e0fols<\/p>\n<p>M\u00f3dulo 4: A readapta\u00e7\u00e3o integrada em uma equipe multidisciplinar<br \/>\nEspecialistas: Xavier Yanguas, Xavier Linde & Preparador F\u00edsico<\/p>\n"}],"aprende_a":[{"item_aprende_a":"Capacidade de selecionar o trabalho de for\u00e7a adequado\r\nCapacidade de planejar e programar um processo de recupera\u00e7\u00e3o de les\u00e3o\r\nDesenvolvimento de sistemas de avalia\u00e7\u00e3o e monitoramento\r\nCapacidade de trabalho em equipe\r\n"}],"docentes_expertos":[{"foto":"https:\/\/static.capabiliaserver.com\/frontend\/clients\/barcanew\/wp_prod\/wp-content\/uploads\/ace315ed-diseno-sin-titulo.png","nombre_del_docente":"Xavier Linde","descripcion_del_docente":"Xavier Linde Cot (Puigcerd\u00e0, 1984) \u00e9 graduado em Fisioterapia (2005) e em Ci\u00eancias do Esporte (2010), com especializa\u00e7\u00e3o por meio de um Mestrado em Alto Rendimento (2010) e um Mestrado em Atividade F\u00edsica e Sa\u00fade (2022).","enlace":""},{"foto":"https:\/\/static.capabiliaserver.com\/frontend\/clients\/barcanew\/wp_prod\/wp-content\/uploads\/4af9c1ef-1.png","nombre_del_docente":"Xavier Yanguas Leyes","descripcion_del_docente":"Doutor em Medicina e especialista em Medicina da Educa\u00e7\u00e3o F\u00edsica e do Esporte. Desde 2008, integra o departamento m\u00e9dico do FC Barcelona. Professor colaborador do Mestrado em Fisioterapia em Esportes de Equipe (FCB\u2013Blanquerna). Membro da Sociedade Catal\u00e3 de Medicina do Esporte (SCME), da Associa\u00e7\u00e3o Espanhola de M\u00e9dicos de Equipes de Futebol (AEMEF \u2013 membro da diretoria) e da Sociedade Espanhola de Traumatologia do Esporte (SETRADE \u2013 membro da diretoria).","enlace":""},{"foto":"https:\/\/static.capabiliaserver.com\/frontend\/clients\/barcanew\/wp_prod\/wp-content\/uploads\/1156a537-2.png","nombre_del_docente":"Xavier Garc\u00eda Nadal","descripcion_del_docente":"Diplomado em Fisioterapia, Mestrado em Reabilita\u00e7\u00e3o Esportiva. Fisioterapeuta no FC Barcelona desde 2022. Atuou anteriormente no Rubin Kazan (equipe principal), Beijing Institute FC, Andorra e na academia do Birmingham City.","enlace":""},{"foto":"https:\/\/static.capabiliaserver.com\/frontend\/clients\/barcanew\/wp_prod\/wp-content\/uploads\/80456d7a-3.png","nombre_del_docente":"Jordi Mesalles Ortiz","descripcion_del_docente":"Diplomado em Fisioterapia. Atua no FC Barcelona desde 2013. Ex-fisioterapeuta da equipe principal de futebol do FC Barcelona (2013\u20132022). Professor associado no Mestrado MUFEE.","enlace":""},{"foto":"https:\/\/static.capabiliaserver.com\/frontend\/clients\/barcanew\/wp_prod\/wp-content\/uploads\/746a8036-4.png","nombre_del_docente":"Daniel L\u00f3pez Secanell","descripcion_del_docente":"Diplomado em Fisioterapia e Enfermagem. P\u00f3s-gradua\u00e7\u00e3o em Fisioterapia da Atividade F\u00edsica e do Esporte. Fisioterapeuta no FC Barcelona desde 2022. Experi\u00eancia nas \u00e1reas de traumatologia e esportiva, com 8 anos de atua\u00e7\u00e3o na Su\u00ed\u00e7a.","enlace":""},{"foto":"https:\/\/static.capabiliaserver.com\/frontend\/clients\/barcanew\/wp_prod\/wp-content\/uploads\/4747de27-5.png","nombre_del_docente":"Xavier Haro Rubio","descripcion_del_docente":"Licenciatura em Ci\u00eancias da Atividade F\u00edsica e do Esporte \u2013 INEFC Barcelona (2002\u20132006), com especializa\u00e7\u00e3o em esportes de elite e \u00eanfase em futebol.  Mestrado Profissional em Alto Rendimento em Esportes Coletivos \u2013 INEFC Barcelona & Funda\u00e7\u00e3o FC Barcelona (2006\u20132008).  Mestrado Universit\u00e1rio em Rendimento Esportivo: Tecnifica\u00e7\u00e3o e Alto N\u00edvel \u2013 Universidade de Barcelona & INEFC Barcelona (2008\u20132009).","enlace":""},{"foto":"https:\/\/static.capabiliaserver.com\/frontend\/clients\/barcanew\/wp_prod\/wp-content\/uploads\/604a6a8b-7.png","nombre_del_docente":"Daniel Benito S\u00e1nchez","descripcion_del_docente":"Fisioterapeuta e readaptador esportivo, com forma\u00e7\u00e3o em Ci\u00eancias da Atividade F\u00edsica e do Esporte (CAFE) e mestrado oficial em Osteopatia. Experi\u00eancia no FC Barcelona (handebol, futebol masculino e feminino) e em n\u00edvel internacional (Aspetar, sele\u00e7\u00e3o do Catar). Combino a pr\u00e1tica cl\u00ednica, a doc\u00eancia e a readapta\u00e7\u00e3o funcional com uma abordagem ativa, progressiva e centrada no movimento e na pessoa. Sempre aberto a compartilhar conhecimento e criar sinergias com profissionais das \u00e1reas da sa\u00fade e do desempenho.","enlace":""},{"foto":"https:\/\/static.capabiliaserver.com\/frontend\/clients\/barcanew\/wp_prod\/wp-content\/uploads\/c1729840-6.png","nombre_del_docente":"David Montes \u00c1lvarez","descripcion_del_docente":"Graduado em Ci\u00eancias da Atividade F\u00edsica e do Esporte \u2013 Universidad Francisco de Vitoria, Madri  Graduado em Fisioterapia \u2013 Universidad Francisco de Vitoria, Madri  Mestrado em Atividade F\u00edsica e Sa\u00fade (MAFIS) \u2013 Universidade de Barcelona  Mestrado Profissional em Alto Rendimento em Esportes Coletivos (MASTERCEDE)  Fisioterapeuta no Gimn\u00e0stic de Tarragona (Equipe Principal), 2021\u20132022  Fisioterapeuta no Futebol de Base (U-7 a U-19), 2022\u20132023  Readaptador Transversal (Futebol \u2013 Handebol), 2023\u20132024  Readaptador no Futebol (U-16 a U-19), 2024\u20132025  4 anos no FC Barcelona","enlace":""}],"imagen_destacada":"https:\/\/static.capabiliaserver.com\/frontend\/clients\/barcanew\/wp_prod\/wp-content\/uploads\/42c06c07-diseno-sin-titulo-3.png","slidebox":false,"titulo_seccion_testimonios":"","url_cursado_webinar":"","activar_hero_video":false,"video_texto":"","enable_linkedin_carousel":false,"activar_banner_1":false,"banner_1":false,"activar_banner_2":false,"banner_2":false,"activar_banner_3":false,"banner_3":false,"activar_nuevos_banners":false,"mostrar_banner_1":false,"crear_banner_1":{"utilizar_imagen_unica_para_banner":false,"asignar_imagen_unica_para_banner":false,"mostrar_titulo_banner":false,"titulo_para_banner":"","mostrar_subtitulo_banner":false,"subtitulo_del_banner":"","mostrar_cta_banner":false,"texto_cta_banner":"","url_cta_banner":"","fondo_de_color_banner":"","fondo_de_imagen_banner":false,"mostrar_imagen_izquierda_banner":false,"asignar_imagen_izquierda_banner":false},"mostrar_banner_2":false,"crear_banner_2":{"utilizar_imagen_unica_para_banner":false,"asignar_imagen_unica_para_banner":false,"mostrar_titulo_banner":false,"titulo_para_banner":"","mostrar_subtitulo_banner":false,"subtitulo_del_banner":"","mostrar_cta_banner":false,"texto_cta_banner":"","url_cta_banner":"","fondo_de_color_banner":"","fondo_de_imagen_banner":false,"mostrar_imagen_izquierda_banner":false,"asignar_imagen_izquierda_banner":false},"mostrar_banner_3":false,"hubspot_product_id":"193228136692","preguntas_frecuentes":false,"contenidistas":false,"pdf_brochure":false,"promocion_vigente":"","avalado_por":false},"yoast_head":"<!-- This site is optimized with the Yoast SEO plugin v23.0 - https:\/\/yoast.com\/wordpress\/plugins\/seo\/ -->\n<title>Treinamento de For\u00e7a na Readapta\u00e7\u00e3o em Esportes Coletivos - Bar\u00e7a Innovation Hub<\/title>\n<meta name=\"robots\" content=\"index, follow, max-snippet:-1, max-image-preview:large, max-video-preview:-1\" \/>\n<link rel=\"canonical\" href=\"https:\/\/elearning.barcainnovationhub.com\/pt\/product\/treinamento-de-forca-na-readaptacao-em-esportes-coletivos\/\" \/>\n<meta property=\"og:locale\" content=\"pt_PT\" \/>\n<meta property=\"og:type\" content=\"article\" \/>\n<meta property=\"og:title\" content=\"Treinamento de For\u00e7a na Readapta\u00e7\u00e3o em Esportes Coletivos - Bar\u00e7a Innovation Hub\" \/>\n<meta property=\"og:description\" content=\"excerpt\" \/>\n<meta property=\"og:url\" content=\"https:\/\/elearning.barcainnovationhub.com\/pt\/product\/treinamento-de-forca-na-readaptacao-em-esportes-coletivos\/\" \/>\n<meta property=\"og:site_name\" content=\"Bar\u00e7a Innovation Hub\" \/>\n<meta property=\"article:publisher\" content=\"https:\/\/www.facebook.com\/fcbuniversitas\" \/>\n<meta property=\"article:modified_time\" content=\"2025-11-07T20:49:25+00:00\" \/>\n<meta name=\"twitter:card\" content=\"summary_large_image\" \/>\n<meta name=\"twitter:site\" content=\"@BarcaInnoHub\" \/>\n<meta name=\"twitter:label1\" content=\"Est. reading time\" \/>\n\t<meta name=\"twitter:data1\" content=\"1 minute\" \/>\n<script type=\"application\/ld+json\" class=\"yoast-schema-graph\">{\"@context\":\"https:\/\/schema.org\",\"@graph\":[{\"@type\":\"WebPage\",\"@id\":\"https:\/\/elearning.barcainnovationhub.com\/pt\/product\/treinamento-de-forca-na-readaptacao-em-esportes-coletivos\/\",\"url\":\"https:\/\/elearning.barcainnovationhub.com\/pt\/product\/treinamento-de-forca-na-readaptacao-em-esportes-coletivos\/\",\"name\":\"Treinamento de For\u00e7a na Readapta\u00e7\u00e3o em Esportes Coletivos - Bar\u00e7a Innovation Hub\",\"isPartOf\":{\"@id\":\"https:\/\/elearning.barcainnovationhub.com\/pt\/#website\"},\"datePublished\":\"2025-08-12T13:14:22+00:00\",\"dateModified\":\"2025-11-07T20:49:25+00:00\",\"breadcrumb\":{\"@id\":\"https:\/\/elearning.barcainnovationhub.com\/pt\/product\/treinamento-de-forca-na-readaptacao-em-esportes-coletivos\/#breadcrumb\"},\"inLanguage\":\"pt\",\"potentialAction\":[{\"@type\":\"ReadAction\",\"target\":[\"https:\/\/elearning.barcainnovationhub.com\/pt\/product\/treinamento-de-forca-na-readaptacao-em-esportes-coletivos\/\"]}]},{\"@type\":\"BreadcrumbList\",\"@id\":\"https:\/\/elearning.barcainnovationhub.com\/pt\/product\/treinamento-de-forca-na-readaptacao-em-esportes-coletivos\/#breadcrumb\",\"itemListElement\":[{\"@type\":\"ListItem\",\"position\":1,\"name\":\"Productos\",\"item\":\"https:\/\/elearning.barcainnovationhub.com\/pt\/product\/\"},{\"@type\":\"ListItem\",\"position\":2,\"name\":\"Treinamento de For\u00e7a na Readapta\u00e7\u00e3o em Esportes Coletivos\"}]},{\"@type\":\"WebSite\",\"@id\":\"https:\/\/elearning.barcainnovationhub.com\/pt\/#website\",\"url\":\"https:\/\/elearning.barcainnovationhub.com\/pt\/\",\"name\":\"Bar\u00e7a Innovation Hub\",\"description\":\"The worldwide centre for sports knowledge and innovation\",\"potentialAction\":[{\"@type\":\"SearchAction\",\"target\":{\"@type\":\"EntryPoint\",\"urlTemplate\":\"https:\/\/elearning.barcainnovationhub.com\/pt\/?s={search_term_string}\"},\"query-input\":\"required name=search_term_string\"}],\"inLanguage\":\"pt\"}]}<\/script>\n<!-- \/ Yoast SEO plugin. -->","yoast_head_json":{"title":"Treinamento de For\u00e7a na Readapta\u00e7\u00e3o em Esportes Coletivos - Bar\u00e7a Innovation Hub","robots":{"index":"index","follow":"follow","max-snippet":"max-snippet:-1","max-image-preview":"max-image-preview:large","max-video-preview":"max-video-preview:-1"},"canonical":"https:\/\/elearning.barcainnovationhub.com\/pt\/product\/treinamento-de-forca-na-readaptacao-em-esportes-coletivos\/","og_locale":"pt_PT","og_type":"article","og_title":"Treinamento de For\u00e7a na Readapta\u00e7\u00e3o em Esportes Coletivos - Bar\u00e7a Innovation Hub","og_description":"excerpt","og_url":"https:\/\/elearning.barcainnovationhub.com\/pt\/product\/treinamento-de-forca-na-readaptacao-em-esportes-coletivos\/","og_site_name":"Bar\u00e7a Innovation Hub","article_publisher":"https:\/\/www.facebook.com\/fcbuniversitas","article_modified_time":"2025-11-07T20:49:25+00:00","twitter_card":"summary_large_image","twitter_site":"@BarcaInnoHub","twitter_misc":{"Est. reading time":"1 minute"},"schema":{"@context":"https:\/\/schema.org","@graph":[{"@type":"WebPage","@id":"https:\/\/elearning.barcainnovationhub.com\/pt\/product\/treinamento-de-forca-na-readaptacao-em-esportes-coletivos\/","url":"https:\/\/elearning.barcainnovationhub.com\/pt\/product\/treinamento-de-forca-na-readaptacao-em-esportes-coletivos\/","name":"Treinamento de For\u00e7a na Readapta\u00e7\u00e3o em Esportes Coletivos - Bar\u00e7a Innovation Hub","isPartOf":{"@id":"https:\/\/elearning.barcainnovationhub.com\/pt\/#website"},"datePublished":"2025-08-12T13:14:22+00:00","dateModified":"2025-11-07T20:49:25+00:00","breadcrumb":{"@id":"https:\/\/elearning.barcainnovationhub.com\/pt\/product\/treinamento-de-forca-na-readaptacao-em-esportes-coletivos\/#breadcrumb"},"inLanguage":"pt","potentialAction":[{"@type":"ReadAction","target":["https:\/\/elearning.barcainnovationhub.com\/pt\/product\/treinamento-de-forca-na-readaptacao-em-esportes-coletivos\/"]}]},{"@type":"BreadcrumbList","@id":"https:\/\/elearning.barcainnovationhub.com\/pt\/product\/treinamento-de-forca-na-readaptacao-em-esportes-coletivos\/#breadcrumb","itemListElement":[{"@type":"ListItem","position":1,"name":"Productos","item":"https:\/\/elearning.barcainnovationhub.com\/pt\/product\/"},{"@type":"ListItem","position":2,"name":"Treinamento de For\u00e7a na Readapta\u00e7\u00e3o em Esportes Coletivos"}]},{"@type":"WebSite","@id":"https:\/\/elearning.barcainnovationhub.com\/pt\/#website","url":"https:\/\/elearning.barcainnovationhub.com\/pt\/","name":"Bar\u00e7a Innovation Hub","description":"The worldwide centre for sports knowledge and innovation","potentialAction":[{"@type":"SearchAction","target":{"@type":"EntryPoint","urlTemplate":"https:\/\/elearning.barcainnovationhub.com\/pt\/?s={search_term_string}"},"query-input":"required name=search_term_string"}],"inLanguage":"pt"}]}},"idiomas":{"en":150284,"es":150289,"ar":150285,"ca":150286,"ru":150288,"pt":150287},"_links":{"self":[{"href":"https:\/\/elearning.barcainnovationhub.com\/pt\/wp-json\/wp\/v2\/products\/150287"}],"collection":[{"href":"https:\/\/elearning.barcainnovationhub.com\/pt\/wp-json\/wp\/v2\/products"}],"about":[{"href":"https:\/\/elearning.barcainnovationhub.com\/pt\/wp-json\/wp\/v2\/types\/product"}],"author":[{"embeddable":true,"href":"https:\/\/elearning.barcainnovationhub.com\/pt\/wp-json\/wp\/v2\/users\/16"}],"replies":[{"embeddable":true,"href":"https:\/\/elearning.barcainnovationhub.com\/pt\/wp-json\/wp\/v2\/comments?post=150287"}],"version-history":[{"count":0,"href":"https:\/\/elearning.barcainnovationhub.com\/pt\/wp-json\/wp\/v2\/products\/150287\/revisions"}],"wp:attachment":[{"href":"https:\/\/elearning.barcainnovationhub.com\/pt\/wp-json\/wp\/v2\/media?parent=150287"}],"wp:term":[{"taxonomy":"category","embeddable":true,"href":"https:\/\/elearning.barcainnovationhub.com\/pt\/wp-json\/wp\/v2\/categories?post=150287"}],"curies":[{"name":"wp","href":"https:\/\/api.w.org\/{rel}","templated":true}]}}