{"id":152364,"date":"2025-12-22T09:48:36","date_gmt":"2025-12-22T12:48:36","guid":{"rendered":"https:\/\/elearning.barcainnovationhub.com\/?post_type=product&#038;p=152364"},"modified":"2026-01-07T10:01:49","modified_gmt":"2026-01-07T13:01:49","slug":"professional-diploma-in-football-scouting-and-talent-analysis","status":"publish","type":"product","link":"https:\/\/elearning.barcainnovationhub.com\/pt\/product\/professional-diploma-in-football-scouting-and-talent-analysis\/","title":{"rendered":"Digital Capacity Management"},"content":{"rendered":"<p>contenido<\/p>\n","protected":false},"excerpt":{"rendered":"<p>excerpt<\/p>\n","protected":false},"author":16,"featured_media":0,"comment_status":"open","ping_status":"closed","template":"","meta":{"_acf_changed":true,"footnotes":""},"categories":[116],"class_list":["post-152364","product","type-product","status-publish","hentry","category-presence-based-programs-pt"],"acf":{"external_id":"100216","titulo_curso":"Digital Capacity Management","precio":"1200","impartido_en":"Spanish","crear_banner_3":{"utilizar_imagen_unica_para_banner":false,"asignar_imagen_unica_para_banner":false,"mostrar_titulo_banner":false,"titulo_para_banner":"","mostrar_subtitulo_banner":false,"subtitulo_del_banner":"","mostrar_cta_banner":false,"texto_cta_banner":"","url_cta_banner":"","fondo_de_color_banner":"","fondo_de_imagen_banner":false,"mostrar_imagen_izquierda_banner":false,"asignar_imagen_izquierda_banner":false},"producto_path":false,"id_magento":"683","column_title":"Professional Diploma in Football Scouting and Talent Analysis","titulo_incentivo":"","fecha_inicio_estatica":"","zona_horaria":"Europe\/Madrid","precio_en_cuotas":"10 monthly 120","precio_de_lista":"","mostrar_form":false,"promocion_vigente":"","duracion_del_curso":"10 monthly","nivel_del_curso":"Advanced","modalidad_cursado":"Online-based","contenido":"<p>The world of scouting is booming. In recent years, there has been a significant increase in its importance due to the growing attention that clubs are paying to the identification and evaluation of talent.<br \/>\nIt is estimated that there are currently thousands of professionals around the world dedicated to scouting, working in elite clubs, youth divisions, and academies.<\/p>\n<p>The figure of the scout is essential for any competitive football team. A scout observes and analyzes players, gathering crucial information for clubs, sporting directors, or academy managers. This analysis may include the assessment of potential signings or the monitoring of players on loan to other teams.<\/p>\n<p>Scouts have an impact at all levels of football \u2014 from youth divisions to elite clubs. They are key figures in player recruitment, providing valuable information that supports market knowledge and decision-making in transfers.<br \/>\nUnderstanding what a scout does and learning the working methodology used by first-division clubs such as FC Barcelona allows anyone interested in professionalizing in this field to learn from the best and achieve outstanding results.<\/p>\n<p>This program aims to introduce students to the world of football scouting. During the course, participants will learn:<\/p>\n<p>What scouting is and the phases of the player recruitment process.<\/p>\n<p>How to plan scouting activities according to different contexts.<\/p>\n<p>Techniques to evaluate players and prepare detailed reports.<\/p>\n<p>By the end of the program, students will acquire comprehensive knowledge and practical skills to begin working as player scouts. The program is designed both for those already working in scouting who want to expand their knowledge, and for newcomers interested in entering the field or learning more about the football world.<\/p>\n","ocultar_video":true,"url_video":"","avalado_por":false,"pdf_brochure":false,"pdf_brochure_link_drive":"","cursos_que_lo_componen":[{"nombre_del_curso":"Fundamentals of Scouting","descripcion_del_curso":"<p>What is scouting?<\/p>\n<p>The role of the scout.<\/p>\n<p>The foundations of scouting.<\/p>\n<p>Scouting: from the present to the future.<\/p>\n"},{"nombre_del_curso":"The Scouting Process","descripcion_del_curso":"<p>Establishing the foundation and player profiles.<\/p>\n<p>Evaluation, monitoring, and validation.<\/p>\n<p>Proposal and negotiation.<\/p>\n<p>Player adaptation.<\/p>\n"},{"nombre_del_curso":"The Scout\u2019s Method","descripcion_del_curso":"<p>Macro planning.<\/p>\n<p>Micro planning.<\/p>\n<p>Player observation.<\/p>\n<p>Player assessment and data collection.<\/p>\n"},{"nombre_del_curso":"Player Evaluation","descripcion_del_curso":"<p>Types and taxonomy of the player\u2019s developmental stages.<\/p>\n<p>Analysis of performance factors based on development stage.<\/p>\n<p>Phases of the talent detection process and analytical methods.<\/p>\n<p>Talent identification.<\/p>\n"},{"nombre_del_curso":"The Report","descripcion_del_curso":"<p>Introduction to the report.<\/p>\n<p>Structure and characteristics of reports.<\/p>\n<p>Writing the report.<\/p>\n<p>Information organization.<\/p>\n"},{"nombre_del_curso":"Complementary Learning Themes","descripcion_del_curso":"<p>Fundamentals, process phases, and planning.<\/p>\n<p>The player and football \u2014 Bernardo<\/p>\n<p>Scouting and the scout \u2014 Didac Vidal<\/p>\n<p>Phases of the scouting process \u2014 Salva<\/p>\n<p>Macro and micro planning \u2014 Miguel \u00c1ngel<\/p>\n"},{"nombre_del_curso":"Observation and Evaluation of the Player \u2014 Bernardo","descripcion_del_curso":"<p>Player observation.<\/p>\n<p>Player evaluation.<\/p>\n<p>Player evaluation by age.<\/p>\n<p>Player evaluation by position.<\/p>\n"},{"nombre_del_curso":"Evaluation with Data and Report Preparation \u2014 Salva","descripcion_del_curso":"<p>Technological tools and applications for the scout\u2019s work.<\/p>\n<p>Player evaluation through data.<\/p>\n<p>Structure and characteristics of reports.<\/p>\n<p>Report preparation.<\/p>\n"},{"nombre_del_curso":"Creating a Club Profile and Evaluation \u2014 Miguel \u00c1ngel","descripcion_del_curso":"<p>Club analysis and definition of needs.<\/p>\n<p>Player profiles.<\/p>\n<p>Creation of a player profile for the club.<\/p>\n<p>Example of creating a player profile.<\/p>\n"},{"nombre_del_curso":"Coordinating a Scouting Department \u2014 Didac Vidal","descripcion_del_curso":"<p>Roles, objectives, and responsibilities.<\/p>\n<p>Organization and department creation.<\/p>\n<p>Daily management of the scouting department.<\/p>\n<p>Information organization and team coordination.<\/p>\n<p>Squad analysis and design.<\/p>\n<p>Relationship with other areas.<\/p>\n"}],"aprende_a":[{"item_aprende_a":"Understand how a scout works and apply key scouting methodologies for successful performance.\r\n\r\nMaster the fundamentals of football scouting.\r\n\r\nUnderstand the methodology and phases of the scouting process.\r\n\r\nPlan the season and weekly work according to context.\r\n\r\nLearn how to evaluate players.\r\n\r\nIdentify different types of reports and learn to write a player report."}],"preguntas_frecuentes":false,"contenidistas":false,"docentes_expertos":[{"foto":"https:\/\/static.capabiliaserver.com\/frontend\/clients\/barcanew\/wp_prod\/wp-content\/uploads\/534245d3-diseno-sin-titulo-1.jpg","nombre_del_docente":"Salva Grau Marqu\u00e9s","descripcion_del_docente":"Salva Grau is a sports professional with solid experience in the development of training projects, management of international academies, and leadership of sports programs. He currently leads the Training and Knowledge area at FC Barcelona, where he drives the global expansion of the Bar\u00e7a methodology.","enlace":""},{"foto":"https:\/\/static.capabiliaserver.com\/frontend\/clients\/barcanew\/wp_prod\/wp-content\/uploads\/f41dff58-diseno-sin-titulo-6.jpg","nombre_del_docente":"Didac Soler","descripcion_del_docente":"FC Barcelona (2015\u2013Present) Coordinator, Youth Scouting Department (2023\u2013present) Assistant Coordinator, Scouting Department (2020\u20132023) Analyst, FC Barcelona Analysis Department (2015\u20132020) Analyst, Catalan Youth National Teams (2013\u20132015) Coach, C.F. Santa B\u00e0rbara (2012\u20132016)","enlace":""},{"foto":"https:\/\/static.capabiliaserver.com\/frontend\/clients\/barcanew\/wp_prod\/wp-content\/uploads\/fc1fbbd4-diseno-sin-titulo-5.jpg","nombre_del_docente":"Didac Vidal Monsech","descripcion_del_docente":"D\u00eddac Vidal Monsech is a professional with strong experience in the financial and sustainability sectors within the sports industry. He is currently part of the FC Barcelona team as Financial Controller in the Strategy and Sustainability area, where he leads key projects related to ESG reporting, budgeting, and financial efficiency.","enlace":""},{"foto":"https:\/\/static.capabiliaserver.com\/frontend\/clients\/barcanew\/wp_prod\/wp-content\/uploads\/db1acefa-diseno-sin-titulo-4.jpg","nombre_del_docente":"Jos\u00e9 Wanceulen Moreno","descripcion_del_docente":"Jos\u00e9 Van Wanceulen is a professional with over 15 years of international experience in the sports industry, specializing in business development, commercial management, and international expansion of sports academies and brands. He currently leads strategic projects at FC Barcelona, where he has been responsible for the global growth of Bar\u00e7a Academy and the development of new markets.","enlace":""},{"foto":"https:\/\/static.capabiliaserver.com\/frontend\/clients\/barcanew\/wp_prod\/wp-content\/uploads\/dea88771-diseno-sin-titulo-2.jpg","nombre_del_docente":"Miguel \u00c1ngel Catal\u00e1n L\u00e1zaro","descripcion_del_docente":"Scout at FC Barcelona since 2015, he previously worked for a decade as a youth team coach at Real Zaragoza, where he also served as school coordinator and international head of the club's Foundation.","enlace":""}],"imagen_destacada":"https:\/\/static.capabiliaserver.com\/frontend\/clients\/barcanew\/wp_prod\/wp-content\/uploads\/79603ea9-diseno-sin-titulo-7.jpg","slidebox":false,"titulo_seccion_testimonios":"","url_cursado_webinar":"","activar_hero_video":false,"video_texto":"","enable_linkedin_carousel":false,"header_image":152475},"yoast_head":"<!-- This site is optimized with the Yoast SEO plugin v23.0 - https:\/\/yoast.com\/wordpress\/plugins\/seo\/ -->\n<title>Digital Capacity Management - Bar\u00e7a Innovation Hub<\/title>\n<meta name=\"robots\" content=\"index, follow, max-snippet:-1, max-image-preview:large, max-video-preview:-1\" \/>\n<link rel=\"canonical\" href=\"https:\/\/elearning.barcainnovationhub.com\/pt\/product\/professional-diploma-in-football-scouting-and-talent-analysis\/\" \/>\n<meta property=\"og:locale\" content=\"pt_PT\" \/>\n<meta property=\"og:type\" content=\"article\" \/>\n<meta property=\"og:title\" content=\"Digital Capacity Management - Bar\u00e7a Innovation Hub\" \/>\n<meta property=\"og:description\" content=\"excerpt\" \/>\n<meta property=\"og:url\" content=\"https:\/\/elearning.barcainnovationhub.com\/pt\/product\/professional-diploma-in-football-scouting-and-talent-analysis\/\" \/>\n<meta property=\"og:site_name\" content=\"Bar\u00e7a Innovation Hub\" \/>\n<meta property=\"article:publisher\" content=\"https:\/\/www.facebook.com\/fcbuniversitas\" \/>\n<meta property=\"article:modified_time\" content=\"2026-01-07T13:01:49+00:00\" \/>\n<meta name=\"twitter:card\" content=\"summary_large_image\" \/>\n<meta name=\"twitter:site\" content=\"@BarcaInnoHub\" \/>\n<meta name=\"twitter:label1\" content=\"Est. reading time\" \/>\n\t<meta name=\"twitter:data1\" content=\"1 minute\" \/>\n<script type=\"application\/ld+json\" class=\"yoast-schema-graph\">{\"@context\":\"https:\/\/schema.org\",\"@graph\":[{\"@type\":\"WebPage\",\"@id\":\"https:\/\/elearning.barcainnovationhub.com\/pt\/product\/professional-diploma-in-football-scouting-and-talent-analysis\/\",\"url\":\"https:\/\/elearning.barcainnovationhub.com\/pt\/product\/professional-diploma-in-football-scouting-and-talent-analysis\/\",\"name\":\"Digital Capacity Management - Bar\u00e7a Innovation Hub\",\"isPartOf\":{\"@id\":\"https:\/\/elearning.barcainnovationhub.com\/pt\/#website\"},\"datePublished\":\"2025-12-22T12:48:36+00:00\",\"dateModified\":\"2026-01-07T13:01:49+00:00\",\"breadcrumb\":{\"@id\":\"https:\/\/elearning.barcainnovationhub.com\/pt\/product\/professional-diploma-in-football-scouting-and-talent-analysis\/#breadcrumb\"},\"inLanguage\":\"pt\",\"potentialAction\":[{\"@type\":\"ReadAction\",\"target\":[\"https:\/\/elearning.barcainnovationhub.com\/pt\/product\/professional-diploma-in-football-scouting-and-talent-analysis\/\"]}]},{\"@type\":\"BreadcrumbList\",\"@id\":\"https:\/\/elearning.barcainnovationhub.com\/pt\/product\/professional-diploma-in-football-scouting-and-talent-analysis\/#breadcrumb\",\"itemListElement\":[{\"@type\":\"ListItem\",\"position\":1,\"name\":\"Productos\",\"item\":\"https:\/\/elearning.barcainnovationhub.com\/pt\/product\/\"},{\"@type\":\"ListItem\",\"position\":2,\"name\":\"Digital Capacity Management\"}]},{\"@type\":\"WebSite\",\"@id\":\"https:\/\/elearning.barcainnovationhub.com\/pt\/#website\",\"url\":\"https:\/\/elearning.barcainnovationhub.com\/pt\/\",\"name\":\"Bar\u00e7a Innovation Hub\",\"description\":\"The worldwide centre for sports knowledge and innovation\",\"potentialAction\":[{\"@type\":\"SearchAction\",\"target\":{\"@type\":\"EntryPoint\",\"urlTemplate\":\"https:\/\/elearning.barcainnovationhub.com\/pt\/?s={search_term_string}\"},\"query-input\":\"required name=search_term_string\"}],\"inLanguage\":\"pt\"}]}<\/script>\n<!-- \/ Yoast SEO plugin. -->","yoast_head_json":{"title":"Digital Capacity Management - Bar\u00e7a Innovation Hub","robots":{"index":"index","follow":"follow","max-snippet":"max-snippet:-1","max-image-preview":"max-image-preview:large","max-video-preview":"max-video-preview:-1"},"canonical":"https:\/\/elearning.barcainnovationhub.com\/pt\/product\/professional-diploma-in-football-scouting-and-talent-analysis\/","og_locale":"pt_PT","og_type":"article","og_title":"Digital Capacity Management - Bar\u00e7a Innovation Hub","og_description":"excerpt","og_url":"https:\/\/elearning.barcainnovationhub.com\/pt\/product\/professional-diploma-in-football-scouting-and-talent-analysis\/","og_site_name":"Bar\u00e7a Innovation Hub","article_publisher":"https:\/\/www.facebook.com\/fcbuniversitas","article_modified_time":"2026-01-07T13:01:49+00:00","twitter_card":"summary_large_image","twitter_site":"@BarcaInnoHub","twitter_misc":{"Est. reading time":"1 minute"},"schema":{"@context":"https:\/\/schema.org","@graph":[{"@type":"WebPage","@id":"https:\/\/elearning.barcainnovationhub.com\/pt\/product\/professional-diploma-in-football-scouting-and-talent-analysis\/","url":"https:\/\/elearning.barcainnovationhub.com\/pt\/product\/professional-diploma-in-football-scouting-and-talent-analysis\/","name":"Digital Capacity Management - Bar\u00e7a Innovation Hub","isPartOf":{"@id":"https:\/\/elearning.barcainnovationhub.com\/pt\/#website"},"datePublished":"2025-12-22T12:48:36+00:00","dateModified":"2026-01-07T13:01:49+00:00","breadcrumb":{"@id":"https:\/\/elearning.barcainnovationhub.com\/pt\/product\/professional-diploma-in-football-scouting-and-talent-analysis\/#breadcrumb"},"inLanguage":"pt","potentialAction":[{"@type":"ReadAction","target":["https:\/\/elearning.barcainnovationhub.com\/pt\/product\/professional-diploma-in-football-scouting-and-talent-analysis\/"]}]},{"@type":"BreadcrumbList","@id":"https:\/\/elearning.barcainnovationhub.com\/pt\/product\/professional-diploma-in-football-scouting-and-talent-analysis\/#breadcrumb","itemListElement":[{"@type":"ListItem","position":1,"name":"Productos","item":"https:\/\/elearning.barcainnovationhub.com\/pt\/product\/"},{"@type":"ListItem","position":2,"name":"Digital Capacity Management"}]},{"@type":"WebSite","@id":"https:\/\/elearning.barcainnovationhub.com\/pt\/#website","url":"https:\/\/elearning.barcainnovationhub.com\/pt\/","name":"Bar\u00e7a Innovation Hub","description":"The worldwide centre for sports knowledge and innovation","potentialAction":[{"@type":"SearchAction","target":{"@type":"EntryPoint","urlTemplate":"https:\/\/elearning.barcainnovationhub.com\/pt\/?s={search_term_string}"},"query-input":"required name=search_term_string"}],"inLanguage":"pt"}]}},"idiomas":{"en":152364,"es":152366,"ar":152362,"ca":152363,"ru":152365,"pt":152364},"_links":{"self":[{"href":"https:\/\/elearning.barcainnovationhub.com\/pt\/wp-json\/wp\/v2\/products\/152364"}],"collection":[{"href":"https:\/\/elearning.barcainnovationhub.com\/pt\/wp-json\/wp\/v2\/products"}],"about":[{"href":"https:\/\/elearning.barcainnovationhub.com\/pt\/wp-json\/wp\/v2\/types\/product"}],"author":[{"embeddable":true,"href":"https:\/\/elearning.barcainnovationhub.com\/pt\/wp-json\/wp\/v2\/users\/16"}],"replies":[{"embeddable":true,"href":"https:\/\/elearning.barcainnovationhub.com\/pt\/wp-json\/wp\/v2\/comments?post=152364"}],"version-history":[{"count":0,"href":"https:\/\/elearning.barcainnovationhub.com\/pt\/wp-json\/wp\/v2\/products\/152364\/revisions"}],"wp:attachment":[{"href":"https:\/\/elearning.barcainnovationhub.com\/pt\/wp-json\/wp\/v2\/media?parent=152364"}],"wp:term":[{"taxonomy":"category","embeddable":true,"href":"https:\/\/elearning.barcainnovationhub.com\/pt\/wp-json\/wp\/v2\/categories?post=152364"}],"curies":[{"name":"wp","href":"https:\/\/api.w.org\/{rel}","templated":true}]}}