{"id":152533,"date":"2025-12-22T09:48:36","date_gmt":"2025-12-22T12:48:36","guid":{"rendered":"https:\/\/elearning.barcainnovationhub.com\/product\/digital-capacity-management\/"},"modified":"2026-01-09T14:04:52","modified_gmt":"2026-01-09T17:04:52","slug":"gestao-de-capacidades-digitais","status":"publish","type":"product","link":"https:\/\/elearning.barcainnovationhub.com\/pt\/product\/gestao-de-capacidades-digitais\/","title":{"rendered":"Gest\u00e3o de Capacidades Digitais"},"content":{"rendered":"<p>contenido<\/p>\n","protected":false},"excerpt":{"rendered":"<p>excerpt<\/p>\n","protected":false},"author":16,"featured_media":0,"comment_status":"open","ping_status":"closed","template":"","meta":{"_acf_changed":true,"footnotes":""},"categories":[116],"class_list":["post-152533","product","type-product","status-publish","hentry","category-presence-based-programs-pt"],"acf":{"external_id":"100216","titulo_curso":"Digital Capacity Management","precio":"200","impartido_en":"Spanish","crear_banner_3":{"utilizar_imagen_unica_para_banner":false,"asignar_imagen_unica_para_banner":false,"mostrar_titulo_banner":false,"titulo_para_banner":"","mostrar_subtitulo_banner":false,"subtitulo_del_banner":"","mostrar_cta_banner":false,"texto_cta_banner":"","url_cta_banner":"","fondo_de_color_banner":"","fondo_de_imagen_banner":false,"mostrar_imagen_izquierda_banner":false,"asignar_imagen_izquierda_banner":false},"producto_path":false,"id_magento":"683","column_title":"Gest\u00e3o de Capacidades Digitais","titulo_incentivo":"","fecha_inicio_estatica":"","zona_horaria":"Europe\/Madrid","precio_en_cuotas":"","precio_de_lista":"","mostrar_form":false,"duracion_del_curso":"1 mes","nivel_del_curso":"introdut\u00f3rio","modalidad_cursado":"Online","contenido":"<p>A ind\u00fastria do esporte atravessa uma profunda transforma\u00e7\u00e3o impulsionada pela digitaliza\u00e7\u00e3o, pela conectividade e pela crescente demanda por experi\u00eancias mais seguras, personalizadas e imersivas por parte dos torcedores. Nesse contexto, os Smart Stadiums, ou est\u00e1dios inteligentes, consolidam-se como um elemento estrat\u00e9gico na moderniza\u00e7\u00e3o do ecossistema esportivo, integrando tecnologia, gest\u00e3o eficiente e uma vis\u00e3o orientada ao usu\u00e1rio.<\/p>\n<p>O curso tem como objetivo oferecer aos participantes uma compreens\u00e3o abrangente das estrat\u00e9gias de controle de capacidade e gest\u00e3o de espa\u00e7os em arenas esportivas, analisando os processos que garantem seguran\u00e7a, efici\u00eancia e sustentabilidade operacional. Al\u00e9m disso, ser\u00e3o abordadas as tecnologias imersivas que est\u00e3o redefinindo a experi\u00eancia do espectador, como a realidade aumentada, a conectividade 5G, a an\u00e1lise de dados e os sistemas de automa\u00e7\u00e3o, que possibilitam uma intera\u00e7\u00e3o mais fluida entre clubes, marcas e torcedores.<\/p>\n<p>A proposta tamb\u00e9m busca compreender a transforma\u00e7\u00e3o digital dos est\u00e1dios como parte de um modelo de gest\u00e3o inteligente, no qual convergem inova\u00e7\u00e3o tecnol\u00f3gica, planejamento estrat\u00e9gico e experi\u00eancia do usu\u00e1rio. Dessa forma, os participantes poder\u00e3o identificar oportunidades para aplicar solu\u00e7\u00f5es inteligentes no planejamento, no design, na opera\u00e7\u00e3o e na comunica\u00e7\u00e3o dentro de recintos esportivos, fortalecendo sua capacidade de liderar projetos de moderniza\u00e7\u00e3o no setor esportivo.<\/p>\n<p>Em s\u00edntese, este curso de um m\u00eas constitui uma oportunidade \u00fanica para adquirir ferramentas atuais sobre a evolu\u00e7\u00e3o dos est\u00e1dios inteligentes, combinando a perspectiva tecnol\u00f3gica com a experi\u00eancia do torcedor, a gest\u00e3o de capacidade e a efici\u00eancia operacional, em um ambiente cada vez mais competitivo e digitalizado.<\/p>\n","ocultar_video":true,"url_video":"","pdf_brochure_link_drive":"https:\/\/drive.google.com\/file\/d\/1WsVa9DccnH_EvS_CfW0QSzUQmrPqPrt9\/view?usp=sharing","cursos_que_lo_componen":[{"nombre_del_curso":"Gest\u00e3o de Capacidade","descripcion_del_curso":"<p>M\u00f3dulo 1: Estrat\u00e9gia de Capacidade em Est\u00e1dios<br \/>\nM\u00f3dulo 2: Gest\u00e3o de Capacidade<br \/>\nM\u00f3dulo 3: Experi\u00eancia Imersiva do Torcedor<br \/>\nM\u00f3dulo 4: Est\u00e1dios Inteligentes<\/p>\n"}],"aprende_a":[{"item_aprende_a":"O participante ser\u00e1 capaz de conceber, analisar e propor estrat\u00e9gias de gest\u00e3o e transforma\u00e7\u00e3o digital em recintos esportivos inteligentes, integrando tecnologias emergentes, modelos de gest\u00e3o de capacidade e ferramentas de experi\u00eancia imersiva para otimizar a opera\u00e7\u00e3o, a seguran\u00e7a e a intera\u00e7\u00e3o com o p\u00fablico nos est\u00e1dios."}],"docentes_expertos":[{"foto":"https:\/\/static.capabiliaserver.com\/frontend\/clients\/barcanew\/wp_prod\/wp-content\/uploads\/1dbb537d-3.png","nombre_del_docente":"Jose Luis Beltran Andreu","descripcion_del_docente":"Respons\u00e1vel pela PMO de Neg\u00f3cios de Instala\u00e7\u00f5es no FC Barcelona","enlace":""},{"foto":"https:\/\/static.capabiliaserver.com\/frontend\/clients\/barcanew\/wp_prod\/wp-content\/uploads\/1bfa0da4-2.png","nombre_del_docente":"Octavi Tarr\u00e9s","descripcion_del_docente":"Gerente de Desenvolvimento de Neg\u00f3cios e Parcerias no FC Barcelona \u2013 Departamento de Receitas do Est\u00e1dio","enlace":""},{"foto":"https:\/\/static.capabiliaserver.com\/frontend\/clients\/barcanew\/wp_prod\/wp-content\/uploads\/2db4b9e8-1.png","nombre_del_docente":"Rosana Rivera Villegas","descripcion_del_docente":"Head de Desenvolvimento de Produtos Digitais  FC Barcelona","enlace":""}],"imagen_destacada":"https:\/\/static.capabiliaserver.com\/frontend\/clients\/barcanew\/wp_prod\/wp-content\/uploads\/ffe283d3-diseno-sin-titulo-5.png","slidebox":false,"titulo_seccion_testimonios":"","url_cursado_webinar":"","activar_hero_video":false,"video_texto":"","enable_linkedin_carousel":false,"header_image":152549,"hubspot_product_id":"344046397688","fecha_de_inicio":"10012026","activar_banner_1":false,"banner_1":false,"activar_banner_2":false,"banner_2":false,"activar_banner_3":false,"banner_3":false,"activar_nuevos_banners":false,"mostrar_banner_1":false,"crear_banner_1":{"utilizar_imagen_unica_para_banner":false,"asignar_imagen_unica_para_banner":false,"mostrar_titulo_banner":false,"titulo_para_banner":"","mostrar_subtitulo_banner":false,"subtitulo_del_banner":"","mostrar_cta_banner":false,"texto_cta_banner":"","url_cta_banner":"","fondo_de_color_banner":"","fondo_de_imagen_banner":false,"mostrar_imagen_izquierda_banner":false,"asignar_imagen_izquierda_banner":false},"mostrar_banner_2":false,"crear_banner_2":{"utilizar_imagen_unica_para_banner":false,"asignar_imagen_unica_para_banner":false,"mostrar_titulo_banner":false,"titulo_para_banner":"","mostrar_subtitulo_banner":false,"subtitulo_del_banner":"","mostrar_cta_banner":false,"texto_cta_banner":"","url_cta_banner":"","fondo_de_color_banner":"","fondo_de_imagen_banner":false,"mostrar_imagen_izquierda_banner":false,"asignar_imagen_izquierda_banner":false},"mostrar_banner_3":false,"preguntas_frecuentes":false,"contenidistas":false,"pdf_brochure":false,"promocion_vigente":"","avalado_por":false},"yoast_head":"<!-- This site is optimized with the Yoast SEO plugin v23.0 - https:\/\/yoast.com\/wordpress\/plugins\/seo\/ -->\n<title>Gest\u00e3o de Capacidades Digitais - Bar\u00e7a Innovation Hub<\/title>\n<meta name=\"robots\" content=\"index, follow, max-snippet:-1, max-image-preview:large, max-video-preview:-1\" \/>\n<link rel=\"canonical\" href=\"https:\/\/elearning.barcainnovationhub.com\/pt\/product\/gestao-de-capacidades-digitais\/\" \/>\n<meta property=\"og:locale\" content=\"pt_PT\" \/>\n<meta property=\"og:type\" content=\"article\" \/>\n<meta property=\"og:title\" content=\"Gest\u00e3o de Capacidades Digitais - Bar\u00e7a Innovation Hub\" \/>\n<meta property=\"og:description\" content=\"excerpt\" \/>\n<meta property=\"og:url\" content=\"https:\/\/elearning.barcainnovationhub.com\/pt\/product\/gestao-de-capacidades-digitais\/\" \/>\n<meta property=\"og:site_name\" content=\"Bar\u00e7a Innovation Hub\" \/>\n<meta property=\"article:publisher\" content=\"https:\/\/www.facebook.com\/fcbuniversitas\" \/>\n<meta property=\"article:modified_time\" content=\"2026-01-09T17:04:52+00:00\" \/>\n<meta name=\"twitter:card\" content=\"summary_large_image\" \/>\n<meta name=\"twitter:site\" content=\"@BarcaInnoHub\" \/>\n<meta name=\"twitter:label1\" content=\"Est. reading time\" \/>\n\t<meta name=\"twitter:data1\" content=\"1 minute\" \/>\n<script type=\"application\/ld+json\" class=\"yoast-schema-graph\">{\"@context\":\"https:\/\/schema.org\",\"@graph\":[{\"@type\":\"WebPage\",\"@id\":\"https:\/\/elearning.barcainnovationhub.com\/pt\/product\/gestao-de-capacidades-digitais\/\",\"url\":\"https:\/\/elearning.barcainnovationhub.com\/pt\/product\/gestao-de-capacidades-digitais\/\",\"name\":\"Gest\u00e3o de Capacidades Digitais - Bar\u00e7a Innovation Hub\",\"isPartOf\":{\"@id\":\"https:\/\/elearning.barcainnovationhub.com\/pt\/#website\"},\"datePublished\":\"2025-12-22T12:48:36+00:00\",\"dateModified\":\"2026-01-09T17:04:52+00:00\",\"breadcrumb\":{\"@id\":\"https:\/\/elearning.barcainnovationhub.com\/pt\/product\/gestao-de-capacidades-digitais\/#breadcrumb\"},\"inLanguage\":\"pt\",\"potentialAction\":[{\"@type\":\"ReadAction\",\"target\":[\"https:\/\/elearning.barcainnovationhub.com\/pt\/product\/gestao-de-capacidades-digitais\/\"]}]},{\"@type\":\"BreadcrumbList\",\"@id\":\"https:\/\/elearning.barcainnovationhub.com\/pt\/product\/gestao-de-capacidades-digitais\/#breadcrumb\",\"itemListElement\":[{\"@type\":\"ListItem\",\"position\":1,\"name\":\"Productos\",\"item\":\"https:\/\/elearning.barcainnovationhub.com\/pt\/product\/\"},{\"@type\":\"ListItem\",\"position\":2,\"name\":\"Gest\u00e3o de Capacidades Digitais\"}]},{\"@type\":\"WebSite\",\"@id\":\"https:\/\/elearning.barcainnovationhub.com\/pt\/#website\",\"url\":\"https:\/\/elearning.barcainnovationhub.com\/pt\/\",\"name\":\"Bar\u00e7a Innovation Hub\",\"description\":\"The worldwide centre for sports knowledge and innovation\",\"potentialAction\":[{\"@type\":\"SearchAction\",\"target\":{\"@type\":\"EntryPoint\",\"urlTemplate\":\"https:\/\/elearning.barcainnovationhub.com\/pt\/?s={search_term_string}\"},\"query-input\":\"required name=search_term_string\"}],\"inLanguage\":\"pt\"}]}<\/script>\n<!-- \/ Yoast SEO plugin. -->","yoast_head_json":{"title":"Gest\u00e3o de Capacidades Digitais - Bar\u00e7a Innovation Hub","robots":{"index":"index","follow":"follow","max-snippet":"max-snippet:-1","max-image-preview":"max-image-preview:large","max-video-preview":"max-video-preview:-1"},"canonical":"https:\/\/elearning.barcainnovationhub.com\/pt\/product\/gestao-de-capacidades-digitais\/","og_locale":"pt_PT","og_type":"article","og_title":"Gest\u00e3o de Capacidades Digitais - Bar\u00e7a Innovation Hub","og_description":"excerpt","og_url":"https:\/\/elearning.barcainnovationhub.com\/pt\/product\/gestao-de-capacidades-digitais\/","og_site_name":"Bar\u00e7a Innovation Hub","article_publisher":"https:\/\/www.facebook.com\/fcbuniversitas","article_modified_time":"2026-01-09T17:04:52+00:00","twitter_card":"summary_large_image","twitter_site":"@BarcaInnoHub","twitter_misc":{"Est. reading time":"1 minute"},"schema":{"@context":"https:\/\/schema.org","@graph":[{"@type":"WebPage","@id":"https:\/\/elearning.barcainnovationhub.com\/pt\/product\/gestao-de-capacidades-digitais\/","url":"https:\/\/elearning.barcainnovationhub.com\/pt\/product\/gestao-de-capacidades-digitais\/","name":"Gest\u00e3o de Capacidades Digitais - Bar\u00e7a Innovation Hub","isPartOf":{"@id":"https:\/\/elearning.barcainnovationhub.com\/pt\/#website"},"datePublished":"2025-12-22T12:48:36+00:00","dateModified":"2026-01-09T17:04:52+00:00","breadcrumb":{"@id":"https:\/\/elearning.barcainnovationhub.com\/pt\/product\/gestao-de-capacidades-digitais\/#breadcrumb"},"inLanguage":"pt","potentialAction":[{"@type":"ReadAction","target":["https:\/\/elearning.barcainnovationhub.com\/pt\/product\/gestao-de-capacidades-digitais\/"]}]},{"@type":"BreadcrumbList","@id":"https:\/\/elearning.barcainnovationhub.com\/pt\/product\/gestao-de-capacidades-digitais\/#breadcrumb","itemListElement":[{"@type":"ListItem","position":1,"name":"Productos","item":"https:\/\/elearning.barcainnovationhub.com\/pt\/product\/"},{"@type":"ListItem","position":2,"name":"Gest\u00e3o de Capacidades Digitais"}]},{"@type":"WebSite","@id":"https:\/\/elearning.barcainnovationhub.com\/pt\/#website","url":"https:\/\/elearning.barcainnovationhub.com\/pt\/","name":"Bar\u00e7a Innovation Hub","description":"The worldwide centre for sports knowledge and innovation","potentialAction":[{"@type":"SearchAction","target":{"@type":"EntryPoint","urlTemplate":"https:\/\/elearning.barcainnovationhub.com\/pt\/?s={search_term_string}"},"query-input":"required name=search_term_string"}],"inLanguage":"pt"}]}},"idiomas":{"en":152361,"es":152535,"ar":152531,"ca":152532,"ru":152534,"pt":152533},"_links":{"self":[{"href":"https:\/\/elearning.barcainnovationhub.com\/pt\/wp-json\/wp\/v2\/products\/152533"}],"collection":[{"href":"https:\/\/elearning.barcainnovationhub.com\/pt\/wp-json\/wp\/v2\/products"}],"about":[{"href":"https:\/\/elearning.barcainnovationhub.com\/pt\/wp-json\/wp\/v2\/types\/product"}],"author":[{"embeddable":true,"href":"https:\/\/elearning.barcainnovationhub.com\/pt\/wp-json\/wp\/v2\/users\/16"}],"replies":[{"embeddable":true,"href":"https:\/\/elearning.barcainnovationhub.com\/pt\/wp-json\/wp\/v2\/comments?post=152533"}],"version-history":[{"count":0,"href":"https:\/\/elearning.barcainnovationhub.com\/pt\/wp-json\/wp\/v2\/products\/152533\/revisions"}],"wp:attachment":[{"href":"https:\/\/elearning.barcainnovationhub.com\/pt\/wp-json\/wp\/v2\/media?parent=152533"}],"wp:term":[{"taxonomy":"category","embeddable":true,"href":"https:\/\/elearning.barcainnovationhub.com\/pt\/wp-json\/wp\/v2\/categories?post=152533"}],"curies":[{"name":"wp","href":"https:\/\/api.w.org\/{rel}","templated":true}]}}