{"id":15924,"date":"2019-04-08T11:34:46","date_gmt":"2019-04-08T14:34:46","guid":{"rendered":"https:\/\/elearning.barcainnovationhub.com\/?post_type=product&#038;p=15924"},"modified":"2025-11-10T17:54:44","modified_gmt":"2025-11-10T20:54:44","slug":"certificado-nutricao-desportiva-futebol","status":"publish","type":"product","link":"https:\/\/elearning.barcainnovationhub.com\/pt\/product\/certificado-nutricao-desportiva-futebol\/","title":{"rendered":"Certificado em Nutri\u00e7\u00e3o Desportiva no Futebol"},"content":{"rendered":"<p>contenido<\/p>\n\n\n<p><\/p>\n","protected":false},"excerpt":{"rendered":"<p>excerpt<\/p>\n","protected":false},"author":16,"featured_media":0,"comment_status":"open","ping_status":"closed","template":"","meta":{"_acf_changed":true,"footnotes":""},"categories":[291,202,234,231,199,109,113,44],"class_list":["post-15924","product","type-product","status-publish","hentry","category-barca-innovation-hub-3-pt","category-football","category-futebol","category-nutricao","category-nutrition","category-online-based-programs","category-online-based-programs-pt","category-salud-y-bienestar-pt"],"acf":{"external_id":"2413","titulo_curso":"Certificate in Sports Nutrition for Football","precio":"625","impartido_en":"Portugues","hubspot_product_id":"37598496989","header_image":149936,"column_title":"","titulo_incentivo":"Certificado em Nutri\u00e7\u00e3o Desportiva no Futebol","fecha_de_inicio":"10062021","precio_en_cuotas":"4 parcelas de 156,25","precio_de_lista":"","mostrar_form":false,"duracion_del_curso":"4 meses","nivel_del_curso":"avan\u00e7ado","contenido":"<p>No Futbol Club Barcelona (FCB) e no Gatorade Sports Science Institute (GSSI) acreditamos que \u00e9 essencial uma nutri\u00e7\u00e3o correta para a promo\u00e7\u00e3o da sa\u00fade e do desempenho dos jogadores. Uma maior compreens\u00e3o das exig\u00eancias f\u00edsicas do futebol permitiu uma abordagem mais cient\u00edfica sobre o treino\/prepara\u00e7\u00e3o do jogo e a manipula\u00e7\u00e3o da ingest\u00e3o de macronutrientes na promo\u00e7\u00e3o do treino, desempenho e recupera\u00e7\u00e3o no dia do jogo.<\/p>\n<p>O objetivo do Certificado \u00e9 ensinar os princ\u00edpios fundamentais da nutri\u00e7\u00e3o no futebol. Cada m\u00f3dulo sintetizar\u00e1 os t\u00f3picos fundamentais da nutri\u00e7\u00e3o desportiva com base em pesquisas revistas por colegas, artigos de revis\u00e3o e declara\u00e7\u00f5es de consenso elaboradas por especialistas. O curso fornece uma experi\u00eancia de aprendizagem abrangente que n\u00e3o dir\u00e1 ao candidato apenas como implementar estrat\u00e9gias de nutri\u00e7\u00e3o desportiva, mas que tamb\u00e9m garantir\u00e1 que entendem a import\u00e2ncia da nutri\u00e7\u00e3o.<\/p>\n<p>Fornecendo uma abordagem baseada em dados da nutri\u00e7\u00e3o desportiva, permite uma mensagem consistente em rela\u00e7\u00e3o \u00e0 educa\u00e7\u00e3o nutricional, que por sua vez est\u00e1 presente na pr\u00e1tica. Isto \u00e9 algo pelo qual o FCB e o GSSI t\u00eam sido parceiros nos \u00faltimos 5 anos. O Certificado em Nutri\u00e7\u00e3o Desportiva no Futebol fornece agora uma plataforma para compartilhar o aprendizado com a comunidade global do futebol.<\/p>\n","ocultar_video":true,"url_video":"https:\/\/www.youtube.com\/embed\/_kz_jykHjkI","pdf_brochure":"https:\/\/static.capabiliaserver.com\/frontend\/clients\/barcanew\/wp_prod\/wp-content\/uploads\/64c78069-certificado-em-nutricao-desportiva-no-futebol.pdf","cursos_que_lo_componen":[{"nombre_del_curso":" Introdu\u00e7\u00e3o ao Metabolismo e \u00e0 Nutri\u00e7\u00e3o no Futebol","descripcion_del_curso":"<p>M\u00f3dulo 1: Demandas f\u00edsicas e resposta fisiol\u00f3gica ao futebol<br \/>\nM\u00f3dulo 2: Introdu\u00e7\u00e3o ao metabolismo e \u00e0 nutri\u00e7\u00e3o no futebol<br \/>\nM\u00f3dulo 3: Equil\u00edbrio energ\u00e9tico e gest\u00e3o f\u00edsica no futebol<br \/>\nM\u00f3dulo 4: Nutri\u00e7\u00e3o esportiva para o treinamento e partidas de futebol<\/p>\n"},{"nombre_del_curso":"Macronutrientes e L\u00edquidos no Futebol","descripcion_del_curso":"<p>M\u00f3dulo 1: O papel dos carboidratos na dieta dos jogadores<br \/>\nM\u00f3dulo 2: O papel das prote\u00ednas na dieta dos jogadores<br \/>\nM\u00f3dulo 3: O papel das gorduras na dieta dos jogadores<br \/>\nM\u00f3dulo 4: Requisitos de l\u00edquidos no futebol<\/p>\n"},{"nombre_del_curso":"Considera\u00e7\u00f5es Nutricionais no Futebol","descripcion_del_curso":"<p>M\u00f3dulo 1: Necessidades de micronutrientes no futebol<br \/>\nM\u00f3dulo 2: Suplementa\u00e7\u00e3o diet\u00e9tica no futebol<br \/>\nM\u00f3dulo 3: Nutri\u00e7\u00e3o esportiva para o futebol em ambientes extremos<br \/>\nM\u00f3dulo 4: Nutri\u00e7\u00e3o esportiva para o futebol feminino e academias<\/p>\n"},{"nombre_del_curso":"Habilidades em Nutri\u00e7\u00e3o para o Futebol","descripcion_del_curso":"<p>M\u00f3dulo 1: Nutri\u00e7\u00e3o esportiva para o bem-estar e o sono do jogador<br \/>\nM\u00f3dulo 2: Nutri\u00e7\u00e3o esportiva para a recupera\u00e7\u00e3o de jogadores lesionados<br \/>\nM\u00f3dulo 3: Cozinha de alto desempenho e dietas no futebol<br \/>\nM\u00f3dulo 4: Desenvolvimento cont\u00ednuo do nutricionista esportivo no futebol<\/p>\n"}],"aprende_a":[{"item_aprende_a":"Dominar os princ\u00edpios b\u00e1sicos da nutri\u00e7\u00e3o no futebol"},{"item_aprende_a":"Compreender o papel dos macronutrientes no desempenho do futebol"},{"item_aprende_a":"Identificar necessidades de fluidos e requisitos de micronutrientes para o futebol"},{"item_aprende_a":"Implementar usos e melhores pr\u00e1ticas de suplementa\u00e7\u00e3o diet\u00e9tica para futebol"}],"docentes_expertos":[{"foto":"https:\/\/static.capabiliaserver.com\/frontend\/clients\/barcanew\/wp_prod\/wp-content\/uploads\/bb52e6f4-diseno-sin-titulo.png","nombre_del_docente":"Ian Rollo","descripcion_del_docente":"Cientista principal do Gatorade Sports Science Institute. Investigador visitante, Loughborough University no Reino Unido. Fisiologista de exerc\u00edcio, nutricionista desportivo (SENr).","enlace":""}],"id_magento":"274","producto_path":false,"titulo_seccion_testimonios":"","activar_banner_1":false,"banner_1":false,"activar_banner_2":false,"banner_2":false,"activar_banner_3":false,"banner_3":false,"segunda_fecha_de_inicio":"25062024","zona_horaria":"Europe\/Madrid","activar_nuevos_banners":false,"mostrar_banner_1":false,"crear_banner_1":{"utilizar_imagen_unica_para_banner":false,"asignar_imagen_unica_para_banner":false,"mostrar_titulo_banner":false,"titulo_para_banner":"","mostrar_subtitulo_banner":false,"subtitulo_del_banner":"","mostrar_cta_banner":false,"texto_cta_banner":"","url_cta_banner":"","fondo_de_color_banner":"","fondo_de_imagen_banner":false,"mostrar_imagen_izquierda_banner":false,"asignar_imagen_izquierda_banner":false},"mostrar_banner_2":false,"crear_banner_2":{"utilizar_imagen_unica_para_banner":false,"asignar_imagen_unica_para_banner":false,"mostrar_titulo_banner":false,"titulo_para_banner":"","mostrar_subtitulo_banner":false,"subtitulo_del_banner":"","mostrar_cta_banner":false,"texto_cta_banner":"","url_cta_banner":"","fondo_de_color_banner":"","fondo_de_imagen_banner":false,"mostrar_imagen_izquierda_banner":false,"asignar_imagen_izquierda_banner":false},"mostrar_banner_3":false,"crear_banner_3":{"utilizar_imagen_unica_para_banner":false,"asignar_imagen_unica_para_banner":false,"mostrar_titulo_banner":false,"titulo_para_banner":"","mostrar_subtitulo_banner":false,"subtitulo_del_banner":"","mostrar_cta_banner":false,"texto_cta_banner":"","url_cta_banner":"","fondo_de_color_banner":"","fondo_de_imagen_banner":false,"mostrar_imagen_izquierda_banner":false,"asignar_imagen_izquierda_banner":false},"pdf_brochure_link_drive":"https:\/\/drive.google.com\/uc?id=15k1d3YbeloyTo3Nb7Dxby0zLLfqWGof9&export=download","activar_hero_video":false,"video_texto":"134173","imagen_destacada":"https:\/\/static.capabiliaserver.com\/frontend\/clients\/barcanew\/wp_prod\/wp-content\/uploads\/23a64627-certificate-in-sports-nutrition-for-football.png","enable_linkedin_carousel":false,"slidebox":false,"fecha_inicio_estatica":"","modalidad_cursado":"Online","preguntas_frecuentes":false,"contenidistas":false,"promocion_vigente":"","avalado_por":false},"yoast_head":"<!-- This site is optimized with the Yoast SEO plugin v23.0 - https:\/\/yoast.com\/wordpress\/plugins\/seo\/ -->\n<title>Certificado em Nutri\u00e7\u00e3o Desportiva no Futebol - Bar\u00e7a Innovation Hub<\/title>\n<meta name=\"description\" content=\"Domine os princ\u00edpios fundamentais da nutri\u00e7\u00e3o para o futebol com o Dr. Ian Rollo (GSSI), no Bar\u00e7a Innovation Hub - Universitas. 4 meses. Online.\" \/>\n<meta name=\"robots\" content=\"index, follow, max-snippet:-1, max-image-preview:large, max-video-preview:-1\" \/>\n<link rel=\"canonical\" href=\"https:\/\/elearning.barcainnovationhub.com\/pt\/product\/certificado-nutricao-desportiva-futebol\/\" \/>\n<meta property=\"og:locale\" content=\"pt_PT\" \/>\n<meta property=\"og:type\" content=\"article\" \/>\n<meta property=\"og:title\" content=\"Certificado em Nutri\u00e7\u00e3o Desportiva no Futebol\" \/>\n<meta property=\"og:description\" content=\"Domine os princ\u00edpios fundamentais da nutri\u00e7\u00e3o para o futebol com o Dr. Ian Rollo (GSSI), no Bar\u00e7a Innovation Hub - Universitas. 4 meses. Online.\" \/>\n<meta property=\"og:url\" content=\"https:\/\/elearning.barcainnovationhub.com\/pt\/product\/certificado-nutricao-desportiva-futebol\/\" \/>\n<meta property=\"og:site_name\" content=\"Bar\u00e7a Innovation Hub\" \/>\n<meta property=\"article:publisher\" content=\"https:\/\/www.facebook.com\/fcbuniversitas\" \/>\n<meta property=\"article:modified_time\" content=\"2025-11-10T20:54:44+00:00\" \/>\n<meta property=\"og:image\" content=\"https:\/\/elearning.barcainnovationhub.com\/wp-content\/uploads\/2019\/04\/b8110afa-certificate-in-sports-nutrition-for-football-3.jpg\" \/>\n\t<meta property=\"og:image:width\" content=\"1200\" \/>\n\t<meta property=\"og:image:height\" content=\"1200\" \/>\n\t<meta property=\"og:image:type\" content=\"image\/jpeg\" \/>\n<meta name=\"twitter:card\" content=\"summary_large_image\" \/>\n<meta name=\"twitter:title\" content=\"Certificado em Nutri\u00e7\u00e3o Desportiva no Futebol\" \/>\n<meta name=\"twitter:description\" content=\"Domine os princ\u00edpios fundamentais da nutri\u00e7\u00e3o para o futebol com o Dr. Ian Rollo (GSSI), no Bar\u00e7a Innovation Hub - Universitas. 4 meses. Online.\" \/>\n<meta name=\"twitter:image\" content=\"https:\/\/elearning.barcainnovationhub.com\/wp-content\/uploads\/2019\/04\/b8110afa-certificate-in-sports-nutrition-for-football-3.jpg\" \/>\n<meta name=\"twitter:site\" content=\"@BarcaInnoHub\" \/>\n<meta name=\"twitter:label1\" content=\"Est. reading time\" \/>\n\t<meta name=\"twitter:data1\" content=\"1 minute\" \/>\n<script type=\"application\/ld+json\" class=\"yoast-schema-graph\">{\"@context\":\"https:\/\/schema.org\",\"@graph\":[{\"@type\":\"WebPage\",\"@id\":\"https:\/\/elearning.barcainnovationhub.com\/pt\/product\/certificado-nutricao-desportiva-futebol\/\",\"url\":\"https:\/\/elearning.barcainnovationhub.com\/pt\/product\/certificado-nutricao-desportiva-futebol\/\",\"name\":\"Certificado em Nutri\u00e7\u00e3o Desportiva no Futebol - Bar\u00e7a Innovation Hub\",\"isPartOf\":{\"@id\":\"https:\/\/elearning.barcainnovationhub.com\/pt\/#website\"},\"datePublished\":\"2019-04-08T14:34:46+00:00\",\"dateModified\":\"2025-11-10T20:54:44+00:00\",\"description\":\"Domine os princ\u00edpios fundamentais da nutri\u00e7\u00e3o para o futebol com o Dr. Ian Rollo (GSSI), no Bar\u00e7a Innovation Hub - Universitas. 4 meses. Online.\",\"breadcrumb\":{\"@id\":\"https:\/\/elearning.barcainnovationhub.com\/pt\/product\/certificado-nutricao-desportiva-futebol\/#breadcrumb\"},\"inLanguage\":\"pt\",\"potentialAction\":[{\"@type\":\"ReadAction\",\"target\":[\"https:\/\/elearning.barcainnovationhub.com\/pt\/product\/certificado-nutricao-desportiva-futebol\/\"]}]},{\"@type\":\"BreadcrumbList\",\"@id\":\"https:\/\/elearning.barcainnovationhub.com\/pt\/product\/certificado-nutricao-desportiva-futebol\/#breadcrumb\",\"itemListElement\":[{\"@type\":\"ListItem\",\"position\":1,\"name\":\"Productos\",\"item\":\"https:\/\/elearning.barcainnovationhub.com\/pt\/product\/\"},{\"@type\":\"ListItem\",\"position\":2,\"name\":\"Certificado em Nutri\u00e7\u00e3o Desportiva no Futebol\"}]},{\"@type\":\"WebSite\",\"@id\":\"https:\/\/elearning.barcainnovationhub.com\/pt\/#website\",\"url\":\"https:\/\/elearning.barcainnovationhub.com\/pt\/\",\"name\":\"Bar\u00e7a Innovation Hub\",\"description\":\"The worldwide centre for sports knowledge and innovation\",\"potentialAction\":[{\"@type\":\"SearchAction\",\"target\":{\"@type\":\"EntryPoint\",\"urlTemplate\":\"https:\/\/elearning.barcainnovationhub.com\/pt\/?s={search_term_string}\"},\"query-input\":\"required name=search_term_string\"}],\"inLanguage\":\"pt\"}]}<\/script>\n<!-- \/ Yoast SEO plugin. -->","yoast_head_json":{"title":"Certificado em Nutri\u00e7\u00e3o Desportiva no Futebol - Bar\u00e7a Innovation Hub","description":"Domine os princ\u00edpios fundamentais da nutri\u00e7\u00e3o para o futebol com o Dr. Ian Rollo (GSSI), no Bar\u00e7a Innovation Hub - Universitas. 4 meses. Online.","robots":{"index":"index","follow":"follow","max-snippet":"max-snippet:-1","max-image-preview":"max-image-preview:large","max-video-preview":"max-video-preview:-1"},"canonical":"https:\/\/elearning.barcainnovationhub.com\/pt\/product\/certificado-nutricao-desportiva-futebol\/","og_locale":"pt_PT","og_type":"article","og_title":"Certificado em Nutri\u00e7\u00e3o Desportiva no Futebol","og_description":"Domine os princ\u00edpios fundamentais da nutri\u00e7\u00e3o para o futebol com o Dr. Ian Rollo (GSSI), no Bar\u00e7a Innovation Hub - Universitas. 4 meses. Online.","og_url":"https:\/\/elearning.barcainnovationhub.com\/pt\/product\/certificado-nutricao-desportiva-futebol\/","og_site_name":"Bar\u00e7a Innovation Hub","article_publisher":"https:\/\/www.facebook.com\/fcbuniversitas","article_modified_time":"2025-11-10T20:54:44+00:00","og_image":[{"width":1200,"height":1200,"url":"https:\/\/elearning.barcainnovationhub.com\/wp-content\/uploads\/2019\/04\/b8110afa-certificate-in-sports-nutrition-for-football-3.jpg","type":"image\/jpeg"}],"twitter_card":"summary_large_image","twitter_title":"Certificado em Nutri\u00e7\u00e3o Desportiva no Futebol","twitter_description":"Domine os princ\u00edpios fundamentais da nutri\u00e7\u00e3o para o futebol com o Dr. Ian Rollo (GSSI), no Bar\u00e7a Innovation Hub - Universitas. 4 meses. Online.","twitter_image":"https:\/\/elearning.barcainnovationhub.com\/wp-content\/uploads\/2019\/04\/b8110afa-certificate-in-sports-nutrition-for-football-3.jpg","twitter_site":"@BarcaInnoHub","twitter_misc":{"Est. reading time":"1 minute"},"schema":{"@context":"https:\/\/schema.org","@graph":[{"@type":"WebPage","@id":"https:\/\/elearning.barcainnovationhub.com\/pt\/product\/certificado-nutricao-desportiva-futebol\/","url":"https:\/\/elearning.barcainnovationhub.com\/pt\/product\/certificado-nutricao-desportiva-futebol\/","name":"Certificado em Nutri\u00e7\u00e3o Desportiva no Futebol - Bar\u00e7a Innovation Hub","isPartOf":{"@id":"https:\/\/elearning.barcainnovationhub.com\/pt\/#website"},"datePublished":"2019-04-08T14:34:46+00:00","dateModified":"2025-11-10T20:54:44+00:00","description":"Domine os princ\u00edpios fundamentais da nutri\u00e7\u00e3o para o futebol com o Dr. Ian Rollo (GSSI), no Bar\u00e7a Innovation Hub - Universitas. 4 meses. Online.","breadcrumb":{"@id":"https:\/\/elearning.barcainnovationhub.com\/pt\/product\/certificado-nutricao-desportiva-futebol\/#breadcrumb"},"inLanguage":"pt","potentialAction":[{"@type":"ReadAction","target":["https:\/\/elearning.barcainnovationhub.com\/pt\/product\/certificado-nutricao-desportiva-futebol\/"]}]},{"@type":"BreadcrumbList","@id":"https:\/\/elearning.barcainnovationhub.com\/pt\/product\/certificado-nutricao-desportiva-futebol\/#breadcrumb","itemListElement":[{"@type":"ListItem","position":1,"name":"Productos","item":"https:\/\/elearning.barcainnovationhub.com\/pt\/product\/"},{"@type":"ListItem","position":2,"name":"Certificado em Nutri\u00e7\u00e3o Desportiva no Futebol"}]},{"@type":"WebSite","@id":"https:\/\/elearning.barcainnovationhub.com\/pt\/#website","url":"https:\/\/elearning.barcainnovationhub.com\/pt\/","name":"Bar\u00e7a Innovation Hub","description":"The worldwide centre for sports knowledge and innovation","potentialAction":[{"@type":"SearchAction","target":{"@type":"EntryPoint","urlTemplate":"https:\/\/elearning.barcainnovationhub.com\/pt\/?s={search_term_string}"},"query-input":"required name=search_term_string"}],"inLanguage":"pt"}]}},"idiomas":{"en":15922,"es":15925,"ar":15924,"ca":15923,"ru":15924,"pt":15924},"_links":{"self":[{"href":"https:\/\/elearning.barcainnovationhub.com\/pt\/wp-json\/wp\/v2\/products\/15924"}],"collection":[{"href":"https:\/\/elearning.barcainnovationhub.com\/pt\/wp-json\/wp\/v2\/products"}],"about":[{"href":"https:\/\/elearning.barcainnovationhub.com\/pt\/wp-json\/wp\/v2\/types\/product"}],"author":[{"embeddable":true,"href":"https:\/\/elearning.barcainnovationhub.com\/pt\/wp-json\/wp\/v2\/users\/16"}],"replies":[{"embeddable":true,"href":"https:\/\/elearning.barcainnovationhub.com\/pt\/wp-json\/wp\/v2\/comments?post=15924"}],"version-history":[{"count":0,"href":"https:\/\/elearning.barcainnovationhub.com\/pt\/wp-json\/wp\/v2\/products\/15924\/revisions"}],"wp:attachment":[{"href":"https:\/\/elearning.barcainnovationhub.com\/pt\/wp-json\/wp\/v2\/media?parent=15924"}],"wp:term":[{"taxonomy":"category","embeddable":true,"href":"https:\/\/elearning.barcainnovationhub.com\/pt\/wp-json\/wp\/v2\/categories?post=15924"}],"curies":[{"name":"wp","href":"https:\/\/api.w.org\/{rel}","templated":true}]}}