{"id":58772,"date":"2020-10-19T22:29:04","date_gmt":"2020-10-20T01:29:04","guid":{"rendered":"https:\/\/elearning.barcainnovationhub.com\/?post_type=product&#038;p=58772"},"modified":"2025-11-13T09:55:55","modified_gmt":"2025-11-13T12:55:55","slug":"sports-entrepreneurship-program","status":"publish","type":"product","link":"https:\/\/elearning.barcainnovationhub.com\/pt\/product\/sports-entrepreneurship-program\/","title":{"rendered":"Sport Entrepreneurship Program: transformando ideias em neg\u00f3cios"},"content":{"rendered":"<p>contenido<\/p>\n","protected":false},"excerpt":{"rendered":"<p>excerpt<\/p>\n","protected":false},"author":16,"featured_media":0,"comment_status":"open","ping_status":"closed","template":"","meta":{"_acf_changed":true,"footnotes":""},"categories":[291,235,113,205,237],"class_list":["post-58772","product","type-product","status-publish","hentry","category-barca-innovation-hub-3-pt","category-marketing-comunicacao-e-gestao","category-online-based-programs-pt","category-technology-innovation","category-tecnologia-inovacao"],"acf":{"external_id":"2482","titulo_curso":"CER0031","precio":"1000","impartido_en":"English","producto_path":false,"hubspot_product_id":"37415962857","id_magento":"350","header_image":141843,"column_title":"","titulo_incentivo":"Sport Entrepreneurship Program: transformando ideias em neg\u00f3cios","fecha_de_inicio":"10022022","precio_en_cuotas":"10 parcelas de 100","precio_de_lista":"","mostrar_form":false,"duracion_del_curso":"6 meses","nivel_del_curso":"introdut\u00f3rio","modalidad_cursado":"Online","contenido":"<p><strong>Voc\u00ea tem uma ideia concreta de como melhorar a ind\u00fastria do esporte?<\/strong><br \/>\n<strong>Identificou algum problema, necessidade ou frustra\u00e7\u00e3o que gostaria de resolver?<\/strong><br \/>\n<strong>Quer ser o protagonista das mudan\u00e7as que est\u00e3o rompendo com os padr\u00f5es no mundo dos esportes?<\/strong><\/p>\n<p>O Sport Entrepreneurship Program da BIHUB \u00e9 o primeiro programa internacional e on-line sobre empreendedorismo, desenvolvido por especialistas da ind\u00fastria do esporte.<\/p>\n<p>Este curso tem como objetivo oferecer orienta\u00e7\u00e3o, acompanhamento e todos os recursos necess\u00e1rios para os empreendedores que est\u00e3o no est\u00e1gio de preliminar ou inicial do projeto, de forma a desenvolver com sucesso sua ideia empreendedora dentro da ind\u00fastria do esporte.<\/p>\n<p>Trata-se de um programa de introdu\u00e7\u00e3o que revisa os conceitos fundamentais sobre inova\u00e7\u00e3o e empreendedorismo. Est\u00e1 especificamente projetado para oferecer conhecimentos e habilidades necess\u00e1rias para:<\/p>\n<ul>\n<li>identificar oportunidades<\/li>\n<li>projetar solu\u00e7\u00f5es com proposta de valores tanto criativos quanto diferenciais<\/li>\n<li>criar e validar modelos de neg\u00f3cios<\/li>\n<li>preparar sua valida\u00e7\u00e3o com usu\u00e1rios<\/li>\n<li>identificar e conquistar todas as oportunidades de crescimento<\/li>\n<\/ul>\n<p>Ao concluir o curso integralmente, obter\u00e1 ferramentas concretas para aumentar a chance de sucesso dos seus projetos, legitimando a proposta com o mercado do setor esportivo, adaptando-a \u00e0s suas necessidades.<\/p>\n","ocultar_video":true,"url_video":"","pdf_brochure":"https:\/\/static.capabiliaserver.com\/frontend\/clients\/barca\/wp_prod\/wp-content\/uploads\/2020\/10\/c02fead5-sports-entrepreneurship-program_turning-ideas-into-business_.pdf","cursos_que_lo_componen":[{"nombre_del_curso":"VIS\u00c3O \/ EQUIPE \/ PAPEIS","descripcion_del_curso":"<p>M\u00d3DULO 1. A atividade empreendedora<br \/>\nM\u00d3DULO 2. A defini\u00e7\u00e3o da vis\u00e3o<br \/>\nM\u00d3DULO 3. A equipe de trabalho<br \/>\nM\u00d3DULO 4. Metodologias \u00e1geis<\/p>\n"},{"nombre_del_curso":"PROPOSTA DE VALOR","descripcion_del_curso":"<p>M\u00d3DULO 1. A proposta de valor: Disposi\u00e7\u00e3o do problema - solu\u00e7\u00e3o<br \/>\nM\u00d3DULO 2. O segmento de clientes<br \/>\nM\u00d3DULO 3. Desenvolvimento de clientes<br \/>\nM\u00d3DULO 4. Empatia com o cliente<\/p>\n"},{"nombre_del_curso":"VALIDA\u00c7\u00c3O DA PROPOSTA DE VALOR","descripcion_del_curso":"<p>M\u00d3DULO 1. A proposta de valor e a disposi\u00e7\u00e3o do problema - solu\u00e7\u00e3o<br \/>\nM\u00d3DULO 2. Testes e experimentos para a valida\u00e7\u00e3o<br \/>\nM\u00d3DULO 3. Produto vi\u00e1vel m\u00ednimo<br \/>\nM\u00d3DULO 4. Dimens\u00f5es e tipos de mercado<\/p>\n"},{"nombre_del_curso":"MODELOS DE NEG\u00d3CIOS","descripcion_del_curso":"<p>M\u00d3DULO 1. Introdu\u00e7\u00e3o ao modelo de neg\u00f3cios<br \/>\nM\u00d3DULO 2. Infraestrutura<br \/>\nM\u00d3DULO 3. Estruturas de investimento<br \/>\nM\u00d3DULO 4. Modelo de monetiza\u00e7\u00e3o<\/p>\n"},{"nombre_del_curso":"DISPOSI\u00c7\u00c3O DO PRODUTO - MERCADO","descripcion_del_curso":"<p>M\u00d3DULO 1. Padr\u00f5es de modelos de neg\u00f3cios<br \/>\nM\u00d3DULO 2. M\u00e9tricas essenciais de crescimento<br \/>\nM\u00d3DULO 3. As sociedades<br \/>\nM\u00d3DULO 4. Avalia\u00e7\u00e3o da disposi\u00e7\u00e3o do produto - mercado (Product Market Fit)<\/p>\n"},{"nombre_del_curso":"CRESCIMENTO EXPRESSIVO","descripcion_del_curso":"<p>M\u00d3DULO 1. Desenvolvimento da estrat\u00e9gia de vendas<br \/>\nM\u00d3DULO 2. Fontes de financiamento<br \/>\nM\u00d3DULO 3. Apresenta\u00e7\u00e3o do empreendimento<br \/>\nM\u00d3DULO 4. Organiza\u00e7\u00f5es significativas<\/p>\n"}],"aprende_a":[{"item_aprende_a":"Regularizar o problema ou a necessidade que demanda aten\u00e7\u00e3o. "},{"item_aprende_a":"Descobrir early adopters do produto ou servi\u00e7o. "},{"item_aprende_a":"Encontrar o encaixe entre o produto e o mercado. "},{"item_aprende_a":"Validar a solu\u00e7\u00e3o atrav\u00e9s do desenvolvimento de um Produto m\u00ednimo vi\u00e1vel."},{"item_aprende_a":"Construir diferentes vers\u00f5es do modelo de neg\u00f3cio atrav\u00e9s de intera\u00e7\u00f5es emp\u00edricas."},{"item_aprende_a":"Projetar estrat\u00e9gias de desenvolvimento para os clientes."}],"slidebox":false,"titulo_seccion_testimonios":"","zona_horaria":"Europe\/Madrid","activar_banner_1":false,"banner_1":false,"activar_banner_2":false,"banner_2":false,"activar_banner_3":false,"banner_3":false,"activar_nuevos_banners":false,"mostrar_banner_1":false,"crear_banner_1":{"utilizar_imagen_unica_para_banner":false,"asignar_imagen_unica_para_banner":false,"mostrar_titulo_banner":false,"titulo_para_banner":"","mostrar_subtitulo_banner":false,"subtitulo_del_banner":"","mostrar_cta_banner":false,"texto_cta_banner":"","url_cta_banner":"","fondo_de_color_banner":"","fondo_de_imagen_banner":false,"mostrar_imagen_izquierda_banner":false,"asignar_imagen_izquierda_banner":false},"mostrar_banner_2":false,"crear_banner_2":{"utilizar_imagen_unica_para_banner":false,"asignar_imagen_unica_para_banner":false,"mostrar_titulo_banner":false,"titulo_para_banner":"","mostrar_subtitulo_banner":false,"subtitulo_del_banner":"","mostrar_cta_banner":false,"texto_cta_banner":"","url_cta_banner":"","fondo_de_color_banner":"","fondo_de_imagen_banner":false,"mostrar_imagen_izquierda_banner":false,"asignar_imagen_izquierda_banner":false},"mostrar_banner_3":false,"crear_banner_3":{"utilizar_imagen_unica_para_banner":false,"asignar_imagen_unica_para_banner":false,"mostrar_titulo_banner":false,"titulo_para_banner":"","mostrar_subtitulo_banner":false,"subtitulo_del_banner":"","mostrar_cta_banner":false,"texto_cta_banner":"","url_cta_banner":"","fondo_de_color_banner":"","fondo_de_imagen_banner":false,"mostrar_imagen_izquierda_banner":false,"asignar_imagen_izquierda_banner":false},"activar_hero_video":false,"video_texto":"","pdf_brochure_link_drive":"https:\/\/drive.google.com\/uc?id=1ZgWS6i-EIBGkpOSlgZbYazcdWhk_YtgF&export=download","fecha_inicio_estatica":"","imagen_destacada":"https:\/\/elearning.barcainnovationhub.com\/wp-content\/uploads\/2020\/10\/cd0ec82e-sports-entrepreneurship-program_-transformando-ideas-en-negocios.jpg","enable_linkedin_carousel":false,"promocion_vigente":"02\/01\/1970","preguntas_frecuentes":false,"contenidistas":false,"docentes_expertos":false,"avalado_por":false},"yoast_head":"<!-- This site is optimized with the Yoast SEO plugin v23.0 - https:\/\/yoast.com\/wordpress\/plugins\/seo\/ -->\n<title>Sport Entrepreneurship Program: transformando ideias em neg\u00f3cios<\/title>\n<meta name=\"description\" content=\"Inscreva-se no primeiro programa de empreendedorismo global e virtual, desenvolvido por especialistas da ind\u00fastria do esporte.\" \/>\n<meta name=\"robots\" content=\"index, follow, max-snippet:-1, max-image-preview:large, max-video-preview:-1\" \/>\n<link rel=\"canonical\" href=\"https:\/\/elearning.barcainnovationhub.com\/pt\/product\/sports-entrepreneurship-program\/\" \/>\n<meta property=\"og:locale\" content=\"pt_PT\" \/>\n<meta property=\"og:type\" content=\"article\" \/>\n<meta property=\"og:title\" content=\"Sport Entrepreneurship Program: transformando ideias em neg\u00f3cios\" \/>\n<meta property=\"og:description\" content=\"Inscreva-se no primeiro programa de empreendedorismo global e virtual, desenvolvido por especialistas da ind\u00fastria do esporte.\" \/>\n<meta property=\"og:url\" content=\"https:\/\/elearning.barcainnovationhub.com\/pt\/product\/sports-entrepreneurship-program\/\" \/>\n<meta property=\"og:site_name\" content=\"Bar\u00e7a Innovation Hub\" \/>\n<meta property=\"article:publisher\" content=\"https:\/\/www.facebook.com\/fcbuniversitas\" \/>\n<meta property=\"article:modified_time\" content=\"2025-11-13T12:55:55+00:00\" \/>\n<meta property=\"og:image\" content=\"https:\/\/elearning.barcainnovationhub.com\/wp-content\/uploads\/2020\/10\/c51a3b93-sports-entrepreneurship-program-turning-ideas-into-business.jpg.jpg\" \/>\n\t<meta property=\"og:image:width\" content=\"1200\" \/>\n\t<meta property=\"og:image:height\" content=\"1200\" \/>\n\t<meta property=\"og:image:type\" content=\"image\/jpeg\" \/>\n<meta name=\"twitter:card\" content=\"summary_large_image\" \/>\n<meta name=\"twitter:title\" content=\"Sport Entrepreneurship Program: transformando ideias em neg\u00f3cios\" \/>\n<meta name=\"twitter:description\" content=\"Inscreva-se no primeiro programa de empreendedorismo global e virtual, desenvolvido por especialistas da ind\u00fastria do esporte.\" \/>\n<meta name=\"twitter:image\" content=\"https:\/\/elearning.barcainnovationhub.com\/wp-content\/uploads\/2020\/10\/c51a3b93-sports-entrepreneurship-program-turning-ideas-into-business.jpg.jpg\" \/>\n<meta name=\"twitter:site\" content=\"@BarcaInnoHub\" \/>\n<meta name=\"twitter:label1\" content=\"Est. reading time\" \/>\n\t<meta name=\"twitter:data1\" content=\"1 minute\" \/>\n<script type=\"application\/ld+json\" class=\"yoast-schema-graph\">{\"@context\":\"https:\/\/schema.org\",\"@graph\":[{\"@type\":\"WebPage\",\"@id\":\"https:\/\/elearning.barcainnovationhub.com\/pt\/product\/sports-entrepreneurship-program\/\",\"url\":\"https:\/\/elearning.barcainnovationhub.com\/pt\/product\/sports-entrepreneurship-program\/\",\"name\":\"Sport Entrepreneurship Program: transformando ideias em neg\u00f3cios\",\"isPartOf\":{\"@id\":\"https:\/\/elearning.barcainnovationhub.com\/pt\/#website\"},\"datePublished\":\"2020-10-20T01:29:04+00:00\",\"dateModified\":\"2025-11-13T12:55:55+00:00\",\"description\":\"Inscreva-se no primeiro programa de empreendedorismo global e virtual, desenvolvido por especialistas da ind\u00fastria do esporte.\",\"breadcrumb\":{\"@id\":\"https:\/\/elearning.barcainnovationhub.com\/pt\/product\/sports-entrepreneurship-program\/#breadcrumb\"},\"inLanguage\":\"pt\",\"potentialAction\":[{\"@type\":\"ReadAction\",\"target\":[\"https:\/\/elearning.barcainnovationhub.com\/pt\/product\/sports-entrepreneurship-program\/\"]}]},{\"@type\":\"BreadcrumbList\",\"@id\":\"https:\/\/elearning.barcainnovationhub.com\/pt\/product\/sports-entrepreneurship-program\/#breadcrumb\",\"itemListElement\":[{\"@type\":\"ListItem\",\"position\":1,\"name\":\"Productos\",\"item\":\"https:\/\/elearning.barcainnovationhub.com\/pt\/product\/\"},{\"@type\":\"ListItem\",\"position\":2,\"name\":\"Sport Entrepreneurship Program: transformando ideias em neg\u00f3cios\"}]},{\"@type\":\"WebSite\",\"@id\":\"https:\/\/elearning.barcainnovationhub.com\/pt\/#website\",\"url\":\"https:\/\/elearning.barcainnovationhub.com\/pt\/\",\"name\":\"Bar\u00e7a Innovation Hub\",\"description\":\"The worldwide centre for sports knowledge and innovation\",\"potentialAction\":[{\"@type\":\"SearchAction\",\"target\":{\"@type\":\"EntryPoint\",\"urlTemplate\":\"https:\/\/elearning.barcainnovationhub.com\/pt\/?s={search_term_string}\"},\"query-input\":\"required name=search_term_string\"}],\"inLanguage\":\"pt\"}]}<\/script>\n<!-- \/ Yoast SEO plugin. -->","yoast_head_json":{"title":"Sport Entrepreneurship Program: transformando ideias em neg\u00f3cios","description":"Inscreva-se no primeiro programa de empreendedorismo global e virtual, desenvolvido por especialistas da ind\u00fastria do esporte.","robots":{"index":"index","follow":"follow","max-snippet":"max-snippet:-1","max-image-preview":"max-image-preview:large","max-video-preview":"max-video-preview:-1"},"canonical":"https:\/\/elearning.barcainnovationhub.com\/pt\/product\/sports-entrepreneurship-program\/","og_locale":"pt_PT","og_type":"article","og_title":"Sport Entrepreneurship Program: transformando ideias em neg\u00f3cios","og_description":"Inscreva-se no primeiro programa de empreendedorismo global e virtual, desenvolvido por especialistas da ind\u00fastria do esporte.","og_url":"https:\/\/elearning.barcainnovationhub.com\/pt\/product\/sports-entrepreneurship-program\/","og_site_name":"Bar\u00e7a Innovation Hub","article_publisher":"https:\/\/www.facebook.com\/fcbuniversitas","article_modified_time":"2025-11-13T12:55:55+00:00","og_image":[{"width":1200,"height":1200,"url":"https:\/\/elearning.barcainnovationhub.com\/wp-content\/uploads\/2020\/10\/c51a3b93-sports-entrepreneurship-program-turning-ideas-into-business.jpg.jpg","type":"image\/jpeg"}],"twitter_card":"summary_large_image","twitter_title":"Sport Entrepreneurship Program: transformando ideias em neg\u00f3cios","twitter_description":"Inscreva-se no primeiro programa de empreendedorismo global e virtual, desenvolvido por especialistas da ind\u00fastria do esporte.","twitter_image":"https:\/\/elearning.barcainnovationhub.com\/wp-content\/uploads\/2020\/10\/c51a3b93-sports-entrepreneurship-program-turning-ideas-into-business.jpg.jpg","twitter_site":"@BarcaInnoHub","twitter_misc":{"Est. reading time":"1 minute"},"schema":{"@context":"https:\/\/schema.org","@graph":[{"@type":"WebPage","@id":"https:\/\/elearning.barcainnovationhub.com\/pt\/product\/sports-entrepreneurship-program\/","url":"https:\/\/elearning.barcainnovationhub.com\/pt\/product\/sports-entrepreneurship-program\/","name":"Sport Entrepreneurship Program: transformando ideias em neg\u00f3cios","isPartOf":{"@id":"https:\/\/elearning.barcainnovationhub.com\/pt\/#website"},"datePublished":"2020-10-20T01:29:04+00:00","dateModified":"2025-11-13T12:55:55+00:00","description":"Inscreva-se no primeiro programa de empreendedorismo global e virtual, desenvolvido por especialistas da ind\u00fastria do esporte.","breadcrumb":{"@id":"https:\/\/elearning.barcainnovationhub.com\/pt\/product\/sports-entrepreneurship-program\/#breadcrumb"},"inLanguage":"pt","potentialAction":[{"@type":"ReadAction","target":["https:\/\/elearning.barcainnovationhub.com\/pt\/product\/sports-entrepreneurship-program\/"]}]},{"@type":"BreadcrumbList","@id":"https:\/\/elearning.barcainnovationhub.com\/pt\/product\/sports-entrepreneurship-program\/#breadcrumb","itemListElement":[{"@type":"ListItem","position":1,"name":"Productos","item":"https:\/\/elearning.barcainnovationhub.com\/pt\/product\/"},{"@type":"ListItem","position":2,"name":"Sport Entrepreneurship Program: transformando ideias em neg\u00f3cios"}]},{"@type":"WebSite","@id":"https:\/\/elearning.barcainnovationhub.com\/pt\/#website","url":"https:\/\/elearning.barcainnovationhub.com\/pt\/","name":"Bar\u00e7a Innovation Hub","description":"The worldwide centre for sports knowledge and innovation","potentialAction":[{"@type":"SearchAction","target":{"@type":"EntryPoint","urlTemplate":"https:\/\/elearning.barcainnovationhub.com\/pt\/?s={search_term_string}"},"query-input":"required name=search_term_string"}],"inLanguage":"pt"}]}},"idiomas":{"en":58770,"es":58773,"ar":58772,"ca":58771,"ru":58772,"pt":58772},"_links":{"self":[{"href":"https:\/\/elearning.barcainnovationhub.com\/pt\/wp-json\/wp\/v2\/products\/58772"}],"collection":[{"href":"https:\/\/elearning.barcainnovationhub.com\/pt\/wp-json\/wp\/v2\/products"}],"about":[{"href":"https:\/\/elearning.barcainnovationhub.com\/pt\/wp-json\/wp\/v2\/types\/product"}],"author":[{"embeddable":true,"href":"https:\/\/elearning.barcainnovationhub.com\/pt\/wp-json\/wp\/v2\/users\/16"}],"replies":[{"embeddable":true,"href":"https:\/\/elearning.barcainnovationhub.com\/pt\/wp-json\/wp\/v2\/comments?post=58772"}],"version-history":[{"count":0,"href":"https:\/\/elearning.barcainnovationhub.com\/pt\/wp-json\/wp\/v2\/products\/58772\/revisions"}],"wp:attachment":[{"href":"https:\/\/elearning.barcainnovationhub.com\/pt\/wp-json\/wp\/v2\/media?parent=58772"}],"wp:term":[{"taxonomy":"category","embeddable":true,"href":"https:\/\/elearning.barcainnovationhub.com\/pt\/wp-json\/wp\/v2\/categories?post=58772"}],"curies":[{"name":"wp","href":"https:\/\/api.w.org\/{rel}","templated":true}]}}