{"id":81647,"date":"2021-01-21T19:51:47","date_gmt":"2021-01-21T22:51:47","guid":{"rendered":"https:\/\/elearning.barcainnovationhub.com\/?post_type=product&#038;p=81647"},"modified":"2026-02-09T12:37:47","modified_gmt":"2026-02-09T15:37:47","slug":"inovacao-no-esporte","status":"publish","type":"product","link":"https:\/\/elearning.barcainnovationhub.com\/pt\/product\/inovacao-no-esporte\/","title":{"rendered":"Inova\u00e7\u00e3o no Esporte"},"content":{"rendered":"<p>contenido<\/p>\n\n\n<p><\/p>\n","protected":false},"excerpt":{"rendered":"<p>excerpt<\/p>\n","protected":false},"author":16,"featured_media":0,"comment_status":"open","ping_status":"closed","template":"","meta":{"_acf_changed":true,"footnotes":""},"categories":[52,291,234,109,113,205,237],"class_list":["post-81647","product","type-product","status-publish","hentry","category-barca-innovation-hub-4","category-barca-innovation-hub-3-pt","category-futebol","category-online-based-programs","category-online-based-programs-pt","category-technology-innovation","category-tecnologia-inovacao"],"acf":{"external_id":"2430","titulo_curso":"Innovaci\u00f3n en el Deporte","precio":"625","impartido_en":"English","producto_path":false,"hubspot_product_id":"37329843386","id_magento":"368","header_image":134575,"column_title":"","titulo_incentivo":"Inova\u00e7\u00e3o no Esporte","fecha_de_inicio":"10062021","precio_de_lista":"","mostrar_form":false,"duracion_del_curso":"2 meses","nivel_del_curso":"introdut\u00f3rio","modalidad_cursado":"Online","contenido":"<p>O mundo dos esportes est\u00e1 em constantes mudan\u00e7as. Os empreendedores com grandes aspira\u00e7\u00f5es t\u00eam agora a oportunidade de criarem novos produtos e servi\u00e7os que podem revolucionar as experi\u00eancias de torcedores, atletas, t\u00e9cnicos e demais participantes do ecossistema do mundo dos esportes. Os gestores das institui\u00e7\u00f5es esportivas t\u00eam a oportunidade de solucionarem problemas di\u00e1rios ao administrarem clubes esportivos ou vencerem competi\u00e7\u00f5es ao usar essas novas tecnologias. Al\u00e9m disso, sem inova\u00e7\u00e3o, todos correm o s\u00e9rio risco de se tornarem obsoletos.<\/p>\n<p>Inova\u00e7\u00e3o \u00e9 um processo que envolve propor novos produtos e solu\u00e7\u00f5es revolucion\u00e1rias, ingressar no mundo dos esportes e ser parte essencial do mundo dos neg\u00f3cios. Entretanto, o enfoque di\u00e1rio dos neg\u00f3cios no mundo dos esportes n\u00e3o facilita que as inova\u00e7\u00f5es aflorem. Sejam empreendedores ou gestores esportivos, todos necessitam se focarem, de maneira objetiva, ao propor inova\u00e7\u00f5es.<\/p>\n<p>O objetivo deste curso \u00e9 aprender como propor novos produtos e servi\u00e7os esportivos, processos, formas de negociar e modelos de neg\u00f3cios. Para isso, usaremos t\u00e9cnicas e marcos de trabalho revolucion\u00e1rios no mundo da inova\u00e7\u00e3o, assim como o pensamento em design, modelo de neg\u00f3cios ou focalizar no portf\u00f3lio de clientes. Essas focaliza\u00e7\u00f5es foram usadas de maneira eficaz por companhias inovadores como Apple, Google, P&amp;G, GE e HP. Entretanto, h\u00e1 companhias menos inovadoras, menores, ONG e tamb\u00e9m as do mundo do esporte.<\/p>\n","ocultar_video":true,"url_video":"","pdf_brochure":"https:\/\/static.capabiliaserver.com\/frontend\/clients\/barca\/wp_prod\/wp-content\/uploads\/2021\/01\/48ac5f42-inovacao-no-esporte.pdf","cursos_que_lo_componen":[{"nombre_del_curso":"Como inovar no esporte","descripcion_del_curso":"<p>M\u00d3DULO 1. Inova\u00e7\u00e3o nos esportes<br \/>\nM\u00d3DULO 2: Compreender o espa\u00e7o de problemas<br \/>\nM\u00d3DULO 3: Desenvolver espa\u00e7os para solu\u00e7\u00f5es<br \/>\nM\u00d3DULO 4: Preparar-se para o mercado<\/p>\n"},{"nombre_del_curso":"Gerenciar a inova\u00e7\u00e3o nos esportes","descripcion_del_curso":"<p>M\u00d3DULO 1. Gerenciar projetos de inova\u00e7\u00e3o<br \/>\nM\u00d3DULO 2. Abrir espa\u00e7os de inova\u00e7\u00e3o nos esportes<br \/>\nM\u00d3DULO 3. Gerenciar projetos de inova\u00e7\u00e3o<br \/>\nM\u00d3DULO 4. Resistir a interrup\u00e7\u00e3o e aprimorar experiencias<\/p>\n"}],"aprende_a":[{"item_aprende_a":"Reconhecer oportunidades de inova\u00e7\u00e3o e fomentar ideias para serem usadas"},{"item_aprende_a":"Usar a experi\u00eancia e o processo de provas e erros para lidar com incertezas que acompanham todo o processo de inova\u00e7\u00e3o"},{"item_aprende_a":"Gerenciar equipes e projetos de inova\u00e7\u00e3o, colaborar com internos e externos"},{"item_aprende_a":"Selecionar projetos de inova\u00e7\u00e3o adequados, designar recursos e criar a cultura de inova\u00e7\u00e3o"}],"docentes_expertos":[{"foto":"https:\/\/static.capabiliaserver.com\/frontend\/clients\/barcanew\/wp_prod\/wp-content\/uploads\/b544f92a-albert-mundet.jpeg","nombre_del_docente":"Albert Mundet","descripcion_del_docente":"Diretor do Bar\u00e7a Innovation Hub, FC Barcelona.","enlace":""}],"slidebox":false,"titulo_seccion_testimonios":"","activar_banner_1":false,"banner_1":false,"activar_banner_2":false,"banner_2":false,"activar_banner_3":false,"banner_3":false,"zona_horaria":"Europe\/Madrid","activar_nuevos_banners":false,"mostrar_banner_1":false,"crear_banner_1":{"utilizar_imagen_unica_para_banner":false,"asignar_imagen_unica_para_banner":false,"mostrar_titulo_banner":false,"titulo_para_banner":"","mostrar_subtitulo_banner":false,"subtitulo_del_banner":"","mostrar_cta_banner":false,"texto_cta_banner":"","url_cta_banner":"","fondo_de_color_banner":"","fondo_de_imagen_banner":false,"mostrar_imagen_izquierda_banner":false,"asignar_imagen_izquierda_banner":false},"mostrar_banner_2":false,"crear_banner_2":{"utilizar_imagen_unica_para_banner":false,"asignar_imagen_unica_para_banner":false,"mostrar_titulo_banner":false,"titulo_para_banner":"","mostrar_subtitulo_banner":false,"subtitulo_del_banner":"","mostrar_cta_banner":false,"texto_cta_banner":"","url_cta_banner":"","fondo_de_color_banner":"","fondo_de_imagen_banner":false,"mostrar_imagen_izquierda_banner":false,"asignar_imagen_izquierda_banner":false},"mostrar_banner_3":false,"crear_banner_3":{"utilizar_imagen_unica_para_banner":false,"asignar_imagen_unica_para_banner":false,"mostrar_titulo_banner":false,"titulo_para_banner":"","mostrar_subtitulo_banner":false,"subtitulo_del_banner":"","mostrar_cta_banner":false,"texto_cta_banner":"","url_cta_banner":"","fondo_de_color_banner":"","fondo_de_imagen_banner":false,"mostrar_imagen_izquierda_banner":false,"asignar_imagen_izquierda_banner":false},"activar_hero_video":false,"video_texto":"134575","pdf_brochure_link_drive":"https:\/\/drive.google.com\/uc?id=1idmTjHjKQUabB8kzH4Dt0lJZqdbCrKTA&export=download","precio_en_cuotas":"","fecha_inicio_estatica":"","enable_linkedin_carousel":false,"preguntas_frecuentes":false,"contenidistas":false,"imagen_destacada":false,"promocion_vigente":"","avalado_por":false},"yoast_head":"<!-- This site is optimized with the Yoast SEO plugin v23.0 - https:\/\/yoast.com\/wordpress\/plugins\/seo\/ -->\n<title>Programa de Inova\u00e7\u00e3o no Esporte - Bar\u00e7a Innovation Hub<\/title>\n<meta name=\"description\" content=\"Aprenda como usar t\u00e9cnicas revolucion\u00e1rias no mundo da inova\u00e7\u00e3o para propor novos produtos, servi\u00e7os, processos e modelos de neg\u00f3cios no esporte.\" \/>\n<meta name=\"robots\" content=\"index, follow, max-snippet:-1, max-image-preview:large, max-video-preview:-1\" \/>\n<link rel=\"canonical\" href=\"https:\/\/elearning.barcainnovationhub.com\/pt\/product\/inovacao-no-esporte\/\" \/>\n<meta property=\"og:locale\" content=\"pt_PT\" \/>\n<meta property=\"og:type\" content=\"article\" \/>\n<meta property=\"og:title\" content=\"Inova\u00e7\u00e3o no Esporte\" \/>\n<meta property=\"og:description\" content=\"Aprenda como usar t\u00e9cnicas revolucion\u00e1rias no mundo da inova\u00e7\u00e3o para propor novos produtos, servi\u00e7os, processos e modelos de neg\u00f3cios no esporte.\" \/>\n<meta property=\"og:url\" content=\"https:\/\/elearning.barcainnovationhub.com\/pt\/product\/inovacao-no-esporte\/\" \/>\n<meta property=\"og:site_name\" content=\"Bar\u00e7a Innovation Hub\" \/>\n<meta property=\"article:publisher\" content=\"https:\/\/www.facebook.com\/fcbuniversitas\" \/>\n<meta property=\"article:modified_time\" content=\"2026-02-09T15:37:47+00:00\" \/>\n<meta property=\"og:image\" content=\"https:\/\/elearning.barcainnovationhub.com\/wp-content\/uploads\/2021\/01\/31b35320-innovation-in-sports.jpg\" \/>\n\t<meta property=\"og:image:width\" content=\"1200\" \/>\n\t<meta property=\"og:image:height\" content=\"1200\" \/>\n\t<meta property=\"og:image:type\" content=\"image\/jpeg\" \/>\n<meta name=\"twitter:card\" content=\"summary_large_image\" \/>\n<meta name=\"twitter:title\" content=\"Inova\u00e7\u00e3o no Esporte\" \/>\n<meta name=\"twitter:description\" content=\"Aprenda como usar t\u00e9cnicas revolucion\u00e1rias no mundo da inova\u00e7\u00e3o para propor novos produtos, servi\u00e7os, processos e modelos de neg\u00f3cios no esporte.\" \/>\n<meta name=\"twitter:image\" content=\"https:\/\/elearning.barcainnovationhub.com\/wp-content\/uploads\/2021\/01\/31b35320-innovation-in-sports.jpg\" \/>\n<meta name=\"twitter:site\" content=\"@BarcaInnoHub\" \/>\n<meta name=\"twitter:label1\" content=\"Est. reading time\" \/>\n\t<meta name=\"twitter:data1\" content=\"1 minute\" \/>\n<script type=\"application\/ld+json\" class=\"yoast-schema-graph\">{\"@context\":\"https:\/\/schema.org\",\"@graph\":[{\"@type\":\"WebPage\",\"@id\":\"https:\/\/elearning.barcainnovationhub.com\/pt\/product\/inovacao-no-esporte\/\",\"url\":\"https:\/\/elearning.barcainnovationhub.com\/pt\/product\/inovacao-no-esporte\/\",\"name\":\"Programa de Inova\u00e7\u00e3o no Esporte - Bar\u00e7a Innovation Hub\",\"isPartOf\":{\"@id\":\"https:\/\/elearning.barcainnovationhub.com\/pt\/#website\"},\"datePublished\":\"2021-01-21T22:51:47+00:00\",\"dateModified\":\"2026-02-09T15:37:47+00:00\",\"description\":\"Aprenda como usar t\u00e9cnicas revolucion\u00e1rias no mundo da inova\u00e7\u00e3o para propor novos produtos, servi\u00e7os, processos e modelos de neg\u00f3cios no esporte.\",\"breadcrumb\":{\"@id\":\"https:\/\/elearning.barcainnovationhub.com\/pt\/product\/inovacao-no-esporte\/#breadcrumb\"},\"inLanguage\":\"pt\",\"potentialAction\":[{\"@type\":\"ReadAction\",\"target\":[\"https:\/\/elearning.barcainnovationhub.com\/pt\/product\/inovacao-no-esporte\/\"]}]},{\"@type\":\"BreadcrumbList\",\"@id\":\"https:\/\/elearning.barcainnovationhub.com\/pt\/product\/inovacao-no-esporte\/#breadcrumb\",\"itemListElement\":[{\"@type\":\"ListItem\",\"position\":1,\"name\":\"Productos\",\"item\":\"https:\/\/elearning.barcainnovationhub.com\/pt\/product\/\"},{\"@type\":\"ListItem\",\"position\":2,\"name\":\"Inova\u00e7\u00e3o no Esporte\"}]},{\"@type\":\"WebSite\",\"@id\":\"https:\/\/elearning.barcainnovationhub.com\/pt\/#website\",\"url\":\"https:\/\/elearning.barcainnovationhub.com\/pt\/\",\"name\":\"Bar\u00e7a Innovation Hub\",\"description\":\"The worldwide centre for sports knowledge and innovation\",\"potentialAction\":[{\"@type\":\"SearchAction\",\"target\":{\"@type\":\"EntryPoint\",\"urlTemplate\":\"https:\/\/elearning.barcainnovationhub.com\/pt\/?s={search_term_string}\"},\"query-input\":\"required name=search_term_string\"}],\"inLanguage\":\"pt\"}]}<\/script>\n<!-- \/ Yoast SEO plugin. -->","yoast_head_json":{"title":"Programa de Inova\u00e7\u00e3o no Esporte - Bar\u00e7a Innovation Hub","description":"Aprenda como usar t\u00e9cnicas revolucion\u00e1rias no mundo da inova\u00e7\u00e3o para propor novos produtos, servi\u00e7os, processos e modelos de neg\u00f3cios no esporte.","robots":{"index":"index","follow":"follow","max-snippet":"max-snippet:-1","max-image-preview":"max-image-preview:large","max-video-preview":"max-video-preview:-1"},"canonical":"https:\/\/elearning.barcainnovationhub.com\/pt\/product\/inovacao-no-esporte\/","og_locale":"pt_PT","og_type":"article","og_title":"Inova\u00e7\u00e3o no Esporte","og_description":"Aprenda como usar t\u00e9cnicas revolucion\u00e1rias no mundo da inova\u00e7\u00e3o para propor novos produtos, servi\u00e7os, processos e modelos de neg\u00f3cios no esporte.","og_url":"https:\/\/elearning.barcainnovationhub.com\/pt\/product\/inovacao-no-esporte\/","og_site_name":"Bar\u00e7a Innovation Hub","article_publisher":"https:\/\/www.facebook.com\/fcbuniversitas","article_modified_time":"2026-02-09T15:37:47+00:00","og_image":[{"width":1200,"height":1200,"url":"https:\/\/elearning.barcainnovationhub.com\/wp-content\/uploads\/2021\/01\/31b35320-innovation-in-sports.jpg","type":"image\/jpeg"}],"twitter_card":"summary_large_image","twitter_title":"Inova\u00e7\u00e3o no Esporte","twitter_description":"Aprenda como usar t\u00e9cnicas revolucion\u00e1rias no mundo da inova\u00e7\u00e3o para propor novos produtos, servi\u00e7os, processos e modelos de neg\u00f3cios no esporte.","twitter_image":"https:\/\/elearning.barcainnovationhub.com\/wp-content\/uploads\/2021\/01\/31b35320-innovation-in-sports.jpg","twitter_site":"@BarcaInnoHub","twitter_misc":{"Est. reading time":"1 minute"},"schema":{"@context":"https:\/\/schema.org","@graph":[{"@type":"WebPage","@id":"https:\/\/elearning.barcainnovationhub.com\/pt\/product\/inovacao-no-esporte\/","url":"https:\/\/elearning.barcainnovationhub.com\/pt\/product\/inovacao-no-esporte\/","name":"Programa de Inova\u00e7\u00e3o no Esporte - Bar\u00e7a Innovation Hub","isPartOf":{"@id":"https:\/\/elearning.barcainnovationhub.com\/pt\/#website"},"datePublished":"2021-01-21T22:51:47+00:00","dateModified":"2026-02-09T15:37:47+00:00","description":"Aprenda como usar t\u00e9cnicas revolucion\u00e1rias no mundo da inova\u00e7\u00e3o para propor novos produtos, servi\u00e7os, processos e modelos de neg\u00f3cios no esporte.","breadcrumb":{"@id":"https:\/\/elearning.barcainnovationhub.com\/pt\/product\/inovacao-no-esporte\/#breadcrumb"},"inLanguage":"pt","potentialAction":[{"@type":"ReadAction","target":["https:\/\/elearning.barcainnovationhub.com\/pt\/product\/inovacao-no-esporte\/"]}]},{"@type":"BreadcrumbList","@id":"https:\/\/elearning.barcainnovationhub.com\/pt\/product\/inovacao-no-esporte\/#breadcrumb","itemListElement":[{"@type":"ListItem","position":1,"name":"Productos","item":"https:\/\/elearning.barcainnovationhub.com\/pt\/product\/"},{"@type":"ListItem","position":2,"name":"Inova\u00e7\u00e3o no Esporte"}]},{"@type":"WebSite","@id":"https:\/\/elearning.barcainnovationhub.com\/pt\/#website","url":"https:\/\/elearning.barcainnovationhub.com\/pt\/","name":"Bar\u00e7a Innovation Hub","description":"The worldwide centre for sports knowledge and innovation","potentialAction":[{"@type":"SearchAction","target":{"@type":"EntryPoint","urlTemplate":"https:\/\/elearning.barcainnovationhub.com\/pt\/?s={search_term_string}"},"query-input":"required name=search_term_string"}],"inLanguage":"pt"}]}},"idiomas":{"en":81644,"es":81648,"ar":81645,"ca":81646,"ru":81647,"pt":81647},"_links":{"self":[{"href":"https:\/\/elearning.barcainnovationhub.com\/pt\/wp-json\/wp\/v2\/products\/81647"}],"collection":[{"href":"https:\/\/elearning.barcainnovationhub.com\/pt\/wp-json\/wp\/v2\/products"}],"about":[{"href":"https:\/\/elearning.barcainnovationhub.com\/pt\/wp-json\/wp\/v2\/types\/product"}],"author":[{"embeddable":true,"href":"https:\/\/elearning.barcainnovationhub.com\/pt\/wp-json\/wp\/v2\/users\/16"}],"replies":[{"embeddable":true,"href":"https:\/\/elearning.barcainnovationhub.com\/pt\/wp-json\/wp\/v2\/comments?post=81647"}],"version-history":[{"count":0,"href":"https:\/\/elearning.barcainnovationhub.com\/pt\/wp-json\/wp\/v2\/products\/81647\/revisions"}],"wp:attachment":[{"href":"https:\/\/elearning.barcainnovationhub.com\/pt\/wp-json\/wp\/v2\/media?parent=81647"}],"wp:term":[{"taxonomy":"category","embeddable":true,"href":"https:\/\/elearning.barcainnovationhub.com\/pt\/wp-json\/wp\/v2\/categories?post=81647"}],"curies":[{"name":"wp","href":"https:\/\/api.w.org\/{rel}","templated":true}]}}