{"id":87813,"date":"2021-04-11T01:49:47","date_gmt":"2021-04-11T04:49:47","guid":{"rendered":"https:\/\/elearning.barcainnovationhub.com\/?post_type=product&#038;p=87813"},"modified":"2025-12-09T12:15:37","modified_gmt":"2025-12-09T15:15:37","slug":"especializacao-em-medicina-esportiva-para-equipes","status":"publish","type":"product","link":"https:\/\/elearning.barcainnovationhub.com\/pt\/product\/especializacao-em-medicina-esportiva-para-equipes\/","title":{"rendered":"Especializa\u00e7\u00e3o em Medicina Esportiva para Equipes"},"content":{"rendered":"<p>contenido<\/p>\n\n\n<p><\/p>\n","protected":false},"excerpt":{"rendered":"<p>excerpt<\/p>\n","protected":false},"author":16,"featured_media":0,"comment_status":"open","ping_status":"closed","template":"","meta":{"_acf_changed":true,"footnotes":""},"categories":[291,232,200,113],"class_list":["post-87813","product","type-product","status-publish","hentry","category-barca-innovation-hub-3-pt","category-medicina-pt","category-medicine","category-online-based-programs-pt"],"acf":{"external_id":"2402","titulo_curso":"Diplomado en Medicina en Deportes de Equipo - Carrusel","precio":"960","impartido_en":"English","producto_path":false,"hubspot_product_id":"37770616003","id_magento":"390","header_image":134646,"column_title":"","titulo_incentivo":"Professional Diploma in Team Sports Physician","fecha_de_inicio":"10062021","precio_en_cuotas":"10 pagamentos de 96 euros","precio_de_lista":"","mostrar_form":false,"duracion_del_curso":"8 meses","nivel_del_curso":"avan\u00e7ado","modalidad_cursado":"Online","contenido":"<div class=\"FFpbKc\"><\/div>\n<h2 id=\"c10\" class=\"oBOnKe\"><strong><span class=\"JLqJ4b ChMk0b\" style=\"font-size: 16px;\" data-language-for-alternatives=\"pt\" data-language-to-translate-into=\"en\" data-phrase-index=\"0\">IMPORTANTE:<\/span><\/strong><\/h2>\n<p class=\"oBOnKe\"><span class=\"JLqJ4b ChMk0b\" style=\"font-size: 16px;\" data-language-for-alternatives=\"pt\" data-language-to-translate-into=\"en\" data-phrase-index=\"2\">Se \u00e9 ou j\u00e1 participou de um programa online do Bar\u00e7a Innovation Hub Universitas e est\u00e1 interessado em inscrever-se neste Diploma Profissional, contacte-nos atrav\u00e9s do CHAT para o orientar no processo de compra.<\/span><\/p>\n","ocultar_video":true,"url_video":"","cursos_que_lo_componen":[{"nombre_del_curso":"O m\u00e9dico da equipe e a administra\u00e7\u00e3o de dados","descripcion_del_curso":"<p>M\u00d3DULO 1: o papel do m\u00e9dico da equipe<br \/>\nM\u00d3DULO 2: administra\u00e7\u00e3o de dados e metodologia<br \/>\nM\u00d3DULO 3: les\u00f5es esportivas em outras popula\u00e7\u00f5es<br \/>\nM\u00d3DULO 4: monitoramento da carga de trabalho<\/p>\n"},{"nombre_del_curso":"Les\u00f5es e esportes de equipe","descripcion_del_curso":"<p>M\u00d3DULO 1: preven\u00e7\u00e3o e readapta\u00e7\u00e3o de les\u00f5es<br \/>\nM\u00d3DULO 2: gest\u00e3o de les\u00f5es musculares e tendinopatia<br \/>\nM\u00d3DULO 3: gest\u00e3o de les\u00f5es articulares e \u00f3sseas<br \/>\nM\u00d3DULO 4: tomada de decis\u00f5es e retorno aos campeonatos<\/p>\n"},{"nombre_del_curso":"Patologias em esportes de equipe","descripcion_del_curso":"<p>M\u00d3DULO 1: gerenciamento de patologias m\u00e9dicas 1<br \/>\nM\u00d3DULO 2: gerenciamento de patologias m\u00e9dicas 2<br \/>\nM\u00d3DULO 3: patologias espec\u00edficas por esporte<br \/>\nM\u00d3DULO 4: esportes e campeonatos especializados<\/p>\n"},{"nombre_del_curso":"Aspectos peculiares ao m\u00e9dico da equipe","descripcion_del_curso":"<p>M\u00d3DULO 1: Diagn\u00f3stico por imagem: o uso da ultrassonografia como ferramenta b\u00e1sica do m\u00e9dico de equipes<br \/>\nM\u00d3DULO 2: nutri\u00e7\u00e3o e recursos ergog\u00eanicos<br \/>\nM\u00d3DULO 3: Batalha antidoping<br \/>\nM\u00d3DULO 4: comunica\u00e7\u00e3o, lideran\u00e7a e gest\u00e3o de equipe<\/p>\n"},{"nombre_del_curso":"For\u00e7a e pot\u00eancia muscular como qualidade essencial no processo de readapta\u00e7\u00e3o das les\u00f5es esportivas","descripcion_del_curso":"<p>M\u00d3DULO 1: estudos sobre les\u00f5es no esporte - mecanismos que geram les\u00f5es e fatores associados ao risco<br \/>\nUnidade 1: biomec\u00e2nica dos processos de les\u00e3o e envolvimento da for\u00e7a na recupera\u00e7\u00e3o de habilidades esportivas.<br \/>\nUnidade 2: fatores de risco associados \u00e0 debilidade.<\/p>\n<p>M\u00d3DULO 2: les\u00f5es esportivas e sua rela\u00e7\u00e3o com a qualidade da for\u00e7a<br \/>\nUnidade 1: les\u00f5es das estruturas musculares e tendinosas.<br \/>\nUnidade 2: les\u00f5es articulares.<\/p>\n<p>M\u00d3DULO 3: manifesta\u00e7\u00f5es da for\u00e7a e pot\u00eancia muscular durante o processo de readapta\u00e7\u00e3o p\u00f3s-les\u00e3o<br \/>\nUnidade 1: for\u00e7a e suas diferentes manifesta\u00e7\u00f5es, de acordo com a carga externa e velocidade de execu\u00e7\u00e3o.<br \/>\nUnidade 2: programa\u00e7\u00e3o do trabalho de for\u00e7a nas les\u00f5es esportivas.<\/p>\n<p>M\u00d3DULO 4: novos prot\u00f3tipos no treinamento de for\u00e7a - muscula\u00e7\u00e3o mediante oclus\u00e3o vascular<br \/>\nUnidade 1: fundamentos para a muscula\u00e7\u00e3o tradicional versus a muscula\u00e7\u00e3o por oclus\u00e3o vascular ou Blood Flow Restriction (BRF).<br \/>\nUnidade 2: programa\u00e7\u00e3o de treinamentos, mediante oclus\u00e3o vascular - vari\u00e1veis essenciais para a prescri\u00e7\u00e3o ideal.<\/p>\n"},{"nombre_del_curso":"Ferramentas e vari\u00e1veis para a monitora\u00e7\u00e3o da carga de treinamento","descripcion_del_curso":"<p>M\u00d3DULO 1: Introdu\u00e7\u00e3o ao controle da carga de treinamento<br \/>\nMO\u0301DULO 2: O ciclo de planejar-intervir-avaliar no processo de treinamento<br \/>\nMO\u0301DULO 3: Ferramentas de controle de carga interna e suas vari\u00e1veis<br \/>\nMO\u0301DULO 4: Ferramentas de controle de carga externa e suas vari\u00e1veis<\/p>\n"},{"nombre_del_curso":"Nutri\u00e7\u00e3o, recupera\u00e7\u00e3o e adapta\u00e7\u00f5es no treinamento","descripcion_del_curso":"<p>M\u00d3DULO 1: exerc\u00edcio e fadiga<br \/>\nUnidade 1: O que \u00e9 fadiga?<br \/>\nUnidade 2: Retardar a fadiga<\/p>\n<p>M\u00d3DULO 2: recupera\u00e7\u00e3o e adapta\u00e7\u00e3o<br \/>\nUnidade 1: Recupera\u00e7\u00e3o<br \/>\nUnidade 2: Adapta\u00e7\u00e3o<\/p>\n<p>M\u00d3DULO 3: otimizar recupera\u00e7\u00e3o e adapta\u00e7\u00e3o<br \/>\nUnidade 1: otimizar recupera\u00e7\u00e3o e nutri\u00e7\u00e3o<br \/>\nUnidade 2: otimizar adapta\u00e7\u00e3o com nutri\u00e7\u00e3o adapta\u00e7\u00e3o<\/p>\n<p>M\u00d3DULO 4: recupera\u00e7\u00e3o de les\u00f5es<br \/>\nUnidade 1: diferentes fases de uma les\u00e3o<br \/>\nUnidade 2: estrat\u00e9gias.<\/p>\n"},{"nombre_del_curso":"A rotina no esporte","descripcion_del_curso":"<p>M\u00d3DULO 1: gest\u00e3o de atletas lesionados<br \/>\nM\u00d3DULO 2: possibilitadores de dual-career<br \/>\nM\u00d3DULO 3: gest\u00e3o das dificuldades I<br \/>\nM\u00d3DULO 4: gest\u00e3o da dificuldade II<\/p>\n"}],"aprende_a":[{"item_aprende_a":"Administrar e gerenciar os dados obtidos das avalia\u00e7\u00f5es e monitoramento de desempenho e les\u00f5es da equipe, em compara\u00e7\u00e3o com os dados provenientes da ci\u00eancia e do treinamento."},{"item_aprende_a":"Conhecer as caracter\u00edsticas fundamentais tanto de estrat\u00e9gias de preven\u00e7\u00e3o e reabilita\u00e7\u00e3o de les\u00f5es como dos diferentes mecanismos lesivos em esportes de equipe.\r\n"},{"item_aprende_a":"Administrar patologias e les\u00f5es diferenciadas pelo esporte.\r\n"},{"item_aprende_a":"Dominar tem\u00e1ticas complementares, peculiares ao m\u00e9dico da equipe."},{"item_aprende_a":"Aplicar metodologias adequadas ao projeto durante o processo de readapta\u00e7\u00e3o p\u00f3s-les\u00e3o em patologias que necessitam de desenvolvimento da for\u00e7a e que ela seja parte importante do processo."},{"item_aprende_a":"Analisar os dados sobre o monitoramento das cargas de trabalho com o objetivo de orientar processos de treinamento para prevenir les\u00f5es e o consequente aumento do desempenho esportivo."},{"item_aprende_a":"Otimizar a recupera\u00e7\u00e3o intensa e a adapta\u00e7\u00e3o ao treinamento com suporte de nutri\u00e7\u00e3o."},{"item_aprende_a":"Adquirir estrat\u00e9gias pr\u00f3prias para a solu\u00e7\u00e3o de situa\u00e7\u00f5es espec\u00edficas que ocorrem no dia-a-dia do contexto esportivo."}],"docentes_expertos":[{"foto":"https:\/\/static.capabiliaserver.com\/frontend\/clients\/barca\/wp_prod\/wp-content\/uploads\/2021\/04\/a2db0e56-gil_rodas_font_bis.jpg","nombre_del_docente":"Gil Rodas Font","descripcion_del_docente":"Doutor em medicina e cirurgia. Especialista em educa\u00e7\u00e3o f\u00edsica e medicina do esporte. Respons\u00e1vel pela \u00e1rea de servi\u00e7os m\u00e9dicos do Bar\u00e7a Innovation Hub.","enlace":""},{"foto":false,"nombre_del_docente":"Asker Jeukendrup","descripcion_del_docente":"Cientista em nutri\u00e7\u00e3o esportiva. Professor de metabolismo do exerc\u00edcio. Consultor de rendimento no esporte de elite. Empreendedor. Triatleta de Ironman.","enlace":""},{"foto":false,"nombre_del_docente":"Ana Merayo Garc\u00eda","descripcion_del_docente":"Psic\u00f3loga esportiva. Professora. Coordenadora do Servi\u00e7o de atendimento integral ao atleta (SAIE) da Masia 360, FC Barcelona.","enlace":""},{"foto":"https:\/\/static.capabiliaserver.com\/frontend\/clients\/barca\/wp_prod\/wp-content\/uploads\/2021\/04\/43630949-asker_jeukendrup.jpg","nombre_del_docente":"","descripcion_del_docente":"","enlace":""},{"foto":"https:\/\/static.capabiliaserver.com\/frontend\/clients\/barca\/wp_prod\/wp-content\/uploads\/2021\/04\/2e8378f3-ana_merayo.png","nombre_del_docente":"","descripcion_del_docente":"","enlace":""}],"imagen_destacada":"https:\/\/static.capabiliaserver.com\/frontend\/clients\/barca\/wp_prod\/wp-content\/uploads\/2021\/04\/455dcabc-professional-diploma-in-team-sports-physician_-2.jpg","slidebox":false,"titulo_seccion_testimonios":"","activar_banner_1":false,"banner_1":false,"activar_banner_2":false,"banner_2":false,"activar_banner_3":false,"banner_3":false,"segunda_fecha_de_inicio":"25062024","zona_horaria":"Europe\/Madrid","activar_nuevos_banners":false,"mostrar_banner_1":false,"crear_banner_1":{"utilizar_imagen_unica_para_banner":false,"asignar_imagen_unica_para_banner":false,"mostrar_titulo_banner":false,"titulo_para_banner":"","mostrar_subtitulo_banner":false,"subtitulo_del_banner":"","mostrar_cta_banner":false,"texto_cta_banner":"","url_cta_banner":"","fondo_de_color_banner":"","fondo_de_imagen_banner":false,"mostrar_imagen_izquierda_banner":false,"asignar_imagen_izquierda_banner":false},"mostrar_banner_2":false,"crear_banner_2":{"utilizar_imagen_unica_para_banner":false,"asignar_imagen_unica_para_banner":false,"mostrar_titulo_banner":false,"titulo_para_banner":"","mostrar_subtitulo_banner":false,"subtitulo_del_banner":"","mostrar_cta_banner":false,"texto_cta_banner":"","url_cta_banner":"","fondo_de_color_banner":"","fondo_de_imagen_banner":false,"mostrar_imagen_izquierda_banner":false,"asignar_imagen_izquierda_banner":false},"mostrar_banner_3":false,"crear_banner_3":{"utilizar_imagen_unica_para_banner":false,"asignar_imagen_unica_para_banner":false,"mostrar_titulo_banner":false,"titulo_para_banner":"","mostrar_subtitulo_banner":false,"subtitulo_del_banner":"","mostrar_cta_banner":false,"texto_cta_banner":"","url_cta_banner":"","fondo_de_color_banner":"","fondo_de_imagen_banner":false,"mostrar_imagen_izquierda_banner":false,"asignar_imagen_izquierda_banner":false},"activar_hero_video":false,"video_texto":"","pdf_brochure_link_drive":"https:\/\/drive.google.com\/uc?id=1wEe-nheeKXg8Tp_UFUYUPOi95z_4uqYq&export=download","fecha_inicio_estatica":"","enable_linkedin_carousel":false,"pdf_brochure":"https:\/\/static.capabiliaserver.com\/frontend\/clients\/barca\/wp_prod\/wp-content\/uploads\/2021\/04\/2ab4f2a2-especializacao-em-medicina-esportiva-para-equipes.pdf","preguntas_frecuentes":false,"contenidistas":false,"promocion_vigente":"","avalado_por":false},"yoast_head":"<!-- This site is optimized with the Yoast SEO plugin v23.0 - https:\/\/yoast.com\/wordpress\/plugins\/seo\/ -->\n<title>Especializa\u00e7\u00e3o em Medicina Esportiva para Equipes - Bar\u00e7a Innovation Hub<\/title>\n<meta name=\"description\" content=\"In this 8-month program, you will gain comprehensive knowledge and skills to handle pathologies and specific injuries, corresponding to each sport.\" \/>\n<meta name=\"robots\" content=\"index, follow, max-snippet:-1, max-image-preview:large, max-video-preview:-1\" \/>\n<link rel=\"canonical\" href=\"https:\/\/elearning.barcainnovationhub.com\/pt\/product\/especializacao-em-medicina-esportiva-para-equipes\/\" \/>\n<meta property=\"og:locale\" content=\"pt_PT\" \/>\n<meta property=\"og:type\" content=\"article\" \/>\n<meta property=\"og:title\" content=\"Professional Diploma in Team Sports Physician\" \/>\n<meta property=\"og:description\" content=\"In this 8-month program, you will gain comprehensive knowledge and skills to handle pathologies and specific injuries, corresponding to each sport.\" \/>\n<meta property=\"og:url\" content=\"https:\/\/elearning.barcainnovationhub.com\/pt\/product\/especializacao-em-medicina-esportiva-para-equipes\/\" \/>\n<meta property=\"og:site_name\" content=\"Bar\u00e7a Innovation Hub\" \/>\n<meta property=\"article:publisher\" content=\"https:\/\/www.facebook.com\/fcbuniversitas\" \/>\n<meta property=\"article:modified_time\" content=\"2025-12-09T15:15:37+00:00\" \/>\n<meta property=\"og:image\" content=\"https:\/\/static.capabiliaserver.com\/frontend\/clients\/barca\/wp_prod\/wp-content\/uploads\/2020\/02\/1117e65f-vo190725a26558-1-1.jpg\" \/>\n\t<meta property=\"og:image:width\" content=\"1023\" \/>\n\t<meta property=\"og:image:height\" content=\"347\" \/>\n\t<meta property=\"og:image:type\" content=\"image\/jpeg\" \/>\n<meta name=\"twitter:card\" content=\"summary_large_image\" \/>\n<meta name=\"twitter:title\" content=\"Professional Diploma in Team Sports Physician\" \/>\n<meta name=\"twitter:description\" content=\"In this 8-month program, you will gain comprehensive knowledge and skills to handle pathologies and specific injuries, corresponding to each sport.\" \/>\n<meta name=\"twitter:image\" content=\"https:\/\/static.capabiliaserver.com\/frontend\/clients\/barca\/wp_prod\/wp-content\/uploads\/2020\/02\/1117e65f-vo190725a26558-1-1.jpg\" \/>\n<meta name=\"twitter:site\" content=\"@BarcaInnoHub\" \/>\n<meta name=\"twitter:label1\" content=\"Est. reading time\" \/>\n\t<meta name=\"twitter:data1\" content=\"1 minute\" \/>\n<script type=\"application\/ld+json\" class=\"yoast-schema-graph\">{\"@context\":\"https:\/\/schema.org\",\"@graph\":[{\"@type\":\"WebPage\",\"@id\":\"https:\/\/elearning.barcainnovationhub.com\/pt\/product\/especializacao-em-medicina-esportiva-para-equipes\/\",\"url\":\"https:\/\/elearning.barcainnovationhub.com\/pt\/product\/especializacao-em-medicina-esportiva-para-equipes\/\",\"name\":\"Especializa\u00e7\u00e3o em Medicina Esportiva para Equipes - Bar\u00e7a Innovation Hub\",\"isPartOf\":{\"@id\":\"https:\/\/elearning.barcainnovationhub.com\/pt\/#website\"},\"datePublished\":\"2021-04-11T04:49:47+00:00\",\"dateModified\":\"2025-12-09T15:15:37+00:00\",\"description\":\"In this 8-month program, you will gain comprehensive knowledge and skills to handle pathologies and specific injuries, corresponding to each sport.\",\"breadcrumb\":{\"@id\":\"https:\/\/elearning.barcainnovationhub.com\/pt\/product\/especializacao-em-medicina-esportiva-para-equipes\/#breadcrumb\"},\"inLanguage\":\"pt\",\"potentialAction\":[{\"@type\":\"ReadAction\",\"target\":[\"https:\/\/elearning.barcainnovationhub.com\/pt\/product\/especializacao-em-medicina-esportiva-para-equipes\/\"]}]},{\"@type\":\"BreadcrumbList\",\"@id\":\"https:\/\/elearning.barcainnovationhub.com\/pt\/product\/especializacao-em-medicina-esportiva-para-equipes\/#breadcrumb\",\"itemListElement\":[{\"@type\":\"ListItem\",\"position\":1,\"name\":\"Productos\",\"item\":\"https:\/\/elearning.barcainnovationhub.com\/pt\/product\/\"},{\"@type\":\"ListItem\",\"position\":2,\"name\":\"Especializa\u00e7\u00e3o em Medicina Esportiva para Equipes\"}]},{\"@type\":\"WebSite\",\"@id\":\"https:\/\/elearning.barcainnovationhub.com\/pt\/#website\",\"url\":\"https:\/\/elearning.barcainnovationhub.com\/pt\/\",\"name\":\"Bar\u00e7a Innovation Hub\",\"description\":\"The worldwide centre for sports knowledge and innovation\",\"potentialAction\":[{\"@type\":\"SearchAction\",\"target\":{\"@type\":\"EntryPoint\",\"urlTemplate\":\"https:\/\/elearning.barcainnovationhub.com\/pt\/?s={search_term_string}\"},\"query-input\":\"required name=search_term_string\"}],\"inLanguage\":\"pt\"}]}<\/script>\n<!-- \/ Yoast SEO plugin. -->","yoast_head_json":{"title":"Especializa\u00e7\u00e3o em Medicina Esportiva para Equipes - Bar\u00e7a Innovation Hub","description":"In this 8-month program, you will gain comprehensive knowledge and skills to handle pathologies and specific injuries, corresponding to each sport.","robots":{"index":"index","follow":"follow","max-snippet":"max-snippet:-1","max-image-preview":"max-image-preview:large","max-video-preview":"max-video-preview:-1"},"canonical":"https:\/\/elearning.barcainnovationhub.com\/pt\/product\/especializacao-em-medicina-esportiva-para-equipes\/","og_locale":"pt_PT","og_type":"article","og_title":"Professional Diploma in Team Sports Physician","og_description":"In this 8-month program, you will gain comprehensive knowledge and skills to handle pathologies and specific injuries, corresponding to each sport.","og_url":"https:\/\/elearning.barcainnovationhub.com\/pt\/product\/especializacao-em-medicina-esportiva-para-equipes\/","og_site_name":"Bar\u00e7a Innovation Hub","article_publisher":"https:\/\/www.facebook.com\/fcbuniversitas","article_modified_time":"2025-12-09T15:15:37+00:00","og_image":[{"width":1023,"height":347,"url":"https:\/\/static.capabiliaserver.com\/frontend\/clients\/barca\/wp_prod\/wp-content\/uploads\/2020\/02\/1117e65f-vo190725a26558-1-1.jpg","type":"image\/jpeg"}],"twitter_card":"summary_large_image","twitter_title":"Professional Diploma in Team Sports Physician","twitter_description":"In this 8-month program, you will gain comprehensive knowledge and skills to handle pathologies and specific injuries, corresponding to each sport.","twitter_image":"https:\/\/static.capabiliaserver.com\/frontend\/clients\/barca\/wp_prod\/wp-content\/uploads\/2020\/02\/1117e65f-vo190725a26558-1-1.jpg","twitter_site":"@BarcaInnoHub","twitter_misc":{"Est. reading time":"1 minute"},"schema":{"@context":"https:\/\/schema.org","@graph":[{"@type":"WebPage","@id":"https:\/\/elearning.barcainnovationhub.com\/pt\/product\/especializacao-em-medicina-esportiva-para-equipes\/","url":"https:\/\/elearning.barcainnovationhub.com\/pt\/product\/especializacao-em-medicina-esportiva-para-equipes\/","name":"Especializa\u00e7\u00e3o em Medicina Esportiva para Equipes - Bar\u00e7a Innovation Hub","isPartOf":{"@id":"https:\/\/elearning.barcainnovationhub.com\/pt\/#website"},"datePublished":"2021-04-11T04:49:47+00:00","dateModified":"2025-12-09T15:15:37+00:00","description":"In this 8-month program, you will gain comprehensive knowledge and skills to handle pathologies and specific injuries, corresponding to each sport.","breadcrumb":{"@id":"https:\/\/elearning.barcainnovationhub.com\/pt\/product\/especializacao-em-medicina-esportiva-para-equipes\/#breadcrumb"},"inLanguage":"pt","potentialAction":[{"@type":"ReadAction","target":["https:\/\/elearning.barcainnovationhub.com\/pt\/product\/especializacao-em-medicina-esportiva-para-equipes\/"]}]},{"@type":"BreadcrumbList","@id":"https:\/\/elearning.barcainnovationhub.com\/pt\/product\/especializacao-em-medicina-esportiva-para-equipes\/#breadcrumb","itemListElement":[{"@type":"ListItem","position":1,"name":"Productos","item":"https:\/\/elearning.barcainnovationhub.com\/pt\/product\/"},{"@type":"ListItem","position":2,"name":"Especializa\u00e7\u00e3o em Medicina Esportiva para Equipes"}]},{"@type":"WebSite","@id":"https:\/\/elearning.barcainnovationhub.com\/pt\/#website","url":"https:\/\/elearning.barcainnovationhub.com\/pt\/","name":"Bar\u00e7a Innovation Hub","description":"The worldwide centre for sports knowledge and innovation","potentialAction":[{"@type":"SearchAction","target":{"@type":"EntryPoint","urlTemplate":"https:\/\/elearning.barcainnovationhub.com\/pt\/?s={search_term_string}"},"query-input":"required name=search_term_string"}],"inLanguage":"pt"}]}},"idiomas":{"en":87810,"es":87813,"ar":87813,"ca":87813,"ru":150066,"pt":87813},"_links":{"self":[{"href":"https:\/\/elearning.barcainnovationhub.com\/pt\/wp-json\/wp\/v2\/products\/87813"}],"collection":[{"href":"https:\/\/elearning.barcainnovationhub.com\/pt\/wp-json\/wp\/v2\/products"}],"about":[{"href":"https:\/\/elearning.barcainnovationhub.com\/pt\/wp-json\/wp\/v2\/types\/product"}],"author":[{"embeddable":true,"href":"https:\/\/elearning.barcainnovationhub.com\/pt\/wp-json\/wp\/v2\/users\/16"}],"replies":[{"embeddable":true,"href":"https:\/\/elearning.barcainnovationhub.com\/pt\/wp-json\/wp\/v2\/comments?post=87813"}],"version-history":[{"count":0,"href":"https:\/\/elearning.barcainnovationhub.com\/pt\/wp-json\/wp\/v2\/products\/87813\/revisions"}],"wp:attachment":[{"href":"https:\/\/elearning.barcainnovationhub.com\/pt\/wp-json\/wp\/v2\/media?parent=87813"}],"wp:term":[{"taxonomy":"category","embeddable":true,"href":"https:\/\/elearning.barcainnovationhub.com\/pt\/wp-json\/wp\/v2\/categories?post=87813"}],"curies":[{"name":"wp","href":"https:\/\/api.w.org\/{rel}","templated":true}]}}