{"id":9675,"date":"2019-01-24T15:19:14","date_gmt":"2019-01-24T18:19:14","guid":{"rendered":"https:\/\/elearning.barcainnovationhub.com\/?post_type=product&#038;p=9675"},"modified":"2025-11-10T09:47:37","modified_gmt":"2025-11-10T12:47:37","slug":"certificado-em-comunicacao-em-organizacoes-desportivas","status":"publish","type":"product","link":"https:\/\/elearning.barcainnovationhub.com\/pt\/product\/certificado-em-comunicacao-em-organizacoes-desportivas\/","title":{"rendered":"Certificado em Comunica\u00e7\u00e3o em Organiza\u00e7\u00f5es Desportivas"},"content":{"rendered":"","protected":false},"excerpt":{"rendered":"","protected":false},"author":1,"featured_media":0,"comment_status":"open","ping_status":"closed","template":"","meta":{"_acf_changed":true,"footnotes":""},"categories":[291,238,208,235,109,113],"class_list":["post-9675","product","type-product","status-publish","hentry","category-barca-innovation-hub-3-pt","category-institucional-pt","category-institutional","category-marketing-comunicacao-e-gestao","category-online-based-programs","category-online-based-programs-pt"],"acf":{"external_id":"2476","header_image":141664,"column_title":"","titulo_incentivo":"Certificado em Comunica\u00e7\u00e3o em Organiza\u00e7\u00f5es Desportivas","precio":"625","precio_en_cuotas":"4 parcelas de 156,25","precio_de_lista":"","mostrar_form":false,"duracion_del_curso":"4 meses","nivel_del_curso":"introdut\u00f3rio","modalidad_cursado":"Online","impartido_en":"Portugues","contenido":"<p>Neste curso, dirigido tanto a gerentes novos quanto aos que j\u00e1 se encontram em exerc\u00edcio, Jimmy Sanderson e Sean D. Williams ensinar\u00e3o as habilidades essenciais para gerenciar as tarefas de comunica\u00e7\u00e3o externa mais relevantes de suas organiza\u00e7\u00f5es esportivas, de maneira a poder comunicar-se de maneira eficaz com suas diversas audi\u00eancias e obter resultados bem-sucedidos.<\/p>\n","ocultar_video":false,"pdf_brochure":"https:\/\/static.capabiliaserver.com\/frontend\/clients\/barca\/wp_prod\/wp-content\/uploads\/2019\/01\/43554ec4-certificate-in-communication-in-sports-organizations-1.pdf","cursos_que_lo_componen":[{"nombre_del_curso":"Quest\u00f5es de Comunica\u00e7\u00e3o em Organiza\u00e7\u00f5es Desportivas","descripcion_del_curso":"<p>M\u00d3DULO 1: Descri\u00e7\u00e3o do papel da comunica\u00e7\u00e3o nas organiza\u00e7\u00f5es esportivas<br \/>\nM\u00d3DULO 2: Explica\u00e7\u00e3o da evolu\u00e7\u00e3o da comunica\u00e7\u00e3o nos esportes e de uma colabora\u00e7\u00e3o efetiva com jornalistas<br \/>\nM\u00d3DULO 3: Elabora\u00e7\u00e3o de mensagens para m\u00eddias tradicionais e digitais<br \/>\nM\u00d3DULO 4: Cria\u00e7\u00e3o de uma estrat\u00e9gia de comunica\u00e7\u00e3o para maximizar o impacto<\/p>\n"},{"nombre_del_curso":"Estrat\u00e9gias de M\u00eddias Sociais em Organiza\u00e7\u00f5es Desportivas","descripcion_del_curso":"<p>M\u00d3DULO 1: M\u00eddias sociais e o ambiente corporativo<br \/>\nM\u00d3DULO 2: Conte\u00fado de m\u00eddias sociais e envolvimento das audi\u00eancias<br \/>\nM\u00d3DULO 3: M\u00eddias sociais e governan\u00e7a corporativa<br \/>\nM\u00d3DULO 4: Estrat\u00e9gias de m\u00eddias sociais<\/p>\n"},{"nombre_del_curso":"Rela\u00e7\u00f5es P\u00fablicas em Organiza\u00e7\u00f5es Desportivas","descripcion_del_curso":"<p>M\u00d3DULO 1: Princ\u00edpios b\u00e1sicos de Rela\u00e7\u00f5es P\u00fablicas no esporte<br \/>\nM\u00d3DULO 2: O cen\u00e1rio em mudan\u00e7a nas Rela\u00e7\u00f5es P\u00fablicas no esporte: de um modelo de informa\u00e7\u00f5es esportivas a um modelo de comunica\u00e7\u00e3o ativa<br \/>\nM\u00d3DULO 3: Rela\u00e7\u00f5es P\u00fablicas e comunica\u00e7\u00e3o de crises no esporte<br \/>\nM\u00d3DULO 4: Rela\u00e7\u00f5es P\u00fablicas e m\u00eddias sociais e digitais no esporte<\/p>\n"},{"nombre_del_curso":"Marketing em Organiza\u00e7\u00f5es Desportivas","descripcion_del_curso":"<p>M\u00d3DULO 1:  Marketing e branding no esporte<br \/>\nM\u00d3DULO 2: Marketing e m\u00eddias digitais e sociais no esporte<br \/>\nM\u00d3DULO 3: Patroc\u00ednio e vendas<br \/>\nM\u00d3DULO 4: Criando um plano de marketing bem sucedido<\/p>\n"}],"docentes_expertos":[{"foto":false,"nombre_del_docente":"Jimmy Sanderson","descripcion_del_docente":"Professor Assistente no Departamento de Cinesiologia e Gest\u00e3o Desportiva da Texas Tech University. Investiga ativamente a influ\u00eancia das redes sociais no desporto e \u00e9 consultor de organiza\u00e7\u00f5es desportivas na \u00e1rea de gest\u00e3o de redes sociais.","enlace":""},{"foto":false,"nombre_del_docente":"Sean D. Williams","descripcion_del_docente":"Ph.D., professor e membro do Spiro Institute for Entrepreneurial Leadership da Universidad de Clemson.","enlace":""}],"hubspot_product_id":"37770615032","url_video":"https:\/\/www.youtube.com\/embed\/ZS7efp0qHaE","aprende_a":[{"item_aprende_a":"Completar sozinho e de modo eficaz as tarefas de comunica\u00e7\u00e3o mais fundamentais quando n\u00e3o existir uma equipe de comunica\u00e7\u00f5es exclusiva."},{"item_aprende_a":"Administrar com sucesso o trabalho de equipes de comunica\u00e7\u00e3o quando a empresa conta com profissionais de comunica\u00e7\u00e3o."}],"fecha_de_inicio":"10062021","imagen_destacada":"https:\/\/elearning.barcainnovationhub.com\/wp-content\/uploads\/2019\/01\/ba56e863-certificado-en-comunicacion-en-organizaciones-deportivas.jpg","id_magento":"220","producto_path":false,"titulo_seccion_testimonios":"","activar_banner_1":false,"banner_1":false,"activar_banner_2":false,"banner_2":false,"activar_banner_3":false,"banner_3":false,"zona_horaria":"Europe\/Madrid","activar_nuevos_banners":false,"mostrar_banner_1":false,"crear_banner_1":{"utilizar_imagen_unica_para_banner":false,"asignar_imagen_unica_para_banner":false,"mostrar_titulo_banner":false,"titulo_para_banner":"","mostrar_subtitulo_banner":false,"subtitulo_del_banner":"","mostrar_cta_banner":false,"texto_cta_banner":"","url_cta_banner":"","fondo_de_color_banner":"","fondo_de_imagen_banner":false,"mostrar_imagen_izquierda_banner":false,"asignar_imagen_izquierda_banner":false},"mostrar_banner_2":false,"crear_banner_2":{"utilizar_imagen_unica_para_banner":false,"asignar_imagen_unica_para_banner":false,"mostrar_titulo_banner":false,"titulo_para_banner":"","mostrar_subtitulo_banner":false,"subtitulo_del_banner":"","mostrar_cta_banner":false,"texto_cta_banner":"","url_cta_banner":"","fondo_de_color_banner":"","fondo_de_imagen_banner":false,"mostrar_imagen_izquierda_banner":false,"asignar_imagen_izquierda_banner":false},"mostrar_banner_3":false,"crear_banner_3":{"utilizar_imagen_unica_para_banner":false,"asignar_imagen_unica_para_banner":false,"mostrar_titulo_banner":false,"titulo_para_banner":"","mostrar_subtitulo_banner":false,"subtitulo_del_banner":"","mostrar_cta_banner":false,"texto_cta_banner":"","url_cta_banner":"","fondo_de_color_banner":"","fondo_de_imagen_banner":false,"mostrar_imagen_izquierda_banner":false,"asignar_imagen_izquierda_banner":false},"activar_hero_video":false,"video_texto":"","pdf_brochure_link_drive":"https:\/\/drive.google.com\/uc?id=1_XvJx5aGBszWFh3IFLCQk7GIrD5HCr33&export=download","fecha_inicio_estatica":"","enable_linkedin_carousel":false,"slidebox":false,"preguntas_frecuentes":false,"contenidistas":false,"promocion_vigente":"","avalado_por":false},"yoast_head":"<!-- This site is optimized with the Yoast SEO plugin v23.0 - https:\/\/yoast.com\/wordpress\/plugins\/seo\/ -->\n<title>Certificado em Comunica\u00e7\u00e3o em Organiza\u00e7\u00f5es Desportivas - Bar\u00e7a Innovation Hub<\/title>\n<meta name=\"description\" content=\"Curso online de Comunica\u00e7\u00e3o Esportiva, aprenda a desenvolver planos de comunica\u00e7\u00e3o para os objetivos da organiza\u00e7\u00e3o.\" \/>\n<meta name=\"robots\" content=\"index, follow, max-snippet:-1, max-image-preview:large, max-video-preview:-1\" \/>\n<link rel=\"canonical\" href=\"https:\/\/elearning.barcainnovationhub.com\/pt\/product\/certificado-em-comunicacao-em-organizacoes-desportivas\/\" \/>\n<meta property=\"og:locale\" content=\"pt_PT\" \/>\n<meta property=\"og:type\" content=\"article\" \/>\n<meta property=\"og:title\" content=\"Certificado em Comunica\u00e7\u00e3o em Organiza\u00e7\u00f5es Desportivas\" \/>\n<meta property=\"og:description\" content=\"Curso online de Comunica\u00e7\u00e3o Esportiva, aprenda a desenvolver planos de comunica\u00e7\u00e3o para os objetivos da organiza\u00e7\u00e3o.\" \/>\n<meta property=\"og:url\" content=\"https:\/\/elearning.barcainnovationhub.com\/pt\/product\/certificado-em-comunicacao-em-organizacoes-desportivas\/\" \/>\n<meta property=\"og:site_name\" content=\"Bar\u00e7a Innovation Hub\" \/>\n<meta property=\"article:publisher\" content=\"https:\/\/www.facebook.com\/fcbuniversitas\" \/>\n<meta property=\"article:modified_time\" content=\"2025-11-10T12:47:37+00:00\" \/>\n<meta property=\"og:image\" content=\"https:\/\/elearning.barcainnovationhub.com\/wp-content\/uploads\/2019\/01\/3b60d1c9-certificate-in-communication-in-sports-organizations-portada.jpg\" \/>\n\t<meta property=\"og:image:width\" content=\"1366\" \/>\n\t<meta property=\"og:image:height\" content=\"854\" \/>\n\t<meta property=\"og:image:type\" content=\"image\/jpeg\" \/>\n<meta name=\"twitter:card\" content=\"summary_large_image\" \/>\n<meta name=\"twitter:title\" content=\"Certificado em Comunica\u00e7\u00e3o em Organiza\u00e7\u00f5es Desportivas\" \/>\n<meta name=\"twitter:description\" content=\"Curso online de Comunica\u00e7\u00e3o Esportiva, aprenda a desenvolver planos de comunica\u00e7\u00e3o para os objetivos da organiza\u00e7\u00e3o.\" \/>\n<meta name=\"twitter:image\" content=\"https:\/\/elearning.barcainnovationhub.com\/wp-content\/uploads\/2019\/01\/3b60d1c9-certificate-in-communication-in-sports-organizations-portada.jpg\" \/>\n<meta name=\"twitter:site\" content=\"@BarcaInnoHub\" \/>\n<script type=\"application\/ld+json\" class=\"yoast-schema-graph\">{\"@context\":\"https:\/\/schema.org\",\"@graph\":[{\"@type\":\"WebPage\",\"@id\":\"https:\/\/elearning.barcainnovationhub.com\/pt\/product\/certificado-em-comunicacao-em-organizacoes-desportivas\/\",\"url\":\"https:\/\/elearning.barcainnovationhub.com\/pt\/product\/certificado-em-comunicacao-em-organizacoes-desportivas\/\",\"name\":\"Certificado em Comunica\u00e7\u00e3o em Organiza\u00e7\u00f5es Desportivas - Bar\u00e7a Innovation Hub\",\"isPartOf\":{\"@id\":\"https:\/\/elearning.barcainnovationhub.com\/pt\/#website\"},\"datePublished\":\"2019-01-24T18:19:14+00:00\",\"dateModified\":\"2025-11-10T12:47:37+00:00\",\"description\":\"Curso online de Comunica\u00e7\u00e3o Esportiva, aprenda a desenvolver planos de comunica\u00e7\u00e3o para os objetivos da organiza\u00e7\u00e3o.\",\"breadcrumb\":{\"@id\":\"https:\/\/elearning.barcainnovationhub.com\/pt\/product\/certificado-em-comunicacao-em-organizacoes-desportivas\/#breadcrumb\"},\"inLanguage\":\"pt\",\"potentialAction\":[{\"@type\":\"ReadAction\",\"target\":[\"https:\/\/elearning.barcainnovationhub.com\/pt\/product\/certificado-em-comunicacao-em-organizacoes-desportivas\/\"]}]},{\"@type\":\"BreadcrumbList\",\"@id\":\"https:\/\/elearning.barcainnovationhub.com\/pt\/product\/certificado-em-comunicacao-em-organizacoes-desportivas\/#breadcrumb\",\"itemListElement\":[{\"@type\":\"ListItem\",\"position\":1,\"name\":\"Productos\",\"item\":\"https:\/\/elearning.barcainnovationhub.com\/pt\/product\/\"},{\"@type\":\"ListItem\",\"position\":2,\"name\":\"Certificado em Comunica\u00e7\u00e3o em Organiza\u00e7\u00f5es Desportivas\"}]},{\"@type\":\"WebSite\",\"@id\":\"https:\/\/elearning.barcainnovationhub.com\/pt\/#website\",\"url\":\"https:\/\/elearning.barcainnovationhub.com\/pt\/\",\"name\":\"Bar\u00e7a Innovation Hub\",\"description\":\"The worldwide centre for sports knowledge and innovation\",\"potentialAction\":[{\"@type\":\"SearchAction\",\"target\":{\"@type\":\"EntryPoint\",\"urlTemplate\":\"https:\/\/elearning.barcainnovationhub.com\/pt\/?s={search_term_string}\"},\"query-input\":\"required name=search_term_string\"}],\"inLanguage\":\"pt\"}]}<\/script>\n<!-- \/ Yoast SEO plugin. -->","yoast_head_json":{"title":"Certificado em Comunica\u00e7\u00e3o em Organiza\u00e7\u00f5es Desportivas - Bar\u00e7a Innovation Hub","description":"Curso online de Comunica\u00e7\u00e3o Esportiva, aprenda a desenvolver planos de comunica\u00e7\u00e3o para os objetivos da organiza\u00e7\u00e3o.","robots":{"index":"index","follow":"follow","max-snippet":"max-snippet:-1","max-image-preview":"max-image-preview:large","max-video-preview":"max-video-preview:-1"},"canonical":"https:\/\/elearning.barcainnovationhub.com\/pt\/product\/certificado-em-comunicacao-em-organizacoes-desportivas\/","og_locale":"pt_PT","og_type":"article","og_title":"Certificado em Comunica\u00e7\u00e3o em Organiza\u00e7\u00f5es Desportivas","og_description":"Curso online de Comunica\u00e7\u00e3o Esportiva, aprenda a desenvolver planos de comunica\u00e7\u00e3o para os objetivos da organiza\u00e7\u00e3o.","og_url":"https:\/\/elearning.barcainnovationhub.com\/pt\/product\/certificado-em-comunicacao-em-organizacoes-desportivas\/","og_site_name":"Bar\u00e7a Innovation Hub","article_publisher":"https:\/\/www.facebook.com\/fcbuniversitas","article_modified_time":"2025-11-10T12:47:37+00:00","og_image":[{"width":1366,"height":854,"url":"https:\/\/elearning.barcainnovationhub.com\/wp-content\/uploads\/2019\/01\/3b60d1c9-certificate-in-communication-in-sports-organizations-portada.jpg","type":"image\/jpeg"}],"twitter_card":"summary_large_image","twitter_title":"Certificado em Comunica\u00e7\u00e3o em Organiza\u00e7\u00f5es Desportivas","twitter_description":"Curso online de Comunica\u00e7\u00e3o Esportiva, aprenda a desenvolver planos de comunica\u00e7\u00e3o para os objetivos da organiza\u00e7\u00e3o.","twitter_image":"https:\/\/elearning.barcainnovationhub.com\/wp-content\/uploads\/2019\/01\/3b60d1c9-certificate-in-communication-in-sports-organizations-portada.jpg","twitter_site":"@BarcaInnoHub","schema":{"@context":"https:\/\/schema.org","@graph":[{"@type":"WebPage","@id":"https:\/\/elearning.barcainnovationhub.com\/pt\/product\/certificado-em-comunicacao-em-organizacoes-desportivas\/","url":"https:\/\/elearning.barcainnovationhub.com\/pt\/product\/certificado-em-comunicacao-em-organizacoes-desportivas\/","name":"Certificado em Comunica\u00e7\u00e3o em Organiza\u00e7\u00f5es Desportivas - Bar\u00e7a Innovation Hub","isPartOf":{"@id":"https:\/\/elearning.barcainnovationhub.com\/pt\/#website"},"datePublished":"2019-01-24T18:19:14+00:00","dateModified":"2025-11-10T12:47:37+00:00","description":"Curso online de Comunica\u00e7\u00e3o Esportiva, aprenda a desenvolver planos de comunica\u00e7\u00e3o para os objetivos da organiza\u00e7\u00e3o.","breadcrumb":{"@id":"https:\/\/elearning.barcainnovationhub.com\/pt\/product\/certificado-em-comunicacao-em-organizacoes-desportivas\/#breadcrumb"},"inLanguage":"pt","potentialAction":[{"@type":"ReadAction","target":["https:\/\/elearning.barcainnovationhub.com\/pt\/product\/certificado-em-comunicacao-em-organizacoes-desportivas\/"]}]},{"@type":"BreadcrumbList","@id":"https:\/\/elearning.barcainnovationhub.com\/pt\/product\/certificado-em-comunicacao-em-organizacoes-desportivas\/#breadcrumb","itemListElement":[{"@type":"ListItem","position":1,"name":"Productos","item":"https:\/\/elearning.barcainnovationhub.com\/pt\/product\/"},{"@type":"ListItem","position":2,"name":"Certificado em Comunica\u00e7\u00e3o em Organiza\u00e7\u00f5es Desportivas"}]},{"@type":"WebSite","@id":"https:\/\/elearning.barcainnovationhub.com\/pt\/#website","url":"https:\/\/elearning.barcainnovationhub.com\/pt\/","name":"Bar\u00e7a Innovation Hub","description":"The worldwide centre for sports knowledge and innovation","potentialAction":[{"@type":"SearchAction","target":{"@type":"EntryPoint","urlTemplate":"https:\/\/elearning.barcainnovationhub.com\/pt\/?s={search_term_string}"},"query-input":"required name=search_term_string"}],"inLanguage":"pt"}]}},"idiomas":{"en":9623,"es":9653,"ar":9675,"ca":9701,"ru":9675,"pt":9675},"_links":{"self":[{"href":"https:\/\/elearning.barcainnovationhub.com\/pt\/wp-json\/wp\/v2\/products\/9675"}],"collection":[{"href":"https:\/\/elearning.barcainnovationhub.com\/pt\/wp-json\/wp\/v2\/products"}],"about":[{"href":"https:\/\/elearning.barcainnovationhub.com\/pt\/wp-json\/wp\/v2\/types\/product"}],"author":[{"embeddable":true,"href":"https:\/\/elearning.barcainnovationhub.com\/pt\/wp-json\/wp\/v2\/users\/1"}],"replies":[{"embeddable":true,"href":"https:\/\/elearning.barcainnovationhub.com\/pt\/wp-json\/wp\/v2\/comments?post=9675"}],"version-history":[{"count":0,"href":"https:\/\/elearning.barcainnovationhub.com\/pt\/wp-json\/wp\/v2\/products\/9675\/revisions"}],"wp:attachment":[{"href":"https:\/\/elearning.barcainnovationhub.com\/pt\/wp-json\/wp\/v2\/media?parent=9675"}],"wp:term":[{"taxonomy":"category","embeddable":true,"href":"https:\/\/elearning.barcainnovationhub.com\/pt\/wp-json\/wp\/v2\/categories?post=9675"}],"curies":[{"name":"wp","href":"https:\/\/api.w.org\/{rel}","templated":true}]}}